{"id":3198,"date":"2025-06-10T09:39:30","date_gmt":"2025-06-10T07:39:30","guid":{"rendered":"https:\/\/bktkancelaria.pl\/?page_id=3198"},"modified":"2025-06-10T09:39:30","modified_gmt":"2025-06-10T07:39:30","slug":"polityka-prywatnosci-24-01-2022","status":"publish","type":"page","link":"https:\/\/bktkancelaria.pl\/de\/datenschutzrichtlinie-24-01-2022\/","title":{"rendered":"Datenschutzbestimmungen"},"content":{"rendered":"<p style=\"text-align: center;\"><strong><em>Pr\u00e4ambel<\/em><\/strong><\/p>\n<p style=\"text-align: center;\"><em>Die Anwaltskanzlei Beata Kielar-Tammert legt besonderen Wert auf die Wahrung der Privatsph\u00e4re der Nutzer, die die Website der Kanzlei www.bktkancelaria.pl besuchen. Wir setzen uns daf\u00fcr ein, dass jeder Nutzer genau wei\u00df, welche Daten wir sammeln und wie er seine Privatsph\u00e4re sch\u00fctzen kann. Diese Datenschutzerkl\u00e4rung entspricht den Bestimmungen, die sich aus Artikel 13 (1) und (2) der Verordnung (EU) 2016\/679 des Europ\u00e4ischen Parlaments und des Rates vom 27. April 2016, kurz RODO, ergeben.<\/em><\/p>\n<p style=\"text-align: justify;\"><strong>I.<\/strong><strong>VORL\u00c4UFIGE BESTIMMUNGEN<\/strong><\/p>\n<ol style=\"text-align: justify;\">\n<li>In dieser Datenschutzerkl\u00e4rung werden die Regeln f\u00fcr die Verarbeitung personenbezogener Daten festgelegt, die \u00fcber den Dienst www.bktkancelaria.pl (im Folgenden: \"Dienst\") erhoben werden.<\/li>\n<li>Der Inhaber des Dienstes ist Kancelaria Radcy Prawnego Beata Kielar-Tammert, Plac Teatralny 3\/24, 50-051 Wroc\u0142aw, NIP: 6311514856, REGON: 240339563, e-mail: sekretariat@bktkancelaria.pl, tel:+48 602 38 60 01 (nachstehend ,,Die Kanzlei'' genannt).<\/li>\n<\/ol>\n<p style=\"text-align: justify;\"><strong>II.\u00a0<\/strong><strong>ALLGEMEINE GRUNDS\u00c4TZE F\u00dcR DEN SCHUTZ PERSONENBEZOGENER DATEN<\/strong><\/p>\n<ol style=\"text-align: justify;\">\n<li>Die Website erm\u00f6glicht es den Besuchern (im Folgenden: \"Nutzer\"), \u00fcber ein Kontaktformular (im Folgenden: \"Formular\") mit der Kanzlei Kontakt aufzunehmen.<\/li>\n<li>Der Verwalter der von den Nutzern \u00fcber das Formular zur Verf\u00fcgung gestellten personenbezogenen Daten ist die Firma.<\/li>\n<li>Die personenbezogenen Daten der Nutzer werden von der Kanzlei im Einklang mit der Verordnung (EU) 2016\/679 des Europ\u00e4ischen Parlaments und des Rates vom 27. April 2016 zum Schutz nat\u00fcrlicher Personen bei der Verarbeitung personenbezogener Daten, zum freien Datenverkehr und zur Aufhebung der Richtlinie 95\/46\/EG (im Folgenden: \"RODO\") verarbeitet - im Einklang mit der RODO.<\/li>\n<li>Die Anwaltskanzlei wendet geeignete technische und organisatorische Ma\u00dfnahmen an, um den Schutz der verarbeiteten personenbezogenen Daten zu gew\u00e4hrleisten.<\/li>\n<li>Die Bereitstellung der personenbezogenen Daten und die Einwilligung in deren Verarbeitung erfolgt auf freiwilliger Basis. Die Bereitstellung personenbezogener Daten ist keine gesetzliche oder vertragliche Verpflichtung, sondern eine Voraussetzung f\u00fcr die erfolgreiche Einreichung des Formulars bei der Kanzlei.<\/li>\n<li>Die Zustimmung zur Verarbeitung der vom Nutzer bereitgestellten personenbezogenen Daten kann jederzeit widerrufen werden. Der Widerruf der Einwilligung ber\u00fchrt nicht die Rechtm\u00e4\u00dfigkeit der Verarbeitung, die auf der Grundlage der Einwilligung vor deren Widerruf erfolgt ist.<\/li>\n<li>Bei Personen unter 16 Jahren muss die Zustimmung zur Verarbeitung personenbezogener Daten von der Person erteilt werden, die die elterliche Verantwortung oder die Vormundschaft f\u00fcr die Person innehat.<\/li>\n<li>Die personenbezogenen Daten der Nutzer werden nicht an Datenempf\u00e4nger im Sinne von Artikel 4 Absatz 9 RODO weitergegeben.<\/li>\n<li>Die betroffene Person hat die folgenden Rechte:\n<ol>\n<li>Das Recht auf Zugang zu seinen Daten, gem\u00e4\u00df Artikel 15 RODO;<\/li>\n<li>Das Recht auf Berichtigung seiner Daten gem\u00e4\u00df Artikel 16 der RODO;<\/li>\n<li>das Recht auf L\u00f6schung seiner Daten (\"Recht auf Vergessenwerden\") gem\u00e4\u00df Artikel 17 des Datenschutzgesetzes;<\/li>\n<li>Das Recht auf Einschr\u00e4nkung seiner Daten gem\u00e4\u00df Artikel 18 der RODO;<\/li>\n<li>das Recht auf Daten\u00fcbertragbarkeit gem\u00e4\u00df Artikel 20 RODO<\/li>\n<\/ol>\n<\/li>\n<li>Um die oben genannten Rechte auszu\u00fcben, sollten Sie sich an den Verwalter unter der in den einleitenden Bestimmungen der Datenschutzrichtlinie angegebenen physischen Adresse oder E-Mail-Adresse wenden. Der Nutzer kann den entsprechenden Antrag auch \u00fcber das Formular an den Verwalter senden.<\/li>\n<li>Sie haben auch das Recht, eine Beschwerde bei der Aufsichtsbeh\u00f6rde, dem Pr\u00e4sidenten der Datenschutzbeh\u00f6rde, einzureichen, wenn Sie der Meinung sind, dass die Verarbeitung Ihrer personenbezogenen Daten gegen die DSGVO verst\u00f6\u00dft.<\/li>\n<\/ol>\n<p style=\"text-align: justify;\"><strong>III.\u00a0<\/strong><strong>KONTAKTFORMULAR<\/strong><\/p>\n<ol style=\"text-align: justify;\">\n<li>Bei der Kontaktaufnahme mit der Kanzlei \u00fcber das Formular muss der Nutzer folgende pers\u00f6nliche Daten angeben: Name, E-Mail-Adresse, Telefonnummer.<\/li>\n<li>Im ausf\u00fchrlichen Teil des Formulars formuliert der Nutzer die Nachricht\/Frage an die Kanzlei so pr\u00e4zise und pr\u00e4gnant wie m\u00f6glich und achtet darauf, dass die angegebenen Daten anonymisiert werden.<\/li>\n<li>Das Ausf\u00fcllen des Formulars dient dazu, der Kanzlei grundlegende Informationen \u00fcber den Fall mitzuteilen, um eine Rechtsberatung zu erhalten.<\/li>\n<li>Das Ausf\u00fcllen und Absenden des Formulars ist freiwillig und unverbindlich; insbesondere begr\u00fcndet die blo\u00dfe Tatsache des Ausf\u00fcllens und Absendens des Formulars keinerlei Verpflichtungen f\u00fcr den Nutzer oder die Firma.<\/li>\n<li>Die Kanzlei verarbeitet die von den Nutzern zur Verf\u00fcgung gestellten personenbezogenen Daten ausschlie\u00dflich zum Zweck der Kontaktaufnahme mit dem Nutzer in der beschriebenen Angelegenheit, nachdem sie die vorherige Zustimmung des Nutzers eingeholt hat.<\/li>\n<li>Die personenbezogenen Daten der Nutzer werden auf der Grundlage von Artikel 6 Absatz 1 Buchstabe a der RODO verarbeitet, d. h. im Zusammenhang mit der Einwilligung des Nutzers in diese Verarbeitung.<\/li>\n<li>Die personenbezogenen Daten der Nutzer werden so lange verarbeitet, bis der Zweck der Verarbeitung entf\u00e4llt oder der Nutzer seine Einwilligung widerruft.<\/li>\n<\/ol>\n<p style=\"text-align: justify;\"><strong>IV. NEWSLETTER - EINTRAGUNG IN DIE MAILINGLISTE<\/strong><\/p>\n<ol style=\"text-align: justify;\">\n<li>F\u00fcr das Abonnement unseres Newsletters muss der Nutzer folgende personenbezogene Daten angeben: Name und E-Mail-Adresse.<\/li>\n<li>Die Daten, die der Dienst im Rahmen der Newsletter-Anmeldung erh\u00e4lt, werden f\u00fcr den Versand des Newsletters an den betreffenden Nutzer verwendet. Der Dienst beh\u00e4lt sich das Recht vor, den in der Newsletter-Datenbank eingetragenen Nutzern unangek\u00fcndigte Nachrichten zu senden. Diese k\u00f6nnen insbesondere Informationen \u00fcber neue Artikel im Blog sowie andere Informationen im Zusammenhang mit den Aktivit\u00e4ten der Firma enthalten.<\/li>\n<li>Die Bereitstellung der Daten ist freiwillig.<\/li>\n<li>Die personenbezogenen Daten der Nutzer werden auf der Grundlage von Artikel 6 Absatz 1 Buchstabe a der RODO verarbeitet, d. h. im Zusammenhang mit der Einwilligung des Nutzers in diese Verarbeitung.<\/li>\n<li>Der Nutzer kann den Newsletter jederzeit wieder abbestellen, indem er auf den Link in den versendeten E-Mails oder auf der Website <a href=\"https:\/\/bktkancelaria.pl\/de\/?na=profile\">Ihre Profilseite<\/a>.<\/li>\n<\/ol>\n<p style=\"text-align: justify;\"><strong>V.\u00a0<\/strong><strong>COOKIES<\/strong><\/p>\n<ol style=\"text-align: justify;\">\n<li>Die Website verwendet einen Cookie\/Cookie-Mechanismus (im Folgenden: \"Cookies\").<\/li>\n<li>Cookies sind Textdateien, die auf dem elektronischen Endger\u00e4t (im Folgenden: \"Ger\u00e4t\") des Nutzers des Dienstes gespeichert werden.<\/li>\n<li>Die Cookies enthalten insbesondere die dem Computer des Nutzers zugewiesene IP-Adresse oder die externe IP-Adresse des Internet-Providers, den Dom\u00e4nennamen, den Browsertyp, die Zugriffszeit und die Art des Betriebssystems.<\/li>\n<li>Die vom Administrator verwendeten Cookies sind f\u00fcr das Ger\u00e4t des Nutzers sicher. Diese Dateien erm\u00f6glichen eine individuelle Anpassung der Website an die Bed\u00fcrfnisse der Nutzer. Insbesondere ist es nicht m\u00f6glich, dass Viren oder andere unerw\u00fcnschte Software auf diese Weise auf die Ger\u00e4te der Nutzer gelangen.<\/li>\n<li>Der Administrator verwendet die folgenden Arten von Cookies:\n<ol>\n<li>Interne Cookies - Dateien, die vom IKT-System des Dienstes auf dem Ger\u00e4t des Nutzers abgelegt und gelesen werden;<\/li>\n<li>Externe Cookies - Dateien, die von den IKT-Systemen der Partner, Dienstleister oder Dienstleistungsempf\u00e4nger des Administrators (im Folgenden: \"Externe Dienste\") auf dem Ger\u00e4t des Nutzers platziert und gelesen werden;<\/li>\n<li>Sitzungs-Cookies - Dateien, die von der Website oder den externen Diensten w\u00e4hrend einer einzigen Sitzung eines bestimmten Ger\u00e4ts auf dem Nutzerger\u00e4t abgelegt und von diesem gelesen werden. Am Ende der Sitzung werden die Dateien vom Benutzerger\u00e4t gel\u00f6scht;<\/li>\n<li>Dauerhafte Cookies - Dateien, die von der Website oder externen Diensten auf dem Ger\u00e4t des Nutzers abgelegt und gelesen werden, bis sie manuell gel\u00f6scht werden. Die Dateien werden nicht automatisch nach dem Ende der Sitzung des Ger\u00e4ts gel\u00f6scht, es sei denn, die Konfiguration des Nutzerger\u00e4ts ist so eingestellt, dass Cookies nach dem Ende der Sitzung des Ger\u00e4ts gel\u00f6scht werden.<\/li>\n<\/ol>\n<\/li>\n<li>Der Administrator arbeitet mit den folgenden externen Diensten zusammen, die Cookies auf den Ger\u00e4ten der Nutzer platzieren k\u00f6nnen:\n<ol>\n<li>Google Analytics (<a href=\"https:\/\/policies.google.com\/privacy?hl=pl\">Datenschutzbestimmungen<\/a>),<\/li>\n<li>Facebook (<a href=\"https:\/\/www.facebook.com\/privacy\/explanation\">Datenschutzbestimmungen<\/a>),<\/li>\n<li>Google Tag Manager (<a href=\"https:\/\/www.google.com\/analytics\/tag-manager\/use-policy\/\">Datenschutzbestimmungen<\/a>).<\/li>\n<\/ol>\n<\/li>\n<li>Der Administrator ist nicht verantwortlich f\u00fcr die Sicherheit von Cookies, die von externen Diensten stammen.<\/li>\n<li>Der Administrator ist berechtigt, Cookies f\u00fcr die folgenden Zwecke zu verwenden:\n<ol>\n<li>Verbesserung und Erleichterung des Zugangs zur Website - Der Administrator kann in Cookies Informationen \u00fcber die Pr\u00e4ferenzen und Einstellungen des Nutzers in Bezug auf die Website speichern, um die Bereitstellung der Dienste auf der Website zu verbessern, zu erweitern und zu beschleunigen;<\/li>\n<li>Statistische Daten - Der Administrator und die externen Dienste verwenden Cookies, um statistische Daten \u00fcber die Website zu sammeln und zu verarbeiten, wie z. B. Besuchsstatistiken, Statistiken \u00fcber Benutzerger\u00e4te oder Statistiken \u00fcber das Benutzerverhalten. Diese Daten werden erhoben, um die Website zu analysieren und zu verbessern.<\/li>\n<\/ol>\n<\/li>\n<li>Der Nutzer hat die M\u00f6glichkeit, den Zugang zu Cookies auf seinem Ger\u00e4t zu beschr\u00e4nken oder zu deaktivieren. Der Nutzer kann die oben genannten Einstellungen \u00fcber die Einstellungen seines Internetbrowsers \u00e4ndern. Sie k\u00f6nnen hier mehr \u00fcber Cookies lesen:\u00a0<a href=\"http:\/\/wszystkoociasteczkach.pl\/\">http:\/\/wszystkoociasteczkach.pl\/<\/a><\/li>\n<li>Die Einschr\u00e4nkung der Verwendung von Cookies kann einige der auf der Website verf\u00fcgbaren Funktionen beeintr\u00e4chtigen.<\/li>\n<li>Der Nutzer kann Cookies jederzeit \u00fcber die Funktionen des von ihm verwendeten Webbrowsers l\u00f6schen.<\/li>\n<\/ol>\n<p style=\"text-align: justify;\"><strong>VI.\u00a0<\/strong><strong>\u00c4NDERUNGEN AN DER DATENSCHUTZPOLITIK<\/strong><\/p>\n<ol>\n<li style=\"text-align: justify;\">Der Verwalter beh\u00e4lt sich das Recht vor, die Datenschutzbestimmungen jederzeit zu \u00e4ndern.<\/li>\n<li>Auf der Website wird ein Link zu fr\u00fcheren Fassungen der Datenschutzrichtlinie sowie das Datum der \u00c4nderung angegeben.<\/li>\n<li style=\"text-align: justify;\">Die \u00c4nderungen treten in Kraft, sobald sie auf der Website ver\u00f6ffentlicht sind.<\/li>\n<\/ol>","protected":false},"excerpt":{"rendered":"<p>Preambu\u0142a Kancelaria Radcy Prawnego Beaty Kielar-Tammert przywi\u0105zuje szczeg\u00f3ln\u0105 wag\u0119 do poszanowania prywatno\u015bci u\u017cytkownik\u00f3w odwiedzaj\u0105cych stron\u0119 Kancelarii www.bktkancelaria.pl. Zale\u017cy nam, aby ka\u017cdy u\u017cytkownik dok\u0142adnie wiedzia\u0142 jakie dane pozyskujemy i jak mo\u017ce on chroni\u0107 swoj\u0105 prywatno\u015b\u0107. Niniejsza Polityka Prywatno\u015bci jest zgodna z przepisami wynikaj\u0105cymi z\u00a0 art. 13 ust. 1 i ust. 2 rozporz\u0105dzenia Parlamentu Europejskiego i Rady [&hellip;]<\/p>\n","protected":false},"author":1,"featured_media":0,"parent":0,"menu_order":0,"comment_status":"closed","ping_status":"closed","template":"elementor_header_footer","meta":{"footnotes":""},"class_list":["post-3198","page","type-page","status-publish","hentry"],"yoast_head":"<!-- This site is optimized with the Yoast SEO plugin v27.3 - https:\/\/yoast.com\/product\/yoast-seo-wordpress\/ -->\n<title>Polityka Prywatno\u015bci - Kancelaria Radcy Prawnego Beaty Kielar-Tammert<\/title>\n<meta name=\"description\" content=\"Polityka Prywatno\u015bci - Kancelaria Radcy Prawnego Beaty Kielar-Tammert. Doradztwo dla firm i os\u00f3b indywidualnych, szkolenia z prawa.\" \/>\n<meta name=\"robots\" content=\"index, follow, max-snippet:-1, max-image-preview:large, max-video-preview:-1\" \/>\n<link rel=\"canonical\" href=\"https:\/\/bktkancelaria.pl\/de\/datenschutzrichtlinie-24-01-2022\/\" \/>\n<meta property=\"og:locale\" content=\"de_DE\" \/>\n<meta property=\"og:type\" content=\"article\" \/>\n<meta property=\"og:title\" content=\"Polityka Prywatno\u015bci - Kancelaria Radcy Prawnego Beaty Kielar-Tammert\" \/>\n<meta property=\"og:description\" content=\"Polityka Prywatno\u015bci - Kancelaria Radcy Prawnego Beaty Kielar-Tammert. Doradztwo dla firm i os\u00f3b indywidualnych, szkolenia z prawa.\" \/>\n<meta property=\"og:url\" content=\"https:\/\/bktkancelaria.pl\/de\/datenschutzrichtlinie-24-01-2022\/\" \/>\n<meta property=\"og:site_name\" content=\"Kancelaria Prawa Mi\u0119dzynarodowego - Profesjonalne wsparcie prawne w sprawach mi\u0119dzynarodowych.\" \/>\n<meta property=\"article:publisher\" content=\"https:\/\/www.facebook.com\/bktkancelaria\" \/>\n<meta name=\"twitter:card\" content=\"summary_large_image\" \/>\n<meta name=\"twitter:label1\" content=\"Gesch\u00e4tzte Lesezeit\" \/>\n\t<meta name=\"twitter:data1\" content=\"7\u00a0Minuten\" \/>\n<script type=\"application\/ld+json\" class=\"yoast-schema-graph\">{\"@context\":\"https:\\\/\\\/schema.org\",\"@graph\":[{\"@type\":\"WebPage\",\"@id\":\"https:\\\/\\\/bktkancelaria.pl\\\/polityka-prywatnosci-24-01-2022\\\/\",\"url\":\"https:\\\/\\\/bktkancelaria.pl\\\/polityka-prywatnosci-24-01-2022\\\/\",\"name\":\"Polityka Prywatno\u015bci - Kancelaria Radcy Prawnego Beaty Kielar-Tammert\",\"isPartOf\":{\"@id\":\"https:\\\/\\\/bktkancelaria.pl\\\/#website\"},\"datePublished\":\"2025-06-10T07:39:30+00:00\",\"description\":\"Polityka Prywatno\u015bci - Kancelaria Radcy Prawnego Beaty Kielar-Tammert. Doradztwo dla firm i os\u00f3b indywidualnych, szkolenia z prawa.\",\"breadcrumb\":{\"@id\":\"https:\\\/\\\/bktkancelaria.pl\\\/polityka-prywatnosci-24-01-2022\\\/#breadcrumb\"},\"inLanguage\":\"de\",\"potentialAction\":[{\"@type\":\"ReadAction\",\"target\":[\"https:\\\/\\\/bktkancelaria.pl\\\/polityka-prywatnosci-24-01-2022\\\/\"]}]},{\"@type\":\"BreadcrumbList\",\"@id\":\"https:\\\/\\\/bktkancelaria.pl\\\/polityka-prywatnosci-24-01-2022\\\/#breadcrumb\",\"itemListElement\":[{\"@type\":\"ListItem\",\"position\":1,\"name\":\"Strona g\u0142\u00f3wna\",\"item\":\"https:\\\/\\\/bktkancelaria.pl\\\/\"},{\"@type\":\"ListItem\",\"position\":2,\"name\":\"Polityka prywatno\u015bci\"}]},{\"@type\":\"WebSite\",\"@id\":\"https:\\\/\\\/bktkancelaria.pl\\\/#website\",\"url\":\"https:\\\/\\\/bktkancelaria.pl\\\/\",\"name\":\"Kancelaria Prawa Mi\u0119dzynarodowego - Profesjonalne wsparcie prawne w sprawach mi\u0119dzynarodowych.\",\"description\":\"Profesjonalne doradztwo prawne od 1998 roku. \u0141\u0105czymy wieloletnie do\u015bwiadczenie z nowoczesnym podej\u015bciem do prawa mi\u0119dzynarodowego.\",\"publisher\":{\"@id\":\"https:\\\/\\\/bktkancelaria.pl\\\/#organization\"},\"potentialAction\":[{\"@type\":\"SearchAction\",\"target\":{\"@type\":\"EntryPoint\",\"urlTemplate\":\"https:\\\/\\\/bktkancelaria.pl\\\/?s={search_term_string}\"},\"query-input\":{\"@type\":\"PropertyValueSpecification\",\"valueRequired\":true,\"valueName\":\"search_term_string\"}}],\"inLanguage\":\"de\"},{\"@type\":\"Organization\",\"@id\":\"https:\\\/\\\/bktkancelaria.pl\\\/#organization\",\"name\":\"Kancelaria Prawa Mi\u0119dzynarodowego - Profesjonalne wsparcie prawne w sprawach mi\u0119dzynarodowych.\",\"url\":\"https:\\\/\\\/bktkancelaria.pl\\\/\",\"logo\":{\"@type\":\"ImageObject\",\"inLanguage\":\"de\",\"@id\":\"https:\\\/\\\/bktkancelaria.pl\\\/#\\\/schema\\\/logo\\\/image\\\/\",\"url\":\"https:\\\/\\\/bktkancelaria.pl\\\/wp-content\\\/uploads\\\/2023\\\/04\\\/Logo_.webp\",\"contentUrl\":\"https:\\\/\\\/bktkancelaria.pl\\\/wp-content\\\/uploads\\\/2023\\\/04\\\/Logo_.webp\",\"width\":600,\"height\":172,\"caption\":\"Kancelaria Prawa Mi\u0119dzynarodowego - Profesjonalne wsparcie prawne w sprawach mi\u0119dzynarodowych.\"},\"image\":{\"@id\":\"https:\\\/\\\/bktkancelaria.pl\\\/#\\\/schema\\\/logo\\\/image\\\/\"},\"sameAs\":[\"https:\\\/\\\/www.facebook.com\\\/bktkancelaria\",\"https:\\\/\\\/www.linkedin.com\\\/in\\\/beata-kielar-tammert\\\/\",\"https:\\\/\\\/www.instagram.com\\\/bktkancelaria\\\/\",\"https:\\\/\\\/www.youtube.com\\\/@kancelariabkt.radcaprawnyb5036\"]}]}<\/script>\n<!-- \/ Yoast SEO plugin. -->","yoast_head_json":{"title":"Datenschutz - Das B\u00fcro der Rechtsberaterin Beata Kielar-Tammert","description":"Datenschutz - Die Anwaltskanzlei von Beata Kielar-Tammert. Beratung f\u00fcr Unternehmen und Privatpersonen, Ausbildung im Recht.","robots":{"index":"index","follow":"follow","max-snippet":"max-snippet:-1","max-image-preview":"max-image-preview:large","max-video-preview":"max-video-preview:-1"},"canonical":"https:\/\/bktkancelaria.pl\/de\/datenschutzrichtlinie-24-01-2022\/","og_locale":"de_DE","og_type":"article","og_title":"Polityka Prywatno\u015bci - Kancelaria Radcy Prawnego Beaty Kielar-Tammert","og_description":"Polityka Prywatno\u015bci - Kancelaria Radcy Prawnego Beaty Kielar-Tammert. Doradztwo dla firm i os\u00f3b indywidualnych, szkolenia z prawa.","og_url":"https:\/\/bktkancelaria.pl\/de\/datenschutzrichtlinie-24-01-2022\/","og_site_name":"Kancelaria Prawa Mi\u0119dzynarodowego - Profesjonalne wsparcie prawne w sprawach mi\u0119dzynarodowych.","article_publisher":"https:\/\/www.facebook.com\/bktkancelaria","twitter_card":"summary_large_image","twitter_misc":{"Gesch\u00e4tzte Lesezeit":"7\u00a0Minuten"},"schema":{"@context":"https:\/\/schema.org","@graph":[{"@type":"WebPage","@id":"https:\/\/bktkancelaria.pl\/polityka-prywatnosci-24-01-2022\/","url":"https:\/\/bktkancelaria.pl\/polityka-prywatnosci-24-01-2022\/","name":"Datenschutz - Das B\u00fcro der Rechtsberaterin Beata Kielar-Tammert","isPartOf":{"@id":"https:\/\/bktkancelaria.pl\/#website"},"datePublished":"2025-06-10T07:39:30+00:00","description":"Datenschutz - Die Anwaltskanzlei von Beata Kielar-Tammert. Beratung f\u00fcr Unternehmen und Privatpersonen, Ausbildung im Recht.","breadcrumb":{"@id":"https:\/\/bktkancelaria.pl\/polityka-prywatnosci-24-01-2022\/#breadcrumb"},"inLanguage":"de","potentialAction":[{"@type":"ReadAction","target":["https:\/\/bktkancelaria.pl\/polityka-prywatnosci-24-01-2022\/"]}]},{"@type":"BreadcrumbList","@id":"https:\/\/bktkancelaria.pl\/polityka-prywatnosci-24-01-2022\/#breadcrumb","itemListElement":[{"@type":"ListItem","position":1,"name":"Strona g\u0142\u00f3wna","item":"https:\/\/bktkancelaria.pl\/"},{"@type":"ListItem","position":2,"name":"Polityka prywatno\u015bci"}]},{"@type":"WebSite","@id":"https:\/\/bktkancelaria.pl\/#website","url":"https:\/\/bktkancelaria.pl\/","name":"International Law Office - Professionelle rechtliche Unterst\u00fctzung in internationalen Angelegenheiten.","description":"Professionelle Rechtsberatung seit 1998. Wir verbinden langj\u00e4hrige Erfahrung mit einem modernen Ansatz im internationalen Recht.","publisher":{"@id":"https:\/\/bktkancelaria.pl\/#organization"},"potentialAction":[{"@type":"SearchAction","target":{"@type":"EntryPoint","urlTemplate":"https:\/\/bktkancelaria.pl\/?s={search_term_string}"},"query-input":{"@type":"PropertyValueSpecification","valueRequired":true,"valueName":"search_term_string"}}],"inLanguage":"de"},{"@type":"Organization","@id":"https:\/\/bktkancelaria.pl\/#organization","name":"International Law Office - Professionelle rechtliche Unterst\u00fctzung in internationalen Angelegenheiten.","url":"https:\/\/bktkancelaria.pl\/","logo":{"@type":"ImageObject","inLanguage":"de","@id":"https:\/\/bktkancelaria.pl\/#\/schema\/logo\/image\/","url":"https:\/\/bktkancelaria.pl\/wp-content\/uploads\/2023\/04\/Logo_.webp","contentUrl":"https:\/\/bktkancelaria.pl\/wp-content\/uploads\/2023\/04\/Logo_.webp","width":600,"height":172,"caption":"Kancelaria Prawa Mi\u0119dzynarodowego - Profesjonalne wsparcie prawne w sprawach mi\u0119dzynarodowych."},"image":{"@id":"https:\/\/bktkancelaria.pl\/#\/schema\/logo\/image\/"},"sameAs":["https:\/\/www.facebook.com\/bktkancelaria","https:\/\/www.linkedin.com\/in\/beata-kielar-tammert\/","https:\/\/www.instagram.com\/bktkancelaria\/","https:\/\/www.youtube.com\/@kancelariabkt.radcaprawnyb5036"]}]}},"_links":{"self":[{"href":"https:\/\/bktkancelaria.pl\/de\/wp-json\/wp\/v2\/pages\/3198","targetHints":{"allow":["GET"]}}],"collection":[{"href":"https:\/\/bktkancelaria.pl\/de\/wp-json\/wp\/v2\/pages"}],"about":[{"href":"https:\/\/bktkancelaria.pl\/de\/wp-json\/wp\/v2\/types\/page"}],"author":[{"embeddable":true,"href":"https:\/\/bktkancelaria.pl\/de\/wp-json\/wp\/v2\/users\/1"}],"replies":[{"embeddable":true,"href":"https:\/\/bktkancelaria.pl\/de\/wp-json\/wp\/v2\/comments?post=3198"}],"version-history":[{"count":1,"href":"https:\/\/bktkancelaria.pl\/de\/wp-json\/wp\/v2\/pages\/3198\/revisions"}],"predecessor-version":[{"id":14433,"href":"https:\/\/bktkancelaria.pl\/de\/wp-json\/wp\/v2\/pages\/3198\/revisions\/14433"}],"wp:attachment":[{"href":"https:\/\/bktkancelaria.pl\/de\/wp-json\/wp\/v2\/media?parent=3198"}],"curies":[{"name":"wp","href":"https:\/\/api.w.org\/{rel}","templated":true}]}}