{"id":3557,"date":"2025-06-10T09:39:30","date_gmt":"2025-06-10T07:39:30","guid":{"rendered":"https:\/\/bktkancelaria.pl\/?page_id=3557"},"modified":"2025-06-10T09:39:30","modified_gmt":"2025-06-10T07:39:30","slug":"szkolenia-z-zakresu-prawa-miedzynarodowego-employer-law-international-academy","status":"publish","type":"page","link":"https:\/\/bktkancelaria.pl\/de\/ausbildung-im-internationalen-recht-arbeitgeberrecht-internationale-akademie\/","title":{"rendered":"AUSBILDUNG IM INTERNATIONALEN RECHT ARBEITGEBERRECHT INTERNATIONALE AKADEMIE"},"content":{"rendered":"<div data-elementor-type=\"wp-post\" data-elementor-id=\"3557\" class=\"elementor elementor-3557\" data-elementor-post-type=\"page\">\n\t\t\t\t\t\t<section class=\"elementor-section elementor-top-section elementor-element elementor-element-3e6676ca elementor-section-boxed elementor-section-height-default elementor-section-height-default\" data-id=\"3e6676ca\" data-element_type=\"section\" data-e-type=\"section\">\n\t\t\t\t\t\t<div class=\"elementor-container elementor-column-gap-default\">\n\t\t\t\t\t<div class=\"elementor-column elementor-col-100 elementor-top-column elementor-element elementor-element-a0e6521\" data-id=\"a0e6521\" data-element_type=\"column\" data-e-type=\"column\">\n\t\t\t<div class=\"elementor-widget-wrap elementor-element-populated\">\n\t\t\t\t\t\t<div class=\"elementor-element elementor-element-5e98761 elementor-widget elementor-widget-image\" data-id=\"5e98761\" data-element_type=\"widget\" data-e-type=\"widget\" data-widget_type=\"image.default\">\n\t\t\t\t<div class=\"elementor-widget-container\">\n\t\t\t\t\t\t\t\t\t\t\t\t\t\t\t<img fetchpriority=\"high\" decoding=\"async\" width=\"768\" height=\"421\" src=\"https:\/\/bktkancelaria.pl\/wp-content\/uploads\/2023\/04\/xxx.png\" class=\"attachment-medium_large size-medium_large wp-image-11257\" alt=\"\" srcset=\"https:\/\/bktkancelaria.pl\/wp-content\/uploads\/2023\/04\/xxx.png 768w, https:\/\/bktkancelaria.pl\/wp-content\/uploads\/2023\/04\/xxx-150x82.png 150w, https:\/\/bktkancelaria.pl\/wp-content\/uploads\/2023\/04\/xxx-500x274.png 500w, https:\/\/bktkancelaria.pl\/wp-content\/uploads\/2023\/04\/xxx-300x164.png 300w, https:\/\/bktkancelaria.pl\/wp-content\/uploads\/2023\/04\/xxx-200x110.png 200w, https:\/\/bktkancelaria.pl\/wp-content\/uploads\/2023\/04\/xxx-400x219.png 400w, https:\/\/bktkancelaria.pl\/wp-content\/uploads\/2023\/04\/xxx-600x329.png 600w\" sizes=\"(max-width: 768px) 100vw, 768px\" \/>\t\t\t\t\t\t\t\t\t\t\t\t\t\t\t<\/div>\n\t\t\t\t<\/div>\n\t\t\t\t<div class=\"elementor-element elementor-element-73cfc463 elementor-widget elementor-widget-heading\" data-id=\"73cfc463\" data-element_type=\"widget\" data-e-type=\"widget\" data-widget_type=\"heading.default\">\n\t\t\t\t<div class=\"elementor-widget-container\">\n\t\t\t\t\t<h1 class=\"elementor-heading-title elementor-size-default\">AUSBILDUNG IM INTERNATIONALEN RECHT\nINTERNATIONALE AKADEMIE F\u00dcR ARBEITNEHMERRECHT<\/h1>\t\t\t\t<\/div>\n\t\t\t\t<\/div>\n\t\t\t\t<div class=\"elementor-element elementor-element-23de266 elementor-widget elementor-widget-text-editor\" data-id=\"23de266\" data-element_type=\"widget\" data-e-type=\"widget\" data-widget_type=\"text-editor.default\">\n\t\t\t\t<div class=\"elementor-widget-container\">\n\t\t\t\t\t\t\t\t\t<h2>Recht ohne Grenzen.<\/h2>\t\t\t\t\t\t\t\t<\/div>\n\t\t\t\t<\/div>\n\t\t\t\t<div class=\"elementor-element elementor-element-f0414c6 elementor-widget-divider--view-line elementor-widget elementor-widget-divider\" data-id=\"f0414c6\" data-element_type=\"widget\" data-e-type=\"widget\" data-widget_type=\"divider.default\">\n\t\t\t\t<div class=\"elementor-widget-container\">\n\t\t\t\t\t\t\t<div class=\"elementor-divider\">\n\t\t\t<span class=\"elementor-divider-separator\">\n\t\t\t\t\t\t<\/span>\n\t\t<\/div>\n\t\t\t\t\t\t<\/div>\n\t\t\t\t<\/div>\n\t\t\t\t<div class=\"elementor-element elementor-element-2b50735f elementor-widget elementor-widget-text-editor\" data-id=\"2b50735f\" data-element_type=\"widget\" data-e-type=\"widget\" data-widget_type=\"text-editor.default\">\n\t\t\t\t<div class=\"elementor-widget-container\">\n\t\t\t\t\t\t\t\t\t<p>BEI DER FORTBILDUNG VON PERSONAL UND F\u00dcHRUNGSKR\u00c4FTEN IM BEREICH DES INTERNATIONALEN RECHTS SCHLAGEN WIR VOR <a href=\"https:\/\/www.deloitte.com\/global\/en\/services\/legal\/analysis\/international-employment-law-guide.html\" target=\"_blank\" rel=\"noopener\">INTERNATIONALES PROGRAMM ZUM ARBEITNEHMERRECHT. <\/a>Unser Programm konzentriert sich darauf, den Teilnehmern die Kenntnisse und F\u00e4higkeiten im internationalen Recht zu vermitteln, die f\u00fcr ein effektives Management in einem internationalen Gesch\u00e4ftsumfeld unerl\u00e4sslich sind.<\/p><p>In der heutigen globalen Welt sind immer mehr Unternehmen auf internationalen M\u00e4rkten t\u00e4tig, was dazu f\u00fchrt, dass sie sich an eine Vielzahl von rechtlichen und kulturellen Vorschriften anpassen m\u00fcssen. Daher ist es f\u00fcr Mitarbeiter und F\u00fchrungskr\u00e4fte wichtig, das internationale Recht zu verstehen, um internationale Projekte effektiv zu verwalten und rechtliche Konflikte zu vermeiden.<\/p><p>Im Rahmen des Programms werden die Teilnehmer Kenntnisse \u00fcber verschiedene Aspekte des internationalen Rechts erwerben, darunter Handelsrecht, Arbeitsrecht, Recht des geistigen Eigentums und Steuerrecht. Sie werden auch die Gelegenheit haben, die kulturellen Unterschiede zu verstehen, die die Entscheidungsfindung von Unternehmen in verschiedenen Teilen der Welt beeinflussen.<\/p><p>Unsere Schulungen werden von erfahrenen Fachleuten f\u00fcr internationales Recht durchgef\u00fchrt, die \u00fcber umfangreiche Erfahrungen in der Zusammenarbeit mit internationalen Kunden verf\u00fcgen. So haben die Teilnehmer die M\u00f6glichkeit, von Top-Experten auf dem Gebiet des internationalen Rechts zu lernen.<\/p><p>Nach Abschluss der Schulung verf\u00fcgen die Teilnehmer \u00fcber die erforderlichen Kenntnisse und F\u00e4higkeiten, um internationale Projekte effektiv zu managen und rechtliche Konflikte zu vermeiden. Sie werden auch ein besseres Verst\u00e4ndnis f\u00fcr kulturelle Unterschiede haben, was sie in die Lage versetzt, auf dem internationalen Markt effektivere Gesch\u00e4ftsentscheidungen zu treffen.<\/p><p>Wir legen gro\u00dfen Wert auf einen praktischen Lernansatz, daher konzentriert sich unser Training auf reale F\u00e4lle und Situationen im Zusammenhang mit internationalen Gesch\u00e4ftsprojekten. So k\u00f6nnen die Teilnehmer ihr Wissen schon w\u00e4hrend der Schulung in die Praxis umsetzen.<\/p><p>Zusammenfassend l\u00e4sst sich sagen, dass unsere Schulung eine ausgezeichnete L\u00f6sung f\u00fcr Unternehmen ist, die ihren Mitarbeitern das Wissen und die F\u00e4higkeiten im internationalen Recht vermitteln wollen, um internationale Projekte effektiv zu verwalten.<\/p>\t\t\t\t\t\t\t\t<\/div>\n\t\t\t\t<\/div>\n\t\t\t\t<div class=\"elementor-element elementor-element-c248fbe elementor-widget elementor-widget-text-editor\" data-id=\"c248fbe\" data-element_type=\"widget\" data-e-type=\"widget\" data-widget_type=\"text-editor.default\">\n\t\t\t\t<div class=\"elementor-widget-container\">\n\t\t\t\t\t\t\t\t\t<h2><strong>SCOPE der Ausbildung im internationalen Recht<\/strong><\/h2>\t\t\t\t\t\t\t\t<\/div>\n\t\t\t\t<\/div>\n\t\t\t\t<div class=\"elementor-element elementor-element-7c9036f elementor-align-start elementor-mobile-align-start elementor-icon-list--layout-traditional elementor-list-item-link-full_width elementor-widget elementor-widget-icon-list\" data-id=\"7c9036f\" data-element_type=\"widget\" data-e-type=\"widget\" data-widget_type=\"icon-list.default\">\n\t\t\t\t<div class=\"elementor-widget-container\">\n\t\t\t\t\t\t\t<ul class=\"elementor-icon-list-items\">\n\t\t\t\t\t\t\t<li class=\"elementor-icon-list-item\">\n\t\t\t\t\t\t\t\t\t\t\t<span class=\"elementor-icon-list-icon\">\n\t\t\t\t\t\t\t<i aria-hidden=\"true\" class=\"fas fa-check\"><\/i>\t\t\t\t\t\t<\/span>\n\t\t\t\t\t\t\t\t\t\t<span class=\"elementor-icon-list-text\">Schulungen zur Entsendung von Arbeitnehmern in andere L\u00e4nder<\/span>\n\t\t\t\t\t\t\t\t\t<\/li>\n\t\t\t\t\t\t\t\t<li class=\"elementor-icon-list-item\">\n\t\t\t\t\t\t\t\t\t\t\t<span class=\"elementor-icon-list-icon\">\n\t\t\t\t\t\t\t<i aria-hidden=\"true\" class=\"fas fa-check\"><\/i>\t\t\t\t\t\t<\/span>\n\t\t\t\t\t\t\t\t\t\t<span class=\"elementor-icon-list-text\">Legalisierung von Wohnsitzen, Besch\u00e4ftigung von Ausl\u00e4ndern<\/span>\n\t\t\t\t\t\t\t\t\t<\/li>\n\t\t\t\t\t\t\t\t<li class=\"elementor-icon-list-item\">\n\t\t\t\t\t\t\t\t\t\t\t<span class=\"elementor-icon-list-icon\">\n\t\t\t\t\t\t\t<i aria-hidden=\"true\" class=\"fas fa-check\"><\/i>\t\t\t\t\t\t<\/span>\n\t\t\t\t\t\t\t\t\t\t<span class=\"elementor-icon-list-text\">Ausbildung in den Grundlagen des Rechts f\u00fcr Schulen und Ausbildungszentren sowie f\u00fcr \u00e4ltere Menschen<\/span>\n\t\t\t\t\t\t\t\t\t<\/li>\n\t\t\t\t\t\t\t\t<li class=\"elementor-icon-list-item\">\n\t\t\t\t\t\t\t\t\t\t\t<span class=\"elementor-icon-list-icon\">\n\t\t\t\t\t\t\t<i aria-hidden=\"true\" class=\"fas fa-check\"><\/i>\t\t\t\t\t\t<\/span>\n\t\t\t\t\t\t\t\t\t\t<span class=\"elementor-icon-list-text\">Schulungen zum Arbeitsrecht f\u00fcr Management und Personal<\/span>\n\t\t\t\t\t\t\t\t\t<\/li>\n\t\t\t\t\t\t<\/ul>\n\t\t\t\t\t\t<\/div>\n\t\t\t\t<\/div>\n\t\t\t\t\t<\/div>\n\t\t<\/div>\n\t\t\t\t\t<\/div>\n\t\t<\/section>\n\t\t\t\t<section class=\"elementor-section elementor-top-section elementor-element elementor-element-40cb0bdc elementor-section-boxed elementor-section-height-default elementor-section-height-default\" data-id=\"40cb0bdc\" data-element_type=\"section\" data-e-type=\"section\">\n\t\t\t\t\t\t<div class=\"elementor-container elementor-column-gap-default\">\n\t\t\t\t\t<div class=\"elementor-column elementor-col-100 elementor-top-column elementor-element elementor-element-777d22c\" data-id=\"777d22c\" data-element_type=\"column\" data-e-type=\"column\">\n\t\t\t<div class=\"elementor-widget-wrap elementor-element-populated\">\n\t\t\t\t\t\t<div class=\"elementor-element elementor-element-32157ef2 elementor-widget elementor-widget-text-editor\" data-id=\"32157ef2\" data-element_type=\"widget\" data-e-type=\"widget\" data-widget_type=\"text-editor.default\">\n\t\t\t\t<div class=\"elementor-widget-container\">\n\t\t\t\t\t\t\t\t\t<h3>Die Gesetzgebung wird oft au\u00dfer Kraft gesetzt. Deshalb ist es \u00e4u\u00dferst wichtig, sich in den neuen gesetzlichen Regelungen kontinuierlich zu qualifizieren. Die Schulungen der Kanzlei BKT zielen auf die Optimierung der T\u00e4tigkeit des Unternehmens ab.<\/h3>\t\t\t\t\t\t\t\t<\/div>\n\t\t\t\t<\/div>\n\t\t\t\t\t<\/div>\n\t\t<\/div>\n\t\t\t\t\t<\/div>\n\t\t<\/section>\n\t\t\t\t<section class=\"elementor-section elementor-top-section elementor-element elementor-element-22d4b3d5 elementor-section-boxed elementor-section-height-default elementor-section-height-default\" data-id=\"22d4b3d5\" data-element_type=\"section\" data-e-type=\"section\">\n\t\t\t\t\t\t<div class=\"elementor-container elementor-column-gap-default\">\n\t\t\t\t\t<div class=\"elementor-column elementor-col-100 elementor-top-column elementor-element elementor-element-3fb49cef\" data-id=\"3fb49cef\" data-element_type=\"column\" data-e-type=\"column\">\n\t\t\t<div class=\"elementor-widget-wrap elementor-element-populated\">\n\t\t\t\t\t\t<div class=\"elementor-element elementor-element-7bed5cf elementor-widget elementor-widget-text-editor\" data-id=\"7bed5cf\" data-element_type=\"widget\" data-e-type=\"widget\" data-widget_type=\"text-editor.default\">\n\t\t\t\t<div class=\"elementor-widget-container\">\n\t\t\t\t\t\t\t\t\t<p class=\"western\" align=\"justify\">Im Rahmen des EMPLOYEE LAW INTERNATIONAL PROGRAMME bieten wir eine Reihe von speziellen Schulungen f\u00fcr F\u00fchrungskr\u00e4fte und engagierte Mitarbeiter an, entweder vor Ort oder online. Die Schulungskurse k\u00f6nnen in den R\u00e4umlichkeiten des Arbeitgebers abgehalten werden. Die Teilnehmer erhalten Zertifikate f\u00fcr die Teilnahme an den Schulungskursen des Programms.<\/p>\t\t\t\t\t\t\t\t<\/div>\n\t\t\t\t<\/div>\n\t\t\t\t\t<\/div>\n\t\t<\/div>\n\t\t\t\t\t<\/div>\n\t\t<\/section>\n\t\t\t\t<section class=\"elementor-section elementor-top-section elementor-element elementor-element-89386ff elementor-section-boxed elementor-section-height-default elementor-section-height-default\" data-id=\"89386ff\" data-element_type=\"section\" data-e-type=\"section\" data-settings=\"{&quot;background_background&quot;:&quot;classic&quot;}\">\n\t\t\t\t\t\t<div class=\"elementor-container elementor-column-gap-default\">\n\t\t\t\t\t<div class=\"elementor-column elementor-col-100 elementor-top-column elementor-element elementor-element-70aa35c\" data-id=\"70aa35c\" data-element_type=\"column\" data-e-type=\"column\">\n\t\t\t<div class=\"elementor-widget-wrap elementor-element-populated\">\n\t\t\t\t\t\t<div class=\"elementor-element elementor-element-1974a5c elementor-widget elementor-widget-heading\" data-id=\"1974a5c\" data-element_type=\"widget\" data-e-type=\"widget\" data-widget_type=\"heading.default\">\n\t\t\t\t<div class=\"elementor-widget-container\">\n\t\t\t\t\t<h3 class=\"elementor-heading-title elementor-size-default\"><b>WENN SIE DARAN INTERESSIERT SIND, DAS PROGRAMM \"EMPLOYEE LAW INTERNATIONAL\" IN IHREM UNTERNEHMEN EINZUF\u00dcHREN<\/b><br><br>\nSie k\u00f6nnen sich gerne an unser B\u00fcro wenden<\/h3>\t\t\t\t<\/div>\n\t\t\t\t<\/div>\n\t\t\t\t<div class=\"elementor-element elementor-element-b607fbb elementor-button-success elementor-align-center elementor-widget elementor-widget-button\" data-id=\"b607fbb\" data-element_type=\"widget\" data-e-type=\"widget\" data-widget_type=\"button.default\">\n\t\t\t\t<div class=\"elementor-widget-container\">\n\t\t\t\t\t\t\t\t\t<div class=\"elementor-button-wrapper\">\n\t\t\t\t\t<a class=\"elementor-button elementor-button-link elementor-size-md\" href=\"https:\/\/bktkancelaria.pl\/de\/kontakt\/\">\n\t\t\t\t\t\t<span class=\"elementor-button-content-wrapper\">\n\t\t\t\t\t\t\t\t\t<span class=\"elementor-button-text\">Kontakt<\/span>\n\t\t\t\t\t<\/span>\n\t\t\t\t\t<\/a>\n\t\t\t\t<\/div>\n\t\t\t\t\t\t\t\t<\/div>\n\t\t\t\t<\/div>\n\t\t\t\t\t<\/div>\n\t\t<\/div>\n\t\t\t\t\t<\/div>\n\t\t<\/section>\n\t\t\t\t<\/div>","protected":false},"excerpt":{"rendered":"<p>SZKOLENIA Z ZAKRESU PRAWA MI\u0118DZYNARODOWEGO EMPLOYEE LAW INTERNATIONAL ACADEMY Prawo ponad granicami. W RAMACH szkolenia z prawa mi\u0119dzynarodowego pracownik\u00f3w i kadry zarz\u0105dzaj\u0105cej PROPONUJEMY EMPLOYEE LAW INTERNATIONAL PROGRAM. Nasz program skupia si\u0119 na zapewnieniu uczestnikom wiedzy i umiej\u0119tno\u015bci w zakresie prawa mi\u0119dzynarodowego, kt\u00f3re s\u0105 kluczowe dla efektywnego zarz\u0105dzania w mi\u0119dzynarodowym \u015brodowisku biznesowym. W dzisiejszym globalnym \u015bwiecie, [&hellip;]<\/p>\n","protected":false},"author":1,"featured_media":0,"parent":0,"menu_order":0,"comment_status":"closed","ping_status":"closed","template":"elementor_header_footer","meta":{"footnotes":""},"class_list":["post-3557","page","type-page","status-publish","hentry"],"yoast_head":"<!-- This site is optimized with the Yoast SEO plugin v27.5 - https:\/\/yoast.com\/product\/yoast-seo-wordpress\/ -->\n<title>Szkolenia z prawa mi\u0119dzynarodowego - Kancelaria BKT<\/title>\n<meta name=\"description\" content=\"Prowadzimy szkolenia z prawa mi\u0119dzynarodowego dla pracownik\u00f3w i kadry, a tak\u017ce szkolenia z podstaw prawa dla m\u0142odzie\u017cy i os\u00f3b starszych.\" \/>\n<meta name=\"robots\" content=\"index, follow, max-snippet:-1, max-image-preview:large, max-video-preview:-1\" \/>\n<link rel=\"canonical\" href=\"https:\/\/bktkancelaria.pl\/de\/ausbildung-im-internationalen-recht-arbeitgeberrecht-internationale-akademie\/\" \/>\n<meta property=\"og:locale\" content=\"de_DE\" \/>\n<meta property=\"og:type\" content=\"article\" \/>\n<meta property=\"og:title\" content=\"Szkolenia z prawa mi\u0119dzynarodowego - Kancelaria BKT\" \/>\n<meta property=\"og:description\" content=\"Prowadzimy szkolenia z prawa mi\u0119dzynarodowego dla pracownik\u00f3w i kadry, a tak\u017ce szkolenia z podstaw prawa dla m\u0142odzie\u017cy i os\u00f3b starszych.\" \/>\n<meta property=\"og:url\" content=\"https:\/\/bktkancelaria.pl\/de\/ausbildung-im-internationalen-recht-arbeitgeberrecht-internationale-akademie\/\" \/>\n<meta property=\"og:site_name\" content=\"Kancelaria Prawa Mi\u0119dzynarodowego - Profesjonalne wsparcie prawne w sprawach mi\u0119dzynarodowych.\" \/>\n<meta property=\"article:publisher\" content=\"https:\/\/www.facebook.com\/bktkancelaria\" \/>\n<meta property=\"og:image\" content=\"https:\/\/bktkancelaria.pl\/wp-content\/uploads\/2023\/04\/xxx.png\" \/>\n<meta name=\"twitter:card\" content=\"summary_large_image\" \/>\n<meta name=\"twitter:label1\" content=\"Gesch\u00e4tzte Lesezeit\" \/>\n\t<meta name=\"twitter:data1\" content=\"3\u00a0Minuten\" \/>\n<script type=\"application\/ld+json\" class=\"yoast-schema-graph\">{\"@context\":\"https:\\\/\\\/schema.org\",\"@graph\":[{\"@type\":\"WebPage\",\"@id\":\"https:\\\/\\\/bktkancelaria.pl\\\/szkolenia-z-zakresu-prawa-miedzynarodowego-employer-law-international-academy\\\/\",\"url\":\"https:\\\/\\\/bktkancelaria.pl\\\/szkolenia-z-zakresu-prawa-miedzynarodowego-employer-law-international-academy\\\/\",\"name\":\"Szkolenia z prawa mi\u0119dzynarodowego - Kancelaria BKT\",\"isPartOf\":{\"@id\":\"https:\\\/\\\/bktkancelaria.pl\\\/#website\"},\"primaryImageOfPage\":{\"@id\":\"https:\\\/\\\/bktkancelaria.pl\\\/szkolenia-z-zakresu-prawa-miedzynarodowego-employer-law-international-academy\\\/#primaryimage\"},\"image\":{\"@id\":\"https:\\\/\\\/bktkancelaria.pl\\\/szkolenia-z-zakresu-prawa-miedzynarodowego-employer-law-international-academy\\\/#primaryimage\"},\"thumbnailUrl\":\"https:\\\/\\\/bktkancelaria.pl\\\/wp-content\\\/uploads\\\/2023\\\/04\\\/xxx.png\",\"datePublished\":\"2025-06-10T07:39:30+00:00\",\"description\":\"Prowadzimy szkolenia z prawa mi\u0119dzynarodowego dla pracownik\u00f3w i kadry, a tak\u017ce szkolenia z podstaw prawa dla m\u0142odzie\u017cy i os\u00f3b starszych.\",\"breadcrumb\":{\"@id\":\"https:\\\/\\\/bktkancelaria.pl\\\/szkolenia-z-zakresu-prawa-miedzynarodowego-employer-law-international-academy\\\/#breadcrumb\"},\"inLanguage\":\"de\",\"potentialAction\":[{\"@type\":\"ReadAction\",\"target\":[\"https:\\\/\\\/bktkancelaria.pl\\\/szkolenia-z-zakresu-prawa-miedzynarodowego-employer-law-international-academy\\\/\"]}]},{\"@type\":\"ImageObject\",\"inLanguage\":\"de\",\"@id\":\"https:\\\/\\\/bktkancelaria.pl\\\/szkolenia-z-zakresu-prawa-miedzynarodowego-employer-law-international-academy\\\/#primaryimage\",\"url\":\"https:\\\/\\\/bktkancelaria.pl\\\/wp-content\\\/uploads\\\/2023\\\/04\\\/xxx.png\",\"contentUrl\":\"https:\\\/\\\/bktkancelaria.pl\\\/wp-content\\\/uploads\\\/2023\\\/04\\\/xxx.png\"},{\"@type\":\"BreadcrumbList\",\"@id\":\"https:\\\/\\\/bktkancelaria.pl\\\/szkolenia-z-zakresu-prawa-miedzynarodowego-employer-law-international-academy\\\/#breadcrumb\",\"itemListElement\":[{\"@type\":\"ListItem\",\"position\":1,\"name\":\"Strona g\u0142\u00f3wna\",\"item\":\"https:\\\/\\\/bktkancelaria.pl\\\/\"},{\"@type\":\"ListItem\",\"position\":2,\"name\":\"SZKOLENIA Z ZAKRESU PRAWA MI\u0118DZYNARODOWEGO EMPLOYER LAW INTERNATIONAL ACADEMY\"}]},{\"@type\":\"WebSite\",\"@id\":\"https:\\\/\\\/bktkancelaria.pl\\\/#website\",\"url\":\"https:\\\/\\\/bktkancelaria.pl\\\/\",\"name\":\"Kancelaria Prawa Mi\u0119dzynarodowego - Profesjonalne wsparcie prawne w sprawach mi\u0119dzynarodowych.\",\"description\":\"Profesjonalne doradztwo prawne od 1998 roku. \u0141\u0105czymy wieloletnie do\u015bwiadczenie z nowoczesnym podej\u015bciem do prawa mi\u0119dzynarodowego.\",\"publisher\":{\"@id\":\"https:\\\/\\\/bktkancelaria.pl\\\/#organization\"},\"potentialAction\":[{\"@type\":\"SearchAction\",\"target\":{\"@type\":\"EntryPoint\",\"urlTemplate\":\"https:\\\/\\\/bktkancelaria.pl\\\/?s={search_term_string}\"},\"query-input\":{\"@type\":\"PropertyValueSpecification\",\"valueRequired\":true,\"valueName\":\"search_term_string\"}}],\"inLanguage\":\"de\"},{\"@type\":\"Organization\",\"@id\":\"https:\\\/\\\/bktkancelaria.pl\\\/#organization\",\"name\":\"Kancelaria Prawa Mi\u0119dzynarodowego - Profesjonalne wsparcie prawne w sprawach mi\u0119dzynarodowych.\",\"url\":\"https:\\\/\\\/bktkancelaria.pl\\\/\",\"logo\":{\"@type\":\"ImageObject\",\"inLanguage\":\"de\",\"@id\":\"https:\\\/\\\/bktkancelaria.pl\\\/#\\\/schema\\\/logo\\\/image\\\/\",\"url\":\"https:\\\/\\\/bktkancelaria.pl\\\/wp-content\\\/uploads\\\/2023\\\/04\\\/Logo_.webp\",\"contentUrl\":\"https:\\\/\\\/bktkancelaria.pl\\\/wp-content\\\/uploads\\\/2023\\\/04\\\/Logo_.webp\",\"width\":600,\"height\":172,\"caption\":\"Kancelaria Prawa Mi\u0119dzynarodowego - Profesjonalne wsparcie prawne w sprawach mi\u0119dzynarodowych.\"},\"image\":{\"@id\":\"https:\\\/\\\/bktkancelaria.pl\\\/#\\\/schema\\\/logo\\\/image\\\/\"},\"sameAs\":[\"https:\\\/\\\/www.facebook.com\\\/bktkancelaria\",\"https:\\\/\\\/www.linkedin.com\\\/in\\\/beata-kielar-tammert\\\/\",\"https:\\\/\\\/www.instagram.com\\\/bktkancelaria\\\/\",\"https:\\\/\\\/www.youtube.com\\\/@kancelariabkt.radcaprawnyb5036\"]}]}<\/script>\n<!-- \/ Yoast SEO plugin. -->","yoast_head_json":{"title":"Ausbildung im internationalen Recht - BKT Law Firm","description":"Wir bieten Schulungen im internationalen Recht f\u00fcr Angestellte und Mitarbeiter sowie Schulungen zu rechtlichen Grundlagen f\u00fcr Jugendliche und \u00e4ltere Menschen an.","robots":{"index":"index","follow":"follow","max-snippet":"max-snippet:-1","max-image-preview":"max-image-preview:large","max-video-preview":"max-video-preview:-1"},"canonical":"https:\/\/bktkancelaria.pl\/de\/ausbildung-im-internationalen-recht-arbeitgeberrecht-internationale-akademie\/","og_locale":"de_DE","og_type":"article","og_title":"Szkolenia z prawa mi\u0119dzynarodowego - Kancelaria BKT","og_description":"Prowadzimy szkolenia z prawa mi\u0119dzynarodowego dla pracownik\u00f3w i kadry, a tak\u017ce szkolenia z podstaw prawa dla m\u0142odzie\u017cy i os\u00f3b starszych.","og_url":"https:\/\/bktkancelaria.pl\/de\/ausbildung-im-internationalen-recht-arbeitgeberrecht-internationale-akademie\/","og_site_name":"Kancelaria Prawa Mi\u0119dzynarodowego - Profesjonalne wsparcie prawne w sprawach mi\u0119dzynarodowych.","article_publisher":"https:\/\/www.facebook.com\/bktkancelaria","og_image":[{"url":"https:\/\/bktkancelaria.pl\/wp-content\/uploads\/2023\/04\/xxx.png","type":"","width":"","height":""}],"twitter_card":"summary_large_image","twitter_misc":{"Gesch\u00e4tzte Lesezeit":"3\u00a0Minuten"},"schema":{"@context":"https:\/\/schema.org","@graph":[{"@type":"WebPage","@id":"https:\/\/bktkancelaria.pl\/szkolenia-z-zakresu-prawa-miedzynarodowego-employer-law-international-academy\/","url":"https:\/\/bktkancelaria.pl\/szkolenia-z-zakresu-prawa-miedzynarodowego-employer-law-international-academy\/","name":"Ausbildung im internationalen Recht - BKT Law Firm","isPartOf":{"@id":"https:\/\/bktkancelaria.pl\/#website"},"primaryImageOfPage":{"@id":"https:\/\/bktkancelaria.pl\/szkolenia-z-zakresu-prawa-miedzynarodowego-employer-law-international-academy\/#primaryimage"},"image":{"@id":"https:\/\/bktkancelaria.pl\/szkolenia-z-zakresu-prawa-miedzynarodowego-employer-law-international-academy\/#primaryimage"},"thumbnailUrl":"https:\/\/bktkancelaria.pl\/wp-content\/uploads\/2023\/04\/xxx.png","datePublished":"2025-06-10T07:39:30+00:00","description":"Wir bieten Schulungen im internationalen Recht f\u00fcr Angestellte und Mitarbeiter sowie Schulungen zu rechtlichen Grundlagen f\u00fcr Jugendliche und \u00e4ltere Menschen an.","breadcrumb":{"@id":"https:\/\/bktkancelaria.pl\/szkolenia-z-zakresu-prawa-miedzynarodowego-employer-law-international-academy\/#breadcrumb"},"inLanguage":"de","potentialAction":[{"@type":"ReadAction","target":["https:\/\/bktkancelaria.pl\/szkolenia-z-zakresu-prawa-miedzynarodowego-employer-law-international-academy\/"]}]},{"@type":"ImageObject","inLanguage":"de","@id":"https:\/\/bktkancelaria.pl\/szkolenia-z-zakresu-prawa-miedzynarodowego-employer-law-international-academy\/#primaryimage","url":"https:\/\/bktkancelaria.pl\/wp-content\/uploads\/2023\/04\/xxx.png","contentUrl":"https:\/\/bktkancelaria.pl\/wp-content\/uploads\/2023\/04\/xxx.png"},{"@type":"BreadcrumbList","@id":"https:\/\/bktkancelaria.pl\/szkolenia-z-zakresu-prawa-miedzynarodowego-employer-law-international-academy\/#breadcrumb","itemListElement":[{"@type":"ListItem","position":1,"name":"Strona g\u0142\u00f3wna","item":"https:\/\/bktkancelaria.pl\/"},{"@type":"ListItem","position":2,"name":"SZKOLENIA Z ZAKRESU PRAWA MI\u0118DZYNARODOWEGO EMPLOYER LAW INTERNATIONAL ACADEMY"}]},{"@type":"WebSite","@id":"https:\/\/bktkancelaria.pl\/#website","url":"https:\/\/bktkancelaria.pl\/","name":"International Law Office - Professionelle rechtliche Unterst\u00fctzung in internationalen Angelegenheiten.","description":"Professionelle Rechtsberatung seit 1998. Wir verbinden langj\u00e4hrige Erfahrung mit einem modernen Ansatz im internationalen Recht.","publisher":{"@id":"https:\/\/bktkancelaria.pl\/#organization"},"potentialAction":[{"@type":"SearchAction","target":{"@type":"EntryPoint","urlTemplate":"https:\/\/bktkancelaria.pl\/?s={search_term_string}"},"query-input":{"@type":"PropertyValueSpecification","valueRequired":true,"valueName":"search_term_string"}}],"inLanguage":"de"},{"@type":"Organization","@id":"https:\/\/bktkancelaria.pl\/#organization","name":"International Law Office - Professionelle rechtliche Unterst\u00fctzung in internationalen Angelegenheiten.","url":"https:\/\/bktkancelaria.pl\/","logo":{"@type":"ImageObject","inLanguage":"de","@id":"https:\/\/bktkancelaria.pl\/#\/schema\/logo\/image\/","url":"https:\/\/bktkancelaria.pl\/wp-content\/uploads\/2023\/04\/Logo_.webp","contentUrl":"https:\/\/bktkancelaria.pl\/wp-content\/uploads\/2023\/04\/Logo_.webp","width":600,"height":172,"caption":"Kancelaria Prawa Mi\u0119dzynarodowego - Profesjonalne wsparcie prawne w sprawach mi\u0119dzynarodowych."},"image":{"@id":"https:\/\/bktkancelaria.pl\/#\/schema\/logo\/image\/"},"sameAs":["https:\/\/www.facebook.com\/bktkancelaria","https:\/\/www.linkedin.com\/in\/beata-kielar-tammert\/","https:\/\/www.instagram.com\/bktkancelaria\/","https:\/\/www.youtube.com\/@kancelariabkt.radcaprawnyb5036"]}]}},"_links":{"self":[{"href":"https:\/\/bktkancelaria.pl\/de\/wp-json\/wp\/v2\/pages\/3557","targetHints":{"allow":["GET"]}}],"collection":[{"href":"https:\/\/bktkancelaria.pl\/de\/wp-json\/wp\/v2\/pages"}],"about":[{"href":"https:\/\/bktkancelaria.pl\/de\/wp-json\/wp\/v2\/types\/page"}],"author":[{"embeddable":true,"href":"https:\/\/bktkancelaria.pl\/de\/wp-json\/wp\/v2\/users\/1"}],"replies":[{"embeddable":true,"href":"https:\/\/bktkancelaria.pl\/de\/wp-json\/wp\/v2\/comments?post=3557"}],"version-history":[{"count":1,"href":"https:\/\/bktkancelaria.pl\/de\/wp-json\/wp\/v2\/pages\/3557\/revisions"}],"predecessor-version":[{"id":14451,"href":"https:\/\/bktkancelaria.pl\/de\/wp-json\/wp\/v2\/pages\/3557\/revisions\/14451"}],"wp:attachment":[{"href":"https:\/\/bktkancelaria.pl\/de\/wp-json\/wp\/v2\/media?parent=3557"}],"curies":[{"name":"wp","href":"https:\/\/api.w.org\/{rel}","templated":true}]}}