{"id":3561,"date":"2025-06-10T09:39:53","date_gmt":"2025-06-10T07:39:53","guid":{"rendered":"https:\/\/bktkancelaria.pl\/?page_id=3561"},"modified":"2025-06-10T09:39:53","modified_gmt":"2025-06-10T07:39:53","slug":"cennik","status":"publish","type":"page","link":"https:\/\/bktkancelaria.pl\/de\/preisliste\/","title":{"rendered":"Preisliste"},"content":{"rendered":"<div data-elementor-type=\"wp-post\" data-elementor-id=\"3561\" class=\"elementor elementor-3561\" data-elementor-post-type=\"page\">\n\t\t\t\t\t\t<section class=\"elementor-section elementor-top-section elementor-element elementor-element-1622edda elementor-section-boxed elementor-section-height-default elementor-section-height-default\" data-id=\"1622edda\" data-element_type=\"section\" data-e-type=\"section\">\n\t\t\t\t\t\t<div class=\"elementor-container elementor-column-gap-default\">\n\t\t\t\t\t<div class=\"elementor-column elementor-col-100 elementor-top-column elementor-element elementor-element-2646791a\" data-id=\"2646791a\" data-element_type=\"column\" data-e-type=\"column\">\n\t\t\t<div class=\"elementor-widget-wrap elementor-element-populated\">\n\t\t\t\t\t\t<div class=\"elementor-element elementor-element-2d4b6484 elementor-widget elementor-widget-heading\" data-id=\"2d4b6484\" data-element_type=\"widget\" data-e-type=\"widget\" data-widget_type=\"heading.default\">\n\t\t\t\t<div class=\"elementor-widget-container\">\n\t\t\t\t\t<h1 class=\"elementor-heading-title elementor-size-default\">Preisliste<\/h1>\t\t\t\t<\/div>\n\t\t\t\t<\/div>\n\t\t\t\t<div class=\"elementor-element elementor-element-73094175 elementor-widget-divider--view-line elementor-widget elementor-widget-divider\" data-id=\"73094175\" data-element_type=\"widget\" data-e-type=\"widget\" data-widget_type=\"divider.default\">\n\t\t\t\t<div class=\"elementor-widget-container\">\n\t\t\t\t\t\t\t<div class=\"elementor-divider\">\n\t\t\t<span class=\"elementor-divider-separator\">\n\t\t\t\t\t\t<\/span>\n\t\t<\/div>\n\t\t\t\t\t\t<\/div>\n\t\t\t\t<\/div>\n\t\t\t\t<div class=\"elementor-element elementor-element-6b1d1915 elementor-widget elementor-widget-text-editor\" data-id=\"6b1d1915\" data-element_type=\"widget\" data-e-type=\"widget\" data-widget_type=\"text-editor.default\">\n\t\t\t\t<div class=\"elementor-widget-container\">\n\t\t\t\t\t\t\t\t\t<p><b>Durchschnittliche Kosten der Rechtsberatung in den R\u00e4umlichkeiten der Kanzlei <\/b>betr\u00e4gt 249 PLN brutto.<\/p><p><span style=\"font-weight: var( --e-global-typography-text-font-weight ); letter-spacing: 0px;\">Auch eine rechtliche Beratung aus der Ferne ist m\u00f6glich:\u00a0<\/span><\/p>\t\t\t\t\t\t\t\t<\/div>\n\t\t\t\t<\/div>\n\t\t\t\t<section class=\"elementor-section elementor-inner-section elementor-element elementor-element-4ded6d8 elementor-section-boxed elementor-section-height-default elementor-section-height-default\" data-id=\"4ded6d8\" data-element_type=\"section\" data-e-type=\"section\">\n\t\t\t\t\t\t<div class=\"elementor-container elementor-column-gap-default\">\n\t\t\t\t\t<div class=\"elementor-column elementor-col-100 elementor-inner-column elementor-element elementor-element-4256455\" data-id=\"4256455\" data-element_type=\"column\" data-e-type=\"column\">\n\t\t\t<div class=\"elementor-widget-wrap elementor-element-populated\">\n\t\t\t\t\t\t<div class=\"elementor-element elementor-element-4fefe2b elementor-widget elementor-widget-heading\" data-id=\"4fefe2b\" data-element_type=\"widget\" data-e-type=\"widget\" data-widget_type=\"heading.default\">\n\t\t\t\t<div class=\"elementor-widget-container\">\n\t\t\t\t\t<h3 class=\"elementor-heading-title elementor-size-default\">Online-Rechtsberatung <br>(Telefon- oder Videokonferenz)<\/h3>\t\t\t\t<\/div>\n\t\t\t\t<\/div>\n\t\t\t\t<div class=\"elementor-element elementor-element-9900c9b elementor-widget elementor-widget-text-editor\" data-id=\"9900c9b\" data-element_type=\"widget\" data-e-type=\"widget\" data-widget_type=\"text-editor.default\">\n\t\t\t\t<div class=\"elementor-widget-container\">\n\t\t\t\t\t\t\t\t\t<p>Kosten:<\/p><p>\u00a0bis zu 30 min. - 249 z\u0142 brutto<\/p><p>bis zu 60 min. - PLN 449 brutto<\/p><p>\u00a0<\/p>\t\t\t\t\t\t\t\t<\/div>\n\t\t\t\t<\/div>\n\t\t\t\t<div class=\"elementor-element elementor-element-16284c0 elementor-button-success elementor-align-center elementor-widget elementor-widget-button\" data-id=\"16284c0\" data-element_type=\"widget\" data-e-type=\"widget\" data-widget_type=\"button.default\">\n\t\t\t\t<div class=\"elementor-widget-container\">\n\t\t\t\t\t\t\t\t\t<div class=\"elementor-button-wrapper\">\n\t\t\t\t\t<a class=\"elementor-button elementor-button-link elementor-size-md elementor-animation-grow\" href=\"https:\/\/bktkancelaria.pl\/de\/online-rechtsberatung\/\">\n\t\t\t\t\t\t<span class=\"elementor-button-content-wrapper\">\n\t\t\t\t\t\t\t\t\t<span class=\"elementor-button-text\">Vereinbaren Sie einen Termin &gt;&gt;<\/span>\n\t\t\t\t\t<\/span>\n\t\t\t\t\t<\/a>\n\t\t\t\t<\/div>\n\t\t\t\t\t\t\t\t<\/div>\n\t\t\t\t<\/div>\n\t\t\t\t\t<\/div>\n\t\t<\/div>\n\t\t\t\t\t<\/div>\n\t\t<\/section>\n\t\t\t\t<div class=\"elementor-element elementor-element-75b5996 elementor-widget elementor-widget-text-editor\" data-id=\"75b5996\" data-element_type=\"widget\" data-e-type=\"widget\" data-widget_type=\"text-editor.default\">\n\t\t\t\t<div class=\"elementor-widget-container\">\n\t\t\t\t\t\t\t\t\t<p><span style=\"font-weight: var( --e-global-typography-text-font-weight ); letter-spacing: 0px;\">Die Kosten f\u00fcr andere Dienstleistungen h\u00e4ngen von der Art des Falles, seiner Komplexit\u00e4t und der Dauer des Verfahrens ab.<\/span><\/p><p>Nach der Beauftragung mit der Durchf\u00fchrung eines Verfahrens sind die Kosten f\u00fcr die Rechtsberatung in der Verg\u00fctung f\u00fcr die Durchf\u00fchrung des Verfahrens enthalten.<\/p><p>Es ist m\u00f6glich, die Verg\u00fctung in Raten zu zahlen.<\/p>\t\t\t\t\t\t\t\t<\/div>\n\t\t\t\t<\/div>\n\t\t\t\t<div class=\"elementor-element elementor-element-20059916 elementor-widget-divider--view-line elementor-widget elementor-widget-divider\" data-id=\"20059916\" data-element_type=\"widget\" data-e-type=\"widget\" data-widget_type=\"divider.default\">\n\t\t\t\t<div class=\"elementor-widget-container\">\n\t\t\t\t\t\t\t<div class=\"elementor-divider\">\n\t\t\t<span class=\"elementor-divider-separator\">\n\t\t\t\t\t\t<\/span>\n\t\t<\/div>\n\t\t\t\t\t\t<\/div>\n\t\t\t\t<\/div>\n\t\t\t\t<div class=\"elementor-element elementor-element-4234c8f9 elementor-widget elementor-widget-text-editor\" data-id=\"4234c8f9\" data-element_type=\"widget\" data-e-type=\"widget\" data-widget_type=\"text-editor.default\">\n\t\t\t\t<div class=\"elementor-widget-container\">\n\t\t\t\t\t\t\t\t\t<div id=\"element_133\" class=\"ww_element\" data-element-type=\"button\" data-positionorigin=\"pageTopLeft\"><div id=\"element_133_content\" class=\"content ww_button_content\"><div class=\"normal ww_button_text_wrapper\"><div class=\"ww_button_text wwTextContent\"><p>Die Kosten f\u00fcr eine Rechtsdienstleistung h\u00e4ngen von ihrer Art ab, d.h. davon, ob Sie:<\/p><ul><li>eine Rechtsberatung,<\/li><li>die Vorbereitung eines gerichtlichen\/au\u00dfergerichtlichen Schreibens,<\/li><li>Vertretung vor dem Gericht oder anderen staatlichen Beh\u00f6rden,<\/li><li>Teilnahme an Verhandlungen, Mediationen usw.<\/li><\/ul><\/div><\/div><\/div><\/div><div id=\"element_174\" class=\"ww_element\" data-element-type=\"text\" data-positionorigin=\"pageTopLeft\"><div id=\"element_174_content\" class=\"content text_content\"><div class=\"ww_text_wrapper forceLineHeight wwTextContent\"><p>\u00dcber die H\u00f6he des Honorars werden Sie immer vor der Beauftragung informiert, so dass es keine \u00dcberraschung ist.<\/p><p><span style=\"font-weight: var( --e-global-typography-text-font-weight ); letter-spacing: 0px;\">Je nach Bedarf bieten wir sowohl eine einmalige Rechtsberatung in einzelnen Angelegenheiten als auch eine dauerhafte Betreuung von Unternehmern, f\u00fcr die wir attraktive Pauschalangebote erstellt haben.\u00a0<\/span><\/p><\/div><\/div><\/div>\t\t\t\t\t\t\t\t<\/div>\n\t\t\t\t<\/div>\n\t\t\t\t<div class=\"elementor-element elementor-element-aba0718 elementor-widget-divider--view-line elementor-widget elementor-widget-divider\" data-id=\"aba0718\" data-element_type=\"widget\" data-e-type=\"widget\" data-widget_type=\"divider.default\">\n\t\t\t\t<div class=\"elementor-widget-container\">\n\t\t\t\t\t\t\t<div class=\"elementor-divider\">\n\t\t\t<span class=\"elementor-divider-separator\">\n\t\t\t\t\t\t<\/span>\n\t\t<\/div>\n\t\t\t\t\t\t<\/div>\n\t\t\t\t<\/div>\n\t\t\t\t<div class=\"elementor-element elementor-element-40ab0569 elementor-widget elementor-widget-text-editor\" data-id=\"40ab0569\" data-element_type=\"widget\" data-e-type=\"widget\" data-widget_type=\"text-editor.default\">\n\t\t\t\t<div class=\"elementor-widget-container\">\n\t\t\t\t\t\t\t\t\t<p>Informationen \u00fcber den Preis der Dienstleistung erhalten Sie im Einzelfall: entweder per E-Mail - nach Absenden Ihrer Anfrage - oder telefonisch. Die Zahlung kann direkt auf unser Bankkonto in der Rubrik \"Kontakt\" oder \u00fcber transfer24 und einen von uns generierten Zahlungslink erfolgen.<\/p><p>Die Antwort auf Ihre Anfrage ist kostenlos. Bitte z\u00f6gern Sie also nicht, Fragen zu stellen.<\/p>\t\t\t\t\t\t\t\t<\/div>\n\t\t\t\t<\/div>\n\t\t\t\t\t<\/div>\n\t\t<\/div>\n\t\t\t\t\t<\/div>\n\t\t<\/section>\n\t\t\t\t<\/div>","protected":false},"excerpt":{"rendered":"<p>Cennik Przeci\u0119tny koszt porady prawnej w siedzibie Kancelarii to kwota 249 z\u0142 brutto. Istnieje r\u00f3wnie\u017c mo\u017cliwo\u015b\u0107 skorzystania z porady prawnej na odleg\u0142o\u015b\u0107: Porada prawna online (telefoniczna lub wideokonferencja) Koszt : do 30 min. &#8211; 249 z\u0142 brutto do 60 min. &#8211; 449 z\u0142 brutto Um\u00f3w si\u0119 &gt;&gt; Koszt pozosta\u0142ych us\u0142ug uzale\u017cniony jest od rodzaju sprawy, [&hellip;]<\/p>\n","protected":false},"author":1,"featured_media":0,"parent":0,"menu_order":0,"comment_status":"closed","ping_status":"closed","template":"elementor_header_footer","meta":{"footnotes":""},"class_list":["post-3561","page","type-page","status-publish","hentry"],"yoast_head":"<!-- This site is optimized with the Yoast SEO plugin v27.3 - https:\/\/yoast.com\/product\/yoast-seo-wordpress\/ -->\n<title>Cennik Us\u0142ug - Kancelaria Radcy Prawnego Beaty Kielar-Tammert<\/title>\n<meta name=\"description\" content=\"Doradztwo na rzecz przedsi\u0119biorc\u00f3w, legalizacja pobytu cudzoziemc\u00f3w, restrukturyzacja sp\u00f3\u0142ek, prawo pracy - Kancelaria Radcy Prawnego Beaty Kielar-Tammert\" \/>\n<meta name=\"robots\" content=\"index, follow, max-snippet:-1, max-image-preview:large, max-video-preview:-1\" \/>\n<link rel=\"canonical\" href=\"https:\/\/bktkancelaria.pl\/de\/preisliste\/\" \/>\n<meta property=\"og:locale\" content=\"de_DE\" \/>\n<meta property=\"og:type\" content=\"article\" \/>\n<meta property=\"og:title\" content=\"Cennik Us\u0142ug - Kancelaria Radcy Prawnego Beaty Kielar-Tammert\" \/>\n<meta property=\"og:description\" content=\"Doradztwo na rzecz przedsi\u0119biorc\u00f3w, legalizacja pobytu cudzoziemc\u00f3w, restrukturyzacja sp\u00f3\u0142ek, prawo pracy - Kancelaria Radcy Prawnego Beaty Kielar-Tammert\" \/>\n<meta property=\"og:url\" content=\"https:\/\/bktkancelaria.pl\/de\/preisliste\/\" \/>\n<meta property=\"og:site_name\" content=\"Kancelaria Prawa Mi\u0119dzynarodowego - Profesjonalne wsparcie prawne w sprawach mi\u0119dzynarodowych.\" \/>\n<meta property=\"article:publisher\" content=\"https:\/\/www.facebook.com\/bktkancelaria\" \/>\n<meta name=\"twitter:card\" content=\"summary_large_image\" \/>\n<meta name=\"twitter:label1\" content=\"Gesch\u00e4tzte Lesezeit\" \/>\n\t<meta name=\"twitter:data1\" content=\"2\u00a0Minuten\" \/>\n<script type=\"application\/ld+json\" class=\"yoast-schema-graph\">{\"@context\":\"https:\\\/\\\/schema.org\",\"@graph\":[{\"@type\":\"WebPage\",\"@id\":\"https:\\\/\\\/bktkancelaria.pl\\\/cennik\\\/\",\"url\":\"https:\\\/\\\/bktkancelaria.pl\\\/cennik\\\/\",\"name\":\"Cennik Us\u0142ug - Kancelaria Radcy Prawnego Beaty Kielar-Tammert\",\"isPartOf\":{\"@id\":\"https:\\\/\\\/bktkancelaria.pl\\\/#website\"},\"datePublished\":\"2025-06-10T07:39:53+00:00\",\"description\":\"Doradztwo na rzecz przedsi\u0119biorc\u00f3w, legalizacja pobytu cudzoziemc\u00f3w, restrukturyzacja sp\u00f3\u0142ek, prawo pracy - Kancelaria Radcy Prawnego Beaty Kielar-Tammert\",\"breadcrumb\":{\"@id\":\"https:\\\/\\\/bktkancelaria.pl\\\/cennik\\\/#breadcrumb\"},\"inLanguage\":\"de\",\"potentialAction\":[{\"@type\":\"ReadAction\",\"target\":[\"https:\\\/\\\/bktkancelaria.pl\\\/cennik\\\/\"]}]},{\"@type\":\"BreadcrumbList\",\"@id\":\"https:\\\/\\\/bktkancelaria.pl\\\/cennik\\\/#breadcrumb\",\"itemListElement\":[{\"@type\":\"ListItem\",\"position\":1,\"name\":\"Strona g\u0142\u00f3wna\",\"item\":\"https:\\\/\\\/bktkancelaria.pl\\\/\"},{\"@type\":\"ListItem\",\"position\":2,\"name\":\"Cennik\"}]},{\"@type\":\"WebSite\",\"@id\":\"https:\\\/\\\/bktkancelaria.pl\\\/#website\",\"url\":\"https:\\\/\\\/bktkancelaria.pl\\\/\",\"name\":\"Kancelaria Prawa Mi\u0119dzynarodowego - Profesjonalne wsparcie prawne w sprawach mi\u0119dzynarodowych.\",\"description\":\"Profesjonalne doradztwo prawne od 1998 roku. \u0141\u0105czymy wieloletnie do\u015bwiadczenie z nowoczesnym podej\u015bciem do prawa mi\u0119dzynarodowego.\",\"publisher\":{\"@id\":\"https:\\\/\\\/bktkancelaria.pl\\\/#organization\"},\"potentialAction\":[{\"@type\":\"SearchAction\",\"target\":{\"@type\":\"EntryPoint\",\"urlTemplate\":\"https:\\\/\\\/bktkancelaria.pl\\\/?s={search_term_string}\"},\"query-input\":{\"@type\":\"PropertyValueSpecification\",\"valueRequired\":true,\"valueName\":\"search_term_string\"}}],\"inLanguage\":\"de\"},{\"@type\":\"Organization\",\"@id\":\"https:\\\/\\\/bktkancelaria.pl\\\/#organization\",\"name\":\"Kancelaria Prawa Mi\u0119dzynarodowego - Profesjonalne wsparcie prawne w sprawach mi\u0119dzynarodowych.\",\"url\":\"https:\\\/\\\/bktkancelaria.pl\\\/\",\"logo\":{\"@type\":\"ImageObject\",\"inLanguage\":\"de\",\"@id\":\"https:\\\/\\\/bktkancelaria.pl\\\/#\\\/schema\\\/logo\\\/image\\\/\",\"url\":\"https:\\\/\\\/bktkancelaria.pl\\\/wp-content\\\/uploads\\\/2023\\\/04\\\/Logo_.webp\",\"contentUrl\":\"https:\\\/\\\/bktkancelaria.pl\\\/wp-content\\\/uploads\\\/2023\\\/04\\\/Logo_.webp\",\"width\":600,\"height\":172,\"caption\":\"Kancelaria Prawa Mi\u0119dzynarodowego - Profesjonalne wsparcie prawne w sprawach mi\u0119dzynarodowych.\"},\"image\":{\"@id\":\"https:\\\/\\\/bktkancelaria.pl\\\/#\\\/schema\\\/logo\\\/image\\\/\"},\"sameAs\":[\"https:\\\/\\\/www.facebook.com\\\/bktkancelaria\",\"https:\\\/\\\/www.linkedin.com\\\/in\\\/beata-kielar-tammert\\\/\",\"https:\\\/\\\/www.instagram.com\\\/bktkancelaria\\\/\",\"https:\\\/\\\/www.youtube.com\\\/@kancelariabkt.radcaprawnyb5036\"]}]}<\/script>\n<!-- \/ Yoast SEO plugin. -->","yoast_head_json":{"title":"Preisliste der Dienstleistungen - Kancelaria Radcy Prawnego Beaty Kielar-Tammert","description":"Beratung von Unternehmern, Legalisierung des Aufenthalts von Ausl\u00e4ndern, Umstrukturierung von Unternehmen, Arbeitsrecht - Kancelaria Radcy Prawnego Beaty Kielar-Tammert","robots":{"index":"index","follow":"follow","max-snippet":"max-snippet:-1","max-image-preview":"max-image-preview:large","max-video-preview":"max-video-preview:-1"},"canonical":"https:\/\/bktkancelaria.pl\/de\/preisliste\/","og_locale":"de_DE","og_type":"article","og_title":"Cennik Us\u0142ug - Kancelaria Radcy Prawnego Beaty Kielar-Tammert","og_description":"Doradztwo na rzecz przedsi\u0119biorc\u00f3w, legalizacja pobytu cudzoziemc\u00f3w, restrukturyzacja sp\u00f3\u0142ek, prawo pracy - Kancelaria Radcy Prawnego Beaty Kielar-Tammert","og_url":"https:\/\/bktkancelaria.pl\/de\/preisliste\/","og_site_name":"Kancelaria Prawa Mi\u0119dzynarodowego - Profesjonalne wsparcie prawne w sprawach mi\u0119dzynarodowych.","article_publisher":"https:\/\/www.facebook.com\/bktkancelaria","twitter_card":"summary_large_image","twitter_misc":{"Gesch\u00e4tzte Lesezeit":"2\u00a0Minuten"},"schema":{"@context":"https:\/\/schema.org","@graph":[{"@type":"WebPage","@id":"https:\/\/bktkancelaria.pl\/cennik\/","url":"https:\/\/bktkancelaria.pl\/cennik\/","name":"Preisliste der Dienstleistungen - Kancelaria Radcy Prawnego Beaty Kielar-Tammert","isPartOf":{"@id":"https:\/\/bktkancelaria.pl\/#website"},"datePublished":"2025-06-10T07:39:53+00:00","description":"Beratung von Unternehmern, Legalisierung des Aufenthalts von Ausl\u00e4ndern, Umstrukturierung von Unternehmen, Arbeitsrecht - Kancelaria Radcy Prawnego Beaty Kielar-Tammert","breadcrumb":{"@id":"https:\/\/bktkancelaria.pl\/cennik\/#breadcrumb"},"inLanguage":"de","potentialAction":[{"@type":"ReadAction","target":["https:\/\/bktkancelaria.pl\/cennik\/"]}]},{"@type":"BreadcrumbList","@id":"https:\/\/bktkancelaria.pl\/cennik\/#breadcrumb","itemListElement":[{"@type":"ListItem","position":1,"name":"Strona g\u0142\u00f3wna","item":"https:\/\/bktkancelaria.pl\/"},{"@type":"ListItem","position":2,"name":"Cennik"}]},{"@type":"WebSite","@id":"https:\/\/bktkancelaria.pl\/#website","url":"https:\/\/bktkancelaria.pl\/","name":"International Law Office - Professionelle rechtliche Unterst\u00fctzung in internationalen Angelegenheiten.","description":"Professionelle Rechtsberatung seit 1998. Wir verbinden langj\u00e4hrige Erfahrung mit einem modernen Ansatz im internationalen Recht.","publisher":{"@id":"https:\/\/bktkancelaria.pl\/#organization"},"potentialAction":[{"@type":"SearchAction","target":{"@type":"EntryPoint","urlTemplate":"https:\/\/bktkancelaria.pl\/?s={search_term_string}"},"query-input":{"@type":"PropertyValueSpecification","valueRequired":true,"valueName":"search_term_string"}}],"inLanguage":"de"},{"@type":"Organization","@id":"https:\/\/bktkancelaria.pl\/#organization","name":"International Law Office - Professionelle rechtliche Unterst\u00fctzung in internationalen Angelegenheiten.","url":"https:\/\/bktkancelaria.pl\/","logo":{"@type":"ImageObject","inLanguage":"de","@id":"https:\/\/bktkancelaria.pl\/#\/schema\/logo\/image\/","url":"https:\/\/bktkancelaria.pl\/wp-content\/uploads\/2023\/04\/Logo_.webp","contentUrl":"https:\/\/bktkancelaria.pl\/wp-content\/uploads\/2023\/04\/Logo_.webp","width":600,"height":172,"caption":"Kancelaria Prawa Mi\u0119dzynarodowego - Profesjonalne wsparcie prawne w sprawach mi\u0119dzynarodowych."},"image":{"@id":"https:\/\/bktkancelaria.pl\/#\/schema\/logo\/image\/"},"sameAs":["https:\/\/www.facebook.com\/bktkancelaria","https:\/\/www.linkedin.com\/in\/beata-kielar-tammert\/","https:\/\/www.instagram.com\/bktkancelaria\/","https:\/\/www.youtube.com\/@kancelariabkt.radcaprawnyb5036"]}]}},"_links":{"self":[{"href":"https:\/\/bktkancelaria.pl\/de\/wp-json\/wp\/v2\/pages\/3561","targetHints":{"allow":["GET"]}}],"collection":[{"href":"https:\/\/bktkancelaria.pl\/de\/wp-json\/wp\/v2\/pages"}],"about":[{"href":"https:\/\/bktkancelaria.pl\/de\/wp-json\/wp\/v2\/types\/page"}],"author":[{"embeddable":true,"href":"https:\/\/bktkancelaria.pl\/de\/wp-json\/wp\/v2\/users\/1"}],"replies":[{"embeddable":true,"href":"https:\/\/bktkancelaria.pl\/de\/wp-json\/wp\/v2\/comments?post=3561"}],"version-history":[{"count":1,"href":"https:\/\/bktkancelaria.pl\/de\/wp-json\/wp\/v2\/pages\/3561\/revisions"}],"predecessor-version":[{"id":14408,"href":"https:\/\/bktkancelaria.pl\/de\/wp-json\/wp\/v2\/pages\/3561\/revisions\/14408"}],"wp:attachment":[{"href":"https:\/\/bktkancelaria.pl\/de\/wp-json\/wp\/v2\/media?parent=3561"}],"curies":[{"name":"wp","href":"https:\/\/api.w.org\/{rel}","templated":true}]}}