{"id":3724,"date":"2025-06-10T09:39:30","date_gmt":"2025-06-10T07:39:30","guid":{"rendered":"https:\/\/bktkancelaria.pl\/?page_id=3724"},"modified":"2025-06-10T09:39:30","modified_gmt":"2025-06-10T07:39:30","slug":"prawo-pracy","status":"publish","type":"page","link":"https:\/\/bktkancelaria.pl\/de\/arbeitsrecht\/","title":{"rendered":"Arbeitsrecht"},"content":{"rendered":"<div data-elementor-type=\"wp-post\" data-elementor-id=\"3724\" class=\"elementor elementor-3724\" data-elementor-post-type=\"page\">\n\t\t\t\t\t\t<section class=\"elementor-section elementor-top-section elementor-element elementor-element-d9a0a4a elementor-section-boxed elementor-section-height-default elementor-section-height-default\" data-id=\"d9a0a4a\" data-element_type=\"section\" data-e-type=\"section\">\n\t\t\t\t\t\t<div class=\"elementor-container elementor-column-gap-default\">\n\t\t\t\t\t<div class=\"elementor-column elementor-col-100 elementor-top-column elementor-element elementor-element-3c9c6cfb\" data-id=\"3c9c6cfb\" data-element_type=\"column\" data-e-type=\"column\">\n\t\t\t<div class=\"elementor-widget-wrap elementor-element-populated\">\n\t\t\t\t\t\t<div class=\"elementor-element elementor-element-5ef1ebe4 elementor-widget elementor-widget-heading\" data-id=\"5ef1ebe4\" data-element_type=\"widget\" data-e-type=\"widget\" data-widget_type=\"heading.default\">\n\t\t\t\t<div class=\"elementor-widget-container\">\n\t\t\t\t\t<h1 class=\"elementor-heading-title elementor-size-default\">Arbeitsrecht<\/h1>\t\t\t\t<\/div>\n\t\t\t\t<\/div>\n\t\t\t\t<div class=\"elementor-element elementor-element-13d93d38 elementor-widget-divider--view-line elementor-widget elementor-widget-divider\" data-id=\"13d93d38\" data-element_type=\"widget\" data-e-type=\"widget\" data-widget_type=\"divider.default\">\n\t\t\t\t<div class=\"elementor-widget-container\">\n\t\t\t\t\t\t\t<div class=\"elementor-divider\">\n\t\t\t<span class=\"elementor-divider-separator\">\n\t\t\t\t\t\t<\/span>\n\t\t<\/div>\n\t\t\t\t\t\t<\/div>\n\t\t\t\t<\/div>\n\t\t\t\t\t<\/div>\n\t\t<\/div>\n\t\t\t\t\t<\/div>\n\t\t<\/section>\n\t\t\t\t<section class=\"elementor-section elementor-top-section elementor-element elementor-element-72ca2dd1 elementor-section-boxed elementor-section-height-default elementor-section-height-default\" data-id=\"72ca2dd1\" data-element_type=\"section\" data-e-type=\"section\">\n\t\t\t\t\t\t<div class=\"elementor-container elementor-column-gap-default\">\n\t\t\t\t\t<div class=\"elementor-column elementor-col-100 elementor-top-column elementor-element elementor-element-5285b533\" data-id=\"5285b533\" data-element_type=\"column\" data-e-type=\"column\">\n\t\t\t<div class=\"elementor-widget-wrap elementor-element-populated\">\n\t\t\t\t\t\t<div class=\"elementor-element elementor-element-369c748f elementor-widget elementor-widget-image\" data-id=\"369c748f\" data-element_type=\"widget\" data-e-type=\"widget\" data-widget_type=\"image.default\">\n\t\t\t\t<div class=\"elementor-widget-container\">\n\t\t\t\t\t\t\t\t\t\t\t\t\t\t\t<img decoding=\"async\" src=\"https:\/\/bktkancelaria.pl\/wp-content\/uploads\/elementor\/thumbs\/Prawo-Pracy-BKT-qrknkazcipa4db8xdzrlit1nwna1pa2qrpf1z4mrcg.jpg\" title=\"Anwaltskanzlei f\u00fcr Arbeitsrecht\" alt=\"Anwaltskanzlei f\u00fcr Arbeitsrecht\" loading=\"lazy\" \/>\t\t\t\t\t\t\t\t\t\t\t\t\t\t\t<\/div>\n\t\t\t\t<\/div>\n\t\t\t\t<div class=\"elementor-element elementor-element-3d079252 elementor-widget elementor-widget-text-editor\" data-id=\"3d079252\" data-element_type=\"widget\" data-e-type=\"widget\" data-widget_type=\"text-editor.default\">\n\t\t\t\t<div class=\"elementor-widget-container\">\n\t\t\t\t\t\t\t\t\t<p><\/p><h2>Im Rahmen ihrer arbeitsrechtlichen Dienstleistungen bietet die Anwaltskanzlei BKT:<\/h2><p><\/p>\t\t\t\t\t\t\t\t<\/div>\n\t\t\t\t<\/div>\n\t\t\t\t<div class=\"elementor-element elementor-element-50a88489 elementor-align-start elementor-icon-list--layout-traditional elementor-list-item-link-full_width elementor-widget elementor-widget-icon-list\" data-id=\"50a88489\" data-element_type=\"widget\" data-e-type=\"widget\" data-widget_type=\"icon-list.default\">\n\t\t\t\t<div class=\"elementor-widget-container\">\n\t\t\t\t\t\t\t<ul class=\"elementor-icon-list-items\">\n\t\t\t\t\t\t\t<li class=\"elementor-icon-list-item\">\n\t\t\t\t\t\t\t\t\t\t\t<span class=\"elementor-icon-list-icon\">\n\t\t\t\t\t\t\t\t\t\t\t\t\t\t\t\t<i class=\"fa fa-check\" aria-hidden=\"true\"><\/i>\n\t\t\t\t\t\t\t\t\t\t\t\t\t<\/span>\n\t\t\t\t\t\t\t\t\t\t<span class=\"elementor-icon-list-text\"><b>Vorbereitung und Abgabe von Stellungnahmen zu Vereinbarungen <\/b>Arbeitsvertr\u00e4ge, Managementvertr\u00e4ge, Wettbewerbsverbote und Beendigung von Arbeitsvertr\u00e4gen,<\/span>\n\t\t\t\t\t\t\t\t\t<\/li>\n\t\t\t\t\t\t\t\t<li class=\"elementor-icon-list-item\">\n\t\t\t\t\t\t\t\t\t\t\t<span class=\"elementor-icon-list-icon\">\n\t\t\t\t\t\t\t\t\t\t\t\t\t\t\t\t<i class=\"fa fa-check\" aria-hidden=\"true\"><\/i>\n\t\t\t\t\t\t\t\t\t\t\t\t\t<\/span>\n\t\t\t\t\t\t\t\t\t\t<span class=\"elementor-icon-list-text\"><b>vertritt <\/b>Arbeitnehmer vor den Arbeitsgerichten in allen arbeitsrechtlichen Angelegenheiten,<\/span>\n\t\t\t\t\t\t\t\t\t<\/li>\n\t\t\t\t\t\t\t\t<li class=\"elementor-icon-list-item\">\n\t\t\t\t\t\t\t\t\t\t\t<span class=\"elementor-icon-list-icon\">\n\t\t\t\t\t\t\t\t\t\t\t\t\t\t\t\t<i class=\"fa fa-check\" aria-hidden=\"true\"><\/i>\n\t\t\t\t\t\t\t\t\t\t\t\t\t<\/span>\n\t\t\t\t\t\t\t\t\t\t<span class=\"elementor-icon-list-text\">bietet <b>Rechtsberatung <\/b>im Zusammenhang mit der Besch\u00e4ftigung.<\/span>\n\t\t\t\t\t\t\t\t\t<\/li>\n\t\t\t\t\t\t<\/ul>\n\t\t\t\t\t\t<\/div>\n\t\t\t\t<\/div>\n\t\t\t\t<div class=\"elementor-element elementor-element-6207fa6 elementor-widget elementor-widget-text-editor\" data-id=\"6207fa6\" data-element_type=\"widget\" data-e-type=\"widget\" data-widget_type=\"text-editor.default\">\n\t\t\t\t<div class=\"elementor-widget-container\">\n\t\t\t\t\t\t\t\t\t<p><\/p>\n<h3>Die Anwaltskanzlei BKT erbringt Rechtsdienstleistungen im Bereich des Arbeitsrechts, um die Rechte der Arbeitnehmer zu sch\u00fctzen. Ihre langj\u00e4hrige Erfahrung in diesem Bereich erm\u00f6glicht es ihr, sich einwandfrei zurechtzufinden <br \/>in allen besch\u00e4ftigungsbezogenen Angelegenheiten.<\/h3>\n<p><\/p>\t\t\t\t\t\t\t\t<\/div>\n\t\t\t\t<\/div>\n\t\t\t\t\t<\/div>\n\t\t<\/div>\n\t\t\t\t\t<\/div>\n\t\t<\/section>\n\t\t\t\t<\/div>","protected":false},"excerpt":{"rendered":"<p>Prawo pracy W ramach us\u0142ug dotycz\u0105cych prawa pracy, Kancelaria BKT: przygotowuje i opiniuje umowy o prac\u0119, kontrakty mened\u017cerskie, umowy o zakazie konkurencji oraz wypowiedzenia um\u00f3w o prac\u0119, reprezentuje pracownik\u00f3w przed s\u0105dami pracy we wszystkich sprawach pracownicznych, udziela porad prawnych zwi\u0105zanych z zatrudnieniem. Kancelaria BKT \u015bwiadczy us\u0142ugi prawne z zakresu prawa pracy w celu ochrony praw [&hellip;]<\/p>\n","protected":false},"author":1,"featured_media":0,"parent":0,"menu_order":0,"comment_status":"closed","ping_status":"closed","template":"elementor_header_footer","meta":{"footnotes":""},"class_list":["post-3724","page","type-page","status-publish","hentry"],"yoast_head":"<!-- This site is optimized with the Yoast SEO plugin v27.3 - https:\/\/yoast.com\/product\/yoast-seo-wordpress\/ -->\n<title>Prawo pracy - Kancelaria Radcy Prawnego Beaty Kielar-Tammert<\/title>\n<meta name=\"description\" content=\"Kancelaria BKT \u015bwiadczy us\u0142ugi prawne z zakresu prawa pracy w celu ochrony praw pracownicznych. Porady prawne zwi\u0105zane z zatrudnieniem.\" \/>\n<meta name=\"robots\" content=\"index, follow, max-snippet:-1, max-image-preview:large, max-video-preview:-1\" \/>\n<link rel=\"canonical\" href=\"https:\/\/bktkancelaria.pl\/de\/arbeitsrecht\/\" \/>\n<meta property=\"og:locale\" content=\"de_DE\" \/>\n<meta property=\"og:type\" content=\"article\" \/>\n<meta property=\"og:title\" content=\"Prawo pracy - Kancelaria Radcy Prawnego Beaty Kielar-Tammert\" \/>\n<meta property=\"og:description\" content=\"Kancelaria BKT \u015bwiadczy us\u0142ugi prawne z zakresu prawa pracy w celu ochrony praw pracownicznych. Porady prawne zwi\u0105zane z zatrudnieniem.\" \/>\n<meta property=\"og:url\" content=\"https:\/\/bktkancelaria.pl\/de\/arbeitsrecht\/\" \/>\n<meta property=\"og:site_name\" content=\"Kancelaria Prawa Mi\u0119dzynarodowego - Profesjonalne wsparcie prawne w sprawach mi\u0119dzynarodowych.\" \/>\n<meta property=\"article:publisher\" content=\"https:\/\/www.facebook.com\/bktkancelaria\" \/>\n<meta property=\"og:image\" content=\"https:\/\/bktkancelaria.pl\/wp-content\/uploads\/elementor\/thumbs\/Prawo-Pracy-BKT-o3ba0j775txrfwwx7b02398bjwewos4vd3snvcpi4g.jpg\" \/>\n<meta name=\"twitter:card\" content=\"summary_large_image\" \/>\n<meta name=\"twitter:label1\" content=\"Gesch\u00e4tzte Lesezeit\" \/>\n\t<meta name=\"twitter:data1\" content=\"1\u00a0Minute\" \/>\n<script type=\"application\/ld+json\" class=\"yoast-schema-graph\">{\"@context\":\"https:\\\/\\\/schema.org\",\"@graph\":[{\"@type\":\"WebPage\",\"@id\":\"https:\\\/\\\/bktkancelaria.pl\\\/prawo-pracy\\\/\",\"url\":\"https:\\\/\\\/bktkancelaria.pl\\\/prawo-pracy\\\/\",\"name\":\"Prawo pracy - Kancelaria Radcy Prawnego Beaty Kielar-Tammert\",\"isPartOf\":{\"@id\":\"https:\\\/\\\/bktkancelaria.pl\\\/#website\"},\"primaryImageOfPage\":{\"@id\":\"https:\\\/\\\/bktkancelaria.pl\\\/prawo-pracy\\\/#primaryimage\"},\"image\":{\"@id\":\"https:\\\/\\\/bktkancelaria.pl\\\/prawo-pracy\\\/#primaryimage\"},\"thumbnailUrl\":\"https:\\\/\\\/bktkancelaria.pl\\\/wp-content\\\/uploads\\\/elementor\\\/thumbs\\\/Prawo-Pracy-BKT-o3ba0j775txrfwwx7b02398bjwewos4vd3snvcpi4g.jpg\",\"datePublished\":\"2025-06-10T07:39:30+00:00\",\"description\":\"Kancelaria BKT \u015bwiadczy us\u0142ugi prawne z zakresu prawa pracy w celu ochrony praw pracownicznych. Porady prawne zwi\u0105zane z zatrudnieniem.\",\"breadcrumb\":{\"@id\":\"https:\\\/\\\/bktkancelaria.pl\\\/prawo-pracy\\\/#breadcrumb\"},\"inLanguage\":\"de\",\"potentialAction\":[{\"@type\":\"ReadAction\",\"target\":[\"https:\\\/\\\/bktkancelaria.pl\\\/prawo-pracy\\\/\"]}]},{\"@type\":\"ImageObject\",\"inLanguage\":\"de\",\"@id\":\"https:\\\/\\\/bktkancelaria.pl\\\/prawo-pracy\\\/#primaryimage\",\"url\":\"https:\\\/\\\/bktkancelaria.pl\\\/wp-content\\\/uploads\\\/elementor\\\/thumbs\\\/Prawo-Pracy-BKT-o3ba0j775txrfwwx7b02398bjwewos4vd3snvcpi4g.jpg\",\"contentUrl\":\"https:\\\/\\\/bktkancelaria.pl\\\/wp-content\\\/uploads\\\/elementor\\\/thumbs\\\/Prawo-Pracy-BKT-o3ba0j775txrfwwx7b02398bjwewos4vd3snvcpi4g.jpg\"},{\"@type\":\"BreadcrumbList\",\"@id\":\"https:\\\/\\\/bktkancelaria.pl\\\/prawo-pracy\\\/#breadcrumb\",\"itemListElement\":[{\"@type\":\"ListItem\",\"position\":1,\"name\":\"Strona g\u0142\u00f3wna\",\"item\":\"https:\\\/\\\/bktkancelaria.pl\\\/\"},{\"@type\":\"ListItem\",\"position\":2,\"name\":\"Prawo pracy\"}]},{\"@type\":\"WebSite\",\"@id\":\"https:\\\/\\\/bktkancelaria.pl\\\/#website\",\"url\":\"https:\\\/\\\/bktkancelaria.pl\\\/\",\"name\":\"Kancelaria Prawa Mi\u0119dzynarodowego - Profesjonalne wsparcie prawne w sprawach mi\u0119dzynarodowych.\",\"description\":\"Profesjonalne doradztwo prawne od 1998 roku. \u0141\u0105czymy wieloletnie do\u015bwiadczenie z nowoczesnym podej\u015bciem do prawa mi\u0119dzynarodowego.\",\"publisher\":{\"@id\":\"https:\\\/\\\/bktkancelaria.pl\\\/#organization\"},\"potentialAction\":[{\"@type\":\"SearchAction\",\"target\":{\"@type\":\"EntryPoint\",\"urlTemplate\":\"https:\\\/\\\/bktkancelaria.pl\\\/?s={search_term_string}\"},\"query-input\":{\"@type\":\"PropertyValueSpecification\",\"valueRequired\":true,\"valueName\":\"search_term_string\"}}],\"inLanguage\":\"de\"},{\"@type\":\"Organization\",\"@id\":\"https:\\\/\\\/bktkancelaria.pl\\\/#organization\",\"name\":\"Kancelaria Prawa Mi\u0119dzynarodowego - Profesjonalne wsparcie prawne w sprawach mi\u0119dzynarodowych.\",\"url\":\"https:\\\/\\\/bktkancelaria.pl\\\/\",\"logo\":{\"@type\":\"ImageObject\",\"inLanguage\":\"de\",\"@id\":\"https:\\\/\\\/bktkancelaria.pl\\\/#\\\/schema\\\/logo\\\/image\\\/\",\"url\":\"https:\\\/\\\/bktkancelaria.pl\\\/wp-content\\\/uploads\\\/2023\\\/04\\\/Logo_.webp\",\"contentUrl\":\"https:\\\/\\\/bktkancelaria.pl\\\/wp-content\\\/uploads\\\/2023\\\/04\\\/Logo_.webp\",\"width\":600,\"height\":172,\"caption\":\"Kancelaria Prawa Mi\u0119dzynarodowego - Profesjonalne wsparcie prawne w sprawach mi\u0119dzynarodowych.\"},\"image\":{\"@id\":\"https:\\\/\\\/bktkancelaria.pl\\\/#\\\/schema\\\/logo\\\/image\\\/\"},\"sameAs\":[\"https:\\\/\\\/www.facebook.com\\\/bktkancelaria\",\"https:\\\/\\\/www.linkedin.com\\\/in\\\/beata-kielar-tammert\\\/\",\"https:\\\/\\\/www.instagram.com\\\/bktkancelaria\\\/\",\"https:\\\/\\\/www.youtube.com\\\/@kancelariabkt.radcaprawnyb5036\"]}]}<\/script>\n<!-- \/ Yoast SEO plugin. -->","yoast_head_json":{"title":"Arbeitsrecht - Rechtsanwaltskammern Beata Kielar-Tammert","description":"Die Anwaltskanzlei BKT bietet Rechtsdienstleistungen im Bereich des Arbeitsrechts zum Schutz der Arbeitnehmerrechte. Rechtsberatung im Zusammenhang mit der Besch\u00e4ftigung.","robots":{"index":"index","follow":"follow","max-snippet":"max-snippet:-1","max-image-preview":"max-image-preview:large","max-video-preview":"max-video-preview:-1"},"canonical":"https:\/\/bktkancelaria.pl\/de\/arbeitsrecht\/","og_locale":"de_DE","og_type":"article","og_title":"Prawo pracy - Kancelaria Radcy Prawnego Beaty Kielar-Tammert","og_description":"Kancelaria BKT \u015bwiadczy us\u0142ugi prawne z zakresu prawa pracy w celu ochrony praw pracownicznych. Porady prawne zwi\u0105zane z zatrudnieniem.","og_url":"https:\/\/bktkancelaria.pl\/de\/arbeitsrecht\/","og_site_name":"Kancelaria Prawa Mi\u0119dzynarodowego - Profesjonalne wsparcie prawne w sprawach mi\u0119dzynarodowych.","article_publisher":"https:\/\/www.facebook.com\/bktkancelaria","og_image":[{"url":"https:\/\/bktkancelaria.pl\/wp-content\/uploads\/elementor\/thumbs\/Prawo-Pracy-BKT-o3ba0j775txrfwwx7b02398bjwewos4vd3snvcpi4g.jpg","type":"","width":"","height":""}],"twitter_card":"summary_large_image","twitter_misc":{"Gesch\u00e4tzte Lesezeit":"1\u00a0Minute"},"schema":{"@context":"https:\/\/schema.org","@graph":[{"@type":"WebPage","@id":"https:\/\/bktkancelaria.pl\/prawo-pracy\/","url":"https:\/\/bktkancelaria.pl\/prawo-pracy\/","name":"Arbeitsrecht - Rechtsanwaltskammern Beata Kielar-Tammert","isPartOf":{"@id":"https:\/\/bktkancelaria.pl\/#website"},"primaryImageOfPage":{"@id":"https:\/\/bktkancelaria.pl\/prawo-pracy\/#primaryimage"},"image":{"@id":"https:\/\/bktkancelaria.pl\/prawo-pracy\/#primaryimage"},"thumbnailUrl":"https:\/\/bktkancelaria.pl\/wp-content\/uploads\/elementor\/thumbs\/Prawo-Pracy-BKT-o3ba0j775txrfwwx7b02398bjwewos4vd3snvcpi4g.jpg","datePublished":"2025-06-10T07:39:30+00:00","description":"Die Anwaltskanzlei BKT bietet Rechtsdienstleistungen im Bereich des Arbeitsrechts zum Schutz der Arbeitnehmerrechte. Rechtsberatung im Zusammenhang mit der Besch\u00e4ftigung.","breadcrumb":{"@id":"https:\/\/bktkancelaria.pl\/prawo-pracy\/#breadcrumb"},"inLanguage":"de","potentialAction":[{"@type":"ReadAction","target":["https:\/\/bktkancelaria.pl\/prawo-pracy\/"]}]},{"@type":"ImageObject","inLanguage":"de","@id":"https:\/\/bktkancelaria.pl\/prawo-pracy\/#primaryimage","url":"https:\/\/bktkancelaria.pl\/wp-content\/uploads\/elementor\/thumbs\/Prawo-Pracy-BKT-o3ba0j775txrfwwx7b02398bjwewos4vd3snvcpi4g.jpg","contentUrl":"https:\/\/bktkancelaria.pl\/wp-content\/uploads\/elementor\/thumbs\/Prawo-Pracy-BKT-o3ba0j775txrfwwx7b02398bjwewos4vd3snvcpi4g.jpg"},{"@type":"BreadcrumbList","@id":"https:\/\/bktkancelaria.pl\/prawo-pracy\/#breadcrumb","itemListElement":[{"@type":"ListItem","position":1,"name":"Strona g\u0142\u00f3wna","item":"https:\/\/bktkancelaria.pl\/"},{"@type":"ListItem","position":2,"name":"Prawo pracy"}]},{"@type":"WebSite","@id":"https:\/\/bktkancelaria.pl\/#website","url":"https:\/\/bktkancelaria.pl\/","name":"International Law Office - Professionelle rechtliche Unterst\u00fctzung in internationalen Angelegenheiten.","description":"Professionelle Rechtsberatung seit 1998. Wir verbinden langj\u00e4hrige Erfahrung mit einem modernen Ansatz im internationalen Recht.","publisher":{"@id":"https:\/\/bktkancelaria.pl\/#organization"},"potentialAction":[{"@type":"SearchAction","target":{"@type":"EntryPoint","urlTemplate":"https:\/\/bktkancelaria.pl\/?s={search_term_string}"},"query-input":{"@type":"PropertyValueSpecification","valueRequired":true,"valueName":"search_term_string"}}],"inLanguage":"de"},{"@type":"Organization","@id":"https:\/\/bktkancelaria.pl\/#organization","name":"International Law Office - Professionelle rechtliche Unterst\u00fctzung in internationalen Angelegenheiten.","url":"https:\/\/bktkancelaria.pl\/","logo":{"@type":"ImageObject","inLanguage":"de","@id":"https:\/\/bktkancelaria.pl\/#\/schema\/logo\/image\/","url":"https:\/\/bktkancelaria.pl\/wp-content\/uploads\/2023\/04\/Logo_.webp","contentUrl":"https:\/\/bktkancelaria.pl\/wp-content\/uploads\/2023\/04\/Logo_.webp","width":600,"height":172,"caption":"Kancelaria Prawa Mi\u0119dzynarodowego - Profesjonalne wsparcie prawne w sprawach mi\u0119dzynarodowych."},"image":{"@id":"https:\/\/bktkancelaria.pl\/#\/schema\/logo\/image\/"},"sameAs":["https:\/\/www.facebook.com\/bktkancelaria","https:\/\/www.linkedin.com\/in\/beata-kielar-tammert\/","https:\/\/www.instagram.com\/bktkancelaria\/","https:\/\/www.youtube.com\/@kancelariabkt.radcaprawnyb5036"]}]}},"_links":{"self":[{"href":"https:\/\/bktkancelaria.pl\/de\/wp-json\/wp\/v2\/pages\/3724","targetHints":{"allow":["GET"]}}],"collection":[{"href":"https:\/\/bktkancelaria.pl\/de\/wp-json\/wp\/v2\/pages"}],"about":[{"href":"https:\/\/bktkancelaria.pl\/de\/wp-json\/wp\/v2\/types\/page"}],"author":[{"embeddable":true,"href":"https:\/\/bktkancelaria.pl\/de\/wp-json\/wp\/v2\/users\/1"}],"replies":[{"embeddable":true,"href":"https:\/\/bktkancelaria.pl\/de\/wp-json\/wp\/v2\/comments?post=3724"}],"version-history":[{"count":1,"href":"https:\/\/bktkancelaria.pl\/de\/wp-json\/wp\/v2\/pages\/3724\/revisions"}],"predecessor-version":[{"id":14441,"href":"https:\/\/bktkancelaria.pl\/de\/wp-json\/wp\/v2\/pages\/3724\/revisions\/14441"}],"wp:attachment":[{"href":"https:\/\/bktkancelaria.pl\/de\/wp-json\/wp\/v2\/media?parent=3724"}],"curies":[{"name":"wp","href":"https:\/\/api.w.org\/{rel}","templated":true}]}}