{"id":3764,"date":"2019-02-10T23:08:30","date_gmt":"2019-02-10T22:08:30","guid":{"rendered":"https:\/\/bktkancelaria.pl\/?page_id=3764"},"modified":"2024-07-04T09:43:55","modified_gmt":"2024-07-04T07:43:55","slug":"prawo-dla-pracodawcy","status":"publish","type":"page","link":"https:\/\/bktkancelaria.pl\/de\/das-gesetz-fur-den-arbeitgeber\/","title":{"rendered":"Recht f\u00fcr den Arbeitgeber"},"content":{"rendered":"<div data-elementor-type=\"wp-post\" data-elementor-id=\"3764\" class=\"elementor elementor-3764\" data-elementor-post-type=\"page\">\n\t\t\t\t\t\t<section class=\"elementor-section elementor-top-section elementor-element elementor-element-61b1fbd8 elementor-section-boxed elementor-section-height-default elementor-section-height-default\" data-id=\"61b1fbd8\" data-element_type=\"section\" data-e-type=\"section\">\n\t\t\t\t\t\t<div class=\"elementor-container elementor-column-gap-default\">\n\t\t\t\t\t<div class=\"elementor-column elementor-col-100 elementor-top-column elementor-element elementor-element-f372cc\" data-id=\"f372cc\" data-element_type=\"column\" data-e-type=\"column\">\n\t\t\t<div class=\"elementor-widget-wrap elementor-element-populated\">\n\t\t\t\t\t\t<div class=\"elementor-element elementor-element-edfb955 elementor-widget elementor-widget-heading\" data-id=\"edfb955\" data-element_type=\"widget\" data-e-type=\"widget\" data-widget_type=\"heading.default\">\n\t\t\t\t<div class=\"elementor-widget-container\">\n\t\t\t\t\t<h1 class=\"elementor-heading-title elementor-size-default\">Recht f\u00fcr den Arbeitgeber<\/h1>\t\t\t\t<\/div>\n\t\t\t\t<\/div>\n\t\t\t\t<div class=\"elementor-element elementor-element-4912c53b elementor-widget-divider--view-line elementor-widget elementor-widget-divider\" data-id=\"4912c53b\" data-element_type=\"widget\" data-e-type=\"widget\" data-widget_type=\"divider.default\">\n\t\t\t\t<div class=\"elementor-widget-container\">\n\t\t\t\t\t\t\t<div class=\"elementor-divider\">\n\t\t\t<span class=\"elementor-divider-separator\">\n\t\t\t\t\t\t<\/span>\n\t\t<\/div>\n\t\t\t\t\t\t<\/div>\n\t\t\t\t<\/div>\n\t\t\t\t\t<\/div>\n\t\t<\/div>\n\t\t\t\t\t<\/div>\n\t\t<\/section>\n\t\t\t\t<section class=\"elementor-section elementor-top-section elementor-element elementor-element-414a9915 elementor-section-boxed elementor-section-height-default elementor-section-height-default\" data-id=\"414a9915\" data-element_type=\"section\" data-e-type=\"section\">\n\t\t\t\t\t\t<div class=\"elementor-container elementor-column-gap-default\">\n\t\t\t\t\t<div class=\"elementor-column elementor-col-100 elementor-top-column elementor-element elementor-element-794c544e\" data-id=\"794c544e\" data-element_type=\"column\" data-e-type=\"column\">\n\t\t\t<div class=\"elementor-widget-wrap elementor-element-populated\">\n\t\t\t\t\t\t<div class=\"elementor-element elementor-element-1a7dae6d elementor-widget elementor-widget-image\" data-id=\"1a7dae6d\" data-element_type=\"widget\" data-e-type=\"widget\" data-widget_type=\"image.default\">\n\t\t\t\t<div class=\"elementor-widget-container\">\n\t\t\t\t\t\t\t\t\t\t\t\t\t\t\t<img decoding=\"async\" src=\"https:\/\/bktkancelaria.pl\/wp-content\/uploads\/elementor\/thumbs\/Prawo-dla-pracodawcy-BKT-qrknllza0f2ghtcnrk2xzh6plwuee59bm61byyp2pc.jpg\" title=\"Arbeitgeberkanzlei\" alt=\"Arbeitgeberkanzlei\" loading=\"lazy\" \/>\t\t\t\t\t\t\t\t\t\t\t\t\t\t\t<\/div>\n\t\t\t\t<\/div>\n\t\t\t\t<div class=\"elementor-element elementor-element-7ba11386 elementor-widget elementor-widget-text-editor\" data-id=\"7ba11386\" data-element_type=\"widget\" data-e-type=\"widget\" data-widget_type=\"text-editor.default\">\n\t\t\t\t<div class=\"elementor-widget-container\">\n\t\t\t\t\t\t\t\t\t<p><\/p>\n<h2>Im Rahmen der Rechtsdienstleistungen f\u00fcr Arbeitgeber:<\/h2>\n<p><\/p>\t\t\t\t\t\t\t\t<\/div>\n\t\t\t\t<\/div>\n\t\t\t\t<div class=\"elementor-element elementor-element-5fbeb5f3 elementor-align-start elementor-icon-list--layout-traditional elementor-list-item-link-full_width elementor-widget elementor-widget-icon-list\" data-id=\"5fbeb5f3\" data-element_type=\"widget\" data-e-type=\"widget\" data-widget_type=\"icon-list.default\">\n\t\t\t\t<div class=\"elementor-widget-container\">\n\t\t\t\t\t\t\t<ul class=\"elementor-icon-list-items\">\n\t\t\t\t\t\t\t<li class=\"elementor-icon-list-item\">\n\t\t\t\t\t\t\t\t\t\t\t<span class=\"elementor-icon-list-icon\">\n\t\t\t\t\t\t\t\t\t\t\t\t\t\t\t\t<i class=\"fa fa-check\" aria-hidden=\"true\"><\/i>\n\t\t\t\t\t\t\t\t\t\t\t\t\t<\/span>\n\t\t\t\t\t\t\t\t\t\t<span class=\"elementor-icon-list-text\">bereitet die Kanzlei BKT Arbeitsvertr\u00e4ge, Wettbewerbsverbote und Managervertr\u00e4ge vor und analysiert sie,<\/span>\n\t\t\t\t\t\t\t\t\t<\/li>\n\t\t\t\t\t\t\t\t<li class=\"elementor-icon-list-item\">\n\t\t\t\t\t\t\t\t\t\t\t<span class=\"elementor-icon-list-icon\">\n\t\t\t\t\t\t\t\t\t\t\t\t\t\t\t\t<i class=\"fa fa-check\" aria-hidden=\"true\"><\/i>\n\t\t\t\t\t\t\t\t\t\t\t\t\t<\/span>\n\t\t\t\t\t\t\t\t\t\t<span class=\"elementor-icon-list-text\">befasst sie sich mit Fragen der Beendigung von Arbeitsvertr\u00e4gen, ihrer Analyse und Vorbereitung,<\/span>\n\t\t\t\t\t\t\t\t\t<\/li>\n\t\t\t\t\t\t\t\t<li class=\"elementor-icon-list-item\">\n\t\t\t\t\t\t\t\t\t\t\t<span class=\"elementor-icon-list-icon\">\n\t\t\t\t\t\t\t\t\t\t\t\t\t\t\t\t<i class=\"fa fa-check\" aria-hidden=\"true\"><\/i>\n\t\t\t\t\t\t\t\t\t\t\t\t\t<\/span>\n\t\t\t\t\t\t\t\t\t\t<span class=\"elementor-icon-list-text\">vertritt sie den Arbeitgeber in allen F\u00e4llen vor den Arbeitsgerichten,<\/span>\n\t\t\t\t\t\t\t\t\t<\/li>\n\t\t\t\t\t\t\t\t<li class=\"elementor-icon-list-item\">\n\t\t\t\t\t\t\t\t\t\t\t<span class=\"elementor-icon-list-icon\">\n\t\t\t\t\t\t\t\t\t\t\t\t\t\t\t\t<i class=\"fa fa-check\" aria-hidden=\"true\"><\/i>\n\t\t\t\t\t\t\t\t\t\t\t\t\t<\/span>\n\t\t\t\t\t\t\t\t\t\t<span class=\"elementor-icon-list-text\">f\u00fchrt sie den Prozess der Massenentlassungen durch,<\/span>\n\t\t\t\t\t\t\t\t\t<\/li>\n\t\t\t\t\t\t\t\t<li class=\"elementor-icon-list-item\">\n\t\t\t\t\t\t\t\t\t\t\t<span class=\"elementor-icon-list-icon\">\n\t\t\t\t\t\t\t\t\t\t\t\t\t\t\t\t<i class=\"fa fa-check\" aria-hidden=\"true\"><\/i>\n\t\t\t\t\t\t\t\t\t\t\t\t\t<\/span>\n\t\t\t\t\t\t\t\t\t\t<span class=\"elementor-icon-list-text\">bietet sie langfristige und vorl\u00e4ufige Unterst\u00fctzung im Bereich des Arbeitsrechts.<\/span>\n\t\t\t\t\t\t\t\t\t<\/li>\n\t\t\t\t\t\t\t\t<li class=\"elementor-icon-list-item\">\n\t\t\t\t\t\t\t\t\t\t\t<span class=\"elementor-icon-list-icon\">\n\t\t\t\t\t\t\t\t\t\t\t\t\t\t\t\t<i class=\"fa fa-check\" aria-hidden=\"true\"><\/i>\n\t\t\t\t\t\t\t\t\t\t\t\t\t<\/span>\n\t\t\t\t\t\t\t\t\t\t<span class=\"elementor-icon-list-text\">beraten wir das Management und die mittlere F\u00fchrungsebene in englischer und deutscher Sprache zu den polnischen Rechtsvorschriften und passen die T\u00e4tigkeit des Unternehmens an die verbindlichen Rechtsnormen an (Compliance).<\/span>\n\t\t\t\t\t\t\t\t\t<\/li>\n\t\t\t\t\t\t<\/ul>\n\t\t\t\t\t\t<\/div>\n\t\t\t\t<\/div>\n\t\t\t\t<div class=\"elementor-element elementor-element-4845ae3a elementor-widget elementor-widget-text-editor\" data-id=\"4845ae3a\" data-element_type=\"widget\" data-e-type=\"widget\" data-widget_type=\"text-editor.default\">\n\t\t\t\t<div class=\"elementor-widget-container\">\n\t\t\t\t\t\t\t\t\t<p><\/p>\n<h3>Die Kanzlei BKT unterst\u00fctzt mit ihren Aktivit\u00e4ten den Arbeitgeber bei der korrekten und effektiven Verwaltung der Humanressourcen.<\/h3>\n<p><\/p>\t\t\t\t\t\t\t\t<\/div>\n\t\t\t\t<\/div>\n\t\t\t\t<div class=\"elementor-element elementor-element-1adc658e elementor-widget elementor-widget-text-editor\" data-id=\"1adc658e\" data-element_type=\"widget\" data-e-type=\"widget\" data-widget_type=\"text-editor.default\">\n\t\t\t\t<div class=\"elementor-widget-container\">\n\t\t\t\t\t\t\t\t\t<p><\/p>\n<h3>Unsere Kunden sind auch ausl\u00e4ndische Wirtschaftssubjekte, die in Polen t\u00e4tig sind.<\/h3>\n<p><\/p>\t\t\t\t\t\t\t\t<\/div>\n\t\t\t\t<\/div>\n\t\t\t\t\t<\/div>\n\t\t<\/div>\n\t\t\t\t\t<\/div>\n\t\t<\/section>\n\t\t\t\t<\/div>","protected":false},"excerpt":{"rendered":"<p>Prawo dla pracodawcy W ramach us\u0142ug prawnych dla pracodawc\u00f3w, Kancelaria BKT: przygotowuje i analizuje umowy o prac\u0119, umowy o zakazie konkurencji, kontrakty mened\u017cerskie, zajmuje si\u0119 sprawami wypowiadania um\u00f3w o prac\u0119, ich analiz\u0105 i przygotowaniem, reprezentuje pracodawc\u0119 przed s\u0105dami pracy we wszystkich sprawach, przeprowadza proces zwolnie\u0144 grupowych, \u015bwiadczy sta\u0142\u0105 i dora\u017an\u0105 pomoc w zakresie prawa pracy. [&hellip;]<\/p>\n","protected":false},"author":1,"featured_media":0,"parent":0,"menu_order":0,"comment_status":"closed","ping_status":"closed","template":"elementor_header_footer","meta":{"footnotes":""},"class_list":["post-3764","page","type-page","status-publish","hentry"],"yoast_head":"<!-- This site is optimized with the Yoast SEO plugin v27.3 - https:\/\/yoast.com\/product\/yoast-seo-wordpress\/ -->\n<title>Doradztwo prawne dla pracodawc\u00f3w - Kancelaria Radcy Prawnego BKT<\/title>\n<meta name=\"description\" content=\"Swoimi dzia\u0142aniami Kancelaria BKT wspiera pracodawc\u0119 w zarz\u0105dzaniu zasobami ludzkimi w spos\u00f3b prawid\u0142owy i efektywny. Doradztwo prawne dla pracodawc\u00f3w.\" \/>\n<meta name=\"robots\" content=\"index, follow, max-snippet:-1, max-image-preview:large, max-video-preview:-1\" \/>\n<link rel=\"canonical\" href=\"https:\/\/bktkancelaria.pl\/de\/das-gesetz-fur-den-arbeitgeber\/\" \/>\n<meta property=\"og:locale\" content=\"de_DE\" \/>\n<meta property=\"og:type\" content=\"article\" \/>\n<meta property=\"og:title\" content=\"Doradztwo prawne dla pracodawc\u00f3w - Kancelaria Radcy Prawnego BKT\" \/>\n<meta property=\"og:description\" content=\"Swoimi dzia\u0142aniami Kancelaria BKT wspiera pracodawc\u0119 w zarz\u0105dzaniu zasobami ludzkimi w spos\u00f3b prawid\u0142owy i efektywny. Doradztwo prawne dla pracodawc\u00f3w.\" \/>\n<meta property=\"og:url\" content=\"https:\/\/bktkancelaria.pl\/de\/das-gesetz-fur-den-arbeitgeber\/\" \/>\n<meta property=\"og:site_name\" content=\"Kancelaria Prawa Mi\u0119dzynarodowego - Profesjonalne wsparcie prawne w sprawach mi\u0119dzynarodowych.\" \/>\n<meta property=\"article:publisher\" content=\"https:\/\/www.facebook.com\/bktkancelaria\" \/>\n<meta property=\"article:modified_time\" content=\"2024-07-04T07:43:55+00:00\" \/>\n<meta property=\"og:image\" content=\"https:\/\/bktkancelaria.pl\/wp-content\/uploads\/elementor\/thumbs\/Prawo-dla-pracodawcy-BKT-o3bzo1mpvy5mbngmjhycv7lymgjhb4ewc2co8beosg.jpg\" \/>\n<meta name=\"twitter:card\" content=\"summary_large_image\" \/>\n<meta name=\"twitter:label1\" content=\"Gesch\u00e4tzte Lesezeit\" \/>\n\t<meta name=\"twitter:data1\" content=\"1\u00a0Minute\" \/>\n<script type=\"application\/ld+json\" class=\"yoast-schema-graph\">{\"@context\":\"https:\\\/\\\/schema.org\",\"@graph\":[{\"@type\":\"WebPage\",\"@id\":\"https:\\\/\\\/bktkancelaria.pl\\\/prawo-dla-pracodawcy\\\/\",\"url\":\"https:\\\/\\\/bktkancelaria.pl\\\/prawo-dla-pracodawcy\\\/\",\"name\":\"Doradztwo prawne dla pracodawc\u00f3w - Kancelaria Radcy Prawnego BKT\",\"isPartOf\":{\"@id\":\"https:\\\/\\\/bktkancelaria.pl\\\/#website\"},\"primaryImageOfPage\":{\"@id\":\"https:\\\/\\\/bktkancelaria.pl\\\/prawo-dla-pracodawcy\\\/#primaryimage\"},\"image\":{\"@id\":\"https:\\\/\\\/bktkancelaria.pl\\\/prawo-dla-pracodawcy\\\/#primaryimage\"},\"thumbnailUrl\":\"https:\\\/\\\/bktkancelaria.pl\\\/wp-content\\\/uploads\\\/elementor\\\/thumbs\\\/Prawo-dla-pracodawcy-BKT-o3bzo1mpvy5mbngmjhycv7lymgjhb4ewc2co8beosg.jpg\",\"datePublished\":\"2019-02-10T22:08:30+00:00\",\"dateModified\":\"2024-07-04T07:43:55+00:00\",\"description\":\"Swoimi dzia\u0142aniami Kancelaria BKT wspiera pracodawc\u0119 w zarz\u0105dzaniu zasobami ludzkimi w spos\u00f3b prawid\u0142owy i efektywny. Doradztwo prawne dla pracodawc\u00f3w.\",\"breadcrumb\":{\"@id\":\"https:\\\/\\\/bktkancelaria.pl\\\/prawo-dla-pracodawcy\\\/#breadcrumb\"},\"inLanguage\":\"de\",\"potentialAction\":[{\"@type\":\"ReadAction\",\"target\":[\"https:\\\/\\\/bktkancelaria.pl\\\/prawo-dla-pracodawcy\\\/\"]}]},{\"@type\":\"ImageObject\",\"inLanguage\":\"de\",\"@id\":\"https:\\\/\\\/bktkancelaria.pl\\\/prawo-dla-pracodawcy\\\/#primaryimage\",\"url\":\"https:\\\/\\\/bktkancelaria.pl\\\/wp-content\\\/uploads\\\/elementor\\\/thumbs\\\/Prawo-dla-pracodawcy-BKT-o3bzo1mpvy5mbngmjhycv7lymgjhb4ewc2co8beosg.jpg\",\"contentUrl\":\"https:\\\/\\\/bktkancelaria.pl\\\/wp-content\\\/uploads\\\/elementor\\\/thumbs\\\/Prawo-dla-pracodawcy-BKT-o3bzo1mpvy5mbngmjhycv7lymgjhb4ewc2co8beosg.jpg\"},{\"@type\":\"BreadcrumbList\",\"@id\":\"https:\\\/\\\/bktkancelaria.pl\\\/prawo-dla-pracodawcy\\\/#breadcrumb\",\"itemListElement\":[{\"@type\":\"ListItem\",\"position\":1,\"name\":\"Strona g\u0142\u00f3wna\",\"item\":\"https:\\\/\\\/bktkancelaria.pl\\\/\"},{\"@type\":\"ListItem\",\"position\":2,\"name\":\"Prawo dla pracodawcy\"}]},{\"@type\":\"WebSite\",\"@id\":\"https:\\\/\\\/bktkancelaria.pl\\\/#website\",\"url\":\"https:\\\/\\\/bktkancelaria.pl\\\/\",\"name\":\"Kancelaria Prawa Mi\u0119dzynarodowego - Profesjonalne wsparcie prawne w sprawach mi\u0119dzynarodowych.\",\"description\":\"Profesjonalne doradztwo prawne od 1998 roku. \u0141\u0105czymy wieloletnie do\u015bwiadczenie z nowoczesnym podej\u015bciem do prawa mi\u0119dzynarodowego.\",\"publisher\":{\"@id\":\"https:\\\/\\\/bktkancelaria.pl\\\/#organization\"},\"potentialAction\":[{\"@type\":\"SearchAction\",\"target\":{\"@type\":\"EntryPoint\",\"urlTemplate\":\"https:\\\/\\\/bktkancelaria.pl\\\/?s={search_term_string}\"},\"query-input\":{\"@type\":\"PropertyValueSpecification\",\"valueRequired\":true,\"valueName\":\"search_term_string\"}}],\"inLanguage\":\"de\"},{\"@type\":\"Organization\",\"@id\":\"https:\\\/\\\/bktkancelaria.pl\\\/#organization\",\"name\":\"Kancelaria Prawa Mi\u0119dzynarodowego - Profesjonalne wsparcie prawne w sprawach mi\u0119dzynarodowych.\",\"url\":\"https:\\\/\\\/bktkancelaria.pl\\\/\",\"logo\":{\"@type\":\"ImageObject\",\"inLanguage\":\"de\",\"@id\":\"https:\\\/\\\/bktkancelaria.pl\\\/#\\\/schema\\\/logo\\\/image\\\/\",\"url\":\"https:\\\/\\\/bktkancelaria.pl\\\/wp-content\\\/uploads\\\/2023\\\/04\\\/Logo_.webp\",\"contentUrl\":\"https:\\\/\\\/bktkancelaria.pl\\\/wp-content\\\/uploads\\\/2023\\\/04\\\/Logo_.webp\",\"width\":600,\"height\":172,\"caption\":\"Kancelaria Prawa Mi\u0119dzynarodowego - Profesjonalne wsparcie prawne w sprawach mi\u0119dzynarodowych.\"},\"image\":{\"@id\":\"https:\\\/\\\/bktkancelaria.pl\\\/#\\\/schema\\\/logo\\\/image\\\/\"},\"sameAs\":[\"https:\\\/\\\/www.facebook.com\\\/bktkancelaria\",\"https:\\\/\\\/www.linkedin.com\\\/in\\\/beata-kielar-tammert\\\/\",\"https:\\\/\\\/www.instagram.com\\\/bktkancelaria\\\/\",\"https:\\\/\\\/www.youtube.com\\\/@kancelariabkt.radcaprawnyb5036\"]}]}<\/script>\n<!-- \/ Yoast SEO plugin. -->","yoast_head_json":{"title":"Rechtsberatung f\u00fcr Arbeitgeber - Kancelaria Radcy Prawnego BKT","description":"Mit ihren Aktivit\u00e4ten unterst\u00fctzt die Anwaltskanzlei BKT den Arbeitgeber bei der korrekten und effektiven Verwaltung der Humanressourcen. Rechtsberatung f\u00fcr Arbeitgeber.","robots":{"index":"index","follow":"follow","max-snippet":"max-snippet:-1","max-image-preview":"max-image-preview:large","max-video-preview":"max-video-preview:-1"},"canonical":"https:\/\/bktkancelaria.pl\/de\/das-gesetz-fur-den-arbeitgeber\/","og_locale":"de_DE","og_type":"article","og_title":"Doradztwo prawne dla pracodawc\u00f3w - Kancelaria Radcy Prawnego BKT","og_description":"Swoimi dzia\u0142aniami Kancelaria BKT wspiera pracodawc\u0119 w zarz\u0105dzaniu zasobami ludzkimi w spos\u00f3b prawid\u0142owy i efektywny. Doradztwo prawne dla pracodawc\u00f3w.","og_url":"https:\/\/bktkancelaria.pl\/de\/das-gesetz-fur-den-arbeitgeber\/","og_site_name":"Kancelaria Prawa Mi\u0119dzynarodowego - Profesjonalne wsparcie prawne w sprawach mi\u0119dzynarodowych.","article_publisher":"https:\/\/www.facebook.com\/bktkancelaria","article_modified_time":"2024-07-04T07:43:55+00:00","og_image":[{"url":"https:\/\/bktkancelaria.pl\/wp-content\/uploads\/elementor\/thumbs\/Prawo-dla-pracodawcy-BKT-o3bzo1mpvy5mbngmjhycv7lymgjhb4ewc2co8beosg.jpg","type":"","width":"","height":""}],"twitter_card":"summary_large_image","twitter_misc":{"Gesch\u00e4tzte Lesezeit":"1\u00a0Minute"},"schema":{"@context":"https:\/\/schema.org","@graph":[{"@type":"WebPage","@id":"https:\/\/bktkancelaria.pl\/prawo-dla-pracodawcy\/","url":"https:\/\/bktkancelaria.pl\/prawo-dla-pracodawcy\/","name":"Rechtsberatung f\u00fcr Arbeitgeber - Kancelaria Radcy Prawnego BKT","isPartOf":{"@id":"https:\/\/bktkancelaria.pl\/#website"},"primaryImageOfPage":{"@id":"https:\/\/bktkancelaria.pl\/prawo-dla-pracodawcy\/#primaryimage"},"image":{"@id":"https:\/\/bktkancelaria.pl\/prawo-dla-pracodawcy\/#primaryimage"},"thumbnailUrl":"https:\/\/bktkancelaria.pl\/wp-content\/uploads\/elementor\/thumbs\/Prawo-dla-pracodawcy-BKT-o3bzo1mpvy5mbngmjhycv7lymgjhb4ewc2co8beosg.jpg","datePublished":"2019-02-10T22:08:30+00:00","dateModified":"2024-07-04T07:43:55+00:00","description":"Mit ihren Aktivit\u00e4ten unterst\u00fctzt die Anwaltskanzlei BKT den Arbeitgeber bei der korrekten und effektiven Verwaltung der Humanressourcen. Rechtsberatung f\u00fcr Arbeitgeber.","breadcrumb":{"@id":"https:\/\/bktkancelaria.pl\/prawo-dla-pracodawcy\/#breadcrumb"},"inLanguage":"de","potentialAction":[{"@type":"ReadAction","target":["https:\/\/bktkancelaria.pl\/prawo-dla-pracodawcy\/"]}]},{"@type":"ImageObject","inLanguage":"de","@id":"https:\/\/bktkancelaria.pl\/prawo-dla-pracodawcy\/#primaryimage","url":"https:\/\/bktkancelaria.pl\/wp-content\/uploads\/elementor\/thumbs\/Prawo-dla-pracodawcy-BKT-o3bzo1mpvy5mbngmjhycv7lymgjhb4ewc2co8beosg.jpg","contentUrl":"https:\/\/bktkancelaria.pl\/wp-content\/uploads\/elementor\/thumbs\/Prawo-dla-pracodawcy-BKT-o3bzo1mpvy5mbngmjhycv7lymgjhb4ewc2co8beosg.jpg"},{"@type":"BreadcrumbList","@id":"https:\/\/bktkancelaria.pl\/prawo-dla-pracodawcy\/#breadcrumb","itemListElement":[{"@type":"ListItem","position":1,"name":"Strona g\u0142\u00f3wna","item":"https:\/\/bktkancelaria.pl\/"},{"@type":"ListItem","position":2,"name":"Prawo dla pracodawcy"}]},{"@type":"WebSite","@id":"https:\/\/bktkancelaria.pl\/#website","url":"https:\/\/bktkancelaria.pl\/","name":"International Law Office - Professionelle rechtliche Unterst\u00fctzung in internationalen Angelegenheiten.","description":"Professionelle Rechtsberatung seit 1998. Wir verbinden langj\u00e4hrige Erfahrung mit einem modernen Ansatz im internationalen Recht.","publisher":{"@id":"https:\/\/bktkancelaria.pl\/#organization"},"potentialAction":[{"@type":"SearchAction","target":{"@type":"EntryPoint","urlTemplate":"https:\/\/bktkancelaria.pl\/?s={search_term_string}"},"query-input":{"@type":"PropertyValueSpecification","valueRequired":true,"valueName":"search_term_string"}}],"inLanguage":"de"},{"@type":"Organization","@id":"https:\/\/bktkancelaria.pl\/#organization","name":"International Law Office - Professionelle rechtliche Unterst\u00fctzung in internationalen Angelegenheiten.","url":"https:\/\/bktkancelaria.pl\/","logo":{"@type":"ImageObject","inLanguage":"de","@id":"https:\/\/bktkancelaria.pl\/#\/schema\/logo\/image\/","url":"https:\/\/bktkancelaria.pl\/wp-content\/uploads\/2023\/04\/Logo_.webp","contentUrl":"https:\/\/bktkancelaria.pl\/wp-content\/uploads\/2023\/04\/Logo_.webp","width":600,"height":172,"caption":"Kancelaria Prawa Mi\u0119dzynarodowego - Profesjonalne wsparcie prawne w sprawach mi\u0119dzynarodowych."},"image":{"@id":"https:\/\/bktkancelaria.pl\/#\/schema\/logo\/image\/"},"sameAs":["https:\/\/www.facebook.com\/bktkancelaria","https:\/\/www.linkedin.com\/in\/beata-kielar-tammert\/","https:\/\/www.instagram.com\/bktkancelaria\/","https:\/\/www.youtube.com\/@kancelariabkt.radcaprawnyb5036"]}]}},"_links":{"self":[{"href":"https:\/\/bktkancelaria.pl\/de\/wp-json\/wp\/v2\/pages\/3764","targetHints":{"allow":["GET"]}}],"collection":[{"href":"https:\/\/bktkancelaria.pl\/de\/wp-json\/wp\/v2\/pages"}],"about":[{"href":"https:\/\/bktkancelaria.pl\/de\/wp-json\/wp\/v2\/types\/page"}],"author":[{"embeddable":true,"href":"https:\/\/bktkancelaria.pl\/de\/wp-json\/wp\/v2\/users\/1"}],"replies":[{"embeddable":true,"href":"https:\/\/bktkancelaria.pl\/de\/wp-json\/wp\/v2\/comments?post=3764"}],"version-history":[{"count":1,"href":"https:\/\/bktkancelaria.pl\/de\/wp-json\/wp\/v2\/pages\/3764\/revisions"}],"predecessor-version":[{"id":14440,"href":"https:\/\/bktkancelaria.pl\/de\/wp-json\/wp\/v2\/pages\/3764\/revisions\/14440"}],"wp:attachment":[{"href":"https:\/\/bktkancelaria.pl\/de\/wp-json\/wp\/v2\/media?parent=3764"}],"curies":[{"name":"wp","href":"https:\/\/api.w.org\/{rel}","templated":true}]}}