{"id":5499,"date":"2022-01-24T10:05:19","date_gmt":"2022-01-24T09:05:19","guid":{"rendered":"https:\/\/bktkancelaria.pl\/?page_id=5499"},"modified":"2026-02-20T15:23:44","modified_gmt":"2026-02-20T14:23:44","slug":"polityka-prywatnosci","status":"publish","type":"page","link":"https:\/\/bktkancelaria.pl\/de\/datenschutzbestimmungen\/","title":{"rendered":"Datenschutzbestimmungen"},"content":{"rendered":"<div data-elementor-type=\"wp-page\" data-elementor-id=\"5499\" class=\"elementor elementor-5499\" data-elementor-post-type=\"page\">\n\t\t\t\t\t\t<section class=\"elementor-section elementor-top-section elementor-element elementor-element-7e172e30 elementor-section-boxed elementor-section-height-default elementor-section-height-default\" data-id=\"7e172e30\" data-element_type=\"section\" data-e-type=\"section\">\n\t\t\t\t\t\t<div class=\"elementor-container elementor-column-gap-default\">\n\t\t\t\t\t<div class=\"elementor-column elementor-col-100 elementor-top-column elementor-element elementor-element-6174d23a\" data-id=\"6174d23a\" data-element_type=\"column\" data-e-type=\"column\">\n\t\t\t<div class=\"elementor-widget-wrap elementor-element-populated\">\n\t\t\t\t\t\t<div class=\"elementor-element elementor-element-70a7b264 elementor-widget elementor-widget-text-editor\" data-id=\"70a7b264\" data-element_type=\"widget\" data-e-type=\"widget\" data-widget_type=\"text-editor.default\">\n\t\t\t\t<div class=\"elementor-widget-container\">\n\t\t\t\t\t\t\t\t\t<div class=\"elementor-element elementor-element-acce0d4 elementor-widget elementor-widget-text-editor\" data-id=\"acce0d4\" data-element_type=\"widget\" data-e-type=\"widget\" data-widget_type=\"text-editor.default\"><div class=\"elementor-widget-container\"><p>Die Internationale Anwaltskanzlei von Beata Kielar-Tammert legt besonderen Wert auf die Wahrung der Privatsph\u00e4re der Nutzer, die die Website der Kanzlei www.bktkancelaria.pl besuchen. Wir setzen uns daf\u00fcr ein, dass jeder Nutzer genau wei\u00df, welche Daten wir sammeln und wie er seine Privatsph\u00e4re sch\u00fctzen kann. Diese Datenschutzerkl\u00e4rung entspricht den Bestimmungen, die sich aus Artikel 13 (1) und (2) der Verordnung (EU) 2016\/679 des Europ\u00e4ischen Parlaments und des Rates vom 27. April 2016, kurz RODO, ergeben.<\/p><\/div><\/div><div class=\"elementor-element elementor-element-ad3847a elementor-widget elementor-widget-text-editor\" data-id=\"ad3847a\" data-element_type=\"widget\" data-e-type=\"widget\" data-widget_type=\"text-editor.default\"><div class=\"elementor-widget-container\"><p><strong>I.EINLEITENDE BESTIMMUNGEN<\/strong><\/p><ol><li>In dieser Datenschutzerkl\u00e4rung werden die Grunds\u00e4tze f\u00fcr die Verarbeitung personenbezogener Daten dargelegt, die \u00fcber die Website www.bktkancelaria.pl (nachstehend als \u2019Website\u2019 bezeichnet) erhoben werden.<\/li><li>Der Eigent\u00fcmer der Website ist die Kancelaria Prawa Mi\u0119dzynarodowego Beata Kielar-Tammert, Ofiar O\u015bwi\u0119cimskich 19\/307, 50-069 Wroc\u0142aw, NIP: 6311514856, REGON: 240339563, E-Mail: kontakt@bktkancelaria.pl, Tel:+48 606 608 089 (im Folgenden \"Kancelaria\" genannt).<\/li><\/ol><p><b>II.\u00a0<\/b><strong>ALLGEMEINE GRUNDS\u00c4TZE F\u00dcR DEN SCHUTZ PERSONENBEZOGENER DATEN<\/strong><\/p><ol><li>Die Website erm\u00f6glicht es Besuchern (im Folgenden: \u201eNutzer\u201d), \u00fcber ein Kontaktformular (im Folgenden: \u201eFormular\u201d) mit der Kanzlei in Verbindung zu treten.<\/li><li>Der Verwalter der von den Nutzern \u00fcber das Formular zur Verf\u00fcgung gestellten personenbezogenen Daten ist die Firma.<\/li><li>Die personenbezogenen Daten der Nutzer werden von der Kanzlei im Einklang mit der Verordnung (EU) 2016\/679 des Europ\u00e4ischen Parlaments und des Rates vom 27. April 2016 zum Schutz nat\u00fcrlicher Personen bei der Verarbeitung personenbezogener Daten, zum freien Datenverkehr und zur Aufhebung der Richtlinie 95\/46\/EG (im Folgenden: \u201eRODO\u201d) verarbeitet - im Einklang mit der RODO.<\/li><li>Die Anwaltskanzlei wendet geeignete technische und organisatorische Ma\u00dfnahmen an, um den Schutz der verarbeiteten personenbezogenen Daten zu gew\u00e4hrleisten.<\/li><li>Die Bereitstellung der personenbezogenen Daten und die Einwilligung in deren Verarbeitung erfolgt auf freiwilliger Basis. Die Bereitstellung personenbezogener Daten ist keine gesetzliche oder vertragliche Verpflichtung, sondern eine Voraussetzung f\u00fcr die erfolgreiche Einreichung des Formulars bei der Kanzlei.<\/li><li>Die Zustimmung zur Verarbeitung der vom Nutzer bereitgestellten personenbezogenen Daten kann jederzeit widerrufen werden. Der Widerruf der Einwilligung ber\u00fchrt nicht die Rechtm\u00e4\u00dfigkeit der Verarbeitung, die auf der Grundlage der Einwilligung vor deren Widerruf erfolgt ist.<\/li><li>Bei Personen unter 16 Jahren muss die Zustimmung zur Verarbeitung personenbezogener Daten von der Person erteilt werden, die die elterliche Verantwortung oder die Vormundschaft f\u00fcr die Person innehat.<\/li><li>Die personenbezogenen Daten der Nutzer werden nicht an Datenempf\u00e4nger im Sinne von Artikel 4 Absatz 9 RODO weitergegeben.<\/li><li>Die betroffene Person hat die folgenden Rechte:<ul><li>Das Recht auf Zugang zu seinen Daten, gem\u00e4\u00df Artikel 15 RODO;<\/li><li>Das Recht auf Berichtigung seiner Daten gem\u00e4\u00df Artikel 16 der RODO;<\/li><li>das Recht auf L\u00f6schung seiner Daten (\u201eRecht auf Vergessenwerden\u201d) gem\u00e4\u00df Artikel 17 des Datenschutzgesetzes;<\/li><li>Das Recht auf Einschr\u00e4nkung seiner Daten gem\u00e4\u00df Artikel 18 der RODO;<\/li><li>Das Recht auf Daten\u00fcbertragbarkeit seiner Daten gem\u00e4\u00df Artikel 20 der RODO;<\/li><\/ul><\/li><li>Um die oben genannten Rechte auszu\u00fcben, sollten Sie sich an den Verwalter unter der in den einleitenden Bestimmungen der Datenschutzrichtlinie angegebenen physischen Adresse oder E-Mail-Adresse wenden. Der Nutzer kann den entsprechenden Antrag auch \u00fcber das Formular an den Verwalter senden.<\/li><li>Die personenbezogenen Daten des Kunden werden anderen Empf\u00e4ngern der Daten zur Verf\u00fcgung gestellt, wie z. B. IT-Systemwartungs- und Hostingdiensten, dem Anbieter des E-Mail-Dienstes, dem Anbieter des Mailingdienstes (Newsletter) oder des Zahlungssystems, der Anwaltskanzlei, Unterauftragnehmern und Auftragnehmern, die am Online-Shop beteiligt sind, usw.<\/li><li>Sie haben das Recht, eine Beschwerde bei der zust\u00e4ndigen Aufsichtsbeh\u00f6rde in Ihrem Wohnsitzland einzureichen, wenn Sie der Meinung sind, dass die Verarbeitung Ihrer personenbezogenen Daten gegen Datenschutzgesetze, einschlie\u00dflich der RODO, verst\u00f6\u00dft. In Polen ist die Aufsichtsbeh\u00f6rde der Pr\u00e4sident des Amtes f\u00fcr den Schutz personenbezogener Daten, w\u00e4hrend in anderen L\u00e4ndern die jeweiligen Beh\u00f6rden zust\u00e4ndig sind.<\/li><\/ol><p><strong>III. KONTAKTFORMULAR<\/strong><\/p><ol><li>Bei der Kontaktaufnahme mit der Kanzlei \u00fcber das Formular muss der Nutzer folgende pers\u00f6nliche Daten angeben: Name, E-Mail-Adresse, Telefonnummer.<\/li><li>Im ausf\u00fchrlichen Teil des Formulars formuliert der Nutzer die Nachricht\/Frage an die Kanzlei so pr\u00e4zise und pr\u00e4zise wie m\u00f6glich und achtet darauf, dass die angegebenen Daten anonymisiert werden.<\/li><li>Das Ausf\u00fcllen des Formulars dient dazu, der Kanzlei grundlegende Informationen \u00fcber den Fall mitzuteilen, um eine Rechtsberatung zu erhalten oder den Fall zun\u00e4chst an einen Anwalt zu verweisen.<\/li><li>Das Ausf\u00fcllen und Absenden des Formulars ist freiwillig und unverbindlich; insbesondere begr\u00fcndet die blo\u00dfe Tatsache des Ausf\u00fcllens und Absendens des Formulars keinerlei Verpflichtungen f\u00fcr den Nutzer oder die Firma.<\/li><li>Die Anwaltskanzlei verarbeitet die von den Nutzern zur Verf\u00fcgung gestellten personenbezogenen Daten ausschlie\u00dflich zum Zweck der Kontaktaufnahme mit dem Nutzer in der beschriebenen Angelegenheit, nachdem der Nutzer zuvor seine Zustimmung erteilt hat.<\/li><li>Die personenbezogenen Daten der Nutzer werden auf der Grundlage von Artikel 6 Absatz 1 Buchstabe a der DSGVO verarbeitet, d. h. im Zusammenhang mit der Erteilung der Zustimmung des Nutzers zu einer solchen Verarbeitung.<\/li><li>Die personenbezogenen Daten der Nutzer werden so lange verarbeitet, bis der Zweck der Verarbeitung entf\u00e4llt oder der Nutzer seine Einwilligung widerruft.<\/li><\/ol><p><strong>IV. NEWSLETTER - EINTRAGUNG IN DIE MAILINGLISTE<\/strong><\/p><ol><li>F\u00fcr das Abonnement unseres Newsletters muss der Nutzer eine E-Mail-Adresse angeben.<\/li><li>Die Daten, die der Dienst im Rahmen der Newsletter-Anmeldung erh\u00e4lt, werden f\u00fcr den Versand des Newsletters an den betreffenden Nutzer verwendet. Der Dienst beh\u00e4lt sich das Recht vor, den in der Newsletter-Datenbank eingetragenen Nutzern unangek\u00fcndigte Nachrichten zu senden. Diese k\u00f6nnen insbesondere Informationen \u00fcber neue Artikel im Blog sowie andere Informationen im Zusammenhang mit den Aktivit\u00e4ten der Firma enthalten.<\/li><li>Die Bereitstellung der Daten ist freiwillig.<\/li><li>Die personenbezogenen Daten der Nutzer werden auf der Grundlage von Artikel 6 Absatz 1 Buchstabe a der DSGVO verarbeitet, d. h. im Zusammenhang mit der Erteilung der Zustimmung des Nutzers zu einer solchen Verarbeitung.<\/li><li>Der Nutzer kann den Newsletter jederzeit wieder abbestellen, indem er auf den Link in den versendeten E-Mails oder auf der Seite\u00a0<a href=\"https:\/\/bktkancelaria.pl\/de\/?na=profile\">Ihre Profilseite<\/a>.<\/li><\/ol><p><strong>V. COOKIES<\/strong><\/p><ol><li>Die Website verwendet einen Cookie\/Cookie-Mechanismus (im Folgenden: \u201eCookies\u201d).<\/li><li>Cookies sind Textdateien, die auf dem elektronischen Endger\u00e4t (im Folgenden: \u201eGer\u00e4t\u201d) des Nutzers des Dienstes gespeichert werden.<\/li><li>Die Cookies enthalten insbesondere die dem Computer des Nutzers zugewiesene IP-Adresse oder die externe IP-Adresse des Internet-Providers, den Dom\u00e4nennamen, den Browsertyp, die Zugriffszeit und die Art des Betriebssystems.<\/li><li>Die vom Administrator verwendeten Cookies sind f\u00fcr das Ger\u00e4t des Nutzers sicher. Diese Dateien erm\u00f6glichen eine individuelle Anpassung der Website an die Bed\u00fcrfnisse der Nutzer. Insbesondere ist es auf diese Weise nicht m\u00f6glich, dass Viren oder andere unangemessene Software auf die Ger\u00e4te der Nutzer gelangen.<\/li><li>Der Administrator verwendet die folgenden Arten von Cookies:<ul><li>Interne Cookies - Dateien, die vom IKT-System des Dienstes auf dem Ger\u00e4t des Nutzers abgelegt und gelesen werden;<\/li><li>Externe Cookies - Dateien, die von den IKT-Systemen der Partner, Dienstleister oder Dienstleistungsempf\u00e4nger des Administrators (im Folgenden: \u201eExterne Dienste\u201d) auf dem Ger\u00e4t des Nutzers platziert und gelesen werden;<\/li><li>Sitzungs-Cookies - Dateien, die von der Website oder den externen Diensten w\u00e4hrend einer einzigen Sitzung eines bestimmten Ger\u00e4ts auf dem Nutzerger\u00e4t abgelegt und von diesem gelesen werden. Am Ende der Sitzung werden die Dateien vom Benutzerger\u00e4t gel\u00f6scht;<\/li><li>Dauerhafte Cookies - Dateien, die von der Website oder externen Diensten auf dem Ger\u00e4t des Nutzers abgelegt und gelesen werden, bis sie manuell gel\u00f6scht werden. Die Dateien werden nicht automatisch gel\u00f6scht, wenn die Sitzung des Ger\u00e4ts endet, es sei denn, die Konfiguration des Nutzerger\u00e4ts ist so eingestellt, dass Cookies gel\u00f6scht werden, wenn die Sitzung des Ger\u00e4ts endet.<\/li><\/ul><\/li><li>Der Administrator arbeitet mit den folgenden externen Diensten zusammen, die Cookies auf den Ger\u00e4ten der Nutzer platzieren k\u00f6nnen:<ul><li>Google Analytics (<a href=\"https:\/\/policies.google.com\/privacy?hl=pl\">Datenschutzbestimmungen<\/a>),<\/li><li>Facebook (<a href=\"https:\/\/www.facebook.com\/privacy\/explanation\">Datenschutzbestimmungen<\/a>),<\/li><li>Google Tag Manager (<a href=\"https:\/\/www.google.com\/analytics\/tag-manager\/use-policy\/\">Datenschutzbestimmungen<\/a>).<\/li><\/ul><\/li><li>Der Administrator ist nicht verantwortlich f\u00fcr die Sicherheit von Cookies, die von externen Diensten stammen.<\/li><li>Der Administrator ist berechtigt, Cookies f\u00fcr die folgenden Zwecke zu verwenden:<ul><li>Verbesserung und Erleichterung des Zugangs zur Website - Der Administrator kann in Cookies Informationen \u00fcber die Pr\u00e4ferenzen und Einstellungen des Nutzers in Bezug auf die Website speichern, um die Bereitstellung der Dienste auf der Website zu verbessern, zu erweitern und zu beschleunigen;<\/li><li>Statistische Daten - der Administrator und die externen Dienste verwenden Cookies, um statistische Daten \u00fcber die Website zu sammeln und zu verarbeiten, wie z. B. Besuchsstatistiken, Statistiken \u00fcber Benutzerger\u00e4te oder Statistiken \u00fcber das Benutzerverhalten. Diese Daten werden erhoben, um die Website zu analysieren und zu verbessern;<\/li><\/ul><\/li><li>Der Nutzer hat die M\u00f6glichkeit, den Zugang zu Cookies auf seinem Ger\u00e4t zu beschr\u00e4nken oder zu deaktivieren. Der Nutzer kann die oben genannten Einstellungen \u00fcber die Einstellungen seines Internetbrowsers \u00e4ndern. Sie k\u00f6nnen hier mehr \u00fcber Cookies lesen:\u00a0<a href=\"http:\/\/wszystkoociasteczkach.pl\/\">http:\/\/wszystkoociasteczkach.pl\/<\/a><\/li><li>Die Einschr\u00e4nkung der Verwendung von Cookies kann einige der auf der Website verf\u00fcgbaren Funktionen beeintr\u00e4chtigen.<\/li><li>Der Nutzer kann Cookies jederzeit \u00fcber die Funktionen des von ihm verwendeten Webbrowsers l\u00f6schen.<\/li><\/ol><p><strong>VI. \u00c4NDERUNGEN AN DER DATENSCHUTZPOLITIK<\/strong><\/p><ol><li>Der Verwalter beh\u00e4lt sich das Recht vor, die Datenschutzbestimmungen jederzeit zu \u00e4ndern.<\/li><li>\u00c4nderungen k\u00f6nnen sich aus der Notwendigkeit ergeben, die Datenschutzerkl\u00e4rung an geltendes Recht anzupassen oder aus anderen triftigen Gr\u00fcnden.<\/li><li>Die \u00c4nderungen treten in Kraft, sobald sie auf der Website ver\u00f6ffentlicht sind.<\/li><li>Auf der Website wird ein Link zu fr\u00fcheren Fassungen der Datenschutzrichtlinie sowie das Datum der \u00c4nderung angegeben:<ul><li>Datenschutzrichtlinie g\u00fcltig bis 24.01.2022:\u00a0<a href=\"https:\/\/bktkancelaria.pl\/de\/datenschutzrichtlinie-24-01-2022\/\" target=\"_blank\" rel=\"noopener\">https:\/\/bktkancelaria.pl\/polityka-prywatnosci-24-01-2022\/<\/a><\/li><\/ul><\/li><\/ol><\/div><\/div>\t\t\t\t\t\t\t\t<\/div>\n\t\t\t\t<\/div>\n\t\t\t\t\t<\/div>\n\t\t<\/div>\n\t\t\t\t\t<\/div>\n\t\t<\/section>\n\t\t\t\t<\/div>","protected":false},"excerpt":{"rendered":"<p>Kancelaria Prawa Mi\u0119dzynarodowego Beaty Kielar-Tammert przywi\u0105zuje szczeg\u00f3ln\u0105 wag\u0119 do\u00a0poszanowania prywatno\u015bci u\u017cytkownik\u00f3w odwiedzaj\u0105cych stron\u0119 Kancelarii www.bktkancelaria.pl. Zale\u017cy nam, aby ka\u017cdy u\u017cytkownik dok\u0142adnie wiedzia\u0142 jakie dane pozyskujemy i\u00a0jak mo\u017ce on\u00a0chroni\u0107 swoj\u0105 prywatno\u015b\u0107. Niniejsza Polityka Prywatno\u015bci jest zgodna z\u00a0przepisami wynikaj\u0105cymi z\u00a0 art. 13 ust. 1 i\u00a0ust. 2 rozporz\u0105dzenia Parlamentu Europejskiego i\u00a0Rady (UE) 2016\/679 z\u00a027 kwietnia 2016\u00a0r. w\u00a0skr\u00f3cie RODO. [&hellip;]<\/p>\n","protected":false},"author":1,"featured_media":0,"parent":0,"menu_order":0,"comment_status":"closed","ping_status":"closed","template":"elementor_header_footer","meta":{"footnotes":""},"class_list":["post-5499","page","type-page","status-publish","hentry"],"yoast_head":"<!-- This site is optimized with the Yoast SEO plugin v27.3 - https:\/\/yoast.com\/product\/yoast-seo-wordpress\/ -->\n<title>Polityka Prywatno\u015bci - Kancelaria Radcy Prawnego Beaty Kielar-Tammert<\/title>\n<meta name=\"description\" content=\"Polityka Prywatno\u015bci - Kancelaria Radcy Prawnego Beaty Kielar-Tammert. Doradztwo dla firm i os\u00f3b indywidualnych, szkolenia z prawa.\" \/>\n<meta name=\"robots\" content=\"index, follow, max-snippet:-1, max-image-preview:large, max-video-preview:-1\" \/>\n<link rel=\"canonical\" href=\"https:\/\/bktkancelaria.pl\/de\/datenschutzbestimmungen\/\" \/>\n<meta property=\"og:locale\" content=\"de_DE\" \/>\n<meta property=\"og:type\" content=\"article\" \/>\n<meta property=\"og:title\" content=\"Polityka Prywatno\u015bci - Kancelaria Radcy Prawnego Beaty Kielar-Tammert\" \/>\n<meta property=\"og:description\" content=\"Polityka Prywatno\u015bci - Kancelaria Radcy Prawnego Beaty Kielar-Tammert. Doradztwo dla firm i os\u00f3b indywidualnych, szkolenia z prawa.\" \/>\n<meta property=\"og:url\" content=\"https:\/\/bktkancelaria.pl\/de\/datenschutzbestimmungen\/\" \/>\n<meta property=\"og:site_name\" content=\"Kancelaria Prawa Mi\u0119dzynarodowego - Profesjonalne wsparcie prawne w sprawach mi\u0119dzynarodowych.\" \/>\n<meta property=\"article:publisher\" content=\"https:\/\/www.facebook.com\/bktkancelaria\" \/>\n<meta property=\"article:modified_time\" content=\"2026-02-20T14:23:44+00:00\" \/>\n<meta name=\"twitter:card\" content=\"summary_large_image\" \/>\n<meta name=\"twitter:label1\" content=\"Gesch\u00e4tzte Lesezeit\" \/>\n\t<meta name=\"twitter:data1\" content=\"15\u00a0Minuten\" \/>\n<script type=\"application\/ld+json\" class=\"yoast-schema-graph\">{\"@context\":\"https:\\\/\\\/schema.org\",\"@graph\":[{\"@type\":\"WebPage\",\"@id\":\"https:\\\/\\\/bktkancelaria.pl\\\/polityka-prywatnosci\\\/\",\"url\":\"https:\\\/\\\/bktkancelaria.pl\\\/polityka-prywatnosci\\\/\",\"name\":\"Polityka Prywatno\u015bci - Kancelaria Radcy Prawnego Beaty Kielar-Tammert\",\"isPartOf\":{\"@id\":\"https:\\\/\\\/bktkancelaria.pl\\\/#website\"},\"datePublished\":\"2022-01-24T09:05:19+00:00\",\"dateModified\":\"2026-02-20T14:23:44+00:00\",\"description\":\"Polityka Prywatno\u015bci - Kancelaria Radcy Prawnego Beaty Kielar-Tammert. Doradztwo dla firm i os\u00f3b indywidualnych, szkolenia z prawa.\",\"breadcrumb\":{\"@id\":\"https:\\\/\\\/bktkancelaria.pl\\\/polityka-prywatnosci\\\/#breadcrumb\"},\"inLanguage\":\"de\",\"potentialAction\":[{\"@type\":\"ReadAction\",\"target\":[\"https:\\\/\\\/bktkancelaria.pl\\\/polityka-prywatnosci\\\/\"]}]},{\"@type\":\"BreadcrumbList\",\"@id\":\"https:\\\/\\\/bktkancelaria.pl\\\/polityka-prywatnosci\\\/#breadcrumb\",\"itemListElement\":[{\"@type\":\"ListItem\",\"position\":1,\"name\":\"Strona g\u0142\u00f3wna\",\"item\":\"https:\\\/\\\/bktkancelaria.pl\\\/\"},{\"@type\":\"ListItem\",\"position\":2,\"name\":\"Polityka prywatno\u015bci\"}]},{\"@type\":\"WebSite\",\"@id\":\"https:\\\/\\\/bktkancelaria.pl\\\/#website\",\"url\":\"https:\\\/\\\/bktkancelaria.pl\\\/\",\"name\":\"Kancelaria Prawa Mi\u0119dzynarodowego - Profesjonalne wsparcie prawne w sprawach mi\u0119dzynarodowych.\",\"description\":\"Profesjonalne doradztwo prawne od 1998 roku. \u0141\u0105czymy wieloletnie do\u015bwiadczenie z nowoczesnym podej\u015bciem do prawa mi\u0119dzynarodowego.\",\"publisher\":{\"@id\":\"https:\\\/\\\/bktkancelaria.pl\\\/#organization\"},\"potentialAction\":[{\"@type\":\"SearchAction\",\"target\":{\"@type\":\"EntryPoint\",\"urlTemplate\":\"https:\\\/\\\/bktkancelaria.pl\\\/?s={search_term_string}\"},\"query-input\":{\"@type\":\"PropertyValueSpecification\",\"valueRequired\":true,\"valueName\":\"search_term_string\"}}],\"inLanguage\":\"de\"},{\"@type\":\"Organization\",\"@id\":\"https:\\\/\\\/bktkancelaria.pl\\\/#organization\",\"name\":\"Kancelaria Prawa Mi\u0119dzynarodowego - Profesjonalne wsparcie prawne w sprawach mi\u0119dzynarodowych.\",\"url\":\"https:\\\/\\\/bktkancelaria.pl\\\/\",\"logo\":{\"@type\":\"ImageObject\",\"inLanguage\":\"de\",\"@id\":\"https:\\\/\\\/bktkancelaria.pl\\\/#\\\/schema\\\/logo\\\/image\\\/\",\"url\":\"https:\\\/\\\/bktkancelaria.pl\\\/wp-content\\\/uploads\\\/2023\\\/04\\\/Logo_.webp\",\"contentUrl\":\"https:\\\/\\\/bktkancelaria.pl\\\/wp-content\\\/uploads\\\/2023\\\/04\\\/Logo_.webp\",\"width\":600,\"height\":172,\"caption\":\"Kancelaria Prawa Mi\u0119dzynarodowego - Profesjonalne wsparcie prawne w sprawach mi\u0119dzynarodowych.\"},\"image\":{\"@id\":\"https:\\\/\\\/bktkancelaria.pl\\\/#\\\/schema\\\/logo\\\/image\\\/\"},\"sameAs\":[\"https:\\\/\\\/www.facebook.com\\\/bktkancelaria\",\"https:\\\/\\\/www.linkedin.com\\\/in\\\/beata-kielar-tammert\\\/\",\"https:\\\/\\\/www.instagram.com\\\/bktkancelaria\\\/\",\"https:\\\/\\\/www.youtube.com\\\/@kancelariabkt.radcaprawnyb5036\"]}]}<\/script>\n<!-- \/ Yoast SEO plugin. -->","yoast_head_json":{"title":"Datenschutz - Das B\u00fcro der Rechtsberaterin Beata Kielar-Tammert","description":"Datenschutz - Die Anwaltskanzlei von Beata Kielar-Tammert. Beratung f\u00fcr Unternehmen und Privatpersonen, Ausbildung im Recht.","robots":{"index":"index","follow":"follow","max-snippet":"max-snippet:-1","max-image-preview":"max-image-preview:large","max-video-preview":"max-video-preview:-1"},"canonical":"https:\/\/bktkancelaria.pl\/de\/datenschutzbestimmungen\/","og_locale":"de_DE","og_type":"article","og_title":"Polityka Prywatno\u015bci - Kancelaria Radcy Prawnego Beaty Kielar-Tammert","og_description":"Polityka Prywatno\u015bci - Kancelaria Radcy Prawnego Beaty Kielar-Tammert. Doradztwo dla firm i os\u00f3b indywidualnych, szkolenia z prawa.","og_url":"https:\/\/bktkancelaria.pl\/de\/datenschutzbestimmungen\/","og_site_name":"Kancelaria Prawa Mi\u0119dzynarodowego - Profesjonalne wsparcie prawne w sprawach mi\u0119dzynarodowych.","article_publisher":"https:\/\/www.facebook.com\/bktkancelaria","article_modified_time":"2026-02-20T14:23:44+00:00","twitter_card":"summary_large_image","twitter_misc":{"Gesch\u00e4tzte Lesezeit":"15\u00a0Minuten"},"schema":{"@context":"https:\/\/schema.org","@graph":[{"@type":"WebPage","@id":"https:\/\/bktkancelaria.pl\/polityka-prywatnosci\/","url":"https:\/\/bktkancelaria.pl\/polityka-prywatnosci\/","name":"Datenschutz - Das B\u00fcro der Rechtsberaterin Beata Kielar-Tammert","isPartOf":{"@id":"https:\/\/bktkancelaria.pl\/#website"},"datePublished":"2022-01-24T09:05:19+00:00","dateModified":"2026-02-20T14:23:44+00:00","description":"Datenschutz - Die Anwaltskanzlei von Beata Kielar-Tammert. Beratung f\u00fcr Unternehmen und Privatpersonen, Ausbildung im Recht.","breadcrumb":{"@id":"https:\/\/bktkancelaria.pl\/polityka-prywatnosci\/#breadcrumb"},"inLanguage":"de","potentialAction":[{"@type":"ReadAction","target":["https:\/\/bktkancelaria.pl\/polityka-prywatnosci\/"]}]},{"@type":"BreadcrumbList","@id":"https:\/\/bktkancelaria.pl\/polityka-prywatnosci\/#breadcrumb","itemListElement":[{"@type":"ListItem","position":1,"name":"Strona g\u0142\u00f3wna","item":"https:\/\/bktkancelaria.pl\/"},{"@type":"ListItem","position":2,"name":"Polityka prywatno\u015bci"}]},{"@type":"WebSite","@id":"https:\/\/bktkancelaria.pl\/#website","url":"https:\/\/bktkancelaria.pl\/","name":"International Law Office - Professionelle rechtliche Unterst\u00fctzung in internationalen Angelegenheiten.","description":"Professionelle Rechtsberatung seit 1998. Wir verbinden langj\u00e4hrige Erfahrung mit einem modernen Ansatz im internationalen Recht.","publisher":{"@id":"https:\/\/bktkancelaria.pl\/#organization"},"potentialAction":[{"@type":"SearchAction","target":{"@type":"EntryPoint","urlTemplate":"https:\/\/bktkancelaria.pl\/?s={search_term_string}"},"query-input":{"@type":"PropertyValueSpecification","valueRequired":true,"valueName":"search_term_string"}}],"inLanguage":"de"},{"@type":"Organization","@id":"https:\/\/bktkancelaria.pl\/#organization","name":"International Law Office - Professionelle rechtliche Unterst\u00fctzung in internationalen Angelegenheiten.","url":"https:\/\/bktkancelaria.pl\/","logo":{"@type":"ImageObject","inLanguage":"de","@id":"https:\/\/bktkancelaria.pl\/#\/schema\/logo\/image\/","url":"https:\/\/bktkancelaria.pl\/wp-content\/uploads\/2023\/04\/Logo_.webp","contentUrl":"https:\/\/bktkancelaria.pl\/wp-content\/uploads\/2023\/04\/Logo_.webp","width":600,"height":172,"caption":"Kancelaria Prawa Mi\u0119dzynarodowego - Profesjonalne wsparcie prawne w sprawach mi\u0119dzynarodowych."},"image":{"@id":"https:\/\/bktkancelaria.pl\/#\/schema\/logo\/image\/"},"sameAs":["https:\/\/www.facebook.com\/bktkancelaria","https:\/\/www.linkedin.com\/in\/beata-kielar-tammert\/","https:\/\/www.instagram.com\/bktkancelaria\/","https:\/\/www.youtube.com\/@kancelariabkt.radcaprawnyb5036"]}]}},"_links":{"self":[{"href":"https:\/\/bktkancelaria.pl\/de\/wp-json\/wp\/v2\/pages\/5499","targetHints":{"allow":["GET"]}}],"collection":[{"href":"https:\/\/bktkancelaria.pl\/de\/wp-json\/wp\/v2\/pages"}],"about":[{"href":"https:\/\/bktkancelaria.pl\/de\/wp-json\/wp\/v2\/types\/page"}],"author":[{"embeddable":true,"href":"https:\/\/bktkancelaria.pl\/de\/wp-json\/wp\/v2\/users\/1"}],"replies":[{"embeddable":true,"href":"https:\/\/bktkancelaria.pl\/de\/wp-json\/wp\/v2\/comments?post=5499"}],"version-history":[{"count":13,"href":"https:\/\/bktkancelaria.pl\/de\/wp-json\/wp\/v2\/pages\/5499\/revisions"}],"predecessor-version":[{"id":18341,"href":"https:\/\/bktkancelaria.pl\/de\/wp-json\/wp\/v2\/pages\/5499\/revisions\/18341"}],"wp:attachment":[{"href":"https:\/\/bktkancelaria.pl\/de\/wp-json\/wp\/v2\/media?parent=5499"}],"curies":[{"name":"wp","href":"https:\/\/api.w.org\/{rel}","templated":true}]}}