{"id":5994,"date":"2022-07-06T20:09:16","date_gmt":"2022-07-06T18:09:16","guid":{"rendered":"https:\/\/bktkancelaria.pl\/?page_id=5994"},"modified":"2024-07-04T09:43:54","modified_gmt":"2024-07-04T07:43:54","slug":"ograniczenie-odpowiedzialnosci","status":"publish","type":"page","link":"https:\/\/bktkancelaria.pl\/de\/haftungsbeschrankung\/","title":{"rendered":"Begrenzung der Haftung"},"content":{"rendered":"<div data-elementor-type=\"wp-page\" data-elementor-id=\"5994\" class=\"elementor elementor-5994\" data-elementor-post-type=\"page\">\n\t\t\t\t\t\t<section class=\"elementor-section elementor-top-section elementor-element elementor-element-14c3a6d elementor-section-boxed elementor-section-height-default elementor-section-height-default\" data-id=\"14c3a6d\" data-element_type=\"section\" data-e-type=\"section\">\n\t\t\t\t\t\t<div class=\"elementor-container elementor-column-gap-default\">\n\t\t\t\t\t<div class=\"elementor-column elementor-col-100 elementor-top-column elementor-element elementor-element-3674c0c\" data-id=\"3674c0c\" data-element_type=\"column\" data-e-type=\"column\">\n\t\t\t<div class=\"elementor-widget-wrap elementor-element-populated\">\n\t\t\t\t\t\t<div class=\"elementor-element elementor-element-1bafaa7 elementor-widget elementor-widget-text-editor\" data-id=\"1bafaa7\" data-element_type=\"widget\" data-e-type=\"widget\" data-widget_type=\"text-editor.default\">\n\t\t\t\t<div class=\"elementor-widget-container\">\n\t\t\t\t\t\t\t\t\t<p>Blog<a href=\"https:\/\/bktkancelaria.pl\/de\/blog\/\"> bktkancelaria.pl\/blog\/<\/a> stellt ein unverbindliches Informationsangebot dar und dient zu allgemeinen Informationszwecken. Er stellt weder eine rechtliche, steuerliche oder betriebswirtschaftliche Beratung dar, noch kann er eine individuelle Beratung ersetzen. Die internationale Anwaltskanzlei Beata Kielar-Tammert bem\u00fcht sich, den Blog und die darin enthaltenen Informationen nach bestem Wissen und Gewissen zu erstellen, \u00fcbernimmt jedoch keine Gew\u00e4hr f\u00fcr die Richtigkeit, Aktualit\u00e4t und Vollst\u00e4ndigkeit der Informationen. Die in diesem Newsletter enthaltenen Informationen beziehen sich nicht auf konkrete Sachverhalte, die eine nat\u00fcrliche oder juristische Person betreffen, daher sollten im konkreten Einzelfall immer Experten zu Rate gezogen werden. Die internationale Anwaltskanzlei Beata Kielar-Tammert \u00fcbernimmt keine Verantwortung f\u00fcr Entscheidungen, die der Leser trifft.<\/p>\n<p>Alle Blog-Inhalte und Fachinformationen im Internet sind geistiges Eigentum der Internationalen Anwaltskanzlei Beata Kielar-Tammert und sind urheberrechtlich gesch\u00fctzt. Die Nutzer d\u00fcrfen den Inhalt der Artikel nur f\u00fcr ihren eigenen Gebrauch herunterladen, ausdrucken oder kopieren. Jegliche Ver\u00e4nderung, Vervielf\u00e4ltigung, Verbreitung oder \u00f6ffentliche Wiedergabe des Inhalts oder von Teilen davon, ob online oder offline, bedarf der vorherigen schriftlichen Zustimmung der Internationalen Anwaltskanzlei Beata Kielar-Tammert.<\/p>\t\t\t\t\t\t\t\t<\/div>\n\t\t\t\t<\/div>\n\t\t\t\t\t<\/div>\n\t\t<\/div>\n\t\t\t\t\t<\/div>\n\t\t<\/section>\n\t\t\t\t<\/div>","protected":false},"excerpt":{"rendered":"<p>Blog bktkancelaria.pl\/blog\/ stanowi niewi\u0105\u017c\u0105c\u0105 ofert\u0119 informacyjn\u0105 i s\u0142u\u017cy do og\u00f3lnych cel\u00f3w informacyjnych. Nie stanowi on porady prawnej, podatkowej ani z zakresu zarz\u0105dzania przedsi\u0119biorstwem, nie mo\u017ce te\u017c zast\u0105pi\u0107 porady indywidualnej. Podczas gdy Kancelaria Prawa Mi\u0119dzynarodowego Beata Kielar-Tammert dok\u0142ada wszelkich stara\u0144 w celu przygotowania bloga i zawartych w niej informacji, nie ponosi ona odpowiedzialno\u015bci za dok\u0142adno\u015b\u0107, aktualno\u015b\u0107 [&hellip;]<\/p>\n","protected":false},"author":1,"featured_media":0,"parent":0,"menu_order":0,"comment_status":"closed","ping_status":"closed","template":"elementor_header_footer","meta":{"footnotes":""},"class_list":["post-5994","page","type-page","status-publish","hentry"],"yoast_head":"<!-- This site is optimized with the Yoast SEO plugin v27.3 - https:\/\/yoast.com\/product\/yoast-seo-wordpress\/ -->\n<title>Ograniczenie odpowiedzialno\u015bci - Kancelaria Prawa Mi\u0119dzynarodowego<\/title>\n<meta name=\"robots\" content=\"index, follow, max-snippet:-1, max-image-preview:large, max-video-preview:-1\" \/>\n<link rel=\"canonical\" href=\"https:\/\/bktkancelaria.pl\/de\/haftungsbeschrankung\/\" \/>\n<meta property=\"og:locale\" content=\"de_DE\" \/>\n<meta property=\"og:type\" content=\"article\" \/>\n<meta property=\"og:title\" content=\"Ograniczenie odpowiedzialno\u015bci - Kancelaria Prawa Mi\u0119dzynarodowego\" \/>\n<meta property=\"og:description\" content=\"Blog bktkancelaria.pl\/blog\/ stanowi niewi\u0105\u017c\u0105c\u0105 ofert\u0119 informacyjn\u0105 i s\u0142u\u017cy do og\u00f3lnych cel\u00f3w informacyjnych. Nie stanowi on porady prawnej, podatkowej ani z zakresu zarz\u0105dzania przedsi\u0119biorstwem, nie mo\u017ce te\u017c zast\u0105pi\u0107 porady indywidualnej. Podczas gdy Kancelaria Prawa Mi\u0119dzynarodowego Beata Kielar-Tammert dok\u0142ada wszelkich stara\u0144 w celu przygotowania bloga i zawartych w niej informacji, nie ponosi ona odpowiedzialno\u015bci za dok\u0142adno\u015b\u0107, aktualno\u015b\u0107 [&hellip;]\" \/>\n<meta property=\"og:url\" content=\"https:\/\/bktkancelaria.pl\/de\/haftungsbeschrankung\/\" \/>\n<meta property=\"og:site_name\" content=\"Kancelaria Prawa Mi\u0119dzynarodowego - Profesjonalne wsparcie prawne w sprawach mi\u0119dzynarodowych.\" \/>\n<meta property=\"article:publisher\" content=\"https:\/\/www.facebook.com\/bktkancelaria\" \/>\n<meta property=\"article:modified_time\" content=\"2024-07-04T07:43:54+00:00\" \/>\n<meta name=\"twitter:card\" content=\"summary_large_image\" \/>\n<meta name=\"twitter:label1\" content=\"Gesch\u00e4tzte Lesezeit\" \/>\n\t<meta name=\"twitter:data1\" content=\"2\u00a0Minuten\" \/>\n<script type=\"application\/ld+json\" class=\"yoast-schema-graph\">{\"@context\":\"https:\\\/\\\/schema.org\",\"@graph\":[{\"@type\":\"WebPage\",\"@id\":\"https:\\\/\\\/bktkancelaria.pl\\\/ograniczenie-odpowiedzialnosci\\\/\",\"url\":\"https:\\\/\\\/bktkancelaria.pl\\\/ograniczenie-odpowiedzialnosci\\\/\",\"name\":\"Ograniczenie odpowiedzialno\u015bci - Kancelaria Prawa Mi\u0119dzynarodowego\",\"isPartOf\":{\"@id\":\"https:\\\/\\\/bktkancelaria.pl\\\/#website\"},\"datePublished\":\"2022-07-06T18:09:16+00:00\",\"dateModified\":\"2024-07-04T07:43:54+00:00\",\"breadcrumb\":{\"@id\":\"https:\\\/\\\/bktkancelaria.pl\\\/ograniczenie-odpowiedzialnosci\\\/#breadcrumb\"},\"inLanguage\":\"de\",\"potentialAction\":[{\"@type\":\"ReadAction\",\"target\":[\"https:\\\/\\\/bktkancelaria.pl\\\/ograniczenie-odpowiedzialnosci\\\/\"]}]},{\"@type\":\"BreadcrumbList\",\"@id\":\"https:\\\/\\\/bktkancelaria.pl\\\/ograniczenie-odpowiedzialnosci\\\/#breadcrumb\",\"itemListElement\":[{\"@type\":\"ListItem\",\"position\":1,\"name\":\"Strona g\u0142\u00f3wna\",\"item\":\"https:\\\/\\\/bktkancelaria.pl\\\/\"},{\"@type\":\"ListItem\",\"position\":2,\"name\":\"Ograniczenie odpowiedzialno\u015bci\"}]},{\"@type\":\"WebSite\",\"@id\":\"https:\\\/\\\/bktkancelaria.pl\\\/#website\",\"url\":\"https:\\\/\\\/bktkancelaria.pl\\\/\",\"name\":\"Kancelaria Prawa Mi\u0119dzynarodowego - Profesjonalne wsparcie prawne w sprawach mi\u0119dzynarodowych.\",\"description\":\"Profesjonalne doradztwo prawne od 1998 roku. \u0141\u0105czymy wieloletnie do\u015bwiadczenie z nowoczesnym podej\u015bciem do prawa mi\u0119dzynarodowego.\",\"publisher\":{\"@id\":\"https:\\\/\\\/bktkancelaria.pl\\\/#organization\"},\"potentialAction\":[{\"@type\":\"SearchAction\",\"target\":{\"@type\":\"EntryPoint\",\"urlTemplate\":\"https:\\\/\\\/bktkancelaria.pl\\\/?s={search_term_string}\"},\"query-input\":{\"@type\":\"PropertyValueSpecification\",\"valueRequired\":true,\"valueName\":\"search_term_string\"}}],\"inLanguage\":\"de\"},{\"@type\":\"Organization\",\"@id\":\"https:\\\/\\\/bktkancelaria.pl\\\/#organization\",\"name\":\"Kancelaria Prawa Mi\u0119dzynarodowego - Profesjonalne wsparcie prawne w sprawach mi\u0119dzynarodowych.\",\"url\":\"https:\\\/\\\/bktkancelaria.pl\\\/\",\"logo\":{\"@type\":\"ImageObject\",\"inLanguage\":\"de\",\"@id\":\"https:\\\/\\\/bktkancelaria.pl\\\/#\\\/schema\\\/logo\\\/image\\\/\",\"url\":\"https:\\\/\\\/bktkancelaria.pl\\\/wp-content\\\/uploads\\\/2023\\\/04\\\/Logo_.webp\",\"contentUrl\":\"https:\\\/\\\/bktkancelaria.pl\\\/wp-content\\\/uploads\\\/2023\\\/04\\\/Logo_.webp\",\"width\":600,\"height\":172,\"caption\":\"Kancelaria Prawa Mi\u0119dzynarodowego - Profesjonalne wsparcie prawne w sprawach mi\u0119dzynarodowych.\"},\"image\":{\"@id\":\"https:\\\/\\\/bktkancelaria.pl\\\/#\\\/schema\\\/logo\\\/image\\\/\"},\"sameAs\":[\"https:\\\/\\\/www.facebook.com\\\/bktkancelaria\",\"https:\\\/\\\/www.linkedin.com\\\/in\\\/beata-kielar-tammert\\\/\",\"https:\\\/\\\/www.instagram.com\\\/bktkancelaria\\\/\",\"https:\\\/\\\/www.youtube.com\\\/@kancelariabkt.radcaprawnyb5036\"]}]}<\/script>\n<!-- \/ Yoast SEO plugin. -->","yoast_head_json":{"title":"Haftungsbeschr\u00e4nkung - Internationale Anwaltskanzlei","robots":{"index":"index","follow":"follow","max-snippet":"max-snippet:-1","max-image-preview":"max-image-preview:large","max-video-preview":"max-video-preview:-1"},"canonical":"https:\/\/bktkancelaria.pl\/de\/haftungsbeschrankung\/","og_locale":"de_DE","og_type":"article","og_title":"Ograniczenie odpowiedzialno\u015bci - Kancelaria Prawa Mi\u0119dzynarodowego","og_description":"Blog bktkancelaria.pl\/blog\/ stanowi niewi\u0105\u017c\u0105c\u0105 ofert\u0119 informacyjn\u0105 i s\u0142u\u017cy do og\u00f3lnych cel\u00f3w informacyjnych. Nie stanowi on porady prawnej, podatkowej ani z zakresu zarz\u0105dzania przedsi\u0119biorstwem, nie mo\u017ce te\u017c zast\u0105pi\u0107 porady indywidualnej. Podczas gdy Kancelaria Prawa Mi\u0119dzynarodowego Beata Kielar-Tammert dok\u0142ada wszelkich stara\u0144 w celu przygotowania bloga i zawartych w niej informacji, nie ponosi ona odpowiedzialno\u015bci za dok\u0142adno\u015b\u0107, aktualno\u015b\u0107 [&hellip;]","og_url":"https:\/\/bktkancelaria.pl\/de\/haftungsbeschrankung\/","og_site_name":"Kancelaria Prawa Mi\u0119dzynarodowego - Profesjonalne wsparcie prawne w sprawach mi\u0119dzynarodowych.","article_publisher":"https:\/\/www.facebook.com\/bktkancelaria","article_modified_time":"2024-07-04T07:43:54+00:00","twitter_card":"summary_large_image","twitter_misc":{"Gesch\u00e4tzte Lesezeit":"2\u00a0Minuten"},"schema":{"@context":"https:\/\/schema.org","@graph":[{"@type":"WebPage","@id":"https:\/\/bktkancelaria.pl\/ograniczenie-odpowiedzialnosci\/","url":"https:\/\/bktkancelaria.pl\/ograniczenie-odpowiedzialnosci\/","name":"Haftungsbeschr\u00e4nkung - Internationale Anwaltskanzlei","isPartOf":{"@id":"https:\/\/bktkancelaria.pl\/#website"},"datePublished":"2022-07-06T18:09:16+00:00","dateModified":"2024-07-04T07:43:54+00:00","breadcrumb":{"@id":"https:\/\/bktkancelaria.pl\/ograniczenie-odpowiedzialnosci\/#breadcrumb"},"inLanguage":"de","potentialAction":[{"@type":"ReadAction","target":["https:\/\/bktkancelaria.pl\/ograniczenie-odpowiedzialnosci\/"]}]},{"@type":"BreadcrumbList","@id":"https:\/\/bktkancelaria.pl\/ograniczenie-odpowiedzialnosci\/#breadcrumb","itemListElement":[{"@type":"ListItem","position":1,"name":"Strona g\u0142\u00f3wna","item":"https:\/\/bktkancelaria.pl\/"},{"@type":"ListItem","position":2,"name":"Ograniczenie odpowiedzialno\u015bci"}]},{"@type":"WebSite","@id":"https:\/\/bktkancelaria.pl\/#website","url":"https:\/\/bktkancelaria.pl\/","name":"International Law Office - Professionelle rechtliche Unterst\u00fctzung in internationalen Angelegenheiten.","description":"Professionelle Rechtsberatung seit 1998. Wir verbinden langj\u00e4hrige Erfahrung mit einem modernen Ansatz im internationalen Recht.","publisher":{"@id":"https:\/\/bktkancelaria.pl\/#organization"},"potentialAction":[{"@type":"SearchAction","target":{"@type":"EntryPoint","urlTemplate":"https:\/\/bktkancelaria.pl\/?s={search_term_string}"},"query-input":{"@type":"PropertyValueSpecification","valueRequired":true,"valueName":"search_term_string"}}],"inLanguage":"de"},{"@type":"Organization","@id":"https:\/\/bktkancelaria.pl\/#organization","name":"International Law Office - Professionelle rechtliche Unterst\u00fctzung in internationalen Angelegenheiten.","url":"https:\/\/bktkancelaria.pl\/","logo":{"@type":"ImageObject","inLanguage":"de","@id":"https:\/\/bktkancelaria.pl\/#\/schema\/logo\/image\/","url":"https:\/\/bktkancelaria.pl\/wp-content\/uploads\/2023\/04\/Logo_.webp","contentUrl":"https:\/\/bktkancelaria.pl\/wp-content\/uploads\/2023\/04\/Logo_.webp","width":600,"height":172,"caption":"Kancelaria Prawa Mi\u0119dzynarodowego - Profesjonalne wsparcie prawne w sprawach mi\u0119dzynarodowych."},"image":{"@id":"https:\/\/bktkancelaria.pl\/#\/schema\/logo\/image\/"},"sameAs":["https:\/\/www.facebook.com\/bktkancelaria","https:\/\/www.linkedin.com\/in\/beata-kielar-tammert\/","https:\/\/www.instagram.com\/bktkancelaria\/","https:\/\/www.youtube.com\/@kancelariabkt.radcaprawnyb5036"]}]}},"_links":{"self":[{"href":"https:\/\/bktkancelaria.pl\/de\/wp-json\/wp\/v2\/pages\/5994","targetHints":{"allow":["GET"]}}],"collection":[{"href":"https:\/\/bktkancelaria.pl\/de\/wp-json\/wp\/v2\/pages"}],"about":[{"href":"https:\/\/bktkancelaria.pl\/de\/wp-json\/wp\/v2\/types\/page"}],"author":[{"embeddable":true,"href":"https:\/\/bktkancelaria.pl\/de\/wp-json\/wp\/v2\/users\/1"}],"replies":[{"embeddable":true,"href":"https:\/\/bktkancelaria.pl\/de\/wp-json\/wp\/v2\/comments?post=5994"}],"version-history":[{"count":1,"href":"https:\/\/bktkancelaria.pl\/de\/wp-json\/wp\/v2\/pages\/5994\/revisions"}],"predecessor-version":[{"id":14429,"href":"https:\/\/bktkancelaria.pl\/de\/wp-json\/wp\/v2\/pages\/5994\/revisions\/14429"}],"wp:attachment":[{"href":"https:\/\/bktkancelaria.pl\/de\/wp-json\/wp\/v2\/media?parent=5994"}],"curies":[{"name":"wp","href":"https:\/\/api.w.org\/{rel}","templated":true}]}}