{"id":6409,"date":"2022-11-15T16:41:47","date_gmt":"2022-11-15T15:41:47","guid":{"rendered":"https:\/\/bktkancelaria.pl\/?page_id=6409"},"modified":"2025-06-10T09:33:18","modified_gmt":"2025-06-10T07:33:18","slug":"porady-prawne-online-dla-przedsiebiorcow","status":"publish","type":"page","link":"https:\/\/bktkancelaria.pl\/de\/online-rechtsberatung-fur-unternehmer\/","title":{"rendered":"Online-Rechtsberatung f\u00fcr Unternehmer"},"content":{"rendered":"<div data-elementor-type=\"wp-page\" data-elementor-id=\"6409\" class=\"elementor elementor-6409\" data-elementor-post-type=\"page\">\n\t\t\t\t\t\t<section class=\"elementor-section elementor-top-section elementor-element elementor-element-44ceb67d elementor-section-boxed elementor-section-height-default elementor-section-height-default\" data-id=\"44ceb67d\" data-element_type=\"section\" data-e-type=\"section\">\n\t\t\t\t\t\t<div class=\"elementor-container elementor-column-gap-default\">\n\t\t\t\t\t<div class=\"elementor-column elementor-col-100 elementor-top-column elementor-element elementor-element-949edf\" data-id=\"949edf\" data-element_type=\"column\" data-e-type=\"column\">\n\t\t\t<div class=\"elementor-widget-wrap elementor-element-populated\">\n\t\t\t\t\t\t<div class=\"elementor-element elementor-element-4b667352 elementor-widget elementor-widget-heading\" data-id=\"4b667352\" data-element_type=\"widget\" data-e-type=\"widget\" data-widget_type=\"heading.default\">\n\t\t\t\t<div class=\"elementor-widget-container\">\n\t\t\t\t\t<h1 class=\"elementor-heading-title elementor-size-default\">Online-Rechtsberatung - 30 Minuten<\/h1>\t\t\t\t<\/div>\n\t\t\t\t<\/div>\n\t\t\t\t<div class=\"elementor-element elementor-element-57bcdb35 elementor-widget-divider--view-line elementor-widget elementor-widget-divider\" data-id=\"57bcdb35\" data-element_type=\"widget\" data-e-type=\"widget\" data-widget_type=\"divider.default\">\n\t\t\t\t<div class=\"elementor-widget-container\">\n\t\t\t\t\t\t\t<div class=\"elementor-divider\">\n\t\t\t<span class=\"elementor-divider-separator\">\n\t\t\t\t\t\t<\/span>\n\t\t<\/div>\n\t\t\t\t\t\t<\/div>\n\t\t\t\t<\/div>\n\t\t\t\t<div class=\"elementor-element elementor-element-408ebb86 elementor-widget__width-initial elementor-widget elementor-widget-text-editor\" data-id=\"408ebb86\" data-element_type=\"widget\" data-e-type=\"widget\" data-widget_type=\"text-editor.default\">\n\t\t\t\t<div class=\"elementor-widget-container\">\n\t\t\t\t\t\t\t\t\t<p style=\"text-align: center;\">In der Internationalen Anwaltskanzlei unterst\u00fctzen wir Unternehmer in jeder Phase ihrer Gesch\u00e4ftst\u00e4tigkeit umfassend.\u00a0<\/p><p data-start=\"0\" data-end=\"158\">Unsere Dienstleistungen umfassen insbesondere:<\/p><ul><li data-start=\"0\" data-end=\"158\"><strong data-start=\"162\" data-end=\"197\">\u00a0Gr\u00fcndung und Eintragung von Unternehmen<\/strong> in Polen und im Ausland (Analyse der rechtlichen und wirtschaftlichen Situation, Ausarbeitung eines auf die Bed\u00fcrfnisse des Unternehmers zugeschnittenen Gesellschaftsvertrags, Registrierung bei den Beh\u00f6rden, Ausarbeitung von Beschl\u00fcssen, Erkl\u00e4rungen und Checklisten f\u00fcr den Kunden);<\/li><\/ul><ul><li data-start=\"281\" data-end=\"428\"><strong data-start=\"281\" data-end=\"306\">juristische Dienstleistungen f\u00fcr Unternehmen, darunter:<\/strong> Laufende Unternehmensberatung, Unterst\u00fctzung bei Umwandlungen, Fusionen und Spaltungen;<\/li><\/ul><ul><li data-start=\"431\" data-end=\"575\"><strong data-start=\"431\" data-end=\"467\">Ausarbeitung und Verhandlung von Vertr\u00e4gen<\/strong> Handel, Vertrieb, Leasing, Agentur, Outsourcing, Vermietung und Verpachtung;<\/li><\/ul><ul><li data-start=\"578\" data-end=\"731\"><strong data-start=\"578\" data-end=\"598\">Arbeitsrecht und HR<\/strong>Arbeitsvertr\u00e4ge, Managementvertr\u00e4ge, Vorschriften, Entlassungsprozesse (einschlie\u00dflich Gruppenentlassungen), bewertete Schulungen und Webinare f\u00fcr Mitarbeiter;\u00a0<\/li><li data-start=\"1324\" data-end=\"1475\"><strong data-start=\"1324\" data-end=\"1348\">internationales Recht<\/strong> (English Desk, German Desk): Unterst\u00fctzung bei grenz\u00fcberschreitenden Gesch\u00e4ften, Auslegung und Anwendung ausl\u00e4ndischer Vorschriften in bestimmten Gesch\u00e4ftsprozessen, z. B. bei der Einf\u00fchrung von Waren und Dienstleistungen auf ausl\u00e4ndischen M\u00e4rkten, der Entsendung von Mitarbeitern zur Erbringung von Dienstleistungen oder dem Einzug von Forderungen gegen\u00fcber Gesch\u00e4ftspartnern innerhalb der EU.<\/li><\/ul><p style=\"text-align: center;\" data-start=\"1478\" data-end=\"1559\"><strong>RECHTSBERATUNG F\u00dcR UNTERNEHMER<\/strong><\/p><p data-start=\"1478\" data-end=\"1559\">F\u00fcr alle unsere Fachgebiete bieten wir Unternehmern Rechtsberatung in Form von <strong>Online-Rechtsberatungen<\/strong>. Diese Form spart Zeit und Wissen \u00fcber die Bed\u00fcrfnisse des Unternehmers. Sie dient auch dazu, schnell das Know-how zu erwerben, um die Risiken zu minimieren, die bei unternehmerischen T\u00e4tigkeiten so h\u00e4ufig auftreten.\u00a0<\/p><p data-start=\"0\" data-end=\"57\"><strong data-start=\"0\" data-end=\"26\"><span class=\"_fadeIn_m1hgl_8\">Beratung <\/span><span class=\"_fadeIn_m1hgl_8\">legal <\/span><span class=\"_fadeIn_m1hgl_8\">f\u00fcr <\/span><span class=\"_fadeIn_m1hgl_8\">Unternehmen<\/span><\/strong> <span class=\"_fadeIn_m1hgl_8\">Es ist <\/span><span class=\"_fadeIn_m1hgl_8\">Unterst\u00fctzung, <\/span><span class=\"_fadeIn_m1hgl_8\">dank <\/span><span class=\"_fadeIn_m1hgl_8\">zu dem:<\/span><\/p><ul data-start=\"58\" data-end=\"344\"><li data-start=\"58\" data-end=\"115\"><p data-start=\"60\" data-end=\"115\"><span class=\"_fadeIn_m1hgl_8\">vermeiden <\/span><span class=\"_fadeIn_m1hgl_8\">kostspielig <\/span><span class=\"_fadeIn_m1hgl_8\">Fehler <\/span><span class=\"_fadeIn_m1hgl_8\">w <\/span><span class=\"_fadeIn_m1hgl_8\">Vertr\u00e4ge <\/span><span class=\"_fadeIn_m1hgl_8\">i <\/span><span class=\"_fadeIn_m1hgl_8\">Verfahren,<\/span><\/p><\/li><li data-start=\"116\" data-end=\"183\"><p data-start=\"118\" data-end=\"183\"><span class=\"_fadeIn_m1hgl_8\">schnell f\u00fcr<\/span><span class=\"_fadeIn_m1hgl_8\">Sie reagieren <\/span><span class=\"_fadeIn_m1hgl_8\">auf <\/span><span class=\"_fadeIn_m1hgl_8\">\u00c4nderungen <\/span><span class=\"_fadeIn_m1hgl_8\">Vorschriften <\/span><span class=\"_fadeIn_m1hgl_8\">mit Auswirkungen auf <\/span><span class=\"_fadeIn_m1hgl_8\">auf <\/span><span class=\"_fadeIn_m1hgl_8\">Ihr <\/span><span class=\"_fadeIn_m1hgl_8\">Unternehmen,<\/span><\/p><\/li><li data-start=\"260\" data-end=\"344\"><p data-start=\"262\" data-end=\"344\"><span class=\"_fadeIn_m1hgl_8\">wir k\u00fcmmern uns um Ihr rechtliches Problem, w\u00e4hrend Sie sich auf Ihre Arbeit konzentrieren k\u00f6nnen<\/span><span class=\"_fadeIn_m1hgl_8\">\u00a0<\/span><span class=\"_fadeIn_m1hgl_8\">auf <\/span><span class=\"_fadeIn_m1hgl_8\">die Entwicklung seines Unternehmens.<\/span><\/p><\/li><\/ul><p data-start=\"346\" data-end=\"508\"><span class=\"_fadeIn_m1hgl_8\">Verwenden Sie <\/span><span class=\"_fadeIn_m1hgl_8\">z <\/span><span class=\"_fadeIn_m1hgl_8\">unser <\/span><strong data-start=\"367\" data-end=\"394\"><span class=\"_fadeIn_m1hgl_8\">Tipps <\/span><span class=\"_fadeIn_m1hgl_8\">legal <\/span><span class=\"_fadeIn_m1hgl_8\">f\u00fcr <\/span><span class=\"_fadeIn_m1hgl_8\">Unternehmen<\/span><\/strong> <span class=\"_fadeIn_m1hgl_8\">i <\/span><span class=\"_fadeIn_m1hgl_8\">sicher <\/span><span class=\"_fadeIn_m1hgl_8\">jede <\/span><span class=\"_fadeIn_m1hgl_8\">Aspekt von <\/span><span class=\"_fadeIn_m1hgl_8\">seine <\/span><span class=\"_fadeIn_m1hgl_8\">Aktivit\u00e4ten - <\/span><span class=\"_fadeIn_m1hgl_8\">von <\/span><span class=\"_fadeIn_m1hgl_8\">Analysen <\/span><span class=\"_fadeIn_m1hgl_8\">vor der Transaktion <\/span><span class=\"_fadeIn_m1hgl_8\">nach <\/span><span class=\"_fadeIn_m1hgl_8\">t\u00e4glich <\/span><span class=\"_fadeIn_m1hgl_8\">Unterst\u00fctzung <\/span><span class=\"_fadeIn_m1hgl_8\">einsatzf\u00e4hig.<\/span><\/p><p style=\"text-align: center;\" data-start=\"510\" data-end=\"564\" data-is-last-node=\"\" data-is-only-node=\"\"><span class=\"_fadeIn_m1hgl_8\">\u260e\ufe0f +<\/span><span class=\"_fadeIn_m1hgl_8\">48 <\/span><span class=\"_fadeIn_m1hgl_8\">606 <\/span><span class=\"_fadeIn_m1hgl_8\">608 <\/span><span class=\"_fadeIn_m1hgl_8\">089<\/span><br data-start=\"528\" data-end=\"531\" \/><span class=\"_fadeIn_m1hgl_8\">\u2709\ufe0f <\/span><a class=\"cursor-pointer\" rel=\"noopener\" data-start=\"534\" data-end=\"562\"><span class=\"_fadeIn_m1hgl_8\">Sekretariat@<\/span><span class=\"_fadeIn_m1hgl_8\">bktkancel.<\/span><span class=\"_fadeIn_m1hgl_8\">en<\/span><\/a><\/p>\t\t\t\t\t\t\t\t<\/div>\n\t\t\t\t<\/div>\n\t\t\t\t<div class=\"elementor-element elementor-element-d0d5444 elementor-align-center elementor-mobile-align-justify elementor-invisible elementor-widget elementor-widget-button\" data-id=\"d0d5444\" data-element_type=\"widget\" data-e-type=\"widget\" data-settings=\"{&quot;_animation&quot;:&quot;fadeInUp&quot;}\" data-widget_type=\"button.default\">\n\t\t\t\t<div class=\"elementor-widget-container\">\n\t\t\t\t\t\t\t\t\t<div class=\"elementor-button-wrapper\">\n\t\t\t\t\t<a class=\"elementor-button elementor-button-link elementor-size-sm\" href=\"https:\/\/bktkancelaria.pl\/de\/produkt\/porada-prawna-online-30-minut-249-zl\/\">\n\t\t\t\t\t\t<span class=\"elementor-button-content-wrapper\">\n\t\t\t\t\t\t<span class=\"elementor-button-icon\">\n\t\t\t\t<i aria-hidden=\"true\" class=\"fas fa-long-arrow-alt-right\"><\/i>\t\t\t<\/span>\n\t\t\t\t\t\t\t\t\t<span class=\"elementor-button-text\">Details erforschen<\/span>\n\t\t\t\t\t<\/span>\n\t\t\t\t\t<\/a>\n\t\t\t\t<\/div>\n\t\t\t\t\t\t\t\t<\/div>\n\t\t\t\t<\/div>\n\t\t\t\t\t<\/div>\n\t\t<\/div>\n\t\t\t\t\t<\/div>\n\t\t<\/section>\n\t\t\t\t<\/div>","protected":false},"excerpt":{"rendered":"<p>Porady Prawne Online &#8211; 30 minut W Kancelarii Prawa Mi\u0119dzynarodowego kompleksowo wspieramy przedsi\u0119biorc\u00f3w na ka\u017cdym etapie prowadzenia biznesu. Nasze us\u0142ugi obejmuj\u0105 w szczeg\u00f3lno\u015bci: \u00a0zak\u0142adanie i rejestracj\u0119 sp\u00f3\u0142ek w Polsce i za granic\u0105 (analiz\u0119 sytuacji prawno- gospodarczej, sporz\u0105dzenie umowy sp\u00f3\u0142ki dopasowanej do potrzeb przedsi\u0119biorcy, rejestracj\u0119 w organach, sporz\u0105dzenie uchwa\u0142, o\u015bwiadcze\u0144\u00a0 oraz checklist dla klienta); obs\u0142ug\u0119 prawn\u0105 [&hellip;]<\/p>\n","protected":false},"author":1,"featured_media":0,"parent":0,"menu_order":0,"comment_status":"closed","ping_status":"closed","template":"elementor_header_footer","meta":{"footnotes":""},"class_list":["post-6409","page","type-page","status-publish","hentry"],"yoast_head":"<!-- This site is optimized with the Yoast SEO plugin v27.3 - https:\/\/yoast.com\/product\/yoast-seo-wordpress\/ -->\n<title>Porady Prawne Online Dla Przedsi\u0119biorc\u00f3w - Kancelaria Prawa Mi\u0119dzynarodowego<\/title>\n<meta name=\"robots\" content=\"index, follow, max-snippet:-1, max-image-preview:large, max-video-preview:-1\" \/>\n<link rel=\"canonical\" href=\"https:\/\/bktkancelaria.pl\/de\/online-rechtsberatung-fur-unternehmer\/\" \/>\n<meta property=\"og:locale\" content=\"de_DE\" \/>\n<meta property=\"og:type\" content=\"article\" \/>\n<meta property=\"og:title\" content=\"Porady Prawne Online Dla Przedsi\u0119biorc\u00f3w - Kancelaria Prawa Mi\u0119dzynarodowego\" \/>\n<meta property=\"og:description\" content=\"Porady Prawne Online &#8211; 30 minut W Kancelarii Prawa Mi\u0119dzynarodowego kompleksowo wspieramy przedsi\u0119biorc\u00f3w na ka\u017cdym etapie prowadzenia biznesu. Nasze us\u0142ugi obejmuj\u0105 w szczeg\u00f3lno\u015bci: \u00a0zak\u0142adanie i rejestracj\u0119 sp\u00f3\u0142ek w Polsce i za granic\u0105 (analiz\u0119 sytuacji prawno- gospodarczej, sporz\u0105dzenie umowy sp\u00f3\u0142ki dopasowanej do potrzeb przedsi\u0119biorcy, rejestracj\u0119 w organach, sporz\u0105dzenie uchwa\u0142, o\u015bwiadcze\u0144\u00a0 oraz checklist dla klienta); obs\u0142ug\u0119 prawn\u0105 [&hellip;]\" \/>\n<meta property=\"og:url\" content=\"https:\/\/bktkancelaria.pl\/de\/online-rechtsberatung-fur-unternehmer\/\" \/>\n<meta property=\"og:site_name\" content=\"Kancelaria Prawa Mi\u0119dzynarodowego - Profesjonalne wsparcie prawne w sprawach mi\u0119dzynarodowych.\" \/>\n<meta property=\"article:publisher\" content=\"https:\/\/www.facebook.com\/bktkancelaria\" \/>\n<meta property=\"article:modified_time\" content=\"2025-06-10T07:33:18+00:00\" \/>\n<meta name=\"twitter:card\" content=\"summary_large_image\" \/>\n<meta name=\"twitter:label1\" content=\"Gesch\u00e4tzte Lesezeit\" \/>\n\t<meta name=\"twitter:data1\" content=\"2\u00a0Minuten\" \/>\n<script type=\"application\/ld+json\" class=\"yoast-schema-graph\">{\"@context\":\"https:\\\/\\\/schema.org\",\"@graph\":[{\"@type\":\"WebPage\",\"@id\":\"https:\\\/\\\/bktkancelaria.pl\\\/porady-prawne-online-dla-przedsiebiorcow\\\/\",\"url\":\"https:\\\/\\\/bktkancelaria.pl\\\/porady-prawne-online-dla-przedsiebiorcow\\\/\",\"name\":\"Porady Prawne Online Dla Przedsi\u0119biorc\u00f3w - Kancelaria Prawa Mi\u0119dzynarodowego\",\"isPartOf\":{\"@id\":\"https:\\\/\\\/bktkancelaria.pl\\\/#website\"},\"datePublished\":\"2022-11-15T15:41:47+00:00\",\"dateModified\":\"2025-06-10T07:33:18+00:00\",\"breadcrumb\":{\"@id\":\"https:\\\/\\\/bktkancelaria.pl\\\/porady-prawne-online-dla-przedsiebiorcow\\\/#breadcrumb\"},\"inLanguage\":\"de\",\"potentialAction\":[{\"@type\":\"ReadAction\",\"target\":[\"https:\\\/\\\/bktkancelaria.pl\\\/porady-prawne-online-dla-przedsiebiorcow\\\/\"]}]},{\"@type\":\"BreadcrumbList\",\"@id\":\"https:\\\/\\\/bktkancelaria.pl\\\/porady-prawne-online-dla-przedsiebiorcow\\\/#breadcrumb\",\"itemListElement\":[{\"@type\":\"ListItem\",\"position\":1,\"name\":\"Strona g\u0142\u00f3wna\",\"item\":\"https:\\\/\\\/bktkancelaria.pl\\\/\"},{\"@type\":\"ListItem\",\"position\":2,\"name\":\"Porady Prawne Online Dla Przedsi\u0119biorc\u00f3w\"}]},{\"@type\":\"WebSite\",\"@id\":\"https:\\\/\\\/bktkancelaria.pl\\\/#website\",\"url\":\"https:\\\/\\\/bktkancelaria.pl\\\/\",\"name\":\"Kancelaria Prawa Mi\u0119dzynarodowego - Profesjonalne wsparcie prawne w sprawach mi\u0119dzynarodowych.\",\"description\":\"Profesjonalne doradztwo prawne od 1998 roku. \u0141\u0105czymy wieloletnie do\u015bwiadczenie z nowoczesnym podej\u015bciem do prawa mi\u0119dzynarodowego.\",\"publisher\":{\"@id\":\"https:\\\/\\\/bktkancelaria.pl\\\/#organization\"},\"potentialAction\":[{\"@type\":\"SearchAction\",\"target\":{\"@type\":\"EntryPoint\",\"urlTemplate\":\"https:\\\/\\\/bktkancelaria.pl\\\/?s={search_term_string}\"},\"query-input\":{\"@type\":\"PropertyValueSpecification\",\"valueRequired\":true,\"valueName\":\"search_term_string\"}}],\"inLanguage\":\"de\"},{\"@type\":\"Organization\",\"@id\":\"https:\\\/\\\/bktkancelaria.pl\\\/#organization\",\"name\":\"Kancelaria Prawa Mi\u0119dzynarodowego - Profesjonalne wsparcie prawne w sprawach mi\u0119dzynarodowych.\",\"url\":\"https:\\\/\\\/bktkancelaria.pl\\\/\",\"logo\":{\"@type\":\"ImageObject\",\"inLanguage\":\"de\",\"@id\":\"https:\\\/\\\/bktkancelaria.pl\\\/#\\\/schema\\\/logo\\\/image\\\/\",\"url\":\"https:\\\/\\\/bktkancelaria.pl\\\/wp-content\\\/uploads\\\/2023\\\/04\\\/Logo_.webp\",\"contentUrl\":\"https:\\\/\\\/bktkancelaria.pl\\\/wp-content\\\/uploads\\\/2023\\\/04\\\/Logo_.webp\",\"width\":600,\"height\":172,\"caption\":\"Kancelaria Prawa Mi\u0119dzynarodowego - Profesjonalne wsparcie prawne w sprawach mi\u0119dzynarodowych.\"},\"image\":{\"@id\":\"https:\\\/\\\/bktkancelaria.pl\\\/#\\\/schema\\\/logo\\\/image\\\/\"},\"sameAs\":[\"https:\\\/\\\/www.facebook.com\\\/bktkancelaria\",\"https:\\\/\\\/www.linkedin.com\\\/in\\\/beata-kielar-tammert\\\/\",\"https:\\\/\\\/www.instagram.com\\\/bktkancelaria\\\/\",\"https:\\\/\\\/www.youtube.com\\\/@kancelariabkt.radcaprawnyb5036\"]}]}<\/script>\n<!-- \/ Yoast SEO plugin. -->","yoast_head_json":{"title":"Online-Rechtsberatung f\u00fcr Unternehmer - Internationale Anwaltskanzlei","robots":{"index":"index","follow":"follow","max-snippet":"max-snippet:-1","max-image-preview":"max-image-preview:large","max-video-preview":"max-video-preview:-1"},"canonical":"https:\/\/bktkancelaria.pl\/de\/online-rechtsberatung-fur-unternehmer\/","og_locale":"de_DE","og_type":"article","og_title":"Porady Prawne Online Dla Przedsi\u0119biorc\u00f3w - Kancelaria Prawa Mi\u0119dzynarodowego","og_description":"Porady Prawne Online &#8211; 30 minut W Kancelarii Prawa Mi\u0119dzynarodowego kompleksowo wspieramy przedsi\u0119biorc\u00f3w na ka\u017cdym etapie prowadzenia biznesu. Nasze us\u0142ugi obejmuj\u0105 w szczeg\u00f3lno\u015bci: \u00a0zak\u0142adanie i rejestracj\u0119 sp\u00f3\u0142ek w Polsce i za granic\u0105 (analiz\u0119 sytuacji prawno- gospodarczej, sporz\u0105dzenie umowy sp\u00f3\u0142ki dopasowanej do potrzeb przedsi\u0119biorcy, rejestracj\u0119 w organach, sporz\u0105dzenie uchwa\u0142, o\u015bwiadcze\u0144\u00a0 oraz checklist dla klienta); obs\u0142ug\u0119 prawn\u0105 [&hellip;]","og_url":"https:\/\/bktkancelaria.pl\/de\/online-rechtsberatung-fur-unternehmer\/","og_site_name":"Kancelaria Prawa Mi\u0119dzynarodowego - Profesjonalne wsparcie prawne w sprawach mi\u0119dzynarodowych.","article_publisher":"https:\/\/www.facebook.com\/bktkancelaria","article_modified_time":"2025-06-10T07:33:18+00:00","twitter_card":"summary_large_image","twitter_misc":{"Gesch\u00e4tzte Lesezeit":"2\u00a0Minuten"},"schema":{"@context":"https:\/\/schema.org","@graph":[{"@type":"WebPage","@id":"https:\/\/bktkancelaria.pl\/porady-prawne-online-dla-przedsiebiorcow\/","url":"https:\/\/bktkancelaria.pl\/porady-prawne-online-dla-przedsiebiorcow\/","name":"Online-Rechtsberatung f\u00fcr Unternehmer - Internationale Anwaltskanzlei","isPartOf":{"@id":"https:\/\/bktkancelaria.pl\/#website"},"datePublished":"2022-11-15T15:41:47+00:00","dateModified":"2025-06-10T07:33:18+00:00","breadcrumb":{"@id":"https:\/\/bktkancelaria.pl\/porady-prawne-online-dla-przedsiebiorcow\/#breadcrumb"},"inLanguage":"de","potentialAction":[{"@type":"ReadAction","target":["https:\/\/bktkancelaria.pl\/porady-prawne-online-dla-przedsiebiorcow\/"]}]},{"@type":"BreadcrumbList","@id":"https:\/\/bktkancelaria.pl\/porady-prawne-online-dla-przedsiebiorcow\/#breadcrumb","itemListElement":[{"@type":"ListItem","position":1,"name":"Strona g\u0142\u00f3wna","item":"https:\/\/bktkancelaria.pl\/"},{"@type":"ListItem","position":2,"name":"Porady Prawne Online Dla Przedsi\u0119biorc\u00f3w"}]},{"@type":"WebSite","@id":"https:\/\/bktkancelaria.pl\/#website","url":"https:\/\/bktkancelaria.pl\/","name":"International Law Office - Professionelle rechtliche Unterst\u00fctzung in internationalen Angelegenheiten.","description":"Professionelle Rechtsberatung seit 1998. Wir verbinden langj\u00e4hrige Erfahrung mit einem modernen Ansatz im internationalen Recht.","publisher":{"@id":"https:\/\/bktkancelaria.pl\/#organization"},"potentialAction":[{"@type":"SearchAction","target":{"@type":"EntryPoint","urlTemplate":"https:\/\/bktkancelaria.pl\/?s={search_term_string}"},"query-input":{"@type":"PropertyValueSpecification","valueRequired":true,"valueName":"search_term_string"}}],"inLanguage":"de"},{"@type":"Organization","@id":"https:\/\/bktkancelaria.pl\/#organization","name":"International Law Office - Professionelle rechtliche Unterst\u00fctzung in internationalen Angelegenheiten.","url":"https:\/\/bktkancelaria.pl\/","logo":{"@type":"ImageObject","inLanguage":"de","@id":"https:\/\/bktkancelaria.pl\/#\/schema\/logo\/image\/","url":"https:\/\/bktkancelaria.pl\/wp-content\/uploads\/2023\/04\/Logo_.webp","contentUrl":"https:\/\/bktkancelaria.pl\/wp-content\/uploads\/2023\/04\/Logo_.webp","width":600,"height":172,"caption":"Kancelaria Prawa Mi\u0119dzynarodowego - Profesjonalne wsparcie prawne w sprawach mi\u0119dzynarodowych."},"image":{"@id":"https:\/\/bktkancelaria.pl\/#\/schema\/logo\/image\/"},"sameAs":["https:\/\/www.facebook.com\/bktkancelaria","https:\/\/www.linkedin.com\/in\/beata-kielar-tammert\/","https:\/\/www.instagram.com\/bktkancelaria\/","https:\/\/www.youtube.com\/@kancelariabkt.radcaprawnyb5036"]}]}},"_links":{"self":[{"href":"https:\/\/bktkancelaria.pl\/de\/wp-json\/wp\/v2\/pages\/6409","targetHints":{"allow":["GET"]}}],"collection":[{"href":"https:\/\/bktkancelaria.pl\/de\/wp-json\/wp\/v2\/pages"}],"about":[{"href":"https:\/\/bktkancelaria.pl\/de\/wp-json\/wp\/v2\/types\/page"}],"author":[{"embeddable":true,"href":"https:\/\/bktkancelaria.pl\/de\/wp-json\/wp\/v2\/users\/1"}],"replies":[{"embeddable":true,"href":"https:\/\/bktkancelaria.pl\/de\/wp-json\/wp\/v2\/comments?post=6409"}],"version-history":[{"count":11,"href":"https:\/\/bktkancelaria.pl\/de\/wp-json\/wp\/v2\/pages\/6409\/revisions"}],"predecessor-version":[{"id":16275,"href":"https:\/\/bktkancelaria.pl\/de\/wp-json\/wp\/v2\/pages\/6409\/revisions\/16275"}],"wp:attachment":[{"href":"https:\/\/bktkancelaria.pl\/de\/wp-json\/wp\/v2\/media?parent=6409"}],"curies":[{"name":"wp","href":"https:\/\/api.w.org\/{rel}","templated":true}]}}