{"id":11131,"date":"2023-04-17T16:07:21","date_gmt":"2023-04-17T14:07:21","guid":{"rendered":"https:\/\/bktkancelaria.pl\/?post_type=product&#038;p=11131"},"modified":"2025-09-21T14:00:21","modified_gmt":"2025-09-21T12:00:21","slug":"porada-prawna-online-30-minut","status":"publish","type":"product","link":"https:\/\/bktkancelaria.pl\/de\/produkt\/online-rechtsberatung-30-minuten\/","title":{"rendered":"Online-Rechtsberatung 30 Minuten"},"content":{"rendered":"<p><strong>Wie kann man online Rechtsberatung erhalten? Das ist ganz einfach!<\/strong><\/p>\n<p>Sie zahlen die Geb\u00fchr von 299,00PLN auf eine f\u00fcr Sie bequeme Weise. Sie k\u00f6nnen dies tun, indem Sie eine \u00dcberweisung auf unser in der Registerkarte \"Kontakt\" angegebenes Bankkonto t\u00e4tigen oder direkt \u00fcber das System transfer24, indem Sie auf die braune Schaltfl\u00e4che neben dem Foto klicken.<\/p>\n<p>Wenn Sie auf die Schaltfl\u00e4che klicken, geben Sie uns Ihre Daten an. Sie werden verwendet, um Sie zu kontaktieren und nur zu diesem Zweck.<\/p>\n<p>Wir rufen Sie zur\u00fcck und vereinbaren mit Ihnen einen Termin mit Ihrem Rechtsberater, sobald das Honorar auf dem Konto der Kanzlei gutgeschrieben worden ist.<\/p>\n<p><strong>Wer wird Sie rechtlich beraten?<\/strong><\/p>\n<p>Der Online-Rechtsbeistand ist derselbe wie der im B\u00fcro. Ein Rechtsberater mit langj\u00e4hriger Erfahrung wird eine L\u00f6sung f\u00fcr Ihr rechtliches Problem suchen.<\/p>\n<p><strong>Dedizierte L\u00f6sungen<\/strong><\/p>\n<p>Ein individueller Ansatz f\u00fcr den Kunden bedeutet, dass sich die Kanzlei auf die Bereitstellung von Dienstleistungen konzentriert, die auf die Bed\u00fcrfnisse des Kunden zugeschnitten sind, und nicht auf Standardl\u00f6sungen.<\/p>\n<p>Wie k\u00f6nnen wir das tun?<br \/>\nWir analysieren Ihre Bed\u00fcrfnisse und Ziele, um zu verstehen, was Sie von der Dienstleistung erwarten, und passen die Dienstleistung dann an Ihre Bed\u00fcrfnisse an, um Ihnen einen Mehrwert zu bieten, damit Sie Ihre Ziele erreichen k\u00f6nnen, Ihre Ziele.<\/p>","protected":false},"excerpt":{"rendered":"<p>Der Online-Rechtsbeistand ist derselbe wie der im B\u00fcro. Ein Rechtsberater mit langj\u00e4hriger Erfahrung wird eine L\u00f6sung f\u00fcr Ihr rechtliches Problem suchen.<\/p>\n<p><strong>Dedizierte L\u00f6sungen<\/strong><\/p>\n<p>Ein individueller Ansatz f\u00fcr den Kunden bedeutet, dass sich die Kanzlei auf die Bereitstellung von Dienstleistungen konzentriert, die auf die Bed\u00fcrfnisse des Kunden zugeschnitten sind, und nicht auf Standardl\u00f6sungen.<\/p>\n<p>Wie k\u00f6nnen wir das tun?<br \/>\nWir analysieren Ihre Bed\u00fcrfnisse und Ziele, um zu verstehen, was Sie von der Dienstleistung erwarten, und passen die Dienstleistung dann an Ihre Bed\u00fcrfnisse an, um Ihnen einen Mehrwert zu bieten, damit Sie Ihre Absichten und Ziele erreichen k\u00f6nnen, Ihre Ziele.<\/p>","protected":false},"featured_media":11134,"template":"","meta":[],"product_brand":[],"product_cat":[15],"product_tag":[],"class_list":{"0":"post-11131","1":"product","2":"type-product","3":"status-publish","4":"has-post-thumbnail","6":"product_cat-porady-prawne-online","8":"first","9":"instock","10":"downloadable","11":"virtual","12":"taxable","13":"purchasable","14":"product-type-simple"},"yoast_head":"<!-- This site is optimized with the Yoast SEO plugin v27.3 - https:\/\/yoast.com\/product\/yoast-seo-wordpress\/ -->\n<title>Porada prawna online 30 minut - Kancelaria Prawa Mi\u0119dzynarodowego<\/title>\n<meta name=\"robots\" content=\"index, follow, max-snippet:-1, max-image-preview:large, max-video-preview:-1\" \/>\n<link rel=\"canonical\" href=\"https:\/\/bktkancelaria.pl\/de\/produkt\/online-rechtsberatung-30-minuten\/\" \/>\n<meta property=\"og:locale\" content=\"de_DE\" \/>\n<meta property=\"og:type\" content=\"article\" \/>\n<meta property=\"og:title\" content=\"Porada prawna online 30 minut - Kancelaria Prawa Mi\u0119dzynarodowego\" \/>\n<meta property=\"og:description\" content=\"Pomoc prawna udzielana online jest to\u017csama z t\u0105 udzielan\u0105 w siedzibie Kancelarii. Rozwi\u0105zania Twojego problemu prawnego b\u0119dzie poszukiwa\u0142 radca prawny z wieloletnim do\u015bwiadczeniem.  Dedykowane rozwi\u0105zania  Indywidualne podej\u015bcie do Klienta oznacza, \u017ce kancelaria prawna skupia si\u0119 na zapewnieniu us\u0142ug, kt\u00f3re s\u0105 skrojone na miar\u0119 potrzeb klienta, a nie standardowe rozwi\u0105zania.  Jak to czynimy? Analizujemy Twoje potrzeby i cele, aby zrozumie\u0107, czego oczekujesz od us\u0142ugi, nast\u0119pnie dostosowujemy us\u0142ug\u0119 do Twoich potrzeb celem spe\u0142nienia Twoich oczekiwa\u0144, by dac Ci warto\u015b\u0107 dodan\u0105 w postaci realizacji zamierze\u0144 i cel\u00f3w, Twoich cel\u00f3w.\" \/>\n<meta property=\"og:url\" content=\"https:\/\/bktkancelaria.pl\/de\/produkt\/online-rechtsberatung-30-minuten\/\" \/>\n<meta property=\"og:site_name\" content=\"Kancelaria Prawa Mi\u0119dzynarodowego - Profesjonalne wsparcie prawne w sprawach mi\u0119dzynarodowych.\" \/>\n<meta property=\"article:publisher\" content=\"https:\/\/www.facebook.com\/bktkancelaria\" \/>\n<meta property=\"article:modified_time\" content=\"2025-09-21T12:00:21+00:00\" \/>\n<meta property=\"og:image\" content=\"https:\/\/bktkancelaria.pl\/wp-content\/uploads\/2023\/04\/5-1.jpg\" \/>\n\t<meta property=\"og:image:width\" content=\"900\" \/>\n\t<meta property=\"og:image:height\" content=\"644\" \/>\n\t<meta property=\"og:image:type\" content=\"image\/jpeg\" \/>\n<meta name=\"twitter:card\" content=\"summary_large_image\" \/>\n<meta name=\"twitter:label1\" content=\"Gesch\u00e4tzte Lesezeit\" \/>\n\t<meta name=\"twitter:data1\" content=\"2\u00a0Minuten\" \/>\n<script type=\"application\/ld+json\" class=\"yoast-schema-graph\">{\"@context\":\"https:\\\/\\\/schema.org\",\"@graph\":[{\"@type\":\"WebPage\",\"@id\":\"https:\\\/\\\/bktkancelaria.pl\\\/produkt\\\/porada-prawna-online-30-minut\\\/\",\"url\":\"https:\\\/\\\/bktkancelaria.pl\\\/produkt\\\/porada-prawna-online-30-minut\\\/\",\"name\":\"Porada prawna online 30 minut - Kancelaria Prawa Mi\u0119dzynarodowego\",\"isPartOf\":{\"@id\":\"https:\\\/\\\/bktkancelaria.pl\\\/#website\"},\"primaryImageOfPage\":{\"@id\":\"https:\\\/\\\/bktkancelaria.pl\\\/produkt\\\/porada-prawna-online-30-minut\\\/#primaryimage\"},\"image\":{\"@id\":\"https:\\\/\\\/bktkancelaria.pl\\\/produkt\\\/porada-prawna-online-30-minut\\\/#primaryimage\"},\"thumbnailUrl\":\"https:\\\/\\\/bktkancelaria.pl\\\/wp-content\\\/uploads\\\/2023\\\/04\\\/5-1.jpg\",\"datePublished\":\"2023-04-17T14:07:21+00:00\",\"dateModified\":\"2025-09-21T12:00:21+00:00\",\"breadcrumb\":{\"@id\":\"https:\\\/\\\/bktkancelaria.pl\\\/produkt\\\/porada-prawna-online-30-minut\\\/#breadcrumb\"},\"inLanguage\":\"de\",\"potentialAction\":[{\"@type\":\"ReadAction\",\"target\":[\"https:\\\/\\\/bktkancelaria.pl\\\/produkt\\\/porada-prawna-online-30-minut\\\/\"]}]},{\"@type\":\"ImageObject\",\"inLanguage\":\"de\",\"@id\":\"https:\\\/\\\/bktkancelaria.pl\\\/produkt\\\/porada-prawna-online-30-minut\\\/#primaryimage\",\"url\":\"https:\\\/\\\/bktkancelaria.pl\\\/wp-content\\\/uploads\\\/2023\\\/04\\\/5-1.jpg\",\"contentUrl\":\"https:\\\/\\\/bktkancelaria.pl\\\/wp-content\\\/uploads\\\/2023\\\/04\\\/5-1.jpg\",\"width\":900,\"height\":644,\"caption\":\"Porada prawna online 30 minut\"},{\"@type\":\"BreadcrumbList\",\"@id\":\"https:\\\/\\\/bktkancelaria.pl\\\/produkt\\\/porada-prawna-online-30-minut\\\/#breadcrumb\",\"itemListElement\":[{\"@type\":\"ListItem\",\"position\":1,\"name\":\"Strona g\u0142\u00f3wna\",\"item\":\"https:\\\/\\\/bktkancelaria.pl\\\/\"},{\"@type\":\"ListItem\",\"position\":2,\"name\":\"Sklep\",\"item\":\"https:\\\/\\\/bktkancelaria.pl\\\/sklep-2\\\/\"},{\"@type\":\"ListItem\",\"position\":3,\"name\":\"Porada prawna online 30 minut\"}]},{\"@type\":\"WebSite\",\"@id\":\"https:\\\/\\\/bktkancelaria.pl\\\/#website\",\"url\":\"https:\\\/\\\/bktkancelaria.pl\\\/\",\"name\":\"Kancelaria Prawa Mi\u0119dzynarodowego - Profesjonalne wsparcie prawne w sprawach mi\u0119dzynarodowych.\",\"description\":\"Profesjonalne doradztwo prawne od 1998 roku. \u0141\u0105czymy wieloletnie do\u015bwiadczenie z nowoczesnym podej\u015bciem do prawa mi\u0119dzynarodowego.\",\"publisher\":{\"@id\":\"https:\\\/\\\/bktkancelaria.pl\\\/#organization\"},\"potentialAction\":[{\"@type\":\"SearchAction\",\"target\":{\"@type\":\"EntryPoint\",\"urlTemplate\":\"https:\\\/\\\/bktkancelaria.pl\\\/?s={search_term_string}\"},\"query-input\":{\"@type\":\"PropertyValueSpecification\",\"valueRequired\":true,\"valueName\":\"search_term_string\"}}],\"inLanguage\":\"de\"},{\"@type\":\"Organization\",\"@id\":\"https:\\\/\\\/bktkancelaria.pl\\\/#organization\",\"name\":\"Kancelaria Prawa Mi\u0119dzynarodowego - Profesjonalne wsparcie prawne w sprawach mi\u0119dzynarodowych.\",\"url\":\"https:\\\/\\\/bktkancelaria.pl\\\/\",\"logo\":{\"@type\":\"ImageObject\",\"inLanguage\":\"de\",\"@id\":\"https:\\\/\\\/bktkancelaria.pl\\\/#\\\/schema\\\/logo\\\/image\\\/\",\"url\":\"https:\\\/\\\/bktkancelaria.pl\\\/wp-content\\\/uploads\\\/2023\\\/04\\\/Logo_.webp\",\"contentUrl\":\"https:\\\/\\\/bktkancelaria.pl\\\/wp-content\\\/uploads\\\/2023\\\/04\\\/Logo_.webp\",\"width\":600,\"height\":172,\"caption\":\"Kancelaria Prawa Mi\u0119dzynarodowego - Profesjonalne wsparcie prawne w sprawach mi\u0119dzynarodowych.\"},\"image\":{\"@id\":\"https:\\\/\\\/bktkancelaria.pl\\\/#\\\/schema\\\/logo\\\/image\\\/\"},\"sameAs\":[\"https:\\\/\\\/www.facebook.com\\\/bktkancelaria\",\"https:\\\/\\\/www.linkedin.com\\\/in\\\/beata-kielar-tammert\\\/\",\"https:\\\/\\\/www.instagram.com\\\/bktkancelaria\\\/\",\"https:\\\/\\\/www.youtube.com\\\/@kancelariabkt.radcaprawnyb5036\"]}]}<\/script>\n<!-- \/ Yoast SEO plugin. -->","yoast_head_json":{"title":"Rechtsberatung online in 30 Minuten - International Law Office","robots":{"index":"index","follow":"follow","max-snippet":"max-snippet:-1","max-image-preview":"max-image-preview:large","max-video-preview":"max-video-preview:-1"},"canonical":"https:\/\/bktkancelaria.pl\/de\/produkt\/online-rechtsberatung-30-minuten\/","og_locale":"de_DE","og_type":"article","og_title":"Porada prawna online 30 minut - Kancelaria Prawa Mi\u0119dzynarodowego","og_description":"Pomoc prawna udzielana online jest to\u017csama z t\u0105 udzielan\u0105 w siedzibie Kancelarii. Rozwi\u0105zania Twojego problemu prawnego b\u0119dzie poszukiwa\u0142 radca prawny z wieloletnim do\u015bwiadczeniem.  Dedykowane rozwi\u0105zania  Indywidualne podej\u015bcie do Klienta oznacza, \u017ce kancelaria prawna skupia si\u0119 na zapewnieniu us\u0142ug, kt\u00f3re s\u0105 skrojone na miar\u0119 potrzeb klienta, a nie standardowe rozwi\u0105zania.  Jak to czynimy? Analizujemy Twoje potrzeby i cele, aby zrozumie\u0107, czego oczekujesz od us\u0142ugi, nast\u0119pnie dostosowujemy us\u0142ug\u0119 do Twoich potrzeb celem spe\u0142nienia Twoich oczekiwa\u0144, by dac Ci warto\u015b\u0107 dodan\u0105 w postaci realizacji zamierze\u0144 i cel\u00f3w, Twoich cel\u00f3w.","og_url":"https:\/\/bktkancelaria.pl\/de\/produkt\/online-rechtsberatung-30-minuten\/","og_site_name":"Kancelaria Prawa Mi\u0119dzynarodowego - Profesjonalne wsparcie prawne w sprawach mi\u0119dzynarodowych.","article_publisher":"https:\/\/www.facebook.com\/bktkancelaria","article_modified_time":"2025-09-21T12:00:21+00:00","og_image":[{"width":900,"height":644,"url":"https:\/\/bktkancelaria.pl\/wp-content\/uploads\/2023\/04\/5-1.jpg","type":"image\/jpeg"}],"twitter_card":"summary_large_image","twitter_misc":{"Gesch\u00e4tzte Lesezeit":"2\u00a0Minuten"},"schema":{"@context":"https:\/\/schema.org","@graph":[{"@type":"WebPage","@id":"https:\/\/bktkancelaria.pl\/produkt\/porada-prawna-online-30-minut\/","url":"https:\/\/bktkancelaria.pl\/produkt\/porada-prawna-online-30-minut\/","name":"Rechtsberatung online in 30 Minuten - International Law Office","isPartOf":{"@id":"https:\/\/bktkancelaria.pl\/#website"},"primaryImageOfPage":{"@id":"https:\/\/bktkancelaria.pl\/produkt\/porada-prawna-online-30-minut\/#primaryimage"},"image":{"@id":"https:\/\/bktkancelaria.pl\/produkt\/porada-prawna-online-30-minut\/#primaryimage"},"thumbnailUrl":"https:\/\/bktkancelaria.pl\/wp-content\/uploads\/2023\/04\/5-1.jpg","datePublished":"2023-04-17T14:07:21+00:00","dateModified":"2025-09-21T12:00:21+00:00","breadcrumb":{"@id":"https:\/\/bktkancelaria.pl\/produkt\/porada-prawna-online-30-minut\/#breadcrumb"},"inLanguage":"de","potentialAction":[{"@type":"ReadAction","target":["https:\/\/bktkancelaria.pl\/produkt\/porada-prawna-online-30-minut\/"]}]},{"@type":"ImageObject","inLanguage":"de","@id":"https:\/\/bktkancelaria.pl\/produkt\/porada-prawna-online-30-minut\/#primaryimage","url":"https:\/\/bktkancelaria.pl\/wp-content\/uploads\/2023\/04\/5-1.jpg","contentUrl":"https:\/\/bktkancelaria.pl\/wp-content\/uploads\/2023\/04\/5-1.jpg","width":900,"height":644,"caption":"Porada prawna online 30 minut"},{"@type":"BreadcrumbList","@id":"https:\/\/bktkancelaria.pl\/produkt\/porada-prawna-online-30-minut\/#breadcrumb","itemListElement":[{"@type":"ListItem","position":1,"name":"Strona g\u0142\u00f3wna","item":"https:\/\/bktkancelaria.pl\/"},{"@type":"ListItem","position":2,"name":"Sklep","item":"https:\/\/bktkancelaria.pl\/sklep-2\/"},{"@type":"ListItem","position":3,"name":"Porada prawna online 30 minut"}]},{"@type":"WebSite","@id":"https:\/\/bktkancelaria.pl\/#website","url":"https:\/\/bktkancelaria.pl\/","name":"International Law Office - Professionelle rechtliche Unterst\u00fctzung in internationalen Angelegenheiten.","description":"Professionelle Rechtsberatung seit 1998. Wir verbinden langj\u00e4hrige Erfahrung mit einem modernen Ansatz im internationalen Recht.","publisher":{"@id":"https:\/\/bktkancelaria.pl\/#organization"},"potentialAction":[{"@type":"SearchAction","target":{"@type":"EntryPoint","urlTemplate":"https:\/\/bktkancelaria.pl\/?s={search_term_string}"},"query-input":{"@type":"PropertyValueSpecification","valueRequired":true,"valueName":"search_term_string"}}],"inLanguage":"de"},{"@type":"Organization","@id":"https:\/\/bktkancelaria.pl\/#organization","name":"International Law Office - Professionelle rechtliche Unterst\u00fctzung in internationalen Angelegenheiten.","url":"https:\/\/bktkancelaria.pl\/","logo":{"@type":"ImageObject","inLanguage":"de","@id":"https:\/\/bktkancelaria.pl\/#\/schema\/logo\/image\/","url":"https:\/\/bktkancelaria.pl\/wp-content\/uploads\/2023\/04\/Logo_.webp","contentUrl":"https:\/\/bktkancelaria.pl\/wp-content\/uploads\/2023\/04\/Logo_.webp","width":600,"height":172,"caption":"Kancelaria Prawa Mi\u0119dzynarodowego - Profesjonalne wsparcie prawne w sprawach mi\u0119dzynarodowych."},"image":{"@id":"https:\/\/bktkancelaria.pl\/#\/schema\/logo\/image\/"},"sameAs":["https:\/\/www.facebook.com\/bktkancelaria","https:\/\/www.linkedin.com\/in\/beata-kielar-tammert\/","https:\/\/www.instagram.com\/bktkancelaria\/","https:\/\/www.youtube.com\/@kancelariabkt.radcaprawnyb5036"]}]}},"_links":{"self":[{"href":"https:\/\/bktkancelaria.pl\/de\/wp-json\/wp\/v2\/product\/11131","targetHints":{"allow":["GET"]}}],"collection":[{"href":"https:\/\/bktkancelaria.pl\/de\/wp-json\/wp\/v2\/product"}],"about":[{"href":"https:\/\/bktkancelaria.pl\/de\/wp-json\/wp\/v2\/types\/product"}],"version-history":[{"count":5,"href":"https:\/\/bktkancelaria.pl\/de\/wp-json\/wp\/v2\/product\/11131\/revisions"}],"predecessor-version":[{"id":17228,"href":"https:\/\/bktkancelaria.pl\/de\/wp-json\/wp\/v2\/product\/11131\/revisions\/17228"}],"wp:featuredmedia":[{"embeddable":true,"href":"https:\/\/bktkancelaria.pl\/de\/wp-json\/wp\/v2\/media\/11134"}],"wp:attachment":[{"href":"https:\/\/bktkancelaria.pl\/de\/wp-json\/wp\/v2\/media?parent=11131"}],"wp:term":[{"taxonomy":"product_brand","embeddable":true,"href":"https:\/\/bktkancelaria.pl\/de\/wp-json\/wp\/v2\/product_brand?post=11131"},{"taxonomy":"product_cat","embeddable":true,"href":"https:\/\/bktkancelaria.pl\/de\/wp-json\/wp\/v2\/product_cat?post=11131"},{"taxonomy":"product_tag","embeddable":true,"href":"https:\/\/bktkancelaria.pl\/de\/wp-json\/wp\/v2\/product_tag?post=11131"}],"curies":[{"name":"wp","href":"https:\/\/api.w.org\/{rel}","templated":true}]}}