{"id":11135,"date":"2023-04-17T16:53:20","date_gmt":"2023-04-17T14:53:20","guid":{"rendered":"https:\/\/bktkancelaria.pl\/?post_type=product&#038;p=11135"},"modified":"2024-08-26T13:28:55","modified_gmt":"2024-08-26T11:28:55","slug":"porada-prawna-online-60-minut","status":"publish","type":"product","link":"https:\/\/bktkancelaria.pl\/de\/produkt\/online-rechtsberatung-60-minuten\/","title":{"rendered":"Online-Rechtsberatung 60 Minuten"},"content":{"rendered":"<p><strong>Wie macht man das? Das ist ganz einfach!<\/strong><\/p>\n<p>Sie zahlen die Geb\u00fchr von 499,00PLN auf eine f\u00fcr Sie bequeme Weise. Sie k\u00f6nnen dies tun, indem Sie eine \u00dcberweisung auf unser in der Registerkarte \"Kontakt\" angegebenes Bankkonto t\u00e4tigen oder direkt \u00fcber das System transfer24, indem Sie auf die braune Schaltfl\u00e4che neben dem Foto klicken.<\/p>\n<p>Nachdem Sie die Schaltfl\u00e4che gedr\u00fcckt haben, geben Sie uns Ihre Daten an. Diese werden verwendet, um Sie zu kontaktieren.<\/p>\n<p>Wir rufen Sie zur\u00fcck und vereinbaren mit Ihnen einen Termin mit Ihrem Rechtsberater, sobald das Honorar auf dem Konto der Kanzlei gutgeschrieben worden ist.<\/p>\n<p>Die Rechtsberatung per Telefon oder \u00fcber die Internetplattform google meet, zoom oder teams dauert bis zu 60 Minuten. Wenn Sie m\u00f6chten, dass der Rechtsberater die Dokumente analysiert, k\u00f6nnen Sie diese vor der Beratung per E-Mail an sekretariat@bktkancelaria.pl schicken. Die Anzahl der Dokumente darf 5 Seiten im Format A 4 nicht \u00fcberschreiten. 30 Minuten der kostenpflichtigen Rechtsberatung wird der Anwalt f\u00fcr die Analyse verwenden, die anderen 30 Minuten f\u00fcr die Kontaktaufnahme mit Ihnen auf die von Ihnen gew\u00e4hlte Weise - per Telefon oder Videokonferenz.  Vergessen Sie nicht, Ihre Fragen vorzubereiten und machen Sie sich keine Sorgen. Wir z\u00e4hlen die Zeit nicht wie in einer Apotheke.<\/p>\n<p><strong>Wer wird Sie rechtlich beraten?<\/strong><\/p>\n<p>Der Online-Rechtsbeistand ist derselbe wie der im B\u00fcro. Ein Rechtsberater mit langj\u00e4hriger Erfahrung wird eine L\u00f6sung f\u00fcr Ihr rechtliches Problem suchen.<\/p>\n<p><strong>Dedizierte L\u00f6sungen<\/strong><\/p>\n<p>Ein ma\u00dfgeschneiderter Ansatz f\u00fcr den Kunden bedeutet, dass sich die Anwaltskanzlei auf die Bereitstellung von Dienstleistungen konzentriert, die auf die Bed\u00fcrfnisse des Kunden zugeschnitten sind, und nicht auf Standardl\u00f6sungen. Wie machen wir das?<br \/>\nWir analysieren Ihre Bed\u00fcrfnisse und Ziele, um zu verstehen, was Sie von der Dienstleistung erwarten, und passen die Dienstleistung dann an Ihre Bed\u00fcrfnisse an, um Ihnen einen Mehrwert zu bieten, damit Sie Ihre Absichten und Ziele erreichen k\u00f6nnen, Ihre Ziele.<\/p>","protected":false},"excerpt":{"rendered":"<p>Jak to zrobi\u0107? To proste! Ty uiszczasz op\u0142at\u0119\u00a0 w wysoko\u015bci 499,00PLN w dogodny dla Ciebie spos\u00f3b. Mo\u017cesz to uczyni\u0107 dokonuj\u0105c przelewu na nasze konto bankowe podane w zak\u0142adce &#8222;kontakt&#8221; lub bezpo\u015brednio poprzez system przelew\u00f3w24 klikaj\u0105c w br\u0105zowy przycisk obok zdj\u0119cia. Po wci\u015bni\u0119ciu przycisku podaj nam swoje dane. B\u0119d\u0105 one wykorzystane do kontaktu z Tob\u0105. My [&hellip;]<\/p>\n","protected":false},"featured_media":11133,"template":"","meta":[],"product_brand":[],"product_cat":[15],"product_tag":[],"class_list":{"0":"post-11135","1":"product","2":"type-product","3":"status-publish","4":"has-post-thumbnail","6":"product_cat-porady-prawne-online","8":"first","9":"instock","10":"downloadable","11":"virtual","12":"taxable","13":"purchasable","14":"product-type-simple"},"yoast_head":"<!-- This site is optimized with the Yoast SEO plugin v27.3 - https:\/\/yoast.com\/product\/yoast-seo-wordpress\/ -->\n<title>Porada prawna online 60 minut - Kancelaria Prawa Mi\u0119dzynarodowego<\/title>\n<meta name=\"robots\" content=\"index, follow, max-snippet:-1, max-image-preview:large, max-video-preview:-1\" \/>\n<link rel=\"canonical\" href=\"https:\/\/bktkancelaria.pl\/de\/produkt\/online-rechtsberatung-60-minuten\/\" \/>\n<meta property=\"og:locale\" content=\"de_DE\" \/>\n<meta property=\"og:type\" content=\"article\" \/>\n<meta property=\"og:title\" content=\"Porada prawna online 60 minut - Kancelaria Prawa Mi\u0119dzynarodowego\" \/>\n<meta property=\"og:description\" content=\"Jak to zrobi\u0107? To proste! Ty uiszczasz op\u0142at\u0119\u00a0 w wysoko\u015bci 499,00PLN w dogodny dla Ciebie spos\u00f3b. Mo\u017cesz to uczyni\u0107 dokonuj\u0105c przelewu na nasze konto bankowe podane w zak\u0142adce &#8222;kontakt&#8221; lub bezpo\u015brednio poprzez system przelew\u00f3w24 klikaj\u0105c w br\u0105zowy przycisk obok zdj\u0119cia. Po wci\u015bni\u0119ciu przycisku podaj nam swoje dane. B\u0119d\u0105 one wykorzystane do kontaktu z Tob\u0105. My [&hellip;]\" \/>\n<meta property=\"og:url\" content=\"https:\/\/bktkancelaria.pl\/de\/produkt\/online-rechtsberatung-60-minuten\/\" \/>\n<meta property=\"og:site_name\" content=\"Kancelaria Prawa Mi\u0119dzynarodowego - Profesjonalne wsparcie prawne w sprawach mi\u0119dzynarodowych.\" \/>\n<meta property=\"article:publisher\" content=\"https:\/\/www.facebook.com\/bktkancelaria\" \/>\n<meta property=\"article:modified_time\" content=\"2024-08-26T11:28:55+00:00\" \/>\n<meta property=\"og:image\" content=\"https:\/\/bktkancelaria.pl\/wp-content\/uploads\/2023\/04\/7-1.jpg\" \/>\n\t<meta property=\"og:image:width\" content=\"900\" \/>\n\t<meta property=\"og:image:height\" content=\"644\" \/>\n\t<meta property=\"og:image:type\" content=\"image\/jpeg\" \/>\n<meta name=\"twitter:card\" content=\"summary_large_image\" \/>\n<meta name=\"twitter:label1\" content=\"Gesch\u00e4tzte Lesezeit\" \/>\n\t<meta name=\"twitter:data1\" content=\"2\u00a0Minuten\" \/>\n<script type=\"application\/ld+json\" class=\"yoast-schema-graph\">{\"@context\":\"https:\\\/\\\/schema.org\",\"@graph\":[{\"@type\":\"WebPage\",\"@id\":\"https:\\\/\\\/bktkancelaria.pl\\\/produkt\\\/porada-prawna-online-60-minut\\\/\",\"url\":\"https:\\\/\\\/bktkancelaria.pl\\\/produkt\\\/porada-prawna-online-60-minut\\\/\",\"name\":\"Porada prawna online 60 minut - Kancelaria Prawa Mi\u0119dzynarodowego\",\"isPartOf\":{\"@id\":\"https:\\\/\\\/bktkancelaria.pl\\\/#website\"},\"primaryImageOfPage\":{\"@id\":\"https:\\\/\\\/bktkancelaria.pl\\\/produkt\\\/porada-prawna-online-60-minut\\\/#primaryimage\"},\"image\":{\"@id\":\"https:\\\/\\\/bktkancelaria.pl\\\/produkt\\\/porada-prawna-online-60-minut\\\/#primaryimage\"},\"thumbnailUrl\":\"https:\\\/\\\/bktkancelaria.pl\\\/wp-content\\\/uploads\\\/2023\\\/04\\\/7-1.jpg\",\"datePublished\":\"2023-04-17T14:53:20+00:00\",\"dateModified\":\"2024-08-26T11:28:55+00:00\",\"breadcrumb\":{\"@id\":\"https:\\\/\\\/bktkancelaria.pl\\\/produkt\\\/porada-prawna-online-60-minut\\\/#breadcrumb\"},\"inLanguage\":\"de\",\"potentialAction\":[{\"@type\":\"ReadAction\",\"target\":[\"https:\\\/\\\/bktkancelaria.pl\\\/produkt\\\/porada-prawna-online-60-minut\\\/\"]}]},{\"@type\":\"ImageObject\",\"inLanguage\":\"de\",\"@id\":\"https:\\\/\\\/bktkancelaria.pl\\\/produkt\\\/porada-prawna-online-60-minut\\\/#primaryimage\",\"url\":\"https:\\\/\\\/bktkancelaria.pl\\\/wp-content\\\/uploads\\\/2023\\\/04\\\/7-1.jpg\",\"contentUrl\":\"https:\\\/\\\/bktkancelaria.pl\\\/wp-content\\\/uploads\\\/2023\\\/04\\\/7-1.jpg\",\"width\":900,\"height\":644,\"caption\":\"Porada prawna online 60 minut - 449 z\u0142\"},{\"@type\":\"BreadcrumbList\",\"@id\":\"https:\\\/\\\/bktkancelaria.pl\\\/produkt\\\/porada-prawna-online-60-minut\\\/#breadcrumb\",\"itemListElement\":[{\"@type\":\"ListItem\",\"position\":1,\"name\":\"Strona g\u0142\u00f3wna\",\"item\":\"https:\\\/\\\/bktkancelaria.pl\\\/\"},{\"@type\":\"ListItem\",\"position\":2,\"name\":\"Sklep\",\"item\":\"https:\\\/\\\/bktkancelaria.pl\\\/sklep-2\\\/\"},{\"@type\":\"ListItem\",\"position\":3,\"name\":\"Porada prawna online 60 minut\"}]},{\"@type\":\"WebSite\",\"@id\":\"https:\\\/\\\/bktkancelaria.pl\\\/#website\",\"url\":\"https:\\\/\\\/bktkancelaria.pl\\\/\",\"name\":\"Kancelaria Prawa Mi\u0119dzynarodowego - Profesjonalne wsparcie prawne w sprawach mi\u0119dzynarodowych.\",\"description\":\"Profesjonalne doradztwo prawne od 1998 roku. \u0141\u0105czymy wieloletnie do\u015bwiadczenie z nowoczesnym podej\u015bciem do prawa mi\u0119dzynarodowego.\",\"publisher\":{\"@id\":\"https:\\\/\\\/bktkancelaria.pl\\\/#organization\"},\"potentialAction\":[{\"@type\":\"SearchAction\",\"target\":{\"@type\":\"EntryPoint\",\"urlTemplate\":\"https:\\\/\\\/bktkancelaria.pl\\\/?s={search_term_string}\"},\"query-input\":{\"@type\":\"PropertyValueSpecification\",\"valueRequired\":true,\"valueName\":\"search_term_string\"}}],\"inLanguage\":\"de\"},{\"@type\":\"Organization\",\"@id\":\"https:\\\/\\\/bktkancelaria.pl\\\/#organization\",\"name\":\"Kancelaria Prawa Mi\u0119dzynarodowego - Profesjonalne wsparcie prawne w sprawach mi\u0119dzynarodowych.\",\"url\":\"https:\\\/\\\/bktkancelaria.pl\\\/\",\"logo\":{\"@type\":\"ImageObject\",\"inLanguage\":\"de\",\"@id\":\"https:\\\/\\\/bktkancelaria.pl\\\/#\\\/schema\\\/logo\\\/image\\\/\",\"url\":\"https:\\\/\\\/bktkancelaria.pl\\\/wp-content\\\/uploads\\\/2023\\\/04\\\/Logo_.webp\",\"contentUrl\":\"https:\\\/\\\/bktkancelaria.pl\\\/wp-content\\\/uploads\\\/2023\\\/04\\\/Logo_.webp\",\"width\":600,\"height\":172,\"caption\":\"Kancelaria Prawa Mi\u0119dzynarodowego - Profesjonalne wsparcie prawne w sprawach mi\u0119dzynarodowych.\"},\"image\":{\"@id\":\"https:\\\/\\\/bktkancelaria.pl\\\/#\\\/schema\\\/logo\\\/image\\\/\"},\"sameAs\":[\"https:\\\/\\\/www.facebook.com\\\/bktkancelaria\",\"https:\\\/\\\/www.linkedin.com\\\/in\\\/beata-kielar-tammert\\\/\",\"https:\\\/\\\/www.instagram.com\\\/bktkancelaria\\\/\",\"https:\\\/\\\/www.youtube.com\\\/@kancelariabkt.radcaprawnyb5036\"]}]}<\/script>\n<!-- \/ Yoast SEO plugin. -->","yoast_head_json":{"title":"Rechtsberatung online in 60 Minuten - International Law Office","robots":{"index":"index","follow":"follow","max-snippet":"max-snippet:-1","max-image-preview":"max-image-preview:large","max-video-preview":"max-video-preview:-1"},"canonical":"https:\/\/bktkancelaria.pl\/de\/produkt\/online-rechtsberatung-60-minuten\/","og_locale":"de_DE","og_type":"article","og_title":"Porada prawna online 60 minut - Kancelaria Prawa Mi\u0119dzynarodowego","og_description":"Jak to zrobi\u0107? To proste! Ty uiszczasz op\u0142at\u0119\u00a0 w wysoko\u015bci 499,00PLN w dogodny dla Ciebie spos\u00f3b. Mo\u017cesz to uczyni\u0107 dokonuj\u0105c przelewu na nasze konto bankowe podane w zak\u0142adce &#8222;kontakt&#8221; lub bezpo\u015brednio poprzez system przelew\u00f3w24 klikaj\u0105c w br\u0105zowy przycisk obok zdj\u0119cia. Po wci\u015bni\u0119ciu przycisku podaj nam swoje dane. B\u0119d\u0105 one wykorzystane do kontaktu z Tob\u0105. My [&hellip;]","og_url":"https:\/\/bktkancelaria.pl\/de\/produkt\/online-rechtsberatung-60-minuten\/","og_site_name":"Kancelaria Prawa Mi\u0119dzynarodowego - Profesjonalne wsparcie prawne w sprawach mi\u0119dzynarodowych.","article_publisher":"https:\/\/www.facebook.com\/bktkancelaria","article_modified_time":"2024-08-26T11:28:55+00:00","og_image":[{"width":900,"height":644,"url":"https:\/\/bktkancelaria.pl\/wp-content\/uploads\/2023\/04\/7-1.jpg","type":"image\/jpeg"}],"twitter_card":"summary_large_image","twitter_misc":{"Gesch\u00e4tzte Lesezeit":"2\u00a0Minuten"},"schema":{"@context":"https:\/\/schema.org","@graph":[{"@type":"WebPage","@id":"https:\/\/bktkancelaria.pl\/produkt\/porada-prawna-online-60-minut\/","url":"https:\/\/bktkancelaria.pl\/produkt\/porada-prawna-online-60-minut\/","name":"Rechtsberatung online in 60 Minuten - International Law Office","isPartOf":{"@id":"https:\/\/bktkancelaria.pl\/#website"},"primaryImageOfPage":{"@id":"https:\/\/bktkancelaria.pl\/produkt\/porada-prawna-online-60-minut\/#primaryimage"},"image":{"@id":"https:\/\/bktkancelaria.pl\/produkt\/porada-prawna-online-60-minut\/#primaryimage"},"thumbnailUrl":"https:\/\/bktkancelaria.pl\/wp-content\/uploads\/2023\/04\/7-1.jpg","datePublished":"2023-04-17T14:53:20+00:00","dateModified":"2024-08-26T11:28:55+00:00","breadcrumb":{"@id":"https:\/\/bktkancelaria.pl\/produkt\/porada-prawna-online-60-minut\/#breadcrumb"},"inLanguage":"de","potentialAction":[{"@type":"ReadAction","target":["https:\/\/bktkancelaria.pl\/produkt\/porada-prawna-online-60-minut\/"]}]},{"@type":"ImageObject","inLanguage":"de","@id":"https:\/\/bktkancelaria.pl\/produkt\/porada-prawna-online-60-minut\/#primaryimage","url":"https:\/\/bktkancelaria.pl\/wp-content\/uploads\/2023\/04\/7-1.jpg","contentUrl":"https:\/\/bktkancelaria.pl\/wp-content\/uploads\/2023\/04\/7-1.jpg","width":900,"height":644,"caption":"Porada prawna online 60 minut - 449 z\u0142"},{"@type":"BreadcrumbList","@id":"https:\/\/bktkancelaria.pl\/produkt\/porada-prawna-online-60-minut\/#breadcrumb","itemListElement":[{"@type":"ListItem","position":1,"name":"Strona g\u0142\u00f3wna","item":"https:\/\/bktkancelaria.pl\/"},{"@type":"ListItem","position":2,"name":"Sklep","item":"https:\/\/bktkancelaria.pl\/sklep-2\/"},{"@type":"ListItem","position":3,"name":"Porada prawna online 60 minut"}]},{"@type":"WebSite","@id":"https:\/\/bktkancelaria.pl\/#website","url":"https:\/\/bktkancelaria.pl\/","name":"International Law Office - Professionelle rechtliche Unterst\u00fctzung in internationalen Angelegenheiten.","description":"Professionelle Rechtsberatung seit 1998. Wir verbinden langj\u00e4hrige Erfahrung mit einem modernen Ansatz im internationalen Recht.","publisher":{"@id":"https:\/\/bktkancelaria.pl\/#organization"},"potentialAction":[{"@type":"SearchAction","target":{"@type":"EntryPoint","urlTemplate":"https:\/\/bktkancelaria.pl\/?s={search_term_string}"},"query-input":{"@type":"PropertyValueSpecification","valueRequired":true,"valueName":"search_term_string"}}],"inLanguage":"de"},{"@type":"Organization","@id":"https:\/\/bktkancelaria.pl\/#organization","name":"International Law Office - Professionelle rechtliche Unterst\u00fctzung in internationalen Angelegenheiten.","url":"https:\/\/bktkancelaria.pl\/","logo":{"@type":"ImageObject","inLanguage":"de","@id":"https:\/\/bktkancelaria.pl\/#\/schema\/logo\/image\/","url":"https:\/\/bktkancelaria.pl\/wp-content\/uploads\/2023\/04\/Logo_.webp","contentUrl":"https:\/\/bktkancelaria.pl\/wp-content\/uploads\/2023\/04\/Logo_.webp","width":600,"height":172,"caption":"Kancelaria Prawa Mi\u0119dzynarodowego - Profesjonalne wsparcie prawne w sprawach mi\u0119dzynarodowych."},"image":{"@id":"https:\/\/bktkancelaria.pl\/#\/schema\/logo\/image\/"},"sameAs":["https:\/\/www.facebook.com\/bktkancelaria","https:\/\/www.linkedin.com\/in\/beata-kielar-tammert\/","https:\/\/www.instagram.com\/bktkancelaria\/","https:\/\/www.youtube.com\/@kancelariabkt.radcaprawnyb5036"]}]}},"_links":{"self":[{"href":"https:\/\/bktkancelaria.pl\/de\/wp-json\/wp\/v2\/product\/11135","targetHints":{"allow":["GET"]}}],"collection":[{"href":"https:\/\/bktkancelaria.pl\/de\/wp-json\/wp\/v2\/product"}],"about":[{"href":"https:\/\/bktkancelaria.pl\/de\/wp-json\/wp\/v2\/types\/product"}],"version-history":[{"count":2,"href":"https:\/\/bktkancelaria.pl\/de\/wp-json\/wp\/v2\/product\/11135\/revisions"}],"predecessor-version":[{"id":14714,"href":"https:\/\/bktkancelaria.pl\/de\/wp-json\/wp\/v2\/product\/11135\/revisions\/14714"}],"wp:featuredmedia":[{"embeddable":true,"href":"https:\/\/bktkancelaria.pl\/de\/wp-json\/wp\/v2\/media\/11133"}],"wp:attachment":[{"href":"https:\/\/bktkancelaria.pl\/de\/wp-json\/wp\/v2\/media?parent=11135"}],"wp:term":[{"taxonomy":"product_brand","embeddable":true,"href":"https:\/\/bktkancelaria.pl\/de\/wp-json\/wp\/v2\/product_brand?post=11135"},{"taxonomy":"product_cat","embeddable":true,"href":"https:\/\/bktkancelaria.pl\/de\/wp-json\/wp\/v2\/product_cat?post=11135"},{"taxonomy":"product_tag","embeddable":true,"href":"https:\/\/bktkancelaria.pl\/de\/wp-json\/wp\/v2\/product_tag?post=11135"}],"curies":[{"name":"wp","href":"https:\/\/api.w.org\/{rel}","templated":true}]}}