{"id":15229,"date":"2025-06-10T09:39:54","date_gmt":"2025-06-10T07:39:54","guid":{"rendered":"https:\/\/bktkancelaria.pl\/?page_id=15229"},"modified":"2025-06-10T09:39:54","modified_gmt":"2025-06-10T07:39:54","slug":"referencje-kancelarii-prawa-miedzynarodowego","status":"publish","type":"page","link":"https:\/\/bktkancelaria.pl\/en\/references-from-international-law-firms\/","title":{"rendered":"References of the International Law Office"},"content":{"rendered":"<div data-elementor-type=\"wp-post\" data-elementor-id=\"15229\" class=\"elementor elementor-15229\" data-elementor-post-type=\"page\">\n\t\t\t\t\t\t<section class=\"elementor-section elementor-top-section elementor-element elementor-element-3310dc7 elementor-section-boxed elementor-section-height-default elementor-section-height-default\" data-id=\"3310dc7\" data-element_type=\"section\" data-e-type=\"section\">\n\t\t\t\t\t\t<div class=\"elementor-container elementor-column-gap-default\">\n\t\t\t\t\t<div class=\"elementor-column elementor-col-100 elementor-top-column elementor-element elementor-element-23974bb\" data-id=\"23974bb\" data-element_type=\"column\" data-e-type=\"column\">\n\t\t\t<div class=\"elementor-widget-wrap elementor-element-populated\">\n\t\t\t\t\t\t<div class=\"elementor-element elementor-element-e92aec3 elementor-widget elementor-widget-heading\" data-id=\"e92aec3\" data-element_type=\"widget\" data-e-type=\"widget\" data-widget_type=\"heading.default\">\n\t\t\t\t<div class=\"elementor-widget-container\">\n\t\t\t\t\t<h2 class=\"elementor-heading-title elementor-size-default\"><h2 data-elementor-setting-key=\"title\" data-pen-placeholder=\"Pisz tutaj...\" style=\"font-weight: 500;text-align: center\">References of the International Law Office<\/h2><\/h2>\t\t\t\t<\/div>\n\t\t\t\t<\/div>\n\t\t\t\t\t<\/div>\n\t\t<\/div>\n\t\t\t\t\t<\/div>\n\t\t<\/section>\n\t\t\t\t<section class=\"elementor-section elementor-top-section elementor-element elementor-element-9284922 elementor-section-boxed elementor-section-height-default elementor-section-height-default\" data-id=\"9284922\" data-element_type=\"section\" data-e-type=\"section\">\n\t\t\t\t\t\t<div class=\"elementor-container elementor-column-gap-default\">\n\t\t\t\t\t<div class=\"elementor-column elementor-col-100 elementor-top-column elementor-element elementor-element-b613301\" data-id=\"b613301\" data-element_type=\"column\" data-e-type=\"column\">\n\t\t\t<div class=\"elementor-widget-wrap elementor-element-populated\">\n\t\t\t\t\t\t<div class=\"elementor-element elementor-element-bcb7579 elementor-widget-divider--view-line elementor-widget elementor-widget-divider\" data-id=\"bcb7579\" data-element_type=\"widget\" data-e-type=\"widget\" data-widget_type=\"divider.default\">\n\t\t\t\t<div class=\"elementor-widget-container\">\n\t\t\t\t\t\t\t<div class=\"elementor-divider\">\n\t\t\t<span class=\"elementor-divider-separator\">\n\t\t\t\t\t\t<\/span>\n\t\t<\/div>\n\t\t\t\t\t\t<\/div>\n\t\t\t\t<\/div>\n\t\t\t\t\t<\/div>\n\t\t<\/div>\n\t\t\t\t\t<\/div>\n\t\t<\/section>\n\t\t\t\t<section class=\"elementor-section elementor-top-section elementor-element elementor-element-a7632be elementor-section-boxed elementor-section-height-default elementor-section-height-default\" data-id=\"a7632be\" data-element_type=\"section\" data-e-type=\"section\">\n\t\t\t\t\t\t<div class=\"elementor-container elementor-column-gap-default\">\n\t\t\t\t\t<div class=\"elementor-column elementor-col-100 elementor-top-column elementor-element elementor-element-968c062\" data-id=\"968c062\" data-element_type=\"column\" data-e-type=\"column\">\n\t\t\t<div class=\"elementor-widget-wrap elementor-element-populated\">\n\t\t\t\t\t\t<div class=\"elementor-element elementor-element-3c527c9 elementor-arrows-position-outside elementor-pagination-position-outside elementor-widget elementor-widget-image-carousel\" data-id=\"3c527c9\" data-element_type=\"widget\" data-e-type=\"widget\" data-settings=\"{&quot;autoplay_speed&quot;:7000,&quot;navigation&quot;:&quot;both&quot;,&quot;autoplay&quot;:&quot;yes&quot;,&quot;pause_on_hover&quot;:&quot;yes&quot;,&quot;pause_on_interaction&quot;:&quot;yes&quot;,&quot;infinite&quot;:&quot;yes&quot;,&quot;speed&quot;:500}\" data-widget_type=\"image-carousel.default\">\n\t\t\t\t<div class=\"elementor-widget-container\">\n\t\t\t\t\t\t\t<div class=\"elementor-image-carousel-wrapper swiper\" role=\"region\" aria-roledescription=\"carousel\" aria-label=\"Image carousel\" dir=\"ltr\">\n\t\t\t<div class=\"elementor-image-carousel swiper-wrapper\" aria-live=\"off\">\n\t\t\t\t\t\t\t\t<div class=\"swiper-slide\" role=\"group\" aria-roledescription=\"slide\" aria-label=\"1 z 5\"><a data-elementor-open-lightbox=\"yes\" data-elementor-lightbox-slideshow=\"3c527c9\" data-elementor-lightbox-title=\"Referencje 15.01.2024\" data-e-action-hash=\"#elementor-action%3Aaction%3Dlightbox%26settings%3DeyJpZCI6MTQ4NTIsInVybCI6Imh0dHBzOlwvXC9ia3RrYW5jZWxhcmlhLnBsXC93cC1jb250ZW50XC91cGxvYWRzXC8yMDI0XC8wOFwvUmVmZXJlbmNqZS0xNS4wMS4yMDI0LXNjYWxlZC5qcGciLCJzbGlkZXNob3ciOiIzYzUyN2M5In0%3D\" href=\"https:\/\/bktkancelaria.pl\/wp-content\/uploads\/2024\/08\/Referencje-15.01.2024-scaled.jpg\"><figure class=\"swiper-slide-inner\"><img decoding=\"async\" class=\"swiper-slide-image\" src=\"https:\/\/bktkancelaria.pl\/wp-content\/uploads\/2024\/08\/Referencje-15.01.2024-scaled.jpg\" alt=\"ECDP letter of recommendation\" \/><figcaption class=\"elementor-image-carousel-caption\">ECDP letter of recommendation<\/figcaption><\/figure><\/a><\/div><div class=\"swiper-slide\" role=\"group\" aria-roledescription=\"slide\" aria-label=\"2 z 5\"><a data-elementor-open-lightbox=\"yes\" data-elementor-lightbox-slideshow=\"3c527c9\" data-elementor-lightbox-title=\"List Rekomenduj\u0105cy Sentlab\" data-e-action-hash=\"#elementor-action%3Aaction%3Dlightbox%26settings%3DeyJpZCI6MTQ4NTEsInVybCI6Imh0dHBzOlwvXC9ia3RrYW5jZWxhcmlhLnBsXC93cC1jb250ZW50XC91cGxvYWRzXC8yMDI0XC8wOFwvTGlzdC1SZWtvbWVuZHVqYWN5LVNlbnRsYWItc2NhbGVkLmpwZyIsInNsaWRlc2hvdyI6IjNjNTI3YzkifQ%3D%3D\" href=\"https:\/\/bktkancelaria.pl\/wp-content\/uploads\/2024\/08\/List-Rekomendujacy-Sentlab-scaled.jpg\"><figure class=\"swiper-slide-inner\"><img decoding=\"async\" class=\"swiper-slide-image\" src=\"https:\/\/bktkancelaria.pl\/wp-content\/uploads\/2024\/08\/List-Rekomendujacy-Sentlab-scaled.jpg\" alt=\"Letter of recommendation from Sentlab\" \/><figcaption class=\"elementor-image-carousel-caption\">Letter of recommendation from Sentlab<\/figcaption><\/figure><\/a><\/div><div class=\"swiper-slide\" role=\"group\" aria-roledescription=\"slide\" aria-label=\"3 z 5\"><a data-elementor-open-lightbox=\"yes\" data-elementor-lightbox-slideshow=\"3c527c9\" data-elementor-lightbox-title=\"List Rekomenduj\u0105cy Sagrida_page-0001\" data-e-action-hash=\"#elementor-action%3Aaction%3Dlightbox%26settings%3DeyJpZCI6MTQ4NTAsInVybCI6Imh0dHBzOlwvXC9ia3RrYW5jZWxhcmlhLnBsXC93cC1jb250ZW50XC91cGxvYWRzXC8yMDI0XC8wOFwvTGlzdC1SZWtvbWVuZHVqYWN5LVNhZ3JpZGFfcGFnZS0wMDAxLmpwZyIsInNsaWRlc2hvdyI6IjNjNTI3YzkifQ%3D%3D\" href=\"https:\/\/bktkancelaria.pl\/wp-content\/uploads\/2024\/08\/List-Rekomendujacy-Sagrida_page-0001.jpg\"><figure class=\"swiper-slide-inner\"><img decoding=\"async\" class=\"swiper-slide-image\" src=\"https:\/\/bktkancelaria.pl\/wp-content\/uploads\/2024\/08\/List-Rekomendujacy-Sagrida_page-0001.jpg\" alt=\"Sagrid&#039;s letter of recommendation\" \/><figcaption class=\"elementor-image-carousel-caption\">Sagrid's letter of recommendation<\/figcaption><\/figure><\/a><\/div><div class=\"swiper-slide\" role=\"group\" aria-roledescription=\"slide\" aria-label=\"4 z 5\"><a data-elementor-open-lightbox=\"yes\" data-elementor-lightbox-slideshow=\"3c527c9\" data-elementor-lightbox-title=\"List Rekomenduj\u0105cy BetaBau_page-0001\" data-e-action-hash=\"#elementor-action%3Aaction%3Dlightbox%26settings%3DeyJpZCI6MTQ4NDksInVybCI6Imh0dHBzOlwvXC9ia3RrYW5jZWxhcmlhLnBsXC93cC1jb250ZW50XC91cGxvYWRzXC8yMDI0XC8wOFwvTGlzdC1SZWtvbWVuZHVqYWN5LUJldGFCYXVfcGFnZS0wMDAxLmpwZyIsInNsaWRlc2hvdyI6IjNjNTI3YzkifQ%3D%3D\" href=\"https:\/\/bktkancelaria.pl\/wp-content\/uploads\/2024\/08\/List-Rekomendujacy-BetaBau_page-0001.jpg\"><figure class=\"swiper-slide-inner\"><img decoding=\"async\" class=\"swiper-slide-image\" src=\"https:\/\/bktkancelaria.pl\/wp-content\/uploads\/2024\/08\/List-Rekomendujacy-BetaBau_page-0001.jpg\" alt=\"Letter of recommendation from BetaBau\" \/><figcaption class=\"elementor-image-carousel-caption\">Letter of recommendation from BetaBau<\/figcaption><\/figure><\/a><\/div><div class=\"swiper-slide\" role=\"group\" aria-roledescription=\"slide\" aria-label=\"5 z 5\"><a data-elementor-open-lightbox=\"yes\" data-elementor-lightbox-slideshow=\"3c527c9\" data-elementor-lightbox-title=\"CENTAURUS_page-0001\" data-e-action-hash=\"#elementor-action%3Aaction%3Dlightbox%26settings%3DeyJpZCI6MTQ4NDgsInVybCI6Imh0dHBzOlwvXC9ia3RrYW5jZWxhcmlhLnBsXC93cC1jb250ZW50XC91cGxvYWRzXC8yMDI0XC8wOFwvQ0VOVEFVUlVTX3BhZ2UtMDAwMS5qcGciLCJzbGlkZXNob3ciOiIzYzUyN2M5In0%3D\" href=\"https:\/\/bktkancelaria.pl\/wp-content\/uploads\/2024\/08\/CENTAURUS_page-0001.jpg\"><figure class=\"swiper-slide-inner\"><img decoding=\"async\" class=\"swiper-slide-image\" src=\"https:\/\/bktkancelaria.pl\/wp-content\/uploads\/2024\/08\/CENTAURUS_page-0001.jpg\" alt=\"Letter of recommendation Centaurus\" \/><figcaption class=\"elementor-image-carousel-caption\">Letter of recommendation Centaurus<\/figcaption><\/figure><\/a><\/div>\t\t\t<\/div>\n\t\t\t\t\t\t\t\t\t\t\t\t<div class=\"elementor-swiper-button elementor-swiper-button-prev\" role=\"button\" tabindex=\"0\">\n\t\t\t\t\t\t<i aria-hidden=\"true\" class=\"eicon-chevron-left\"><\/i>\t\t\t\t\t<\/div>\n\t\t\t\t\t<div class=\"elementor-swiper-button elementor-swiper-button-next\" role=\"button\" tabindex=\"0\">\n\t\t\t\t\t\t<i aria-hidden=\"true\" class=\"eicon-chevron-right\"><\/i>\t\t\t\t\t<\/div>\n\t\t\t\t\n\t\t\t\t\t\t\t\t\t<div class=\"swiper-pagination\"><\/div>\n\t\t\t\t\t\t\t\t\t<\/div>\n\t\t\t\t\t\t<\/div>\n\t\t\t\t<\/div>\n\t\t\t\t\t<\/div>\n\t\t<\/div>\n\t\t\t\t\t<\/div>\n\t\t<\/section>\n\t\t\t\t<\/div>","protected":false},"excerpt":{"rendered":"<p>References from the International Law Office ECDP letter of recommendation Sentlab letter of recommendation Sagrida letter of recommendation BetaBau letter of recommendation Centaurus letter of recommendation<\/p>","protected":false},"author":1,"featured_media":0,"parent":0,"menu_order":0,"comment_status":"closed","ping_status":"closed","template":"elementor_header_footer","meta":{"footnotes":""},"class_list":["post-15229","page","type-page","status-publish","hentry"],"yoast_head":"<!-- This site is optimized with the Yoast SEO plugin v27.5 - https:\/\/yoast.com\/product\/yoast-seo-wordpress\/ -->\n<title>Referencje Kancelarii Prawa Mi\u0119dzynarodowego - Kancelaria Prawa Mi\u0119dzynarodowego<\/title>\n<meta name=\"robots\" content=\"index, follow, max-snippet:-1, max-image-preview:large, max-video-preview:-1\" \/>\n<link rel=\"canonical\" href=\"https:\/\/bktkancelaria.pl\/en\/references-from-international-law-firms\/\" \/>\n<meta property=\"og:locale\" content=\"en_GB\" \/>\n<meta property=\"og:type\" content=\"article\" \/>\n<meta property=\"og:title\" content=\"Referencje Kancelarii Prawa Mi\u0119dzynarodowego - Kancelaria Prawa Mi\u0119dzynarodowego\" \/>\n<meta property=\"og:description\" content=\"Referencje Kancelarii Prawa Mi\u0119dzynarodowego List polecaj\u0105cy ECDP List rekomenduj\u0105cy Sentlab List rekomenduj\u0105cy Sagrida List polecaj\u0105cy BetaBau List rekomenduj\u0105cy Centaurus\" \/>\n<meta property=\"og:url\" content=\"https:\/\/bktkancelaria.pl\/en\/references-from-international-law-firms\/\" \/>\n<meta property=\"og:site_name\" content=\"Kancelaria Prawa Mi\u0119dzynarodowego - Profesjonalne wsparcie prawne w sprawach mi\u0119dzynarodowych.\" \/>\n<meta property=\"article:publisher\" content=\"https:\/\/www.facebook.com\/bktkancelaria\" \/>\n<meta property=\"og:image\" content=\"https:\/\/bktkancelaria.pl\/wp-content\/uploads\/2024\/08\/Referencje-15.01.2024-scaled.jpg\" \/>\n<meta name=\"twitter:card\" content=\"summary_large_image\" \/>\n<meta name=\"twitter:label1\" content=\"Estimated reading time\" \/>\n\t<meta name=\"twitter:data1\" content=\"3 minutes\" \/>\n<script type=\"application\/ld+json\" class=\"yoast-schema-graph\">{\"@context\":\"https:\\\/\\\/schema.org\",\"@graph\":[{\"@type\":\"WebPage\",\"@id\":\"https:\\\/\\\/bktkancelaria.pl\\\/referencje-kancelarii-prawa-miedzynarodowego\\\/\",\"url\":\"https:\\\/\\\/bktkancelaria.pl\\\/referencje-kancelarii-prawa-miedzynarodowego\\\/\",\"name\":\"Referencje Kancelarii Prawa Mi\u0119dzynarodowego - Kancelaria Prawa Mi\u0119dzynarodowego\",\"isPartOf\":{\"@id\":\"https:\\\/\\\/bktkancelaria.pl\\\/#website\"},\"primaryImageOfPage\":{\"@id\":\"https:\\\/\\\/bktkancelaria.pl\\\/referencje-kancelarii-prawa-miedzynarodowego\\\/#primaryimage\"},\"image\":{\"@id\":\"https:\\\/\\\/bktkancelaria.pl\\\/referencje-kancelarii-prawa-miedzynarodowego\\\/#primaryimage\"},\"thumbnailUrl\":\"https:\\\/\\\/bktkancelaria.pl\\\/wp-content\\\/uploads\\\/2024\\\/08\\\/Referencje-15.01.2024-scaled.jpg\",\"datePublished\":\"2025-06-10T07:39:54+00:00\",\"breadcrumb\":{\"@id\":\"https:\\\/\\\/bktkancelaria.pl\\\/referencje-kancelarii-prawa-miedzynarodowego\\\/#breadcrumb\"},\"inLanguage\":\"en-GB\",\"potentialAction\":[{\"@type\":\"ReadAction\",\"target\":[\"https:\\\/\\\/bktkancelaria.pl\\\/referencje-kancelarii-prawa-miedzynarodowego\\\/\"]}]},{\"@type\":\"ImageObject\",\"inLanguage\":\"en-GB\",\"@id\":\"https:\\\/\\\/bktkancelaria.pl\\\/referencje-kancelarii-prawa-miedzynarodowego\\\/#primaryimage\",\"url\":\"https:\\\/\\\/bktkancelaria.pl\\\/wp-content\\\/uploads\\\/2024\\\/08\\\/Referencje-15.01.2024-scaled.jpg\",\"contentUrl\":\"https:\\\/\\\/bktkancelaria.pl\\\/wp-content\\\/uploads\\\/2024\\\/08\\\/Referencje-15.01.2024-scaled.jpg\"},{\"@type\":\"BreadcrumbList\",\"@id\":\"https:\\\/\\\/bktkancelaria.pl\\\/referencje-kancelarii-prawa-miedzynarodowego\\\/#breadcrumb\",\"itemListElement\":[{\"@type\":\"ListItem\",\"position\":1,\"name\":\"Strona g\u0142\u00f3wna\",\"item\":\"https:\\\/\\\/bktkancelaria.pl\\\/\"},{\"@type\":\"ListItem\",\"position\":2,\"name\":\"Referencje Kancelarii Prawa Mi\u0119dzynarodowego\"}]},{\"@type\":\"WebSite\",\"@id\":\"https:\\\/\\\/bktkancelaria.pl\\\/#website\",\"url\":\"https:\\\/\\\/bktkancelaria.pl\\\/\",\"name\":\"Kancelaria Prawa Mi\u0119dzynarodowego - Profesjonalne wsparcie prawne w sprawach mi\u0119dzynarodowych.\",\"description\":\"Profesjonalne doradztwo prawne od 1998 roku. \u0141\u0105czymy wieloletnie do\u015bwiadczenie z nowoczesnym podej\u015bciem do prawa mi\u0119dzynarodowego.\",\"publisher\":{\"@id\":\"https:\\\/\\\/bktkancelaria.pl\\\/#organization\"},\"potentialAction\":[{\"@type\":\"SearchAction\",\"target\":{\"@type\":\"EntryPoint\",\"urlTemplate\":\"https:\\\/\\\/bktkancelaria.pl\\\/?s={search_term_string}\"},\"query-input\":{\"@type\":\"PropertyValueSpecification\",\"valueRequired\":true,\"valueName\":\"search_term_string\"}}],\"inLanguage\":\"en-GB\"},{\"@type\":\"Organization\",\"@id\":\"https:\\\/\\\/bktkancelaria.pl\\\/#organization\",\"name\":\"Kancelaria Prawa Mi\u0119dzynarodowego - Profesjonalne wsparcie prawne w sprawach mi\u0119dzynarodowych.\",\"url\":\"https:\\\/\\\/bktkancelaria.pl\\\/\",\"logo\":{\"@type\":\"ImageObject\",\"inLanguage\":\"en-GB\",\"@id\":\"https:\\\/\\\/bktkancelaria.pl\\\/#\\\/schema\\\/logo\\\/image\\\/\",\"url\":\"https:\\\/\\\/bktkancelaria.pl\\\/wp-content\\\/uploads\\\/2023\\\/04\\\/Logo_.webp\",\"contentUrl\":\"https:\\\/\\\/bktkancelaria.pl\\\/wp-content\\\/uploads\\\/2023\\\/04\\\/Logo_.webp\",\"width\":600,\"height\":172,\"caption\":\"Kancelaria Prawa Mi\u0119dzynarodowego - Profesjonalne wsparcie prawne w sprawach mi\u0119dzynarodowych.\"},\"image\":{\"@id\":\"https:\\\/\\\/bktkancelaria.pl\\\/#\\\/schema\\\/logo\\\/image\\\/\"},\"sameAs\":[\"https:\\\/\\\/www.facebook.com\\\/bktkancelaria\",\"https:\\\/\\\/www.linkedin.com\\\/in\\\/beata-kielar-tammert\\\/\",\"https:\\\/\\\/www.instagram.com\\\/bktkancelaria\\\/\",\"https:\\\/\\\/www.youtube.com\\\/@kancelariabkt.radcaprawnyb5036\"]}]}<\/script>\n<!-- \/ Yoast SEO plugin. -->","yoast_head_json":{"title":"References of the International Law Office - International Law Office","robots":{"index":"index","follow":"follow","max-snippet":"max-snippet:-1","max-image-preview":"max-image-preview:large","max-video-preview":"max-video-preview:-1"},"canonical":"https:\/\/bktkancelaria.pl\/en\/references-from-international-law-firms\/","og_locale":"en_GB","og_type":"article","og_title":"Referencje Kancelarii Prawa Mi\u0119dzynarodowego - Kancelaria Prawa Mi\u0119dzynarodowego","og_description":"Referencje Kancelarii Prawa Mi\u0119dzynarodowego List polecaj\u0105cy ECDP List rekomenduj\u0105cy Sentlab List rekomenduj\u0105cy Sagrida List polecaj\u0105cy BetaBau List rekomenduj\u0105cy Centaurus","og_url":"https:\/\/bktkancelaria.pl\/en\/references-from-international-law-firms\/","og_site_name":"Kancelaria Prawa Mi\u0119dzynarodowego - Profesjonalne wsparcie prawne w sprawach mi\u0119dzynarodowych.","article_publisher":"https:\/\/www.facebook.com\/bktkancelaria","og_image":[{"url":"https:\/\/bktkancelaria.pl\/wp-content\/uploads\/2024\/08\/Referencje-15.01.2024-scaled.jpg","type":"","width":"","height":""}],"twitter_card":"summary_large_image","twitter_misc":{"Estimated reading time":"3 minutes"},"schema":{"@context":"https:\/\/schema.org","@graph":[{"@type":"WebPage","@id":"https:\/\/bktkancelaria.pl\/referencje-kancelarii-prawa-miedzynarodowego\/","url":"https:\/\/bktkancelaria.pl\/referencje-kancelarii-prawa-miedzynarodowego\/","name":"References of the International Law Office - International Law Office","isPartOf":{"@id":"https:\/\/bktkancelaria.pl\/#website"},"primaryImageOfPage":{"@id":"https:\/\/bktkancelaria.pl\/referencje-kancelarii-prawa-miedzynarodowego\/#primaryimage"},"image":{"@id":"https:\/\/bktkancelaria.pl\/referencje-kancelarii-prawa-miedzynarodowego\/#primaryimage"},"thumbnailUrl":"https:\/\/bktkancelaria.pl\/wp-content\/uploads\/2024\/08\/Referencje-15.01.2024-scaled.jpg","datePublished":"2025-06-10T07:39:54+00:00","breadcrumb":{"@id":"https:\/\/bktkancelaria.pl\/referencje-kancelarii-prawa-miedzynarodowego\/#breadcrumb"},"inLanguage":"en-GB","potentialAction":[{"@type":"ReadAction","target":["https:\/\/bktkancelaria.pl\/referencje-kancelarii-prawa-miedzynarodowego\/"]}]},{"@type":"ImageObject","inLanguage":"en-GB","@id":"https:\/\/bktkancelaria.pl\/referencje-kancelarii-prawa-miedzynarodowego\/#primaryimage","url":"https:\/\/bktkancelaria.pl\/wp-content\/uploads\/2024\/08\/Referencje-15.01.2024-scaled.jpg","contentUrl":"https:\/\/bktkancelaria.pl\/wp-content\/uploads\/2024\/08\/Referencje-15.01.2024-scaled.jpg"},{"@type":"BreadcrumbList","@id":"https:\/\/bktkancelaria.pl\/referencje-kancelarii-prawa-miedzynarodowego\/#breadcrumb","itemListElement":[{"@type":"ListItem","position":1,"name":"Strona g\u0142\u00f3wna","item":"https:\/\/bktkancelaria.pl\/"},{"@type":"ListItem","position":2,"name":"Referencje Kancelarii Prawa Mi\u0119dzynarodowego"}]},{"@type":"WebSite","@id":"https:\/\/bktkancelaria.pl\/#website","url":"https:\/\/bktkancelaria.pl\/","name":"International Law Office - Professional legal support in international matters.","description":"Professional legal advice since 1998. We combine years of experience with a modern approach to international law.","publisher":{"@id":"https:\/\/bktkancelaria.pl\/#organization"},"potentialAction":[{"@type":"SearchAction","target":{"@type":"EntryPoint","urlTemplate":"https:\/\/bktkancelaria.pl\/?s={search_term_string}"},"query-input":{"@type":"PropertyValueSpecification","valueRequired":true,"valueName":"search_term_string"}}],"inLanguage":"en-GB"},{"@type":"Organization","@id":"https:\/\/bktkancelaria.pl\/#organization","name":"International Law Office - Professional legal support in international matters.","url":"https:\/\/bktkancelaria.pl\/","logo":{"@type":"ImageObject","inLanguage":"en-GB","@id":"https:\/\/bktkancelaria.pl\/#\/schema\/logo\/image\/","url":"https:\/\/bktkancelaria.pl\/wp-content\/uploads\/2023\/04\/Logo_.webp","contentUrl":"https:\/\/bktkancelaria.pl\/wp-content\/uploads\/2023\/04\/Logo_.webp","width":600,"height":172,"caption":"Kancelaria Prawa Mi\u0119dzynarodowego - Profesjonalne wsparcie prawne w sprawach mi\u0119dzynarodowych."},"image":{"@id":"https:\/\/bktkancelaria.pl\/#\/schema\/logo\/image\/"},"sameAs":["https:\/\/www.facebook.com\/bktkancelaria","https:\/\/www.linkedin.com\/in\/beata-kielar-tammert\/","https:\/\/www.instagram.com\/bktkancelaria\/","https:\/\/www.youtube.com\/@kancelariabkt.radcaprawnyb5036"]}]}},"_links":{"self":[{"href":"https:\/\/bktkancelaria.pl\/en\/wp-json\/wp\/v2\/pages\/15229","targetHints":{"allow":["GET"]}}],"collection":[{"href":"https:\/\/bktkancelaria.pl\/en\/wp-json\/wp\/v2\/pages"}],"about":[{"href":"https:\/\/bktkancelaria.pl\/en\/wp-json\/wp\/v2\/types\/page"}],"author":[{"embeddable":true,"href":"https:\/\/bktkancelaria.pl\/en\/wp-json\/wp\/v2\/users\/1"}],"replies":[{"embeddable":true,"href":"https:\/\/bktkancelaria.pl\/en\/wp-json\/wp\/v2\/comments?post=15229"}],"version-history":[{"count":11,"href":"https:\/\/bktkancelaria.pl\/en\/wp-json\/wp\/v2\/pages\/15229\/revisions"}],"predecessor-version":[{"id":15561,"href":"https:\/\/bktkancelaria.pl\/en\/wp-json\/wp\/v2\/pages\/15229\/revisions\/15561"}],"wp:attachment":[{"href":"https:\/\/bktkancelaria.pl\/en\/wp-json\/wp\/v2\/media?parent=15229"}],"curies":[{"name":"wp","href":"https:\/\/api.w.org\/{rel}","templated":true}]}}