{"id":3557,"date":"2025-06-10T09:39:30","date_gmt":"2025-06-10T07:39:30","guid":{"rendered":"https:\/\/bktkancelaria.pl\/?page_id=3557"},"modified":"2025-06-10T09:39:30","modified_gmt":"2025-06-10T07:39:30","slug":"szkolenia-z-zakresu-prawa-miedzynarodowego-employer-law-international-academy","status":"publish","type":"page","link":"https:\/\/bktkancelaria.pl\/en\/training-in-international-law-employer-law-international-academy\/","title":{"rendered":"TRAINING IN INTERNATIONAL LAW EMPLOYER LAW INTERNATIONAL ACADEMY"},"content":{"rendered":"<div data-elementor-type=\"wp-post\" data-elementor-id=\"3557\" class=\"elementor elementor-3557\" data-elementor-post-type=\"page\">\n\t\t\t\t\t\t<section class=\"elementor-section elementor-top-section elementor-element elementor-element-3e6676ca elementor-section-boxed elementor-section-height-default elementor-section-height-default\" data-id=\"3e6676ca\" data-element_type=\"section\" data-e-type=\"section\">\n\t\t\t\t\t\t<div class=\"elementor-container elementor-column-gap-default\">\n\t\t\t\t\t<div class=\"elementor-column elementor-col-100 elementor-top-column elementor-element elementor-element-a0e6521\" data-id=\"a0e6521\" data-element_type=\"column\" data-e-type=\"column\">\n\t\t\t<div class=\"elementor-widget-wrap elementor-element-populated\">\n\t\t\t\t\t\t<div class=\"elementor-element elementor-element-5e98761 elementor-widget elementor-widget-image\" data-id=\"5e98761\" data-element_type=\"widget\" data-e-type=\"widget\" data-widget_type=\"image.default\">\n\t\t\t\t<div class=\"elementor-widget-container\">\n\t\t\t\t\t\t\t\t\t\t\t\t\t\t\t<img fetchpriority=\"high\" decoding=\"async\" width=\"768\" height=\"421\" src=\"https:\/\/bktkancelaria.pl\/wp-content\/uploads\/2023\/04\/xxx.png\" class=\"attachment-medium_large size-medium_large wp-image-11257\" alt=\"\" srcset=\"https:\/\/bktkancelaria.pl\/wp-content\/uploads\/2023\/04\/xxx.png 768w, https:\/\/bktkancelaria.pl\/wp-content\/uploads\/2023\/04\/xxx-150x82.png 150w, https:\/\/bktkancelaria.pl\/wp-content\/uploads\/2023\/04\/xxx-500x274.png 500w, https:\/\/bktkancelaria.pl\/wp-content\/uploads\/2023\/04\/xxx-300x164.png 300w, https:\/\/bktkancelaria.pl\/wp-content\/uploads\/2023\/04\/xxx-200x110.png 200w, https:\/\/bktkancelaria.pl\/wp-content\/uploads\/2023\/04\/xxx-400x219.png 400w, https:\/\/bktkancelaria.pl\/wp-content\/uploads\/2023\/04\/xxx-600x329.png 600w\" sizes=\"(max-width: 768px) 100vw, 768px\" \/>\t\t\t\t\t\t\t\t\t\t\t\t\t\t\t<\/div>\n\t\t\t\t<\/div>\n\t\t\t\t<div class=\"elementor-element elementor-element-73cfc463 elementor-widget elementor-widget-heading\" data-id=\"73cfc463\" data-element_type=\"widget\" data-e-type=\"widget\" data-widget_type=\"heading.default\">\n\t\t\t\t<div class=\"elementor-widget-container\">\n\t\t\t\t\t<h1 class=\"elementor-heading-title elementor-size-default\">INTERNATIONAL LAW TRAINING\nEMPLOYEE LAW INTERNATIONAL ACADEMY<\/h1>\t\t\t\t<\/div>\n\t\t\t\t<\/div>\n\t\t\t\t<div class=\"elementor-element elementor-element-23de266 elementor-widget elementor-widget-text-editor\" data-id=\"23de266\" data-element_type=\"widget\" data-e-type=\"widget\" data-widget_type=\"text-editor.default\">\n\t\t\t\t<div class=\"elementor-widget-container\">\n\t\t\t\t\t\t\t\t\t<h2>Law beyond borders.<\/h2>\t\t\t\t\t\t\t\t<\/div>\n\t\t\t\t<\/div>\n\t\t\t\t<div class=\"elementor-element elementor-element-f0414c6 elementor-widget-divider--view-line elementor-widget elementor-widget-divider\" data-id=\"f0414c6\" data-element_type=\"widget\" data-e-type=\"widget\" data-widget_type=\"divider.default\">\n\t\t\t\t<div class=\"elementor-widget-container\">\n\t\t\t\t\t\t\t<div class=\"elementor-divider\">\n\t\t\t<span class=\"elementor-divider-separator\">\n\t\t\t\t\t\t<\/span>\n\t\t<\/div>\n\t\t\t\t\t\t<\/div>\n\t\t\t\t<\/div>\n\t\t\t\t<div class=\"elementor-element elementor-element-2b50735f elementor-widget elementor-widget-text-editor\" data-id=\"2b50735f\" data-element_type=\"widget\" data-e-type=\"widget\" data-widget_type=\"text-editor.default\">\n\t\t\t\t<div class=\"elementor-widget-container\">\n\t\t\t\t\t\t\t\t\t<p>IN THE CONTINUATION OF TRAINING IN INTERNATIONAL LAW FOR STAFF AND MANAGERS, WE PROPOSE <a href=\"https:\/\/www.deloitte.com\/global\/en\/services\/legal\/analysis\/international-employment-law-guide.html\" target=\"_blank\" rel=\"noopener\">EMPLOYEE LAW INTERNATIONAL PROGRAMME. <\/a>Our programme focuses on providing participants with the knowledge and skills in international law that are essential for effective management in an international business environment.<\/p><p>In today's global world, more and more companies are operating in international markets, resulting in the need to adapt to a variety of legal and cultural regulations. Therefore, it is important for employees and managers to have an understanding of international law in order to effectively manage international projects and avoid legal conflicts.<\/p><p>As part of the programme, participants will gain knowledge of various aspects of international law, including commercial law, labour law, intellectual property law and tax law. They will also have the opportunity to understand the cultural differences that affect business decision-making in different parts of the world.<\/p><p>Our training is delivered by experienced international law professionals who have extensive experience working with international clients. As a result, participants will have the opportunity to learn from top experts in the field of international law.<\/p><p>Upon completion of the training, participants will have the knowledge and skills needed to effectively manage international projects and avoid legal conflicts. They will also have a better understanding of cultural differences, which will enable them to make more effective business decisions in the international market.<\/p><p>We focus on a practical approach to learning, so our training focuses on real cases and situations related to international business projects. This will enable participants to apply their knowledge in practice right from the training stage.<\/p><p>In summary, our training is an excellent solution for companies that want to provide their employees with the knowledge and skills in international law to effectively manage international projects.<\/p>\t\t\t\t\t\t\t\t<\/div>\n\t\t\t\t<\/div>\n\t\t\t\t<div class=\"elementor-element elementor-element-c248fbe elementor-widget elementor-widget-text-editor\" data-id=\"c248fbe\" data-element_type=\"widget\" data-e-type=\"widget\" data-widget_type=\"text-editor.default\">\n\t\t\t\t<div class=\"elementor-widget-container\">\n\t\t\t\t\t\t\t\t\t<h2><strong>SCOPE of training in international law<\/strong><\/h2>\t\t\t\t\t\t\t\t<\/div>\n\t\t\t\t<\/div>\n\t\t\t\t<div class=\"elementor-element elementor-element-7c9036f elementor-align-start elementor-mobile-align-start elementor-icon-list--layout-traditional elementor-list-item-link-full_width elementor-widget elementor-widget-icon-list\" data-id=\"7c9036f\" data-element_type=\"widget\" data-e-type=\"widget\" data-widget_type=\"icon-list.default\">\n\t\t\t\t<div class=\"elementor-widget-container\">\n\t\t\t\t\t\t\t<ul class=\"elementor-icon-list-items\">\n\t\t\t\t\t\t\t<li class=\"elementor-icon-list-item\">\n\t\t\t\t\t\t\t\t\t\t\t<span class=\"elementor-icon-list-icon\">\n\t\t\t\t\t\t\t<i aria-hidden=\"true\" class=\"fas fa-check\"><\/i>\t\t\t\t\t\t<\/span>\n\t\t\t\t\t\t\t\t\t\t<span class=\"elementor-icon-list-text\">training on the posting of workers to other countries<\/span>\n\t\t\t\t\t\t\t\t\t<\/li>\n\t\t\t\t\t\t\t\t<li class=\"elementor-icon-list-item\">\n\t\t\t\t\t\t\t\t\t\t\t<span class=\"elementor-icon-list-icon\">\n\t\t\t\t\t\t\t<i aria-hidden=\"true\" class=\"fas fa-check\"><\/i>\t\t\t\t\t\t<\/span>\n\t\t\t\t\t\t\t\t\t\t<span class=\"elementor-icon-list-text\">legalisation of residences, employment of foreigners<\/span>\n\t\t\t\t\t\t\t\t\t<\/li>\n\t\t\t\t\t\t\t\t<li class=\"elementor-icon-list-item\">\n\t\t\t\t\t\t\t\t\t\t\t<span class=\"elementor-icon-list-icon\">\n\t\t\t\t\t\t\t<i aria-hidden=\"true\" class=\"fas fa-check\"><\/i>\t\t\t\t\t\t<\/span>\n\t\t\t\t\t\t\t\t\t\t<span class=\"elementor-icon-list-text\">training in the basics of law for schools and training centres and for the elderly<\/span>\n\t\t\t\t\t\t\t\t\t<\/li>\n\t\t\t\t\t\t\t\t<li class=\"elementor-icon-list-item\">\n\t\t\t\t\t\t\t\t\t\t\t<span class=\"elementor-icon-list-icon\">\n\t\t\t\t\t\t\t<i aria-hidden=\"true\" class=\"fas fa-check\"><\/i>\t\t\t\t\t\t<\/span>\n\t\t\t\t\t\t\t\t\t\t<span class=\"elementor-icon-list-text\">training in labour law for management and staff<\/span>\n\t\t\t\t\t\t\t\t\t<\/li>\n\t\t\t\t\t\t<\/ul>\n\t\t\t\t\t\t<\/div>\n\t\t\t\t<\/div>\n\t\t\t\t\t<\/div>\n\t\t<\/div>\n\t\t\t\t\t<\/div>\n\t\t<\/section>\n\t\t\t\t<section class=\"elementor-section elementor-top-section elementor-element elementor-element-40cb0bdc elementor-section-boxed elementor-section-height-default elementor-section-height-default\" data-id=\"40cb0bdc\" data-element_type=\"section\" data-e-type=\"section\">\n\t\t\t\t\t\t<div class=\"elementor-container elementor-column-gap-default\">\n\t\t\t\t\t<div class=\"elementor-column elementor-col-100 elementor-top-column elementor-element elementor-element-777d22c\" data-id=\"777d22c\" data-element_type=\"column\" data-e-type=\"column\">\n\t\t\t<div class=\"elementor-widget-wrap elementor-element-populated\">\n\t\t\t\t\t\t<div class=\"elementor-element elementor-element-32157ef2 elementor-widget elementor-widget-text-editor\" data-id=\"32157ef2\" data-element_type=\"widget\" data-e-type=\"widget\" data-widget_type=\"text-editor.default\">\n\t\t\t\t<div class=\"elementor-widget-container\">\n\t\t\t\t\t\t\t\t\t<h3>Legal regulations are frequently outdated. Therefore, it is extremely important to continuously improve one's qualifications in terms of new legal regulations. BKT's training courses are designed to optimise your business operations.<\/h3>\t\t\t\t\t\t\t\t<\/div>\n\t\t\t\t<\/div>\n\t\t\t\t\t<\/div>\n\t\t<\/div>\n\t\t\t\t\t<\/div>\n\t\t<\/section>\n\t\t\t\t<section class=\"elementor-section elementor-top-section elementor-element elementor-element-22d4b3d5 elementor-section-boxed elementor-section-height-default elementor-section-height-default\" data-id=\"22d4b3d5\" data-element_type=\"section\" data-e-type=\"section\">\n\t\t\t\t\t\t<div class=\"elementor-container elementor-column-gap-default\">\n\t\t\t\t\t<div class=\"elementor-column elementor-col-100 elementor-top-column elementor-element elementor-element-3fb49cef\" data-id=\"3fb49cef\" data-element_type=\"column\" data-e-type=\"column\">\n\t\t\t<div class=\"elementor-widget-wrap elementor-element-populated\">\n\t\t\t\t\t\t<div class=\"elementor-element elementor-element-7bed5cf elementor-widget elementor-widget-text-editor\" data-id=\"7bed5cf\" data-element_type=\"widget\" data-e-type=\"widget\" data-widget_type=\"text-editor.default\">\n\t\t\t\t<div class=\"elementor-widget-container\">\n\t\t\t\t\t\t\t\t\t<p class=\"western\" align=\"justify\">As part of the EMPLOYEE LAW INTERNATIONAL PROGRAMME, we offer a series of dedicated training courses for managers and dedicated employees, either on-site or online. The training courses can be held at the Employer's premises. Participants receive certificates for completing the programme's training courses.<\/p>\t\t\t\t\t\t\t\t<\/div>\n\t\t\t\t<\/div>\n\t\t\t\t\t<\/div>\n\t\t<\/div>\n\t\t\t\t\t<\/div>\n\t\t<\/section>\n\t\t\t\t<section class=\"elementor-section elementor-top-section elementor-element elementor-element-89386ff elementor-section-boxed elementor-section-height-default elementor-section-height-default\" data-id=\"89386ff\" data-element_type=\"section\" data-e-type=\"section\" data-settings=\"{&quot;background_background&quot;:&quot;classic&quot;}\">\n\t\t\t\t\t\t<div class=\"elementor-container elementor-column-gap-default\">\n\t\t\t\t\t<div class=\"elementor-column elementor-col-100 elementor-top-column elementor-element elementor-element-70aa35c\" data-id=\"70aa35c\" data-element_type=\"column\" data-e-type=\"column\">\n\t\t\t<div class=\"elementor-widget-wrap elementor-element-populated\">\n\t\t\t\t\t\t<div class=\"elementor-element elementor-element-1974a5c elementor-widget elementor-widget-heading\" data-id=\"1974a5c\" data-element_type=\"widget\" data-e-type=\"widget\" data-widget_type=\"heading.default\">\n\t\t\t\t<div class=\"elementor-widget-container\">\n\t\t\t\t\t<h3 class=\"elementor-heading-title elementor-size-default\"><b>IF YOU ARE INTERESTED IN IMPLEMENTING THE EMPLOYEE LAW INTERNATIONAL PROGRAM IN YOUR COMPANY<\/b><br><br>\nyou are welcome to contact our office<\/h3>\t\t\t\t<\/div>\n\t\t\t\t<\/div>\n\t\t\t\t<div class=\"elementor-element elementor-element-b607fbb elementor-button-success elementor-align-center elementor-widget elementor-widget-button\" data-id=\"b607fbb\" data-element_type=\"widget\" data-e-type=\"widget\" data-widget_type=\"button.default\">\n\t\t\t\t<div class=\"elementor-widget-container\">\n\t\t\t\t\t\t\t\t\t<div class=\"elementor-button-wrapper\">\n\t\t\t\t\t<a class=\"elementor-button elementor-button-link elementor-size-md\" href=\"https:\/\/bktkancelaria.pl\/en\/contact\/\">\n\t\t\t\t\t\t<span class=\"elementor-button-content-wrapper\">\n\t\t\t\t\t\t\t\t\t<span class=\"elementor-button-text\">Contact<\/span>\n\t\t\t\t\t<\/span>\n\t\t\t\t\t<\/a>\n\t\t\t\t<\/div>\n\t\t\t\t\t\t\t\t<\/div>\n\t\t\t\t<\/div>\n\t\t\t\t\t<\/div>\n\t\t<\/div>\n\t\t\t\t\t<\/div>\n\t\t<\/section>\n\t\t\t\t<\/div>","protected":false},"excerpt":{"rendered":"<p>SZKOLENIA Z ZAKRESU PRAWA MI\u0118DZYNARODOWEGO EMPLOYEE LAW INTERNATIONAL ACADEMY Prawo ponad granicami. W RAMACH szkolenia z prawa mi\u0119dzynarodowego pracownik\u00f3w i kadry zarz\u0105dzaj\u0105cej PROPONUJEMY EMPLOYEE LAW INTERNATIONAL PROGRAM. Nasz program skupia si\u0119 na zapewnieniu uczestnikom wiedzy i umiej\u0119tno\u015bci w zakresie prawa mi\u0119dzynarodowego, kt\u00f3re s\u0105 kluczowe dla efektywnego zarz\u0105dzania w mi\u0119dzynarodowym \u015brodowisku biznesowym. W dzisiejszym globalnym \u015bwiecie, [&hellip;]<\/p>\n","protected":false},"author":1,"featured_media":0,"parent":0,"menu_order":0,"comment_status":"closed","ping_status":"closed","template":"elementor_header_footer","meta":{"footnotes":""},"class_list":["post-3557","page","type-page","status-publish","hentry"],"yoast_head":"<!-- This site is optimized with the Yoast SEO plugin v27.5 - https:\/\/yoast.com\/product\/yoast-seo-wordpress\/ -->\n<title>Szkolenia z prawa mi\u0119dzynarodowego - Kancelaria BKT<\/title>\n<meta name=\"description\" content=\"Prowadzimy szkolenia z prawa mi\u0119dzynarodowego dla pracownik\u00f3w i kadry, a tak\u017ce szkolenia z podstaw prawa dla m\u0142odzie\u017cy i os\u00f3b starszych.\" \/>\n<meta name=\"robots\" content=\"index, follow, max-snippet:-1, max-image-preview:large, max-video-preview:-1\" \/>\n<link rel=\"canonical\" href=\"https:\/\/bktkancelaria.pl\/en\/training-in-international-law-employer-law-international-academy\/\" \/>\n<meta property=\"og:locale\" content=\"en_GB\" \/>\n<meta property=\"og:type\" content=\"article\" \/>\n<meta property=\"og:title\" content=\"Szkolenia z prawa mi\u0119dzynarodowego - Kancelaria BKT\" \/>\n<meta property=\"og:description\" content=\"Prowadzimy szkolenia z prawa mi\u0119dzynarodowego dla pracownik\u00f3w i kadry, a tak\u017ce szkolenia z podstaw prawa dla m\u0142odzie\u017cy i os\u00f3b starszych.\" \/>\n<meta property=\"og:url\" content=\"https:\/\/bktkancelaria.pl\/en\/training-in-international-law-employer-law-international-academy\/\" \/>\n<meta property=\"og:site_name\" content=\"Kancelaria Prawa Mi\u0119dzynarodowego - Profesjonalne wsparcie prawne w sprawach mi\u0119dzynarodowych.\" \/>\n<meta property=\"article:publisher\" content=\"https:\/\/www.facebook.com\/bktkancelaria\" \/>\n<meta property=\"og:image\" content=\"https:\/\/bktkancelaria.pl\/wp-content\/uploads\/2023\/04\/xxx.png\" \/>\n<meta name=\"twitter:card\" content=\"summary_large_image\" \/>\n<meta name=\"twitter:label1\" content=\"Estimated reading time\" \/>\n\t<meta name=\"twitter:data1\" content=\"3 minutes\" \/>\n<script type=\"application\/ld+json\" class=\"yoast-schema-graph\">{\"@context\":\"https:\\\/\\\/schema.org\",\"@graph\":[{\"@type\":\"WebPage\",\"@id\":\"https:\\\/\\\/bktkancelaria.pl\\\/szkolenia-z-zakresu-prawa-miedzynarodowego-employer-law-international-academy\\\/\",\"url\":\"https:\\\/\\\/bktkancelaria.pl\\\/szkolenia-z-zakresu-prawa-miedzynarodowego-employer-law-international-academy\\\/\",\"name\":\"Szkolenia z prawa mi\u0119dzynarodowego - Kancelaria BKT\",\"isPartOf\":{\"@id\":\"https:\\\/\\\/bktkancelaria.pl\\\/#website\"},\"primaryImageOfPage\":{\"@id\":\"https:\\\/\\\/bktkancelaria.pl\\\/szkolenia-z-zakresu-prawa-miedzynarodowego-employer-law-international-academy\\\/#primaryimage\"},\"image\":{\"@id\":\"https:\\\/\\\/bktkancelaria.pl\\\/szkolenia-z-zakresu-prawa-miedzynarodowego-employer-law-international-academy\\\/#primaryimage\"},\"thumbnailUrl\":\"https:\\\/\\\/bktkancelaria.pl\\\/wp-content\\\/uploads\\\/2023\\\/04\\\/xxx.png\",\"datePublished\":\"2025-06-10T07:39:30+00:00\",\"description\":\"Prowadzimy szkolenia z prawa mi\u0119dzynarodowego dla pracownik\u00f3w i kadry, a tak\u017ce szkolenia z podstaw prawa dla m\u0142odzie\u017cy i os\u00f3b starszych.\",\"breadcrumb\":{\"@id\":\"https:\\\/\\\/bktkancelaria.pl\\\/szkolenia-z-zakresu-prawa-miedzynarodowego-employer-law-international-academy\\\/#breadcrumb\"},\"inLanguage\":\"en-GB\",\"potentialAction\":[{\"@type\":\"ReadAction\",\"target\":[\"https:\\\/\\\/bktkancelaria.pl\\\/szkolenia-z-zakresu-prawa-miedzynarodowego-employer-law-international-academy\\\/\"]}]},{\"@type\":\"ImageObject\",\"inLanguage\":\"en-GB\",\"@id\":\"https:\\\/\\\/bktkancelaria.pl\\\/szkolenia-z-zakresu-prawa-miedzynarodowego-employer-law-international-academy\\\/#primaryimage\",\"url\":\"https:\\\/\\\/bktkancelaria.pl\\\/wp-content\\\/uploads\\\/2023\\\/04\\\/xxx.png\",\"contentUrl\":\"https:\\\/\\\/bktkancelaria.pl\\\/wp-content\\\/uploads\\\/2023\\\/04\\\/xxx.png\"},{\"@type\":\"BreadcrumbList\",\"@id\":\"https:\\\/\\\/bktkancelaria.pl\\\/szkolenia-z-zakresu-prawa-miedzynarodowego-employer-law-international-academy\\\/#breadcrumb\",\"itemListElement\":[{\"@type\":\"ListItem\",\"position\":1,\"name\":\"Strona g\u0142\u00f3wna\",\"item\":\"https:\\\/\\\/bktkancelaria.pl\\\/\"},{\"@type\":\"ListItem\",\"position\":2,\"name\":\"SZKOLENIA Z ZAKRESU PRAWA MI\u0118DZYNARODOWEGO EMPLOYER LAW INTERNATIONAL ACADEMY\"}]},{\"@type\":\"WebSite\",\"@id\":\"https:\\\/\\\/bktkancelaria.pl\\\/#website\",\"url\":\"https:\\\/\\\/bktkancelaria.pl\\\/\",\"name\":\"Kancelaria Prawa Mi\u0119dzynarodowego - Profesjonalne wsparcie prawne w sprawach mi\u0119dzynarodowych.\",\"description\":\"Profesjonalne doradztwo prawne od 1998 roku. \u0141\u0105czymy wieloletnie do\u015bwiadczenie z nowoczesnym podej\u015bciem do prawa mi\u0119dzynarodowego.\",\"publisher\":{\"@id\":\"https:\\\/\\\/bktkancelaria.pl\\\/#organization\"},\"potentialAction\":[{\"@type\":\"SearchAction\",\"target\":{\"@type\":\"EntryPoint\",\"urlTemplate\":\"https:\\\/\\\/bktkancelaria.pl\\\/?s={search_term_string}\"},\"query-input\":{\"@type\":\"PropertyValueSpecification\",\"valueRequired\":true,\"valueName\":\"search_term_string\"}}],\"inLanguage\":\"en-GB\"},{\"@type\":\"Organization\",\"@id\":\"https:\\\/\\\/bktkancelaria.pl\\\/#organization\",\"name\":\"Kancelaria Prawa Mi\u0119dzynarodowego - Profesjonalne wsparcie prawne w sprawach mi\u0119dzynarodowych.\",\"url\":\"https:\\\/\\\/bktkancelaria.pl\\\/\",\"logo\":{\"@type\":\"ImageObject\",\"inLanguage\":\"en-GB\",\"@id\":\"https:\\\/\\\/bktkancelaria.pl\\\/#\\\/schema\\\/logo\\\/image\\\/\",\"url\":\"https:\\\/\\\/bktkancelaria.pl\\\/wp-content\\\/uploads\\\/2023\\\/04\\\/Logo_.webp\",\"contentUrl\":\"https:\\\/\\\/bktkancelaria.pl\\\/wp-content\\\/uploads\\\/2023\\\/04\\\/Logo_.webp\",\"width\":600,\"height\":172,\"caption\":\"Kancelaria Prawa Mi\u0119dzynarodowego - Profesjonalne wsparcie prawne w sprawach mi\u0119dzynarodowych.\"},\"image\":{\"@id\":\"https:\\\/\\\/bktkancelaria.pl\\\/#\\\/schema\\\/logo\\\/image\\\/\"},\"sameAs\":[\"https:\\\/\\\/www.facebook.com\\\/bktkancelaria\",\"https:\\\/\\\/www.linkedin.com\\\/in\\\/beata-kielar-tammert\\\/\",\"https:\\\/\\\/www.instagram.com\\\/bktkancelaria\\\/\",\"https:\\\/\\\/www.youtube.com\\\/@kancelariabkt.radcaprawnyb5036\"]}]}<\/script>\n<!-- \/ Yoast SEO plugin. -->","yoast_head_json":{"title":"International law training - BKT Law Firm","description":"We provide training in international law for employees and staff, as well as training in the basics of law for young people and the elderly.","robots":{"index":"index","follow":"follow","max-snippet":"max-snippet:-1","max-image-preview":"max-image-preview:large","max-video-preview":"max-video-preview:-1"},"canonical":"https:\/\/bktkancelaria.pl\/en\/training-in-international-law-employer-law-international-academy\/","og_locale":"en_GB","og_type":"article","og_title":"Szkolenia z prawa mi\u0119dzynarodowego - Kancelaria BKT","og_description":"Prowadzimy szkolenia z prawa mi\u0119dzynarodowego dla pracownik\u00f3w i kadry, a tak\u017ce szkolenia z podstaw prawa dla m\u0142odzie\u017cy i os\u00f3b starszych.","og_url":"https:\/\/bktkancelaria.pl\/en\/training-in-international-law-employer-law-international-academy\/","og_site_name":"Kancelaria Prawa Mi\u0119dzynarodowego - Profesjonalne wsparcie prawne w sprawach mi\u0119dzynarodowych.","article_publisher":"https:\/\/www.facebook.com\/bktkancelaria","og_image":[{"url":"https:\/\/bktkancelaria.pl\/wp-content\/uploads\/2023\/04\/xxx.png","type":"","width":"","height":""}],"twitter_card":"summary_large_image","twitter_misc":{"Estimated reading time":"3 minutes"},"schema":{"@context":"https:\/\/schema.org","@graph":[{"@type":"WebPage","@id":"https:\/\/bktkancelaria.pl\/szkolenia-z-zakresu-prawa-miedzynarodowego-employer-law-international-academy\/","url":"https:\/\/bktkancelaria.pl\/szkolenia-z-zakresu-prawa-miedzynarodowego-employer-law-international-academy\/","name":"International law training - BKT Law Firm","isPartOf":{"@id":"https:\/\/bktkancelaria.pl\/#website"},"primaryImageOfPage":{"@id":"https:\/\/bktkancelaria.pl\/szkolenia-z-zakresu-prawa-miedzynarodowego-employer-law-international-academy\/#primaryimage"},"image":{"@id":"https:\/\/bktkancelaria.pl\/szkolenia-z-zakresu-prawa-miedzynarodowego-employer-law-international-academy\/#primaryimage"},"thumbnailUrl":"https:\/\/bktkancelaria.pl\/wp-content\/uploads\/2023\/04\/xxx.png","datePublished":"2025-06-10T07:39:30+00:00","description":"We provide training in international law for employees and staff, as well as training in the basics of law for young people and the elderly.","breadcrumb":{"@id":"https:\/\/bktkancelaria.pl\/szkolenia-z-zakresu-prawa-miedzynarodowego-employer-law-international-academy\/#breadcrumb"},"inLanguage":"en-GB","potentialAction":[{"@type":"ReadAction","target":["https:\/\/bktkancelaria.pl\/szkolenia-z-zakresu-prawa-miedzynarodowego-employer-law-international-academy\/"]}]},{"@type":"ImageObject","inLanguage":"en-GB","@id":"https:\/\/bktkancelaria.pl\/szkolenia-z-zakresu-prawa-miedzynarodowego-employer-law-international-academy\/#primaryimage","url":"https:\/\/bktkancelaria.pl\/wp-content\/uploads\/2023\/04\/xxx.png","contentUrl":"https:\/\/bktkancelaria.pl\/wp-content\/uploads\/2023\/04\/xxx.png"},{"@type":"BreadcrumbList","@id":"https:\/\/bktkancelaria.pl\/szkolenia-z-zakresu-prawa-miedzynarodowego-employer-law-international-academy\/#breadcrumb","itemListElement":[{"@type":"ListItem","position":1,"name":"Strona g\u0142\u00f3wna","item":"https:\/\/bktkancelaria.pl\/"},{"@type":"ListItem","position":2,"name":"SZKOLENIA Z ZAKRESU PRAWA MI\u0118DZYNARODOWEGO EMPLOYER LAW INTERNATIONAL ACADEMY"}]},{"@type":"WebSite","@id":"https:\/\/bktkancelaria.pl\/#website","url":"https:\/\/bktkancelaria.pl\/","name":"International Law Office - Professional legal support in international matters.","description":"Professional legal advice since 1998. We combine years of experience with a modern approach to international law.","publisher":{"@id":"https:\/\/bktkancelaria.pl\/#organization"},"potentialAction":[{"@type":"SearchAction","target":{"@type":"EntryPoint","urlTemplate":"https:\/\/bktkancelaria.pl\/?s={search_term_string}"},"query-input":{"@type":"PropertyValueSpecification","valueRequired":true,"valueName":"search_term_string"}}],"inLanguage":"en-GB"},{"@type":"Organization","@id":"https:\/\/bktkancelaria.pl\/#organization","name":"International Law Office - Professional legal support in international matters.","url":"https:\/\/bktkancelaria.pl\/","logo":{"@type":"ImageObject","inLanguage":"en-GB","@id":"https:\/\/bktkancelaria.pl\/#\/schema\/logo\/image\/","url":"https:\/\/bktkancelaria.pl\/wp-content\/uploads\/2023\/04\/Logo_.webp","contentUrl":"https:\/\/bktkancelaria.pl\/wp-content\/uploads\/2023\/04\/Logo_.webp","width":600,"height":172,"caption":"Kancelaria Prawa Mi\u0119dzynarodowego - Profesjonalne wsparcie prawne w sprawach mi\u0119dzynarodowych."},"image":{"@id":"https:\/\/bktkancelaria.pl\/#\/schema\/logo\/image\/"},"sameAs":["https:\/\/www.facebook.com\/bktkancelaria","https:\/\/www.linkedin.com\/in\/beata-kielar-tammert\/","https:\/\/www.instagram.com\/bktkancelaria\/","https:\/\/www.youtube.com\/@kancelariabkt.radcaprawnyb5036"]}]}},"_links":{"self":[{"href":"https:\/\/bktkancelaria.pl\/en\/wp-json\/wp\/v2\/pages\/3557","targetHints":{"allow":["GET"]}}],"collection":[{"href":"https:\/\/bktkancelaria.pl\/en\/wp-json\/wp\/v2\/pages"}],"about":[{"href":"https:\/\/bktkancelaria.pl\/en\/wp-json\/wp\/v2\/types\/page"}],"author":[{"embeddable":true,"href":"https:\/\/bktkancelaria.pl\/en\/wp-json\/wp\/v2\/users\/1"}],"replies":[{"embeddable":true,"href":"https:\/\/bktkancelaria.pl\/en\/wp-json\/wp\/v2\/comments?post=3557"}],"version-history":[{"count":1,"href":"https:\/\/bktkancelaria.pl\/en\/wp-json\/wp\/v2\/pages\/3557\/revisions"}],"predecessor-version":[{"id":14451,"href":"https:\/\/bktkancelaria.pl\/en\/wp-json\/wp\/v2\/pages\/3557\/revisions\/14451"}],"wp:attachment":[{"href":"https:\/\/bktkancelaria.pl\/en\/wp-json\/wp\/v2\/media?parent=3557"}],"curies":[{"name":"wp","href":"https:\/\/api.w.org\/{rel}","templated":true}]}}