{"id":3638,"date":"2025-06-10T09:39:30","date_gmt":"2025-06-10T07:39:30","guid":{"rendered":"https:\/\/bktkancelaria.pl\/?page_id=3638"},"modified":"2025-06-10T09:39:30","modified_gmt":"2025-06-10T07:39:30","slug":"windykacja-naleznosci","status":"publish","type":"page","link":"https:\/\/bktkancelaria.pl\/en\/debt-collection\/","title":{"rendered":"Debt collection"},"content":{"rendered":"<div data-elementor-type=\"wp-post\" data-elementor-id=\"3638\" class=\"elementor elementor-3638\" data-elementor-post-type=\"page\">\n\t\t\t\t\t\t<section class=\"elementor-section elementor-top-section elementor-element elementor-element-9a3af91 elementor-section-boxed elementor-section-height-default elementor-section-height-default\" data-id=\"9a3af91\" data-element_type=\"section\" data-e-type=\"section\">\n\t\t\t\t\t\t<div class=\"elementor-container elementor-column-gap-default\">\n\t\t\t\t\t<div class=\"elementor-column elementor-col-100 elementor-top-column elementor-element elementor-element-15e27045\" data-id=\"15e27045\" data-element_type=\"column\" data-e-type=\"column\">\n\t\t\t<div class=\"elementor-widget-wrap elementor-element-populated\">\n\t\t\t\t\t\t<div class=\"elementor-element elementor-element-21863bb9 elementor-widget elementor-widget-heading\" data-id=\"21863bb9\" data-element_type=\"widget\" data-e-type=\"widget\" data-widget_type=\"heading.default\">\n\t\t\t\t<div class=\"elementor-widget-container\">\n\t\t\t\t\t<h1 class=\"elementor-heading-title elementor-size-default\">Debt collection<\/h1>\t\t\t\t<\/div>\n\t\t\t\t<\/div>\n\t\t\t\t<div class=\"elementor-element elementor-element-4d37a3b9 elementor-widget-divider--view-line elementor-widget elementor-widget-divider\" data-id=\"4d37a3b9\" data-element_type=\"widget\" data-e-type=\"widget\" data-widget_type=\"divider.default\">\n\t\t\t\t<div class=\"elementor-widget-container\">\n\t\t\t\t\t\t\t<div class=\"elementor-divider\">\n\t\t\t<span class=\"elementor-divider-separator\">\n\t\t\t\t\t\t<\/span>\n\t\t<\/div>\n\t\t\t\t\t\t<\/div>\n\t\t\t\t<\/div>\n\t\t\t\t\t<\/div>\n\t\t<\/div>\n\t\t\t\t\t<\/div>\n\t\t<\/section>\n\t\t\t\t<section class=\"elementor-section elementor-top-section elementor-element elementor-element-1c3ff74c elementor-section-boxed elementor-section-height-default elementor-section-height-default\" data-id=\"1c3ff74c\" data-element_type=\"section\" data-e-type=\"section\">\n\t\t\t\t\t\t<div class=\"elementor-container elementor-column-gap-default\">\n\t\t\t\t\t<div class=\"elementor-column elementor-col-100 elementor-top-column elementor-element elementor-element-323b72b1\" data-id=\"323b72b1\" data-element_type=\"column\" data-e-type=\"column\">\n\t\t\t<div class=\"elementor-widget-wrap elementor-element-populated\">\n\t\t\t\t\t\t<div class=\"elementor-element elementor-element-77e8ea56 elementor-widget elementor-widget-image\" data-id=\"77e8ea56\" data-element_type=\"widget\" data-e-type=\"widget\" data-widget_type=\"image.default\">\n\t\t\t\t<div class=\"elementor-widget-container\">\n\t\t\t\t\t\t\t\t\t\t\t\t\t\t\t<img decoding=\"async\" src=\"https:\/\/bktkancelaria.pl\/wp-content\/uploads\/elementor\/thumbs\/windykacja-naleznosci-OK-qrknkwlmvw3pscdivr40m5l9kibhmbgkiof80hqpdc.jpg\" title=\"debt recovery\" alt=\"debt recovery\" loading=\"lazy\" \/>\t\t\t\t\t\t\t\t\t\t\t\t\t\t\t<\/div>\n\t\t\t\t<\/div>\n\t\t\t\t<div class=\"elementor-element elementor-element-ba07b1c elementor-widget elementor-widget-text-editor\" data-id=\"ba07b1c\" data-element_type=\"widget\" data-e-type=\"widget\" data-widget_type=\"text-editor.default\">\n\t\t\t\t<div class=\"elementor-widget-container\">\n\t\t\t\t\t\t\t\t\t<p><\/p>\n<h2>As part of debt collection, BKT Law Firm:<\/h2>\n<p><\/p>\t\t\t\t\t\t\t\t<\/div>\n\t\t\t\t<\/div>\n\t\t\t\t<div class=\"elementor-element elementor-element-67d1e87e elementor-align-start elementor-icon-list--layout-traditional elementor-list-item-link-full_width elementor-widget elementor-widget-icon-list\" data-id=\"67d1e87e\" data-element_type=\"widget\" data-e-type=\"widget\" data-widget_type=\"icon-list.default\">\n\t\t\t\t<div class=\"elementor-widget-container\">\n\t\t\t\t\t\t\t<ul class=\"elementor-icon-list-items\">\n\t\t\t\t\t\t\t<li class=\"elementor-icon-list-item\">\n\t\t\t\t\t\t\t\t\t\t\t<span class=\"elementor-icon-list-icon\">\n\t\t\t\t\t\t\t\t\t\t\t\t\t\t\t\t<i class=\"fa fa-check\" aria-hidden=\"true\"><\/i>\n\t\t\t\t\t\t\t\t\t\t\t\t\t<\/span>\n\t\t\t\t\t\t\t\t\t\t<span class=\"elementor-icon-list-text\">draws up pre-court demands for payment,<\/span>\n\t\t\t\t\t\t\t\t\t<\/li>\n\t\t\t\t\t\t\t\t<li class=\"elementor-icon-list-item\">\n\t\t\t\t\t\t\t\t\t\t\t<span class=\"elementor-icon-list-icon\">\n\t\t\t\t\t\t\t\t\t\t\t\t\t\t\t\t<i class=\"fa fa-check\" aria-hidden=\"true\"><\/i>\n\t\t\t\t\t\t\t\t\t\t\t\t\t<\/span>\n\t\t\t\t\t\t\t\t\t\t<span class=\"elementor-icon-list-text\">He represents in injunction proceedings, as well as in European order for payment proceedings,<\/span>\n\t\t\t\t\t\t\t\t\t<\/li>\n\t\t\t\t\t\t\t\t<li class=\"elementor-icon-list-item\">\n\t\t\t\t\t\t\t\t\t\t\t<span class=\"elementor-icon-list-icon\">\n\t\t\t\t\t\t\t\t\t\t\t\t\t\t\t\t<i class=\"fa fa-check\" aria-hidden=\"true\"><\/i>\n\t\t\t\t\t\t\t\t\t\t\t\t\t<\/span>\n\t\t\t\t\t\t\t\t\t\t<span class=\"elementor-icon-list-text\">refers enforcement requests to bailiffs,<\/span>\n\t\t\t\t\t\t\t\t\t<\/li>\n\t\t\t\t\t\t\t\t<li class=\"elementor-icon-list-item\">\n\t\t\t\t\t\t\t\t\t\t\t<span class=\"elementor-icon-list-icon\">\n\t\t\t\t\t\t\t\t\t\t\t\t\t\t\t\t<i class=\"fa fa-check\" aria-hidden=\"true\"><\/i>\n\t\t\t\t\t\t\t\t\t\t\t\t\t<\/span>\n\t\t\t\t\t\t\t\t\t\t<span class=\"elementor-icon-list-text\">keeps you informed of the actions taken and their results.<\/span>\n\t\t\t\t\t\t\t\t\t<\/li>\n\t\t\t\t\t\t<\/ul>\n\t\t\t\t\t\t<\/div>\n\t\t\t\t<\/div>\n\t\t\t\t\t<\/div>\n\t\t<\/div>\n\t\t\t\t\t<\/div>\n\t\t<\/section>\n\t\t\t\t<section class=\"elementor-section elementor-top-section elementor-element elementor-element-4909a5f elementor-section-height-min-height elementor-section-content-middle elementor-section-stretched elementor-section-boxed elementor-section-height-default elementor-section-items-middle\" data-id=\"4909a5f\" data-element_type=\"section\" data-e-type=\"section\" data-settings=\"{&quot;stretch_section&quot;:&quot;section-stretched&quot;}\">\n\t\t\t\t\t\t<div class=\"elementor-container elementor-column-gap-no\">\n\t\t\t\t\t<div class=\"elementor-column elementor-col-100 elementor-top-column elementor-element elementor-element-f766add\" data-id=\"f766add\" data-element_type=\"column\" data-e-type=\"column\">\n\t\t\t<div class=\"elementor-widget-wrap elementor-element-populated\">\n\t\t\t\t\t\t<div class=\"elementor-element elementor-element-be59927 elementor-widget elementor-widget-text-editor\" data-id=\"be59927\" data-element_type=\"widget\" data-e-type=\"widget\" data-widget_type=\"text-editor.default\">\n\t\t\t\t<div class=\"elementor-widget-container\">\n\t\t\t\t\t\t\t\t\t<p><\/p>\n<h2>We also handle cross-border payment cases:<\/h2>\n<p><\/p>\t\t\t\t\t\t\t\t<\/div>\n\t\t\t\t<\/div>\n\t\t\t\t<div class=\"elementor-element elementor-element-400c193 elementor-align-start elementor-icon-list--layout-traditional elementor-list-item-link-full_width elementor-widget elementor-widget-icon-list\" data-id=\"400c193\" data-element_type=\"widget\" data-e-type=\"widget\" data-widget_type=\"icon-list.default\">\n\t\t\t\t<div class=\"elementor-widget-container\">\n\t\t\t\t\t\t\t<ul class=\"elementor-icon-list-items\">\n\t\t\t\t\t\t\t<li class=\"elementor-icon-list-item\">\n\t\t\t\t\t\t\t\t\t\t\t<span class=\"elementor-icon-list-icon\">\n\t\t\t\t\t\t\t\t\t\t\t\t\t\t\t\t<i class=\"fa fa-check\" aria-hidden=\"true\"><\/i>\n\t\t\t\t\t\t\t\t\t\t\t\t\t<\/span>\n\t\t\t\t\t\t\t\t\t\t<span class=\"elementor-icon-list-text\">we assert claims under business liability insurance contracts and for non-performance or improper performance of a civil law contract from contracts between entrepreneurs from different countries,<\/span>\n\t\t\t\t\t\t\t\t\t<\/li>\n\t\t\t\t\t\t\t\t<li class=\"elementor-icon-list-item\">\n\t\t\t\t\t\t\t\t\t\t\t<span class=\"elementor-icon-list-icon\">\n\t\t\t\t\t\t\t\t\t\t\t\t\t\t\t\t<i class=\"fa fa-check\" aria-hidden=\"true\"><\/i>\n\t\t\t\t\t\t\t\t\t\t\t\t\t<\/span>\n\t\t\t\t\t\t\t\t\t\t<span class=\"elementor-icon-list-text\">on behalf of clients, we conduct litigation for European orders for payment and represent clients in small claims court proceedings,<\/span>\n\t\t\t\t\t\t\t\t\t<\/li>\n\t\t\t\t\t\t\t\t<li class=\"elementor-icon-list-item\">\n\t\t\t\t\t\t\t\t\t\t\t<span class=\"elementor-icon-list-icon\">\n\t\t\t\t\t\t\t\t\t\t\t\t\t\t\t\t<i class=\"fa fa-check\" aria-hidden=\"true\"><\/i>\n\t\t\t\t\t\t\t\t\t\t\t\t\t<\/span>\n\t\t\t\t\t\t\t\t\t\t<span class=\"elementor-icon-list-text\">We are the legal representative of clients before the courts of all instances in commercial and civil cases for payment, determination or disclosure of assets,<\/span>\n\t\t\t\t\t\t\t\t\t<\/li>\n\t\t\t\t\t\t\t\t<li class=\"elementor-icon-list-item\">\n\t\t\t\t\t\t\t\t\t\t\t<span class=\"elementor-icon-list-icon\">\n\t\t\t\t\t\t\t\t\t\t\t\t\t\t\t\t<i class=\"fa fa-check\" aria-hidden=\"true\"><\/i>\n\t\t\t\t\t\t\t\t\t\t\t\t\t<\/span>\n\t\t\t\t\t\t\t\t\t\t<span class=\"elementor-icon-list-text\">We advise on the choice of the appropriate jurisdiction as well as on the enforcement of a foreign judgment in Poland, including the enforcement procedure under EU regulations.<\/span>\n\t\t\t\t\t\t\t\t\t<\/li>\n\t\t\t\t\t\t<\/ul>\n\t\t\t\t\t\t<\/div>\n\t\t\t\t<\/div>\n\t\t\t\t<div class=\"elementor-element elementor-element-76d4b02f elementor-widget elementor-widget-text-editor\" data-id=\"76d4b02f\" data-element_type=\"widget\" data-e-type=\"widget\" data-widget_type=\"text-editor.default\">\n\t\t\t\t<div class=\"elementor-widget-container\">\n\t\t\t\t\t\t\t\t\t<p><\/p>\n<h3>BKT's many years of experience in debt collection enables it to guarantee reliability and timeliness in the collection of outstanding payments.<\/h3>\n<p><\/p>\t\t\t\t\t\t\t\t<\/div>\n\t\t\t\t<\/div>\n\t\t\t\t\t<\/div>\n\t\t<\/div>\n\t\t\t\t\t<\/div>\n\t\t<\/section>\n\t\t\t\t<\/div>","protected":false},"excerpt":{"rendered":"<p>Windykacja nale\u017cno\u015bci W ramach windykacji nale\u017cno\u015bci, Kancelaria BKT: sporz\u0105dza przeds\u0105dowe wezwania do zap\u0142aty, reprezentuje w post\u0119powaniach nakazowych, a tak\u017ce w post\u0119powaniach o wydanie europejskiego nakazu zap\u0142aty, kieruje wnioski egzekucyjne do komornik\u00f3w, na bie\u017c\u0105co informuje o podejmowanych czynno\u015bciach i ich efektach. Prowadzimy r\u00f3wnie\u017c sprawy o zap\u0142at\u0119 w sprawach transgranicznych: dochodzimy roszcze\u0144 z um\u00f3w ubezpiecze\u0144 odpowiedzialno\u015bci cywilnej [&hellip;]<\/p>\n","protected":false},"author":1,"featured_media":0,"parent":0,"menu_order":0,"comment_status":"closed","ping_status":"closed","template":"elementor_header_footer","meta":{"footnotes":""},"class_list":["post-3638","page","type-page","status-publish","hentry"],"yoast_head":"<!-- This site is optimized with the Yoast SEO plugin v27.3 - https:\/\/yoast.com\/product\/yoast-seo-wordpress\/ -->\n<title>Windykacja Nale\u017cno\u015bci - Kancelaria Radcy Prawnego BKT<\/title>\n<meta name=\"description\" content=\"Kancelaria BKT zajmuje si\u0119 skuteczn\u0105 windykacj\u0105 nale\u017cno\u015bci od kontrahent\u00f3w. Obs\u0142uga prawna na etapie przeds\u0105dowym oraz w s\u0105dzie.\" \/>\n<meta name=\"robots\" content=\"index, follow, max-snippet:-1, max-image-preview:large, max-video-preview:-1\" \/>\n<link rel=\"canonical\" href=\"https:\/\/bktkancelaria.pl\/en\/debt-collection\/\" \/>\n<meta property=\"og:locale\" content=\"en_GB\" \/>\n<meta property=\"og:type\" content=\"article\" \/>\n<meta property=\"og:title\" content=\"Windykacja Nale\u017cno\u015bci - Kancelaria Radcy Prawnego BKT\" \/>\n<meta property=\"og:description\" content=\"Kancelaria BKT zajmuje si\u0119 skuteczn\u0105 windykacj\u0105 nale\u017cno\u015bci od kontrahent\u00f3w. Obs\u0142uga prawna na etapie przeds\u0105dowym oraz w s\u0105dzie.\" \/>\n<meta property=\"og:url\" content=\"https:\/\/bktkancelaria.pl\/en\/debt-collection\/\" \/>\n<meta property=\"og:site_name\" content=\"Kancelaria Prawa Mi\u0119dzynarodowego - Profesjonalne wsparcie prawne w sprawach mi\u0119dzynarodowych.\" \/>\n<meta property=\"article:publisher\" content=\"https:\/\/www.facebook.com\/bktkancelaria\" \/>\n<meta property=\"og:image\" content=\"https:\/\/bktkancelaria.pl\/wp-content\/uploads\/elementor\/thumbs\/windykacja-naleznosci-OK-o3b677xys3ytemda0g92cen7ij7l8k0hhgy516ax34.jpg\" \/>\n<meta name=\"twitter:card\" content=\"summary_large_image\" \/>\n<meta name=\"twitter:label1\" content=\"Estimated reading time\" \/>\n\t<meta name=\"twitter:data1\" content=\"2 minutes\" \/>\n<script type=\"application\/ld+json\" class=\"yoast-schema-graph\">{\"@context\":\"https:\\\/\\\/schema.org\",\"@graph\":[{\"@type\":\"WebPage\",\"@id\":\"https:\\\/\\\/bktkancelaria.pl\\\/windykacja-naleznosci\\\/\",\"url\":\"https:\\\/\\\/bktkancelaria.pl\\\/windykacja-naleznosci\\\/\",\"name\":\"Windykacja Nale\u017cno\u015bci - Kancelaria Radcy Prawnego BKT\",\"isPartOf\":{\"@id\":\"https:\\\/\\\/bktkancelaria.pl\\\/#website\"},\"primaryImageOfPage\":{\"@id\":\"https:\\\/\\\/bktkancelaria.pl\\\/windykacja-naleznosci\\\/#primaryimage\"},\"image\":{\"@id\":\"https:\\\/\\\/bktkancelaria.pl\\\/windykacja-naleznosci\\\/#primaryimage\"},\"thumbnailUrl\":\"https:\\\/\\\/bktkancelaria.pl\\\/wp-content\\\/uploads\\\/elementor\\\/thumbs\\\/windykacja-naleznosci-OK-o3b677xys3ytemda0g92cen7ij7l8k0hhgy516ax34.jpg\",\"datePublished\":\"2025-06-10T07:39:30+00:00\",\"description\":\"Kancelaria BKT zajmuje si\u0119 skuteczn\u0105 windykacj\u0105 nale\u017cno\u015bci od kontrahent\u00f3w. Obs\u0142uga prawna na etapie przeds\u0105dowym oraz w s\u0105dzie.\",\"breadcrumb\":{\"@id\":\"https:\\\/\\\/bktkancelaria.pl\\\/windykacja-naleznosci\\\/#breadcrumb\"},\"inLanguage\":\"en-GB\",\"potentialAction\":[{\"@type\":\"ReadAction\",\"target\":[\"https:\\\/\\\/bktkancelaria.pl\\\/windykacja-naleznosci\\\/\"]}]},{\"@type\":\"ImageObject\",\"inLanguage\":\"en-GB\",\"@id\":\"https:\\\/\\\/bktkancelaria.pl\\\/windykacja-naleznosci\\\/#primaryimage\",\"url\":\"https:\\\/\\\/bktkancelaria.pl\\\/wp-content\\\/uploads\\\/elementor\\\/thumbs\\\/windykacja-naleznosci-OK-o3b677xys3ytemda0g92cen7ij7l8k0hhgy516ax34.jpg\",\"contentUrl\":\"https:\\\/\\\/bktkancelaria.pl\\\/wp-content\\\/uploads\\\/elementor\\\/thumbs\\\/windykacja-naleznosci-OK-o3b677xys3ytemda0g92cen7ij7l8k0hhgy516ax34.jpg\"},{\"@type\":\"BreadcrumbList\",\"@id\":\"https:\\\/\\\/bktkancelaria.pl\\\/windykacja-naleznosci\\\/#breadcrumb\",\"itemListElement\":[{\"@type\":\"ListItem\",\"position\":1,\"name\":\"Strona g\u0142\u00f3wna\",\"item\":\"https:\\\/\\\/bktkancelaria.pl\\\/\"},{\"@type\":\"ListItem\",\"position\":2,\"name\":\"Windykacja nale\u017cno\u015bci\"}]},{\"@type\":\"WebSite\",\"@id\":\"https:\\\/\\\/bktkancelaria.pl\\\/#website\",\"url\":\"https:\\\/\\\/bktkancelaria.pl\\\/\",\"name\":\"Kancelaria Prawa Mi\u0119dzynarodowego - Profesjonalne wsparcie prawne w sprawach mi\u0119dzynarodowych.\",\"description\":\"Profesjonalne doradztwo prawne od 1998 roku. \u0141\u0105czymy wieloletnie do\u015bwiadczenie z nowoczesnym podej\u015bciem do prawa mi\u0119dzynarodowego.\",\"publisher\":{\"@id\":\"https:\\\/\\\/bktkancelaria.pl\\\/#organization\"},\"potentialAction\":[{\"@type\":\"SearchAction\",\"target\":{\"@type\":\"EntryPoint\",\"urlTemplate\":\"https:\\\/\\\/bktkancelaria.pl\\\/?s={search_term_string}\"},\"query-input\":{\"@type\":\"PropertyValueSpecification\",\"valueRequired\":true,\"valueName\":\"search_term_string\"}}],\"inLanguage\":\"en-GB\"},{\"@type\":\"Organization\",\"@id\":\"https:\\\/\\\/bktkancelaria.pl\\\/#organization\",\"name\":\"Kancelaria Prawa Mi\u0119dzynarodowego - Profesjonalne wsparcie prawne w sprawach mi\u0119dzynarodowych.\",\"url\":\"https:\\\/\\\/bktkancelaria.pl\\\/\",\"logo\":{\"@type\":\"ImageObject\",\"inLanguage\":\"en-GB\",\"@id\":\"https:\\\/\\\/bktkancelaria.pl\\\/#\\\/schema\\\/logo\\\/image\\\/\",\"url\":\"https:\\\/\\\/bktkancelaria.pl\\\/wp-content\\\/uploads\\\/2023\\\/04\\\/Logo_.webp\",\"contentUrl\":\"https:\\\/\\\/bktkancelaria.pl\\\/wp-content\\\/uploads\\\/2023\\\/04\\\/Logo_.webp\",\"width\":600,\"height\":172,\"caption\":\"Kancelaria Prawa Mi\u0119dzynarodowego - Profesjonalne wsparcie prawne w sprawach mi\u0119dzynarodowych.\"},\"image\":{\"@id\":\"https:\\\/\\\/bktkancelaria.pl\\\/#\\\/schema\\\/logo\\\/image\\\/\"},\"sameAs\":[\"https:\\\/\\\/www.facebook.com\\\/bktkancelaria\",\"https:\\\/\\\/www.linkedin.com\\\/in\\\/beata-kielar-tammert\\\/\",\"https:\\\/\\\/www.instagram.com\\\/bktkancelaria\\\/\",\"https:\\\/\\\/www.youtube.com\\\/@kancelariabkt.radcaprawnyb5036\"]}]}<\/script>\n<!-- \/ Yoast SEO plugin. -->","yoast_head_json":{"title":"Debt recovery - Law firm BKT","description":"BKT law firm deals with effective debt recovery from contractors. Legal services at the pre-court stage and in court.","robots":{"index":"index","follow":"follow","max-snippet":"max-snippet:-1","max-image-preview":"max-image-preview:large","max-video-preview":"max-video-preview:-1"},"canonical":"https:\/\/bktkancelaria.pl\/en\/debt-collection\/","og_locale":"en_GB","og_type":"article","og_title":"Windykacja Nale\u017cno\u015bci - Kancelaria Radcy Prawnego BKT","og_description":"Kancelaria BKT zajmuje si\u0119 skuteczn\u0105 windykacj\u0105 nale\u017cno\u015bci od kontrahent\u00f3w. Obs\u0142uga prawna na etapie przeds\u0105dowym oraz w s\u0105dzie.","og_url":"https:\/\/bktkancelaria.pl\/en\/debt-collection\/","og_site_name":"Kancelaria Prawa Mi\u0119dzynarodowego - Profesjonalne wsparcie prawne w sprawach mi\u0119dzynarodowych.","article_publisher":"https:\/\/www.facebook.com\/bktkancelaria","og_image":[{"url":"https:\/\/bktkancelaria.pl\/wp-content\/uploads\/elementor\/thumbs\/windykacja-naleznosci-OK-o3b677xys3ytemda0g92cen7ij7l8k0hhgy516ax34.jpg","type":"","width":"","height":""}],"twitter_card":"summary_large_image","twitter_misc":{"Estimated reading time":"2 minutes"},"schema":{"@context":"https:\/\/schema.org","@graph":[{"@type":"WebPage","@id":"https:\/\/bktkancelaria.pl\/windykacja-naleznosci\/","url":"https:\/\/bktkancelaria.pl\/windykacja-naleznosci\/","name":"Debt recovery - Law firm BKT","isPartOf":{"@id":"https:\/\/bktkancelaria.pl\/#website"},"primaryImageOfPage":{"@id":"https:\/\/bktkancelaria.pl\/windykacja-naleznosci\/#primaryimage"},"image":{"@id":"https:\/\/bktkancelaria.pl\/windykacja-naleznosci\/#primaryimage"},"thumbnailUrl":"https:\/\/bktkancelaria.pl\/wp-content\/uploads\/elementor\/thumbs\/windykacja-naleznosci-OK-o3b677xys3ytemda0g92cen7ij7l8k0hhgy516ax34.jpg","datePublished":"2025-06-10T07:39:30+00:00","description":"BKT law firm deals with effective debt recovery from contractors. Legal services at the pre-court stage and in court.","breadcrumb":{"@id":"https:\/\/bktkancelaria.pl\/windykacja-naleznosci\/#breadcrumb"},"inLanguage":"en-GB","potentialAction":[{"@type":"ReadAction","target":["https:\/\/bktkancelaria.pl\/windykacja-naleznosci\/"]}]},{"@type":"ImageObject","inLanguage":"en-GB","@id":"https:\/\/bktkancelaria.pl\/windykacja-naleznosci\/#primaryimage","url":"https:\/\/bktkancelaria.pl\/wp-content\/uploads\/elementor\/thumbs\/windykacja-naleznosci-OK-o3b677xys3ytemda0g92cen7ij7l8k0hhgy516ax34.jpg","contentUrl":"https:\/\/bktkancelaria.pl\/wp-content\/uploads\/elementor\/thumbs\/windykacja-naleznosci-OK-o3b677xys3ytemda0g92cen7ij7l8k0hhgy516ax34.jpg"},{"@type":"BreadcrumbList","@id":"https:\/\/bktkancelaria.pl\/windykacja-naleznosci\/#breadcrumb","itemListElement":[{"@type":"ListItem","position":1,"name":"Strona g\u0142\u00f3wna","item":"https:\/\/bktkancelaria.pl\/"},{"@type":"ListItem","position":2,"name":"Windykacja nale\u017cno\u015bci"}]},{"@type":"WebSite","@id":"https:\/\/bktkancelaria.pl\/#website","url":"https:\/\/bktkancelaria.pl\/","name":"International Law Office - Professional legal support in international matters.","description":"Professional legal advice since 1998. We combine years of experience with a modern approach to international law.","publisher":{"@id":"https:\/\/bktkancelaria.pl\/#organization"},"potentialAction":[{"@type":"SearchAction","target":{"@type":"EntryPoint","urlTemplate":"https:\/\/bktkancelaria.pl\/?s={search_term_string}"},"query-input":{"@type":"PropertyValueSpecification","valueRequired":true,"valueName":"search_term_string"}}],"inLanguage":"en-GB"},{"@type":"Organization","@id":"https:\/\/bktkancelaria.pl\/#organization","name":"International Law Office - Professional legal support in international matters.","url":"https:\/\/bktkancelaria.pl\/","logo":{"@type":"ImageObject","inLanguage":"en-GB","@id":"https:\/\/bktkancelaria.pl\/#\/schema\/logo\/image\/","url":"https:\/\/bktkancelaria.pl\/wp-content\/uploads\/2023\/04\/Logo_.webp","contentUrl":"https:\/\/bktkancelaria.pl\/wp-content\/uploads\/2023\/04\/Logo_.webp","width":600,"height":172,"caption":"Kancelaria Prawa Mi\u0119dzynarodowego - Profesjonalne wsparcie prawne w sprawach mi\u0119dzynarodowych."},"image":{"@id":"https:\/\/bktkancelaria.pl\/#\/schema\/logo\/image\/"},"sameAs":["https:\/\/www.facebook.com\/bktkancelaria","https:\/\/www.linkedin.com\/in\/beata-kielar-tammert\/","https:\/\/www.instagram.com\/bktkancelaria\/","https:\/\/www.youtube.com\/@kancelariabkt.radcaprawnyb5036"]}]}},"_links":{"self":[{"href":"https:\/\/bktkancelaria.pl\/en\/wp-json\/wp\/v2\/pages\/3638","targetHints":{"allow":["GET"]}}],"collection":[{"href":"https:\/\/bktkancelaria.pl\/en\/wp-json\/wp\/v2\/pages"}],"about":[{"href":"https:\/\/bktkancelaria.pl\/en\/wp-json\/wp\/v2\/types\/page"}],"author":[{"embeddable":true,"href":"https:\/\/bktkancelaria.pl\/en\/wp-json\/wp\/v2\/users\/1"}],"replies":[{"embeddable":true,"href":"https:\/\/bktkancelaria.pl\/en\/wp-json\/wp\/v2\/comments?post=3638"}],"version-history":[{"count":1,"href":"https:\/\/bktkancelaria.pl\/en\/wp-json\/wp\/v2\/pages\/3638\/revisions"}],"predecessor-version":[{"id":14455,"href":"https:\/\/bktkancelaria.pl\/en\/wp-json\/wp\/v2\/pages\/3638\/revisions\/14455"}],"wp:attachment":[{"href":"https:\/\/bktkancelaria.pl\/en\/wp-json\/wp\/v2\/media?parent=3638"}],"curies":[{"name":"wp","href":"https:\/\/api.w.org\/{rel}","templated":true}]}}