{"id":3706,"date":"2025-06-10T09:39:30","date_gmt":"2025-06-10T07:39:30","guid":{"rendered":"https:\/\/bktkancelaria.pl\/?page_id=3706"},"modified":"2025-06-10T09:39:30","modified_gmt":"2025-06-10T07:39:30","slug":"sprawy-spadkowe","status":"publish","type":"page","link":"https:\/\/bktkancelaria.pl\/en\/successions\/","title":{"rendered":"Succession matters"},"content":{"rendered":"<div data-elementor-type=\"wp-post\" data-elementor-id=\"3706\" class=\"elementor elementor-3706\" data-elementor-post-type=\"page\">\n\t\t\t\t\t\t<section class=\"elementor-section elementor-top-section elementor-element elementor-element-16f2472d elementor-section-boxed elementor-section-height-default elementor-section-height-default\" data-id=\"16f2472d\" data-element_type=\"section\" data-e-type=\"section\">\n\t\t\t\t\t\t<div class=\"elementor-container elementor-column-gap-default\">\n\t\t\t\t\t<div class=\"elementor-column elementor-col-100 elementor-top-column elementor-element elementor-element-2a92d951\" data-id=\"2a92d951\" data-element_type=\"column\" data-e-type=\"column\">\n\t\t\t<div class=\"elementor-widget-wrap elementor-element-populated\">\n\t\t\t\t\t\t<div class=\"elementor-element elementor-element-5bab5b43 elementor-widget elementor-widget-heading\" data-id=\"5bab5b43\" data-element_type=\"widget\" data-e-type=\"widget\" data-widget_type=\"heading.default\">\n\t\t\t\t<div class=\"elementor-widget-container\">\n\t\t\t\t\t<h1 class=\"elementor-heading-title elementor-size-default\">Succession matters<\/h1>\t\t\t\t<\/div>\n\t\t\t\t<\/div>\n\t\t\t\t<div class=\"elementor-element elementor-element-79529753 elementor-widget-divider--view-line elementor-widget elementor-widget-divider\" data-id=\"79529753\" data-element_type=\"widget\" data-e-type=\"widget\" data-widget_type=\"divider.default\">\n\t\t\t\t<div class=\"elementor-widget-container\">\n\t\t\t\t\t\t\t<div class=\"elementor-divider\">\n\t\t\t<span class=\"elementor-divider-separator\">\n\t\t\t\t\t\t<\/span>\n\t\t<\/div>\n\t\t\t\t\t\t<\/div>\n\t\t\t\t<\/div>\n\t\t\t\t\t<\/div>\n\t\t<\/div>\n\t\t\t\t\t<\/div>\n\t\t<\/section>\n\t\t\t\t<section class=\"elementor-section elementor-top-section elementor-element elementor-element-530958be elementor-section-boxed elementor-section-height-default elementor-section-height-default\" data-id=\"530958be\" data-element_type=\"section\" data-e-type=\"section\">\n\t\t\t\t\t\t<div class=\"elementor-container elementor-column-gap-default\">\n\t\t\t\t\t<div class=\"elementor-column elementor-col-100 elementor-top-column elementor-element elementor-element-1f7ef8eb\" data-id=\"1f7ef8eb\" data-element_type=\"column\" data-e-type=\"column\">\n\t\t\t<div class=\"elementor-widget-wrap elementor-element-populated\">\n\t\t\t\t\t\t<div class=\"elementor-element elementor-element-1d208ae2 elementor-widget elementor-widget-image\" data-id=\"1d208ae2\" data-element_type=\"widget\" data-e-type=\"widget\" data-widget_type=\"image.default\">\n\t\t\t\t<div class=\"elementor-widget-container\">\n\t\t\t\t\t\t\t\t\t\t\t\t\t\t\t<img decoding=\"async\" src=\"https:\/\/bktkancelaria.pl\/wp-content\/uploads\/elementor\/thumbs\/Sprawy-Spadkowe-BKT-qrknkkdqf1mzlev9v3tv7qo9uhzpu9424zxwrw8tm8.jpg\" title=\"Succession matters\" alt=\"Succession matters\" loading=\"lazy\" \/>\t\t\t\t\t\t\t\t\t\t\t\t\t\t\t<\/div>\n\t\t\t\t<\/div>\n\t\t\t\t<div class=\"elementor-element elementor-element-1d4b404e elementor-widget elementor-widget-text-editor\" data-id=\"1d4b404e\" data-element_type=\"widget\" data-e-type=\"widget\" data-widget_type=\"text-editor.default\">\n\t\t\t\t<div class=\"elementor-widget-container\">\n\t\t\t\t\t\t\t\t\t<p><\/p>\n<h2>As part of its handling of succession cases, BKT Law Firm:<\/h2>\n<p><\/p>\t\t\t\t\t\t\t\t<\/div>\n\t\t\t\t<\/div>\n\t\t\t\t<div class=\"elementor-element elementor-element-35d00eb9 elementor-align-start elementor-icon-list--layout-traditional elementor-list-item-link-full_width elementor-widget elementor-widget-icon-list\" data-id=\"35d00eb9\" data-element_type=\"widget\" data-e-type=\"widget\" data-widget_type=\"icon-list.default\">\n\t\t\t\t<div class=\"elementor-widget-container\">\n\t\t\t\t\t\t\t<ul class=\"elementor-icon-list-items\">\n\t\t\t\t\t\t\t<li class=\"elementor-icon-list-item\">\n\t\t\t\t\t\t\t\t\t\t\t<span class=\"elementor-icon-list-icon\">\n\t\t\t\t\t\t\t\t\t\t\t\t\t\t\t\t<i class=\"fa fa-check\" aria-hidden=\"true\"><\/i>\n\t\t\t\t\t\t\t\t\t\t\t\t\t<\/span>\n\t\t\t\t\t\t\t\t\t\t<span class=\"elementor-icon-list-text\"><b>He will apply for a declaration of inheritance establishing the circle of heirs.<\/b> <br> In order to become the owner of inherited property, a proper application must be filed with the court, in which the order of inheritance must be shown. The application must also be accompanied by all the required documents, such as copies of birth and death certificates.  <br> <\/span>\n\t\t\t\t\t\t\t\t\t<\/li>\n\t\t\t\t\t\t\t\t<li class=\"elementor-icon-list-item\">\n\t\t\t\t\t\t\t\t\t\t\t<span class=\"elementor-icon-list-icon\">\n\t\t\t\t\t\t\t\t\t\t\t\t\t\t\t\t<i class=\"fa fa-check\" aria-hidden=\"true\"><\/i>\n\t\t\t\t\t\t\t\t\t\t\t\t\t<\/span>\n\t\t\t\t\t\t\t\t\t\t<span class=\"elementor-icon-list-text\"><b>It will carry out the division of the inheritance so that the succession assets are divided fairly. <\/b> <br> A court declaration of inheritance entitles only a certain (expressed as a fraction) part of the estate. In order for specific inherited items to become the property of specific heirs, a judicial partition of the inheritance must be carried out. This is not compulsory, but highly recommended in order to avoid problems with the management of the inherited property in the future. <br> <\/span>\n\t\t\t\t\t\t\t\t\t<\/li>\n\t\t\t\t\t\t\t\t<li class=\"elementor-icon-list-item\">\n\t\t\t\t\t\t\t\t\t\t\t<span class=\"elementor-icon-list-icon\">\n\t\t\t\t\t\t\t\t\t\t\t\t\t\t\t\t<i class=\"fa fa-check\" aria-hidden=\"true\"><\/i>\n\t\t\t\t\t\t\t\t\t\t\t\t\t<\/span>\n\t\t\t\t\t\t\t\t\t\t<span class=\"elementor-icon-list-text\"><b>He will conduct a retention case to obtain the share of the inheritance due. <\/b><br> Sometimes, as a result of a testamentary succession, an heir has received nothing from the estate. In such a situation, he may claim a reserved portion from the other heirs. A reserved portion is half of the portion of the succession estate that he would have received if he had inherited in accordance with the law.<\/span>\n\t\t\t\t\t\t\t\t\t<\/li>\n\t\t\t\t\t\t\t\t<li class=\"elementor-icon-list-item\">\n\t\t\t\t\t\t\t\t\t\t\t<span class=\"elementor-icon-list-icon\">\n\t\t\t\t\t\t\t\t\t\t\t\t\t\t\t\t<i class=\"fa fa-check\" aria-hidden=\"true\"><\/i>\n\t\t\t\t\t\t\t\t\t\t\t\t\t<\/span>\n\t\t\t\t\t\t\t\t\t\t<span class=\"elementor-icon-list-text\"><b>Represents <\/b>Clients in succession cases in Germany when the testator is a Polish citizen residing in Germany and foreigners in succession cases before the Polish court and Polish administrative authorities.<\/span>\n\t\t\t\t\t\t\t\t\t<\/li>\n\t\t\t\t\t\t<\/ul>\n\t\t\t\t\t\t<\/div>\n\t\t\t\t<\/div>\n\t\t\t\t<div class=\"elementor-element elementor-element-6136f822 elementor-widget elementor-widget-text-editor\" data-id=\"6136f822\" data-element_type=\"widget\" data-e-type=\"widget\" data-widget_type=\"text-editor.default\">\n\t\t\t\t<div class=\"elementor-widget-container\">\n\t\t\t\t\t\t\t\t\t<p><\/p>\n<h3><span style=\"letter-spacing: 0px;\">When it comes to the comprehensive handling of inheritance cases, BKT Law Firm chooses the most favourable solutions for its clients, taking care of their financial interests.<\/span><\/h3>\n<p><\/p>\t\t\t\t\t\t\t\t<\/div>\n\t\t\t\t<\/div>\n\t\t\t\t\t<\/div>\n\t\t<\/div>\n\t\t\t\t\t<\/div>\n\t\t<\/section>\n\t\t\t\t<\/div>","protected":false},"excerpt":{"rendered":"<p>Sprawy spadkowe W ramach prowadzenia spraw spadkowych, Kancelaria BKT: Z\u0142o\u017cy wniosek o stwierdzenie nabycia spadku ustalaj\u0105c kr\u0105g spadkobierc\u00f3w. Aby sta\u0107 si\u0119 w\u0142a\u015bcicielem maj\u0105tku spadkowego nale\u017cy z\u0142o\u017cy\u0107 w s\u0105dzie odpowiedni wniosek, w kt\u00f3rym nale\u017cy wykaza\u0107 kolejno\u015b\u0107 dziedziczenia. Do wniosku nale\u017cy r\u00f3wnie\u017c do\u0142\u0105czy\u0107 wszystkie wymagane dokumenty, takie jak odpisy akt\u00f3w urodzenia i \u015bmierci. Przeprowadzi dzia\u0142 spadku, aby [&hellip;]<\/p>\n","protected":false},"author":1,"featured_media":0,"parent":0,"menu_order":0,"comment_status":"closed","ping_status":"closed","template":"elementor_header_footer","meta":{"footnotes":""},"class_list":["post-3706","page","type-page","status-publish","hentry"],"yoast_head":"<!-- This site is optimized with the Yoast SEO plugin v27.3 - https:\/\/yoast.com\/product\/yoast-seo-wordpress\/ -->\n<title>Sprawy Spadkowe - Kancelaria Radcy Prawnego Beaty Kielar-Tammert<\/title>\n<meta name=\"description\" content=\"Kancelaria BKT \u015bwiadczy us\u0142ugi prawne w zakresie stwierdzenia nabycia spadku, dzia\u0142u spadku oraz spraw o zachowek, dbaj\u0105c o interes finansowy Klient\u00f3w.\" \/>\n<meta name=\"robots\" content=\"index, follow, max-snippet:-1, max-image-preview:large, max-video-preview:-1\" \/>\n<link rel=\"canonical\" href=\"https:\/\/bktkancelaria.pl\/en\/successions\/\" \/>\n<meta property=\"og:locale\" content=\"en_GB\" \/>\n<meta property=\"og:type\" content=\"article\" \/>\n<meta property=\"og:title\" content=\"Sprawy Spadkowe - Kancelaria Radcy Prawnego Beaty Kielar-Tammert\" \/>\n<meta property=\"og:description\" content=\"Kancelaria BKT \u015bwiadczy us\u0142ugi prawne w zakresie stwierdzenia nabycia spadku, dzia\u0142u spadku oraz spraw o zachowek, dbaj\u0105c o interes finansowy Klient\u00f3w.\" \/>\n<meta property=\"og:url\" content=\"https:\/\/bktkancelaria.pl\/en\/successions\/\" \/>\n<meta property=\"og:site_name\" content=\"Kancelaria Prawa Mi\u0119dzynarodowego - Profesjonalne wsparcie prawne w sprawach mi\u0119dzynarodowych.\" \/>\n<meta property=\"article:publisher\" content=\"https:\/\/www.facebook.com\/bktkancelaria\" \/>\n<meta property=\"og:image\" content=\"https:\/\/bktkancelaria.pl\/wp-content\/uploads\/elementor\/thumbs\/Sprawy-Spadkowe-BKT-o3ba0xas0ch2a2cfwz3gmno8gohew8ouf1ky2i4lj4.jpg\" \/>\n<meta name=\"twitter:card\" content=\"summary_large_image\" \/>\n<meta name=\"twitter:label1\" content=\"Estimated reading time\" \/>\n\t<meta name=\"twitter:data1\" content=\"2 minutes\" \/>\n<script type=\"application\/ld+json\" class=\"yoast-schema-graph\">{\"@context\":\"https:\\\/\\\/schema.org\",\"@graph\":[{\"@type\":\"WebPage\",\"@id\":\"https:\\\/\\\/bktkancelaria.pl\\\/sprawy-spadkowe\\\/\",\"url\":\"https:\\\/\\\/bktkancelaria.pl\\\/sprawy-spadkowe\\\/\",\"name\":\"Sprawy Spadkowe - Kancelaria Radcy Prawnego Beaty Kielar-Tammert\",\"isPartOf\":{\"@id\":\"https:\\\/\\\/bktkancelaria.pl\\\/#website\"},\"primaryImageOfPage\":{\"@id\":\"https:\\\/\\\/bktkancelaria.pl\\\/sprawy-spadkowe\\\/#primaryimage\"},\"image\":{\"@id\":\"https:\\\/\\\/bktkancelaria.pl\\\/sprawy-spadkowe\\\/#primaryimage\"},\"thumbnailUrl\":\"https:\\\/\\\/bktkancelaria.pl\\\/wp-content\\\/uploads\\\/elementor\\\/thumbs\\\/Sprawy-Spadkowe-BKT-o3ba0xas0ch2a2cfwz3gmno8gohew8ouf1ky2i4lj4.jpg\",\"datePublished\":\"2025-06-10T07:39:30+00:00\",\"description\":\"Kancelaria BKT \u015bwiadczy us\u0142ugi prawne w zakresie stwierdzenia nabycia spadku, dzia\u0142u spadku oraz spraw o zachowek, dbaj\u0105c o interes finansowy Klient\u00f3w.\",\"breadcrumb\":{\"@id\":\"https:\\\/\\\/bktkancelaria.pl\\\/sprawy-spadkowe\\\/#breadcrumb\"},\"inLanguage\":\"en-GB\",\"potentialAction\":[{\"@type\":\"ReadAction\",\"target\":[\"https:\\\/\\\/bktkancelaria.pl\\\/sprawy-spadkowe\\\/\"]}]},{\"@type\":\"ImageObject\",\"inLanguage\":\"en-GB\",\"@id\":\"https:\\\/\\\/bktkancelaria.pl\\\/sprawy-spadkowe\\\/#primaryimage\",\"url\":\"https:\\\/\\\/bktkancelaria.pl\\\/wp-content\\\/uploads\\\/elementor\\\/thumbs\\\/Sprawy-Spadkowe-BKT-o3ba0xas0ch2a2cfwz3gmno8gohew8ouf1ky2i4lj4.jpg\",\"contentUrl\":\"https:\\\/\\\/bktkancelaria.pl\\\/wp-content\\\/uploads\\\/elementor\\\/thumbs\\\/Sprawy-Spadkowe-BKT-o3ba0xas0ch2a2cfwz3gmno8gohew8ouf1ky2i4lj4.jpg\"},{\"@type\":\"BreadcrumbList\",\"@id\":\"https:\\\/\\\/bktkancelaria.pl\\\/sprawy-spadkowe\\\/#breadcrumb\",\"itemListElement\":[{\"@type\":\"ListItem\",\"position\":1,\"name\":\"Strona g\u0142\u00f3wna\",\"item\":\"https:\\\/\\\/bktkancelaria.pl\\\/\"},{\"@type\":\"ListItem\",\"position\":2,\"name\":\"Sprawy spadkowe\"}]},{\"@type\":\"WebSite\",\"@id\":\"https:\\\/\\\/bktkancelaria.pl\\\/#website\",\"url\":\"https:\\\/\\\/bktkancelaria.pl\\\/\",\"name\":\"Kancelaria Prawa Mi\u0119dzynarodowego - Profesjonalne wsparcie prawne w sprawach mi\u0119dzynarodowych.\",\"description\":\"Profesjonalne doradztwo prawne od 1998 roku. \u0141\u0105czymy wieloletnie do\u015bwiadczenie z nowoczesnym podej\u015bciem do prawa mi\u0119dzynarodowego.\",\"publisher\":{\"@id\":\"https:\\\/\\\/bktkancelaria.pl\\\/#organization\"},\"potentialAction\":[{\"@type\":\"SearchAction\",\"target\":{\"@type\":\"EntryPoint\",\"urlTemplate\":\"https:\\\/\\\/bktkancelaria.pl\\\/?s={search_term_string}\"},\"query-input\":{\"@type\":\"PropertyValueSpecification\",\"valueRequired\":true,\"valueName\":\"search_term_string\"}}],\"inLanguage\":\"en-GB\"},{\"@type\":\"Organization\",\"@id\":\"https:\\\/\\\/bktkancelaria.pl\\\/#organization\",\"name\":\"Kancelaria Prawa Mi\u0119dzynarodowego - Profesjonalne wsparcie prawne w sprawach mi\u0119dzynarodowych.\",\"url\":\"https:\\\/\\\/bktkancelaria.pl\\\/\",\"logo\":{\"@type\":\"ImageObject\",\"inLanguage\":\"en-GB\",\"@id\":\"https:\\\/\\\/bktkancelaria.pl\\\/#\\\/schema\\\/logo\\\/image\\\/\",\"url\":\"https:\\\/\\\/bktkancelaria.pl\\\/wp-content\\\/uploads\\\/2023\\\/04\\\/Logo_.webp\",\"contentUrl\":\"https:\\\/\\\/bktkancelaria.pl\\\/wp-content\\\/uploads\\\/2023\\\/04\\\/Logo_.webp\",\"width\":600,\"height\":172,\"caption\":\"Kancelaria Prawa Mi\u0119dzynarodowego - Profesjonalne wsparcie prawne w sprawach mi\u0119dzynarodowych.\"},\"image\":{\"@id\":\"https:\\\/\\\/bktkancelaria.pl\\\/#\\\/schema\\\/logo\\\/image\\\/\"},\"sameAs\":[\"https:\\\/\\\/www.facebook.com\\\/bktkancelaria\",\"https:\\\/\\\/www.linkedin.com\\\/in\\\/beata-kielar-tammert\\\/\",\"https:\\\/\\\/www.instagram.com\\\/bktkancelaria\\\/\",\"https:\\\/\\\/www.youtube.com\\\/@kancelariabkt.radcaprawnyb5036\"]}]}<\/script>\n<!-- \/ Yoast SEO plugin. -->","yoast_head_json":{"title":"Beata Kielar-Tammert Solicitors' Office","description":"The BKT law firm provides legal services in the areas of ascertainment of inheritance, division of inheritance and reserved property cases, looking after the financial interests of clients.","robots":{"index":"index","follow":"follow","max-snippet":"max-snippet:-1","max-image-preview":"max-image-preview:large","max-video-preview":"max-video-preview:-1"},"canonical":"https:\/\/bktkancelaria.pl\/en\/successions\/","og_locale":"en_GB","og_type":"article","og_title":"Sprawy Spadkowe - Kancelaria Radcy Prawnego Beaty Kielar-Tammert","og_description":"Kancelaria BKT \u015bwiadczy us\u0142ugi prawne w zakresie stwierdzenia nabycia spadku, dzia\u0142u spadku oraz spraw o zachowek, dbaj\u0105c o interes finansowy Klient\u00f3w.","og_url":"https:\/\/bktkancelaria.pl\/en\/successions\/","og_site_name":"Kancelaria Prawa Mi\u0119dzynarodowego - Profesjonalne wsparcie prawne w sprawach mi\u0119dzynarodowych.","article_publisher":"https:\/\/www.facebook.com\/bktkancelaria","og_image":[{"url":"https:\/\/bktkancelaria.pl\/wp-content\/uploads\/elementor\/thumbs\/Sprawy-Spadkowe-BKT-o3ba0xas0ch2a2cfwz3gmno8gohew8ouf1ky2i4lj4.jpg","type":"","width":"","height":""}],"twitter_card":"summary_large_image","twitter_misc":{"Estimated reading time":"2 minutes"},"schema":{"@context":"https:\/\/schema.org","@graph":[{"@type":"WebPage","@id":"https:\/\/bktkancelaria.pl\/sprawy-spadkowe\/","url":"https:\/\/bktkancelaria.pl\/sprawy-spadkowe\/","name":"Beata Kielar-Tammert Solicitors' Office","isPartOf":{"@id":"https:\/\/bktkancelaria.pl\/#website"},"primaryImageOfPage":{"@id":"https:\/\/bktkancelaria.pl\/sprawy-spadkowe\/#primaryimage"},"image":{"@id":"https:\/\/bktkancelaria.pl\/sprawy-spadkowe\/#primaryimage"},"thumbnailUrl":"https:\/\/bktkancelaria.pl\/wp-content\/uploads\/elementor\/thumbs\/Sprawy-Spadkowe-BKT-o3ba0xas0ch2a2cfwz3gmno8gohew8ouf1ky2i4lj4.jpg","datePublished":"2025-06-10T07:39:30+00:00","description":"The BKT law firm provides legal services in the areas of ascertainment of inheritance, division of inheritance and reserved property cases, looking after the financial interests of clients.","breadcrumb":{"@id":"https:\/\/bktkancelaria.pl\/sprawy-spadkowe\/#breadcrumb"},"inLanguage":"en-GB","potentialAction":[{"@type":"ReadAction","target":["https:\/\/bktkancelaria.pl\/sprawy-spadkowe\/"]}]},{"@type":"ImageObject","inLanguage":"en-GB","@id":"https:\/\/bktkancelaria.pl\/sprawy-spadkowe\/#primaryimage","url":"https:\/\/bktkancelaria.pl\/wp-content\/uploads\/elementor\/thumbs\/Sprawy-Spadkowe-BKT-o3ba0xas0ch2a2cfwz3gmno8gohew8ouf1ky2i4lj4.jpg","contentUrl":"https:\/\/bktkancelaria.pl\/wp-content\/uploads\/elementor\/thumbs\/Sprawy-Spadkowe-BKT-o3ba0xas0ch2a2cfwz3gmno8gohew8ouf1ky2i4lj4.jpg"},{"@type":"BreadcrumbList","@id":"https:\/\/bktkancelaria.pl\/sprawy-spadkowe\/#breadcrumb","itemListElement":[{"@type":"ListItem","position":1,"name":"Strona g\u0142\u00f3wna","item":"https:\/\/bktkancelaria.pl\/"},{"@type":"ListItem","position":2,"name":"Sprawy spadkowe"}]},{"@type":"WebSite","@id":"https:\/\/bktkancelaria.pl\/#website","url":"https:\/\/bktkancelaria.pl\/","name":"International Law Office - Professional legal support in international matters.","description":"Professional legal advice since 1998. We combine years of experience with a modern approach to international law.","publisher":{"@id":"https:\/\/bktkancelaria.pl\/#organization"},"potentialAction":[{"@type":"SearchAction","target":{"@type":"EntryPoint","urlTemplate":"https:\/\/bktkancelaria.pl\/?s={search_term_string}"},"query-input":{"@type":"PropertyValueSpecification","valueRequired":true,"valueName":"search_term_string"}}],"inLanguage":"en-GB"},{"@type":"Organization","@id":"https:\/\/bktkancelaria.pl\/#organization","name":"International Law Office - Professional legal support in international matters.","url":"https:\/\/bktkancelaria.pl\/","logo":{"@type":"ImageObject","inLanguage":"en-GB","@id":"https:\/\/bktkancelaria.pl\/#\/schema\/logo\/image\/","url":"https:\/\/bktkancelaria.pl\/wp-content\/uploads\/2023\/04\/Logo_.webp","contentUrl":"https:\/\/bktkancelaria.pl\/wp-content\/uploads\/2023\/04\/Logo_.webp","width":600,"height":172,"caption":"Kancelaria Prawa Mi\u0119dzynarodowego - Profesjonalne wsparcie prawne w sprawach mi\u0119dzynarodowych."},"image":{"@id":"https:\/\/bktkancelaria.pl\/#\/schema\/logo\/image\/"},"sameAs":["https:\/\/www.facebook.com\/bktkancelaria","https:\/\/www.linkedin.com\/in\/beata-kielar-tammert\/","https:\/\/www.instagram.com\/bktkancelaria\/","https:\/\/www.youtube.com\/@kancelariabkt.radcaprawnyb5036"]}]}},"_links":{"self":[{"href":"https:\/\/bktkancelaria.pl\/en\/wp-json\/wp\/v2\/pages\/3706","targetHints":{"allow":["GET"]}}],"collection":[{"href":"https:\/\/bktkancelaria.pl\/en\/wp-json\/wp\/v2\/pages"}],"about":[{"href":"https:\/\/bktkancelaria.pl\/en\/wp-json\/wp\/v2\/types\/page"}],"author":[{"embeddable":true,"href":"https:\/\/bktkancelaria.pl\/en\/wp-json\/wp\/v2\/users\/1"}],"replies":[{"embeddable":true,"href":"https:\/\/bktkancelaria.pl\/en\/wp-json\/wp\/v2\/comments?post=3706"}],"version-history":[{"count":1,"href":"https:\/\/bktkancelaria.pl\/en\/wp-json\/wp\/v2\/pages\/3706\/revisions"}],"predecessor-version":[{"id":14449,"href":"https:\/\/bktkancelaria.pl\/en\/wp-json\/wp\/v2\/pages\/3706\/revisions\/14449"}],"wp:attachment":[{"href":"https:\/\/bktkancelaria.pl\/en\/wp-json\/wp\/v2\/media?parent=3706"}],"curies":[{"name":"wp","href":"https:\/\/api.w.org\/{rel}","templated":true}]}}