{"id":3715,"date":"2025-06-10T09:39:30","date_gmt":"2025-06-10T07:39:30","guid":{"rendered":"https:\/\/bktkancelaria.pl\/?page_id=3715"},"modified":"2025-06-10T09:39:30","modified_gmt":"2025-06-10T07:39:30","slug":"sprawy-lokalowe","status":"publish","type":"page","link":"https:\/\/bktkancelaria.pl\/en\/premises\/","title":{"rendered":"Housing matters"},"content":{"rendered":"<div data-elementor-type=\"wp-post\" data-elementor-id=\"3715\" class=\"elementor elementor-3715\" data-elementor-post-type=\"page\">\n\t\t\t\t\t\t<section class=\"elementor-section elementor-top-section elementor-element elementor-element-3e138e47 elementor-section-boxed elementor-section-height-default elementor-section-height-default\" data-id=\"3e138e47\" data-element_type=\"section\" data-e-type=\"section\">\n\t\t\t\t\t\t<div class=\"elementor-container elementor-column-gap-default\">\n\t\t\t\t\t<div class=\"elementor-column elementor-col-100 elementor-top-column elementor-element elementor-element-7dcdf181\" data-id=\"7dcdf181\" data-element_type=\"column\" data-e-type=\"column\">\n\t\t\t<div class=\"elementor-widget-wrap elementor-element-populated\">\n\t\t\t\t\t\t<div class=\"elementor-element elementor-element-1df40ed3 elementor-widget elementor-widget-heading\" data-id=\"1df40ed3\" data-element_type=\"widget\" data-e-type=\"widget\" data-widget_type=\"heading.default\">\n\t\t\t\t<div class=\"elementor-widget-container\">\n\t\t\t\t\t<h1 class=\"elementor-heading-title elementor-size-default\">Housing matters<\/h1>\t\t\t\t<\/div>\n\t\t\t\t<\/div>\n\t\t\t\t<div class=\"elementor-element elementor-element-4cc7e4fa elementor-widget-divider--view-line elementor-widget elementor-widget-divider\" data-id=\"4cc7e4fa\" data-element_type=\"widget\" data-e-type=\"widget\" data-widget_type=\"divider.default\">\n\t\t\t\t<div class=\"elementor-widget-container\">\n\t\t\t\t\t\t\t<div class=\"elementor-divider\">\n\t\t\t<span class=\"elementor-divider-separator\">\n\t\t\t\t\t\t<\/span>\n\t\t<\/div>\n\t\t\t\t\t\t<\/div>\n\t\t\t\t<\/div>\n\t\t\t\t\t<\/div>\n\t\t<\/div>\n\t\t\t\t\t<\/div>\n\t\t<\/section>\n\t\t\t\t<section class=\"elementor-section elementor-top-section elementor-element elementor-element-4c32cfa4 elementor-section-boxed elementor-section-height-default elementor-section-height-default\" data-id=\"4c32cfa4\" data-element_type=\"section\" data-e-type=\"section\">\n\t\t\t\t\t\t<div class=\"elementor-container elementor-column-gap-default\">\n\t\t\t\t\t<div class=\"elementor-column elementor-col-100 elementor-top-column elementor-element elementor-element-789cbe42\" data-id=\"789cbe42\" data-element_type=\"column\" data-e-type=\"column\">\n\t\t\t<div class=\"elementor-widget-wrap elementor-element-populated\">\n\t\t\t\t\t\t<div class=\"elementor-element elementor-element-6d3b4079 elementor-widget elementor-widget-image\" data-id=\"6d3b4079\" data-element_type=\"widget\" data-e-type=\"widget\" data-widget_type=\"image.default\">\n\t\t\t\t<div class=\"elementor-widget-container\">\n\t\t\t\t\t\t\t\t\t\t\t\t\t\t\t<img decoding=\"async\" src=\"https:\/\/bktkancelaria.pl\/wp-content\/uploads\/elementor\/thumbs\/Sprawy-lokalowe-BKT-qrknm4s1t3s6y0lcps7hdcfxhm9qo3bycr31khx78w.jpg\" title=\"housing matters law firm\" alt=\"housing matters law firm\" loading=\"lazy\" \/>\t\t\t\t\t\t\t\t\t\t\t\t\t\t\t<\/div>\n\t\t\t\t<\/div>\n\t\t\t\t<div class=\"elementor-element elementor-element-51fc97af elementor-widget elementor-widget-text-editor\" data-id=\"51fc97af\" data-element_type=\"widget\" data-e-type=\"widget\" data-widget_type=\"text-editor.default\">\n\t\t\t\t<div class=\"elementor-widget-container\">\n\t\t\t\t\t\t\t\t\t<p><\/p>\n<h2>As part of its legal services relating to residential premises, BKT Law Firm:<\/h2>\n<p><\/p>\t\t\t\t\t\t\t\t<\/div>\n\t\t\t\t<\/div>\n\t\t\t\t<div class=\"elementor-element elementor-element-7f0dd2f7 elementor-align-start elementor-icon-list--layout-traditional elementor-list-item-link-full_width elementor-widget elementor-widget-icon-list\" data-id=\"7f0dd2f7\" data-element_type=\"widget\" data-e-type=\"widget\" data-widget_type=\"icon-list.default\">\n\t\t\t\t<div class=\"elementor-widget-container\">\n\t\t\t\t\t\t\t<ul class=\"elementor-icon-list-items\">\n\t\t\t\t\t\t\t<li class=\"elementor-icon-list-item\">\n\t\t\t\t\t\t\t\t\t\t\t<span class=\"elementor-icon-list-icon\">\n\t\t\t\t\t\t\t\t\t\t\t\t\t\t\t\t<i class=\"fa fa-check\" aria-hidden=\"true\"><\/i>\n\t\t\t\t\t\t\t\t\t\t\t\t\t<\/span>\n\t\t\t\t\t\t\t\t\t\t<span class=\"elementor-icon-list-text\">carries out permanent and ad hoc <b>legal aid <\/b>in the field of property rental,<\/span>\n\t\t\t\t\t\t\t\t\t<\/li>\n\t\t\t\t\t\t\t\t<li class=\"elementor-icon-list-item\">\n\t\t\t\t\t\t\t\t\t\t\t<span class=\"elementor-icon-list-icon\">\n\t\t\t\t\t\t\t\t\t\t\t\t\t\t\t\t<i class=\"fa fa-check\" aria-hidden=\"true\"><\/i>\n\t\t\t\t\t\t\t\t\t\t\t\t\t<\/span>\n\t\t\t\t\t\t\t\t\t\t<span class=\"elementor-icon-list-text\">prepares and <b>opinions on agreements <\/b>for the lease of premises,<\/span>\n\t\t\t\t\t\t\t\t\t<\/li>\n\t\t\t\t\t\t\t\t<li class=\"elementor-icon-list-item\">\n\t\t\t\t\t\t\t\t\t\t\t<span class=\"elementor-icon-list-icon\">\n\t\t\t\t\t\t\t\t\t\t\t\t\t\t\t\t<i class=\"fa fa-check\" aria-hidden=\"true\"><\/i>\n\t\t\t\t\t\t\t\t\t\t\t\t\t<\/span>\n\t\t\t\t\t\t\t\t\t\t<span class=\"elementor-icon-list-text\">deals with the effective <b>termination of contracts <\/b>for the lease of premises,<\/span>\n\t\t\t\t\t\t\t\t\t<\/li>\n\t\t\t\t\t\t\t\t<li class=\"elementor-icon-list-item\">\n\t\t\t\t\t\t\t\t\t\t\t<span class=\"elementor-icon-list-icon\">\n\t\t\t\t\t\t\t\t\t\t\t\t\t\t\t\t<i class=\"fa fa-check\" aria-hidden=\"true\"><\/i>\n\t\t\t\t\t\t\t\t\t\t\t\t\t<\/span>\n\t\t\t\t\t\t\t\t\t\t<span class=\"elementor-icon-list-text\">deals with matters relating to <b>communal housing<\/b>, among other things, leading to their replacement when necessary,<\/span>\n\t\t\t\t\t\t\t\t\t<\/li>\n\t\t\t\t\t\t\t\t<li class=\"elementor-icon-list-item\">\n\t\t\t\t\t\t\t\t\t\t\t<span class=\"elementor-icon-list-icon\">\n\t\t\t\t\t\t\t\t\t\t\t\t\t\t\t\t<i class=\"fa fa-check\" aria-hidden=\"true\"><\/i>\n\t\t\t\t\t\t\t\t\t\t\t\t\t<\/span>\n\t\t\t\t\t\t\t\t\t\t<span class=\"elementor-icon-list-text\"><b>advises <\/b>when purchasing a property by checking the legal status of the property and verifying the provisions of development contracts and sales agreements,<\/span>\n\t\t\t\t\t\t\t\t\t<\/li>\n\t\t\t\t\t\t\t\t<li class=\"elementor-icon-list-item\">\n\t\t\t\t\t\t\t\t\t\t\t<span class=\"elementor-icon-list-icon\">\n\t\t\t\t\t\t\t\t\t\t\t\t\t\t\t\t<i class=\"fa fa-check\" aria-hidden=\"true\"><\/i>\n\t\t\t\t\t\t\t\t\t\t\t\t\t<\/span>\n\t\t\t\t\t\t\t\t\t\t<span class=\"elementor-icon-list-text\">helps with <b>purchase of communal property<\/b>.<\/span>\n\t\t\t\t\t\t\t\t\t<\/li>\n\t\t\t\t\t\t\t\t<li class=\"elementor-icon-list-item\">\n\t\t\t\t\t\t\t\t\t\t\t<span class=\"elementor-icon-list-icon\">\n\t\t\t\t\t\t\t\t\t\t\t\t\t\t\t\t<i class=\"fa fa-check\" aria-hidden=\"true\"><\/i>\n\t\t\t\t\t\t\t\t\t\t\t\t\t<\/span>\n\t\t\t\t\t\t\t\t\t\t<span class=\"elementor-icon-list-text\"><b>safeguards the interests of foreign consumers<\/b> in the acquisition of real estate in Poland, including an analysis of the legal status of real estate on the basis of the legal status disclosed in the land and mortgage registers and the Land Use Plan,<\/span>\n\t\t\t\t\t\t\t\t\t<\/li>\n\t\t\t\t\t\t\t\t<li class=\"elementor-icon-list-item\">\n\t\t\t\t\t\t\t\t\t\t\t<span class=\"elementor-icon-list-icon\">\n\t\t\t\t\t\t\t\t\t\t\t\t\t\t\t\t<i class=\"fa fa-check\" aria-hidden=\"true\"><\/i>\n\t\t\t\t\t\t\t\t\t\t\t\t\t<\/span>\n\t\t\t\t\t\t\t\t\t\t<span class=\"elementor-icon-list-text\"><b>supports foreigners in the consent procedure<\/b> for the acquisition of real estate in Poland by a foreigner.<\/span>\n\t\t\t\t\t\t\t\t\t<\/li>\n\t\t\t\t\t\t<\/ul>\n\t\t\t\t\t\t<\/div>\n\t\t\t\t<\/div>\n\t\t\t\t<div class=\"elementor-element elementor-element-2a279ca2 elementor-widget elementor-widget-text-editor\" data-id=\"2a279ca2\" data-element_type=\"widget\" data-e-type=\"widget\" data-widget_type=\"text-editor.default\">\n\t\t\t\t<div class=\"elementor-widget-container\">\n\t\t\t\t\t\t\t\t\t<p><\/p>\n<h3>The BKT law firm has been providing services in this area for years. Experience allows you to choose <b>the optimum solution <\/b>legal for each client.<\/h3>\n<p><\/p>\t\t\t\t\t\t\t\t<\/div>\n\t\t\t\t<\/div>\n\t\t\t\t\t<\/div>\n\t\t<\/div>\n\t\t\t\t\t<\/div>\n\t\t<\/section>\n\t\t\t\t<\/div>","protected":false},"excerpt":{"rendered":"<p>Sprawy lokalowe W ramach us\u0142ug prawnych zwi\u0105zanych z lokalami mieszkalnymi, Kancelaria BKT: prowadzi sta\u0142\u0105 i dora\u017an\u0105 pomoc prawn\u0105 w zakresie najmu nieruchomo\u015bci, przygotowuje i opiniuje umowy o najem lokalu, zajmuje si\u0119 skutecznym wypowiadaniem um\u00f3w o najem lokalu, zajmuje si\u0119 sprawami zwi\u0105zanymi z mieszkaniami komunalnymi, m.in. doprowadzaj\u0105c do ich zamiany w razie potrzeby, doradza przy zakupie [&hellip;]<\/p>\n","protected":false},"author":1,"featured_media":0,"parent":0,"menu_order":0,"comment_status":"closed","ping_status":"closed","template":"elementor_header_footer","meta":{"footnotes":""},"class_list":["post-3715","page","type-page","status-publish","hentry"],"yoast_head":"<!-- This site is optimized with the Yoast SEO plugin v27.3 - https:\/\/yoast.com\/product\/yoast-seo-wordpress\/ -->\n<title>Sprawy lokalowe - Kancelaria Radcy Prawnego Beaty Kielar-Tammert<\/title>\n<meta name=\"description\" content=\"Kompleksowa obs\u0142uga najmu nieruchomo\u015bci, doradztwo przy zakupie nieruchomo\u015bci. Sprawy zwi\u0105zane z nieruchomo\u015bciami komunalnymi.\" \/>\n<meta name=\"robots\" content=\"index, follow, max-snippet:-1, max-image-preview:large, max-video-preview:-1\" \/>\n<link rel=\"canonical\" href=\"https:\/\/bktkancelaria.pl\/en\/premises\/\" \/>\n<meta property=\"og:locale\" content=\"en_GB\" \/>\n<meta property=\"og:type\" content=\"article\" \/>\n<meta property=\"og:title\" content=\"Sprawy lokalowe - Kancelaria Radcy Prawnego Beaty Kielar-Tammert\" \/>\n<meta property=\"og:description\" content=\"Kompleksowa obs\u0142uga najmu nieruchomo\u015bci, doradztwo przy zakupie nieruchomo\u015bci. Sprawy zwi\u0105zane z nieruchomo\u015bciami komunalnymi.\" \/>\n<meta property=\"og:url\" content=\"https:\/\/bktkancelaria.pl\/en\/premises\/\" \/>\n<meta property=\"og:site_name\" content=\"Kancelaria Prawa Mi\u0119dzynarodowego - Profesjonalne wsparcie prawne w sprawach mi\u0119dzynarodowych.\" \/>\n<meta property=\"article:publisher\" content=\"https:\/\/www.facebook.com\/bktkancelaria\" \/>\n<meta property=\"og:image\" content=\"https:\/\/bktkancelaria.pl\/wp-content\/uploads\/elementor\/thumbs\/Sprawy-lokalowe-BKT-o3ba0rnqvc9ccekmtwnp7p3gwd97m22ge9o16ucykg.jpg\" \/>\n<meta name=\"twitter:card\" content=\"summary_large_image\" \/>\n<meta name=\"twitter:label1\" content=\"Estimated reading time\" \/>\n\t<meta name=\"twitter:data1\" content=\"2 minutes\" \/>\n<script type=\"application\/ld+json\" class=\"yoast-schema-graph\">{\"@context\":\"https:\\\/\\\/schema.org\",\"@graph\":[{\"@type\":\"WebPage\",\"@id\":\"https:\\\/\\\/bktkancelaria.pl\\\/sprawy-lokalowe\\\/\",\"url\":\"https:\\\/\\\/bktkancelaria.pl\\\/sprawy-lokalowe\\\/\",\"name\":\"Sprawy lokalowe - Kancelaria Radcy Prawnego Beaty Kielar-Tammert\",\"isPartOf\":{\"@id\":\"https:\\\/\\\/bktkancelaria.pl\\\/#website\"},\"primaryImageOfPage\":{\"@id\":\"https:\\\/\\\/bktkancelaria.pl\\\/sprawy-lokalowe\\\/#primaryimage\"},\"image\":{\"@id\":\"https:\\\/\\\/bktkancelaria.pl\\\/sprawy-lokalowe\\\/#primaryimage\"},\"thumbnailUrl\":\"https:\\\/\\\/bktkancelaria.pl\\\/wp-content\\\/uploads\\\/elementor\\\/thumbs\\\/Sprawy-lokalowe-BKT-o3ba0rnqvc9ccekmtwnp7p3gwd97m22ge9o16ucykg.jpg\",\"datePublished\":\"2025-06-10T07:39:30+00:00\",\"description\":\"Kompleksowa obs\u0142uga najmu nieruchomo\u015bci, doradztwo przy zakupie nieruchomo\u015bci. Sprawy zwi\u0105zane z nieruchomo\u015bciami komunalnymi.\",\"breadcrumb\":{\"@id\":\"https:\\\/\\\/bktkancelaria.pl\\\/sprawy-lokalowe\\\/#breadcrumb\"},\"inLanguage\":\"en-GB\",\"potentialAction\":[{\"@type\":\"ReadAction\",\"target\":[\"https:\\\/\\\/bktkancelaria.pl\\\/sprawy-lokalowe\\\/\"]}]},{\"@type\":\"ImageObject\",\"inLanguage\":\"en-GB\",\"@id\":\"https:\\\/\\\/bktkancelaria.pl\\\/sprawy-lokalowe\\\/#primaryimage\",\"url\":\"https:\\\/\\\/bktkancelaria.pl\\\/wp-content\\\/uploads\\\/elementor\\\/thumbs\\\/Sprawy-lokalowe-BKT-o3ba0rnqvc9ccekmtwnp7p3gwd97m22ge9o16ucykg.jpg\",\"contentUrl\":\"https:\\\/\\\/bktkancelaria.pl\\\/wp-content\\\/uploads\\\/elementor\\\/thumbs\\\/Sprawy-lokalowe-BKT-o3ba0rnqvc9ccekmtwnp7p3gwd97m22ge9o16ucykg.jpg\"},{\"@type\":\"BreadcrumbList\",\"@id\":\"https:\\\/\\\/bktkancelaria.pl\\\/sprawy-lokalowe\\\/#breadcrumb\",\"itemListElement\":[{\"@type\":\"ListItem\",\"position\":1,\"name\":\"Strona g\u0142\u00f3wna\",\"item\":\"https:\\\/\\\/bktkancelaria.pl\\\/\"},{\"@type\":\"ListItem\",\"position\":2,\"name\":\"Sprawy lokalowe\"}]},{\"@type\":\"WebSite\",\"@id\":\"https:\\\/\\\/bktkancelaria.pl\\\/#website\",\"url\":\"https:\\\/\\\/bktkancelaria.pl\\\/\",\"name\":\"Kancelaria Prawa Mi\u0119dzynarodowego - Profesjonalne wsparcie prawne w sprawach mi\u0119dzynarodowych.\",\"description\":\"Profesjonalne doradztwo prawne od 1998 roku. \u0141\u0105czymy wieloletnie do\u015bwiadczenie z nowoczesnym podej\u015bciem do prawa mi\u0119dzynarodowego.\",\"publisher\":{\"@id\":\"https:\\\/\\\/bktkancelaria.pl\\\/#organization\"},\"potentialAction\":[{\"@type\":\"SearchAction\",\"target\":{\"@type\":\"EntryPoint\",\"urlTemplate\":\"https:\\\/\\\/bktkancelaria.pl\\\/?s={search_term_string}\"},\"query-input\":{\"@type\":\"PropertyValueSpecification\",\"valueRequired\":true,\"valueName\":\"search_term_string\"}}],\"inLanguage\":\"en-GB\"},{\"@type\":\"Organization\",\"@id\":\"https:\\\/\\\/bktkancelaria.pl\\\/#organization\",\"name\":\"Kancelaria Prawa Mi\u0119dzynarodowego - Profesjonalne wsparcie prawne w sprawach mi\u0119dzynarodowych.\",\"url\":\"https:\\\/\\\/bktkancelaria.pl\\\/\",\"logo\":{\"@type\":\"ImageObject\",\"inLanguage\":\"en-GB\",\"@id\":\"https:\\\/\\\/bktkancelaria.pl\\\/#\\\/schema\\\/logo\\\/image\\\/\",\"url\":\"https:\\\/\\\/bktkancelaria.pl\\\/wp-content\\\/uploads\\\/2023\\\/04\\\/Logo_.webp\",\"contentUrl\":\"https:\\\/\\\/bktkancelaria.pl\\\/wp-content\\\/uploads\\\/2023\\\/04\\\/Logo_.webp\",\"width\":600,\"height\":172,\"caption\":\"Kancelaria Prawa Mi\u0119dzynarodowego - Profesjonalne wsparcie prawne w sprawach mi\u0119dzynarodowych.\"},\"image\":{\"@id\":\"https:\\\/\\\/bktkancelaria.pl\\\/#\\\/schema\\\/logo\\\/image\\\/\"},\"sameAs\":[\"https:\\\/\\\/www.facebook.com\\\/bktkancelaria\",\"https:\\\/\\\/www.linkedin.com\\\/in\\\/beata-kielar-tammert\\\/\",\"https:\\\/\\\/www.instagram.com\\\/bktkancelaria\\\/\",\"https:\\\/\\\/www.youtube.com\\\/@kancelariabkt.radcaprawnyb5036\"]}]}<\/script>\n<!-- \/ Yoast SEO plugin. -->","yoast_head_json":{"title":"Housing matters - Chambers of Legal Advisers Beata Kielar-Tammert","description":"Comprehensive property rental service, property purchase advice. Communal property matters.","robots":{"index":"index","follow":"follow","max-snippet":"max-snippet:-1","max-image-preview":"max-image-preview:large","max-video-preview":"max-video-preview:-1"},"canonical":"https:\/\/bktkancelaria.pl\/en\/premises\/","og_locale":"en_GB","og_type":"article","og_title":"Sprawy lokalowe - Kancelaria Radcy Prawnego Beaty Kielar-Tammert","og_description":"Kompleksowa obs\u0142uga najmu nieruchomo\u015bci, doradztwo przy zakupie nieruchomo\u015bci. Sprawy zwi\u0105zane z nieruchomo\u015bciami komunalnymi.","og_url":"https:\/\/bktkancelaria.pl\/en\/premises\/","og_site_name":"Kancelaria Prawa Mi\u0119dzynarodowego - Profesjonalne wsparcie prawne w sprawach mi\u0119dzynarodowych.","article_publisher":"https:\/\/www.facebook.com\/bktkancelaria","og_image":[{"url":"https:\/\/bktkancelaria.pl\/wp-content\/uploads\/elementor\/thumbs\/Sprawy-lokalowe-BKT-o3ba0rnqvc9ccekmtwnp7p3gwd97m22ge9o16ucykg.jpg","type":"","width":"","height":""}],"twitter_card":"summary_large_image","twitter_misc":{"Estimated reading time":"2 minutes"},"schema":{"@context":"https:\/\/schema.org","@graph":[{"@type":"WebPage","@id":"https:\/\/bktkancelaria.pl\/sprawy-lokalowe\/","url":"https:\/\/bktkancelaria.pl\/sprawy-lokalowe\/","name":"Housing matters - Chambers of Legal Advisers Beata Kielar-Tammert","isPartOf":{"@id":"https:\/\/bktkancelaria.pl\/#website"},"primaryImageOfPage":{"@id":"https:\/\/bktkancelaria.pl\/sprawy-lokalowe\/#primaryimage"},"image":{"@id":"https:\/\/bktkancelaria.pl\/sprawy-lokalowe\/#primaryimage"},"thumbnailUrl":"https:\/\/bktkancelaria.pl\/wp-content\/uploads\/elementor\/thumbs\/Sprawy-lokalowe-BKT-o3ba0rnqvc9ccekmtwnp7p3gwd97m22ge9o16ucykg.jpg","datePublished":"2025-06-10T07:39:30+00:00","description":"Comprehensive property rental service, property purchase advice. Communal property matters.","breadcrumb":{"@id":"https:\/\/bktkancelaria.pl\/sprawy-lokalowe\/#breadcrumb"},"inLanguage":"en-GB","potentialAction":[{"@type":"ReadAction","target":["https:\/\/bktkancelaria.pl\/sprawy-lokalowe\/"]}]},{"@type":"ImageObject","inLanguage":"en-GB","@id":"https:\/\/bktkancelaria.pl\/sprawy-lokalowe\/#primaryimage","url":"https:\/\/bktkancelaria.pl\/wp-content\/uploads\/elementor\/thumbs\/Sprawy-lokalowe-BKT-o3ba0rnqvc9ccekmtwnp7p3gwd97m22ge9o16ucykg.jpg","contentUrl":"https:\/\/bktkancelaria.pl\/wp-content\/uploads\/elementor\/thumbs\/Sprawy-lokalowe-BKT-o3ba0rnqvc9ccekmtwnp7p3gwd97m22ge9o16ucykg.jpg"},{"@type":"BreadcrumbList","@id":"https:\/\/bktkancelaria.pl\/sprawy-lokalowe\/#breadcrumb","itemListElement":[{"@type":"ListItem","position":1,"name":"Strona g\u0142\u00f3wna","item":"https:\/\/bktkancelaria.pl\/"},{"@type":"ListItem","position":2,"name":"Sprawy lokalowe"}]},{"@type":"WebSite","@id":"https:\/\/bktkancelaria.pl\/#website","url":"https:\/\/bktkancelaria.pl\/","name":"International Law Office - Professional legal support in international matters.","description":"Professional legal advice since 1998. We combine years of experience with a modern approach to international law.","publisher":{"@id":"https:\/\/bktkancelaria.pl\/#organization"},"potentialAction":[{"@type":"SearchAction","target":{"@type":"EntryPoint","urlTemplate":"https:\/\/bktkancelaria.pl\/?s={search_term_string}"},"query-input":{"@type":"PropertyValueSpecification","valueRequired":true,"valueName":"search_term_string"}}],"inLanguage":"en-GB"},{"@type":"Organization","@id":"https:\/\/bktkancelaria.pl\/#organization","name":"International Law Office - Professional legal support in international matters.","url":"https:\/\/bktkancelaria.pl\/","logo":{"@type":"ImageObject","inLanguage":"en-GB","@id":"https:\/\/bktkancelaria.pl\/#\/schema\/logo\/image\/","url":"https:\/\/bktkancelaria.pl\/wp-content\/uploads\/2023\/04\/Logo_.webp","contentUrl":"https:\/\/bktkancelaria.pl\/wp-content\/uploads\/2023\/04\/Logo_.webp","width":600,"height":172,"caption":"Kancelaria Prawa Mi\u0119dzynarodowego - Profesjonalne wsparcie prawne w sprawach mi\u0119dzynarodowych."},"image":{"@id":"https:\/\/bktkancelaria.pl\/#\/schema\/logo\/image\/"},"sameAs":["https:\/\/www.facebook.com\/bktkancelaria","https:\/\/www.linkedin.com\/in\/beata-kielar-tammert\/","https:\/\/www.instagram.com\/bktkancelaria\/","https:\/\/www.youtube.com\/@kancelariabkt.radcaprawnyb5036"]}]}},"_links":{"self":[{"href":"https:\/\/bktkancelaria.pl\/en\/wp-json\/wp\/v2\/pages\/3715","targetHints":{"allow":["GET"]}}],"collection":[{"href":"https:\/\/bktkancelaria.pl\/en\/wp-json\/wp\/v2\/pages"}],"about":[{"href":"https:\/\/bktkancelaria.pl\/en\/wp-json\/wp\/v2\/types\/page"}],"author":[{"embeddable":true,"href":"https:\/\/bktkancelaria.pl\/en\/wp-json\/wp\/v2\/users\/1"}],"replies":[{"embeddable":true,"href":"https:\/\/bktkancelaria.pl\/en\/wp-json\/wp\/v2\/comments?post=3715"}],"version-history":[{"count":1,"href":"https:\/\/bktkancelaria.pl\/en\/wp-json\/wp\/v2\/pages\/3715\/revisions"}],"predecessor-version":[{"id":14445,"href":"https:\/\/bktkancelaria.pl\/en\/wp-json\/wp\/v2\/pages\/3715\/revisions\/14445"}],"wp:attachment":[{"href":"https:\/\/bktkancelaria.pl\/en\/wp-json\/wp\/v2\/media?parent=3715"}],"curies":[{"name":"wp","href":"https:\/\/api.w.org\/{rel}","templated":true}]}}