{"id":3718,"date":"2025-06-10T09:39:30","date_gmt":"2025-06-10T07:39:30","guid":{"rendered":"https:\/\/bktkancelaria.pl\/?page_id=3718"},"modified":"2025-06-10T09:39:30","modified_gmt":"2025-06-10T07:39:30","slug":"sprawy-konsumenckie","status":"publish","type":"page","link":"https:\/\/bktkancelaria.pl\/en\/consumer-affairs\/","title":{"rendered":"Consumer affairs"},"content":{"rendered":"<div data-elementor-type=\"wp-post\" data-elementor-id=\"3718\" class=\"elementor elementor-3718\" data-elementor-post-type=\"page\">\n\t\t\t\t\t\t<section class=\"elementor-section elementor-top-section elementor-element elementor-element-7e81dd44 elementor-section-boxed elementor-section-height-default elementor-section-height-default\" data-id=\"7e81dd44\" data-element_type=\"section\" data-e-type=\"section\">\n\t\t\t\t\t\t<div class=\"elementor-container elementor-column-gap-default\">\n\t\t\t\t\t<div class=\"elementor-column elementor-col-100 elementor-top-column elementor-element elementor-element-336c49c0\" data-id=\"336c49c0\" data-element_type=\"column\" data-e-type=\"column\">\n\t\t\t<div class=\"elementor-widget-wrap elementor-element-populated\">\n\t\t\t\t\t\t<div class=\"elementor-element elementor-element-32b0ff3a elementor-widget elementor-widget-heading\" data-id=\"32b0ff3a\" data-element_type=\"widget\" data-e-type=\"widget\" data-widget_type=\"heading.default\">\n\t\t\t\t<div class=\"elementor-widget-container\">\n\t\t\t\t\t<h1 class=\"elementor-heading-title elementor-size-default\">Consumer affairs<\/h1>\t\t\t\t<\/div>\n\t\t\t\t<\/div>\n\t\t\t\t<div class=\"elementor-element elementor-element-405f03d3 elementor-widget-divider--view-line elementor-widget elementor-widget-divider\" data-id=\"405f03d3\" data-element_type=\"widget\" data-e-type=\"widget\" data-widget_type=\"divider.default\">\n\t\t\t\t<div class=\"elementor-widget-container\">\n\t\t\t\t\t\t\t<div class=\"elementor-divider\">\n\t\t\t<span class=\"elementor-divider-separator\">\n\t\t\t\t\t\t<\/span>\n\t\t<\/div>\n\t\t\t\t\t\t<\/div>\n\t\t\t\t<\/div>\n\t\t\t\t\t<\/div>\n\t\t<\/div>\n\t\t\t\t\t<\/div>\n\t\t<\/section>\n\t\t\t\t<section class=\"elementor-section elementor-top-section elementor-element elementor-element-33e548f4 elementor-section-boxed elementor-section-height-default elementor-section-height-default\" data-id=\"33e548f4\" data-element_type=\"section\" data-e-type=\"section\">\n\t\t\t\t\t\t<div class=\"elementor-container elementor-column-gap-default\">\n\t\t\t\t\t<div class=\"elementor-column elementor-col-100 elementor-top-column elementor-element elementor-element-1692409c\" data-id=\"1692409c\" data-element_type=\"column\" data-e-type=\"column\">\n\t\t\t<div class=\"elementor-widget-wrap elementor-element-populated\">\n\t\t\t\t\t\t<div class=\"elementor-element elementor-element-619c7dc2 elementor-widget elementor-widget-image\" data-id=\"619c7dc2\" data-element_type=\"widget\" data-e-type=\"widget\" data-widget_type=\"image.default\">\n\t\t\t\t<div class=\"elementor-widget-container\">\n\t\t\t\t\t\t\t\t\t\t\t\t\t\t\t<img decoding=\"async\" src=\"https:\/\/bktkancelaria.pl\/wp-content\/uploads\/elementor\/thumbs\/Sprawy-konsumenckie-BKT-qrknka1ibv8u1paajhcyyba7b9eohkz0fkrkhuo5io.jpg\" title=\"consumer affairs law firm\" alt=\"consumer affairs law firm\" loading=\"lazy\" \/>\t\t\t\t\t\t\t\t\t\t\t\t\t\t\t<\/div>\n\t\t\t\t<\/div>\n\t\t\t\t<div class=\"elementor-element elementor-element-42c02dff elementor-widget elementor-widget-text-editor\" data-id=\"42c02dff\" data-element_type=\"widget\" data-e-type=\"widget\" data-widget_type=\"text-editor.default\">\n\t\t\t\t<div class=\"elementor-widget-container\">\n\t\t\t\t\t\t\t\t\t<p><\/p>\n<h2>As part of its consumer and purchasing legal services, BKT Law Firm:<\/h2>\n<p><\/p>\t\t\t\t\t\t\t\t<\/div>\n\t\t\t\t<\/div>\n\t\t\t\t<div class=\"elementor-element elementor-element-bc3bdb5 elementor-align-start elementor-icon-list--layout-traditional elementor-list-item-link-full_width elementor-widget elementor-widget-icon-list\" data-id=\"bc3bdb5\" data-element_type=\"widget\" data-e-type=\"widget\" data-widget_type=\"icon-list.default\">\n\t\t\t\t<div class=\"elementor-widget-container\">\n\t\t\t\t\t\t\t<ul class=\"elementor-icon-list-items\">\n\t\t\t\t\t\t\t<li class=\"elementor-icon-list-item\">\n\t\t\t\t\t\t\t\t\t\t\t<span class=\"elementor-icon-list-icon\">\n\t\t\t\t\t\t\t\t\t\t\t\t\t\t\t\t<i class=\"fa fa-check\" aria-hidden=\"true\"><\/i>\n\t\t\t\t\t\t\t\t\t\t\t\t\t<\/span>\n\t\t\t\t\t\t\t\t\t\t<span class=\"elementor-icon-list-text\">deals with <b>sales<\/b>,<b> <\/b>dealing with the protection of consumer rights,<\/span>\n\t\t\t\t\t\t\t\t\t<\/li>\n\t\t\t\t\t\t\t\t<li class=\"elementor-icon-list-item\">\n\t\t\t\t\t\t\t\t\t\t\t<span class=\"elementor-icon-list-icon\">\n\t\t\t\t\t\t\t\t\t\t\t\t\t\t\t\t<i class=\"fa fa-check\" aria-hidden=\"true\"><\/i>\n\t\t\t\t\t\t\t\t\t\t\t\t\t<\/span>\n\t\t\t\t\t\t\t\t\t\t<span class=\"elementor-icon-list-text\">represents in matters of <b>complaint about goods<\/b>both before the seller and the manufacturer and later in court,<\/span>\n\t\t\t\t\t\t\t\t\t<\/li>\n\t\t\t\t\t\t\t\t<li class=\"elementor-icon-list-item\">\n\t\t\t\t\t\t\t\t\t\t\t<span class=\"elementor-icon-list-icon\">\n\t\t\t\t\t\t\t\t\t\t\t\t\t\t\t\t<i class=\"fa fa-check\" aria-hidden=\"true\"><\/i>\n\t\t\t\t\t\t\t\t\t\t\t\t\t<\/span>\n\t\t\t\t\t\t\t\t\t\t<span class=\"elementor-icon-list-text\">assists in <b>withdrawal from the contract <\/b>concluded with the trader.<\/span>\n\t\t\t\t\t\t\t\t\t<\/li>\n\t\t\t\t\t\t<\/ul>\n\t\t\t\t\t\t<\/div>\n\t\t\t\t<\/div>\n\t\t\t\t<div class=\"elementor-element elementor-element-3103ac90 elementor-widget elementor-widget-text-editor\" data-id=\"3103ac90\" data-element_type=\"widget\" data-e-type=\"widget\" data-widget_type=\"text-editor.default\">\n\t\t\t\t<div class=\"elementor-widget-container\">\n\t\t\t\t\t\t\t\t\t<p><\/p>\n<h3>The consumer usually has less legal knowledge than the trader with whom he or she is contracting. Companies know this and use it to their advantage. It is very important to know your rights. BKT Law Firm <b>supports consumers <\/b>at every stage of the conflict with the seller or manufacturer and, if necessary, take the matter to court.<\/h3>\n<p><\/p>\t\t\t\t\t\t\t\t<\/div>\n\t\t\t\t<\/div>\n\t\t\t\t\t<\/div>\n\t\t<\/div>\n\t\t\t\t\t<\/div>\n\t\t<\/section>\n\t\t\t\t<\/div>","protected":false},"excerpt":{"rendered":"<p>Sprawy konsumenckie W ramach us\u0142ug prawnych dotycz\u0105cych konsument\u00f3w i zakup\u00f3w, Kancelaria BKT: zajmuje si\u0119 sprawami sprzeda\u017cy, zajmuj\u0105c si\u0119 ochron\u0105 praw konsument\u00f3w, reprezentuje w sprawach o reklamacj\u0119 towaru, zar\u00f3wno przed sprzedawc\u0105 i producentem, jak i p\u00f3\u017aniej przed s\u0105dem, pomaga w zakresie odst\u0105pienia od umowy zawartej z przedsi\u0119biorc\u0105. Konsument zazwyczaj posiada mniejsz\u0105 wiedz\u0119 prawn\u0105, ni\u017c przedsi\u0119biorca, z [&hellip;]<\/p>\n","protected":false},"author":1,"featured_media":0,"parent":0,"menu_order":0,"comment_status":"closed","ping_status":"closed","template":"elementor_header_footer","meta":{"footnotes":""},"class_list":["post-3718","page","type-page","status-publish","hentry"],"yoast_head":"<!-- This site is optimized with the Yoast SEO plugin v27.3 - https:\/\/yoast.com\/product\/yoast-seo-wordpress\/ -->\n<title>Sprawy konsumenckie - Kancelaria Radcy Prawnego BKT<\/title>\n<meta name=\"description\" content=\"Kancelaria BKT zajmuje si\u0119 ochron\u0105 praw konsument\u00f3w w sporach z przedsi\u0119biorcami (sprzedawcami oraz producentami). Reklamcja, r\u0119kojmia towaru.\" \/>\n<meta name=\"robots\" content=\"index, follow, max-snippet:-1, max-image-preview:large, max-video-preview:-1\" \/>\n<link rel=\"canonical\" href=\"https:\/\/bktkancelaria.pl\/en\/consumer-affairs\/\" \/>\n<meta property=\"og:locale\" content=\"en_GB\" \/>\n<meta property=\"og:type\" content=\"article\" \/>\n<meta property=\"og:title\" content=\"Sprawy konsumenckie - Kancelaria Radcy Prawnego BKT\" \/>\n<meta property=\"og:description\" content=\"Kancelaria BKT zajmuje si\u0119 ochron\u0105 praw konsument\u00f3w w sporach z przedsi\u0119biorcami (sprzedawcami oraz producentami). Reklamcja, r\u0119kojmia towaru.\" \/>\n<meta property=\"og:url\" content=\"https:\/\/bktkancelaria.pl\/en\/consumer-affairs\/\" \/>\n<meta property=\"og:site_name\" content=\"Kancelaria Prawa Mi\u0119dzynarodowego - Profesjonalne wsparcie prawne w sprawach mi\u0119dzynarodowych.\" \/>\n<meta property=\"article:publisher\" content=\"https:\/\/www.facebook.com\/bktkancelaria\" \/>\n<meta property=\"og:image\" content=\"https:\/\/bktkancelaria.pl\/wp-content\/uploads\/elementor\/thumbs\/Sprawy-konsumenckie-BKT-o3ba0myjx62wqcrglcmkd8a5xfwdjkjspmelsgjxfk.jpg\" \/>\n<meta name=\"twitter:card\" content=\"summary_large_image\" \/>\n<meta name=\"twitter:label1\" content=\"Estimated reading time\" \/>\n\t<meta name=\"twitter:data1\" content=\"1 minute\" \/>\n<script type=\"application\/ld+json\" class=\"yoast-schema-graph\">{\"@context\":\"https:\\\/\\\/schema.org\",\"@graph\":[{\"@type\":\"WebPage\",\"@id\":\"https:\\\/\\\/bktkancelaria.pl\\\/sprawy-konsumenckie\\\/\",\"url\":\"https:\\\/\\\/bktkancelaria.pl\\\/sprawy-konsumenckie\\\/\",\"name\":\"Sprawy konsumenckie - Kancelaria Radcy Prawnego BKT\",\"isPartOf\":{\"@id\":\"https:\\\/\\\/bktkancelaria.pl\\\/#website\"},\"primaryImageOfPage\":{\"@id\":\"https:\\\/\\\/bktkancelaria.pl\\\/sprawy-konsumenckie\\\/#primaryimage\"},\"image\":{\"@id\":\"https:\\\/\\\/bktkancelaria.pl\\\/sprawy-konsumenckie\\\/#primaryimage\"},\"thumbnailUrl\":\"https:\\\/\\\/bktkancelaria.pl\\\/wp-content\\\/uploads\\\/elementor\\\/thumbs\\\/Sprawy-konsumenckie-BKT-o3ba0myjx62wqcrglcmkd8a5xfwdjkjspmelsgjxfk.jpg\",\"datePublished\":\"2025-06-10T07:39:30+00:00\",\"description\":\"Kancelaria BKT zajmuje si\u0119 ochron\u0105 praw konsument\u00f3w w sporach z przedsi\u0119biorcami (sprzedawcami oraz producentami). Reklamcja, r\u0119kojmia towaru.\",\"breadcrumb\":{\"@id\":\"https:\\\/\\\/bktkancelaria.pl\\\/sprawy-konsumenckie\\\/#breadcrumb\"},\"inLanguage\":\"en-GB\",\"potentialAction\":[{\"@type\":\"ReadAction\",\"target\":[\"https:\\\/\\\/bktkancelaria.pl\\\/sprawy-konsumenckie\\\/\"]}]},{\"@type\":\"ImageObject\",\"inLanguage\":\"en-GB\",\"@id\":\"https:\\\/\\\/bktkancelaria.pl\\\/sprawy-konsumenckie\\\/#primaryimage\",\"url\":\"https:\\\/\\\/bktkancelaria.pl\\\/wp-content\\\/uploads\\\/elementor\\\/thumbs\\\/Sprawy-konsumenckie-BKT-o3ba0myjx62wqcrglcmkd8a5xfwdjkjspmelsgjxfk.jpg\",\"contentUrl\":\"https:\\\/\\\/bktkancelaria.pl\\\/wp-content\\\/uploads\\\/elementor\\\/thumbs\\\/Sprawy-konsumenckie-BKT-o3ba0myjx62wqcrglcmkd8a5xfwdjkjspmelsgjxfk.jpg\"},{\"@type\":\"BreadcrumbList\",\"@id\":\"https:\\\/\\\/bktkancelaria.pl\\\/sprawy-konsumenckie\\\/#breadcrumb\",\"itemListElement\":[{\"@type\":\"ListItem\",\"position\":1,\"name\":\"Strona g\u0142\u00f3wna\",\"item\":\"https:\\\/\\\/bktkancelaria.pl\\\/\"},{\"@type\":\"ListItem\",\"position\":2,\"name\":\"Sprawy konsumenckie\"}]},{\"@type\":\"WebSite\",\"@id\":\"https:\\\/\\\/bktkancelaria.pl\\\/#website\",\"url\":\"https:\\\/\\\/bktkancelaria.pl\\\/\",\"name\":\"Kancelaria Prawa Mi\u0119dzynarodowego - Profesjonalne wsparcie prawne w sprawach mi\u0119dzynarodowych.\",\"description\":\"Profesjonalne doradztwo prawne od 1998 roku. \u0141\u0105czymy wieloletnie do\u015bwiadczenie z nowoczesnym podej\u015bciem do prawa mi\u0119dzynarodowego.\",\"publisher\":{\"@id\":\"https:\\\/\\\/bktkancelaria.pl\\\/#organization\"},\"potentialAction\":[{\"@type\":\"SearchAction\",\"target\":{\"@type\":\"EntryPoint\",\"urlTemplate\":\"https:\\\/\\\/bktkancelaria.pl\\\/?s={search_term_string}\"},\"query-input\":{\"@type\":\"PropertyValueSpecification\",\"valueRequired\":true,\"valueName\":\"search_term_string\"}}],\"inLanguage\":\"en-GB\"},{\"@type\":\"Organization\",\"@id\":\"https:\\\/\\\/bktkancelaria.pl\\\/#organization\",\"name\":\"Kancelaria Prawa Mi\u0119dzynarodowego - Profesjonalne wsparcie prawne w sprawach mi\u0119dzynarodowych.\",\"url\":\"https:\\\/\\\/bktkancelaria.pl\\\/\",\"logo\":{\"@type\":\"ImageObject\",\"inLanguage\":\"en-GB\",\"@id\":\"https:\\\/\\\/bktkancelaria.pl\\\/#\\\/schema\\\/logo\\\/image\\\/\",\"url\":\"https:\\\/\\\/bktkancelaria.pl\\\/wp-content\\\/uploads\\\/2023\\\/04\\\/Logo_.webp\",\"contentUrl\":\"https:\\\/\\\/bktkancelaria.pl\\\/wp-content\\\/uploads\\\/2023\\\/04\\\/Logo_.webp\",\"width\":600,\"height\":172,\"caption\":\"Kancelaria Prawa Mi\u0119dzynarodowego - Profesjonalne wsparcie prawne w sprawach mi\u0119dzynarodowych.\"},\"image\":{\"@id\":\"https:\\\/\\\/bktkancelaria.pl\\\/#\\\/schema\\\/logo\\\/image\\\/\"},\"sameAs\":[\"https:\\\/\\\/www.facebook.com\\\/bktkancelaria\",\"https:\\\/\\\/www.linkedin.com\\\/in\\\/beata-kielar-tammert\\\/\",\"https:\\\/\\\/www.instagram.com\\\/bktkancelaria\\\/\",\"https:\\\/\\\/www.youtube.com\\\/@kancelariabkt.radcaprawnyb5036\"]}]}<\/script>\n<!-- \/ Yoast SEO plugin. -->","yoast_head_json":{"title":"Consumer affairs - Chambers of Legal Advisers BKT","description":"The BKT law firm deals with the protection of consumer rights in disputes with traders (sellers and manufacturers). Complaints, warranty of goods.","robots":{"index":"index","follow":"follow","max-snippet":"max-snippet:-1","max-image-preview":"max-image-preview:large","max-video-preview":"max-video-preview:-1"},"canonical":"https:\/\/bktkancelaria.pl\/en\/consumer-affairs\/","og_locale":"en_GB","og_type":"article","og_title":"Sprawy konsumenckie - Kancelaria Radcy Prawnego BKT","og_description":"Kancelaria BKT zajmuje si\u0119 ochron\u0105 praw konsument\u00f3w w sporach z przedsi\u0119biorcami (sprzedawcami oraz producentami). Reklamcja, r\u0119kojmia towaru.","og_url":"https:\/\/bktkancelaria.pl\/en\/consumer-affairs\/","og_site_name":"Kancelaria Prawa Mi\u0119dzynarodowego - Profesjonalne wsparcie prawne w sprawach mi\u0119dzynarodowych.","article_publisher":"https:\/\/www.facebook.com\/bktkancelaria","og_image":[{"url":"https:\/\/bktkancelaria.pl\/wp-content\/uploads\/elementor\/thumbs\/Sprawy-konsumenckie-BKT-o3ba0myjx62wqcrglcmkd8a5xfwdjkjspmelsgjxfk.jpg","type":"","width":"","height":""}],"twitter_card":"summary_large_image","twitter_misc":{"Estimated reading time":"1 minute"},"schema":{"@context":"https:\/\/schema.org","@graph":[{"@type":"WebPage","@id":"https:\/\/bktkancelaria.pl\/sprawy-konsumenckie\/","url":"https:\/\/bktkancelaria.pl\/sprawy-konsumenckie\/","name":"Consumer affairs - Chambers of Legal Advisers BKT","isPartOf":{"@id":"https:\/\/bktkancelaria.pl\/#website"},"primaryImageOfPage":{"@id":"https:\/\/bktkancelaria.pl\/sprawy-konsumenckie\/#primaryimage"},"image":{"@id":"https:\/\/bktkancelaria.pl\/sprawy-konsumenckie\/#primaryimage"},"thumbnailUrl":"https:\/\/bktkancelaria.pl\/wp-content\/uploads\/elementor\/thumbs\/Sprawy-konsumenckie-BKT-o3ba0myjx62wqcrglcmkd8a5xfwdjkjspmelsgjxfk.jpg","datePublished":"2025-06-10T07:39:30+00:00","description":"The BKT law firm deals with the protection of consumer rights in disputes with traders (sellers and manufacturers). Complaints, warranty of goods.","breadcrumb":{"@id":"https:\/\/bktkancelaria.pl\/sprawy-konsumenckie\/#breadcrumb"},"inLanguage":"en-GB","potentialAction":[{"@type":"ReadAction","target":["https:\/\/bktkancelaria.pl\/sprawy-konsumenckie\/"]}]},{"@type":"ImageObject","inLanguage":"en-GB","@id":"https:\/\/bktkancelaria.pl\/sprawy-konsumenckie\/#primaryimage","url":"https:\/\/bktkancelaria.pl\/wp-content\/uploads\/elementor\/thumbs\/Sprawy-konsumenckie-BKT-o3ba0myjx62wqcrglcmkd8a5xfwdjkjspmelsgjxfk.jpg","contentUrl":"https:\/\/bktkancelaria.pl\/wp-content\/uploads\/elementor\/thumbs\/Sprawy-konsumenckie-BKT-o3ba0myjx62wqcrglcmkd8a5xfwdjkjspmelsgjxfk.jpg"},{"@type":"BreadcrumbList","@id":"https:\/\/bktkancelaria.pl\/sprawy-konsumenckie\/#breadcrumb","itemListElement":[{"@type":"ListItem","position":1,"name":"Strona g\u0142\u00f3wna","item":"https:\/\/bktkancelaria.pl\/"},{"@type":"ListItem","position":2,"name":"Sprawy konsumenckie"}]},{"@type":"WebSite","@id":"https:\/\/bktkancelaria.pl\/#website","url":"https:\/\/bktkancelaria.pl\/","name":"International Law Office - Professional legal support in international matters.","description":"Professional legal advice since 1998. We combine years of experience with a modern approach to international law.","publisher":{"@id":"https:\/\/bktkancelaria.pl\/#organization"},"potentialAction":[{"@type":"SearchAction","target":{"@type":"EntryPoint","urlTemplate":"https:\/\/bktkancelaria.pl\/?s={search_term_string}"},"query-input":{"@type":"PropertyValueSpecification","valueRequired":true,"valueName":"search_term_string"}}],"inLanguage":"en-GB"},{"@type":"Organization","@id":"https:\/\/bktkancelaria.pl\/#organization","name":"International Law Office - Professional legal support in international matters.","url":"https:\/\/bktkancelaria.pl\/","logo":{"@type":"ImageObject","inLanguage":"en-GB","@id":"https:\/\/bktkancelaria.pl\/#\/schema\/logo\/image\/","url":"https:\/\/bktkancelaria.pl\/wp-content\/uploads\/2023\/04\/Logo_.webp","contentUrl":"https:\/\/bktkancelaria.pl\/wp-content\/uploads\/2023\/04\/Logo_.webp","width":600,"height":172,"caption":"Kancelaria Prawa Mi\u0119dzynarodowego - Profesjonalne wsparcie prawne w sprawach mi\u0119dzynarodowych."},"image":{"@id":"https:\/\/bktkancelaria.pl\/#\/schema\/logo\/image\/"},"sameAs":["https:\/\/www.facebook.com\/bktkancelaria","https:\/\/www.linkedin.com\/in\/beata-kielar-tammert\/","https:\/\/www.instagram.com\/bktkancelaria\/","https:\/\/www.youtube.com\/@kancelariabkt.radcaprawnyb5036"]}]}},"_links":{"self":[{"href":"https:\/\/bktkancelaria.pl\/en\/wp-json\/wp\/v2\/pages\/3718","targetHints":{"allow":["GET"]}}],"collection":[{"href":"https:\/\/bktkancelaria.pl\/en\/wp-json\/wp\/v2\/pages"}],"about":[{"href":"https:\/\/bktkancelaria.pl\/en\/wp-json\/wp\/v2\/types\/page"}],"author":[{"embeddable":true,"href":"https:\/\/bktkancelaria.pl\/en\/wp-json\/wp\/v2\/users\/1"}],"replies":[{"embeddable":true,"href":"https:\/\/bktkancelaria.pl\/en\/wp-json\/wp\/v2\/comments?post=3718"}],"version-history":[{"count":1,"href":"https:\/\/bktkancelaria.pl\/en\/wp-json\/wp\/v2\/pages\/3718\/revisions"}],"predecessor-version":[{"id":14444,"href":"https:\/\/bktkancelaria.pl\/en\/wp-json\/wp\/v2\/pages\/3718\/revisions\/14444"}],"wp:attachment":[{"href":"https:\/\/bktkancelaria.pl\/en\/wp-json\/wp\/v2\/media?parent=3718"}],"curies":[{"name":"wp","href":"https:\/\/api.w.org\/{rel}","templated":true}]}}