{"id":11131,"date":"2023-04-17T16:07:21","date_gmt":"2023-04-17T14:07:21","guid":{"rendered":"https:\/\/bktkancelaria.pl\/?post_type=product&#038;p=11131"},"modified":"2025-09-21T14:00:21","modified_gmt":"2025-09-21T12:00:21","slug":"porada-prawna-online-30-minut","status":"publish","type":"product","link":"https:\/\/bktkancelaria.pl\/en\/product\/online-legal-advice-30-minutes\/","title":{"rendered":"Online legal advice 30 minutes"},"content":{"rendered":"<p><strong>How do you get legal advice online? It's easy!<\/strong><\/p>\n<p>You pay the fee of 299.00PLN in a way that is convenient for you. You can do this by making a transfer to our bank account given in the \"contact us\" tab or directly via the transfer24 system by clicking on the brown button next to the photo.<\/p>\n<p>When you press the button, provide us with your details. They will be used to contact you and only for this purpose.<\/p>\n<p>We will call you back and, once the fee has been credited to the Firm's bank account, we will arrange with you a time and method of connection with your legal adviser.<\/p>\n<p><strong>Who will give you legal advice?<\/strong><\/p>\n<p>Legal assistance provided online is the same as that provided in the office. A legal advisor with many years of experience will seek a solution to your legal problem.<\/p>\n<p><strong>Dedicated solutions<\/strong><\/p>\n<p>An individual approach to the client means that the law firm focuses on providing services that are tailored to the client's needs rather than standard solutions.<\/p>\n<p>How do we do this?<br \/>\nWe analyse your needs and objectives in order to understand what you want from the service, then we tailor the service to meet your needs in order to give you added value in terms of achieving your goals and objectives, your objectives.<\/p>","protected":false},"excerpt":{"rendered":"<p>Legal assistance provided online is the same as that provided in the office. A legal advisor with many years of experience will seek a solution to your legal problem.<\/p>\n<p><strong>Dedicated solutions<\/strong><\/p>\n<p>An individual approach to the client means that the law firm focuses on providing services that are tailored to the client's needs rather than standard solutions.<\/p>\n<p>How do we do this?<br \/>\nWe analyse your needs and objectives in order to understand what you want from the service, then we tailor the service to meet your needs in order to give you added value in terms of achieving your intentions and goals, your objectives.<\/p>","protected":false},"featured_media":11134,"template":"","meta":[],"product_brand":[],"product_cat":[15],"product_tag":[],"class_list":{"0":"post-11131","1":"product","2":"type-product","3":"status-publish","4":"has-post-thumbnail","6":"product_cat-porady-prawne-online","8":"first","9":"instock","10":"downloadable","11":"virtual","12":"taxable","13":"purchasable","14":"product-type-simple"},"yoast_head":"<!-- This site is optimized with the Yoast SEO plugin v27.3 - https:\/\/yoast.com\/product\/yoast-seo-wordpress\/ -->\n<title>Porada prawna online 30 minut - Kancelaria Prawa Mi\u0119dzynarodowego<\/title>\n<meta name=\"robots\" content=\"index, follow, max-snippet:-1, max-image-preview:large, max-video-preview:-1\" \/>\n<link rel=\"canonical\" href=\"https:\/\/bktkancelaria.pl\/en\/product\/online-legal-advice-30-minutes\/\" \/>\n<meta property=\"og:locale\" content=\"en_GB\" \/>\n<meta property=\"og:type\" content=\"article\" \/>\n<meta property=\"og:title\" content=\"Porada prawna online 30 minut - Kancelaria Prawa Mi\u0119dzynarodowego\" \/>\n<meta property=\"og:description\" content=\"Pomoc prawna udzielana online jest to\u017csama z t\u0105 udzielan\u0105 w siedzibie Kancelarii. Rozwi\u0105zania Twojego problemu prawnego b\u0119dzie poszukiwa\u0142 radca prawny z wieloletnim do\u015bwiadczeniem.  Dedykowane rozwi\u0105zania  Indywidualne podej\u015bcie do Klienta oznacza, \u017ce kancelaria prawna skupia si\u0119 na zapewnieniu us\u0142ug, kt\u00f3re s\u0105 skrojone na miar\u0119 potrzeb klienta, a nie standardowe rozwi\u0105zania.  Jak to czynimy? Analizujemy Twoje potrzeby i cele, aby zrozumie\u0107, czego oczekujesz od us\u0142ugi, nast\u0119pnie dostosowujemy us\u0142ug\u0119 do Twoich potrzeb celem spe\u0142nienia Twoich oczekiwa\u0144, by dac Ci warto\u015b\u0107 dodan\u0105 w postaci realizacji zamierze\u0144 i cel\u00f3w, Twoich cel\u00f3w.\" \/>\n<meta property=\"og:url\" content=\"https:\/\/bktkancelaria.pl\/en\/product\/online-legal-advice-30-minutes\/\" \/>\n<meta property=\"og:site_name\" content=\"Kancelaria Prawa Mi\u0119dzynarodowego - Profesjonalne wsparcie prawne w sprawach mi\u0119dzynarodowych.\" \/>\n<meta property=\"article:publisher\" content=\"https:\/\/www.facebook.com\/bktkancelaria\" \/>\n<meta property=\"article:modified_time\" content=\"2025-09-21T12:00:21+00:00\" \/>\n<meta property=\"og:image\" content=\"https:\/\/bktkancelaria.pl\/wp-content\/uploads\/2023\/04\/5-1.jpg\" \/>\n\t<meta property=\"og:image:width\" content=\"900\" \/>\n\t<meta property=\"og:image:height\" content=\"644\" \/>\n\t<meta property=\"og:image:type\" content=\"image\/jpeg\" \/>\n<meta name=\"twitter:card\" content=\"summary_large_image\" \/>\n<meta name=\"twitter:label1\" content=\"Estimated reading time\" \/>\n\t<meta name=\"twitter:data1\" content=\"2 minutes\" \/>\n<script type=\"application\/ld+json\" class=\"yoast-schema-graph\">{\"@context\":\"https:\\\/\\\/schema.org\",\"@graph\":[{\"@type\":\"WebPage\",\"@id\":\"https:\\\/\\\/bktkancelaria.pl\\\/produkt\\\/porada-prawna-online-30-minut\\\/\",\"url\":\"https:\\\/\\\/bktkancelaria.pl\\\/produkt\\\/porada-prawna-online-30-minut\\\/\",\"name\":\"Porada prawna online 30 minut - Kancelaria Prawa Mi\u0119dzynarodowego\",\"isPartOf\":{\"@id\":\"https:\\\/\\\/bktkancelaria.pl\\\/#website\"},\"primaryImageOfPage\":{\"@id\":\"https:\\\/\\\/bktkancelaria.pl\\\/produkt\\\/porada-prawna-online-30-minut\\\/#primaryimage\"},\"image\":{\"@id\":\"https:\\\/\\\/bktkancelaria.pl\\\/produkt\\\/porada-prawna-online-30-minut\\\/#primaryimage\"},\"thumbnailUrl\":\"https:\\\/\\\/bktkancelaria.pl\\\/wp-content\\\/uploads\\\/2023\\\/04\\\/5-1.jpg\",\"datePublished\":\"2023-04-17T14:07:21+00:00\",\"dateModified\":\"2025-09-21T12:00:21+00:00\",\"breadcrumb\":{\"@id\":\"https:\\\/\\\/bktkancelaria.pl\\\/produkt\\\/porada-prawna-online-30-minut\\\/#breadcrumb\"},\"inLanguage\":\"en-GB\",\"potentialAction\":[{\"@type\":\"ReadAction\",\"target\":[\"https:\\\/\\\/bktkancelaria.pl\\\/produkt\\\/porada-prawna-online-30-minut\\\/\"]}]},{\"@type\":\"ImageObject\",\"inLanguage\":\"en-GB\",\"@id\":\"https:\\\/\\\/bktkancelaria.pl\\\/produkt\\\/porada-prawna-online-30-minut\\\/#primaryimage\",\"url\":\"https:\\\/\\\/bktkancelaria.pl\\\/wp-content\\\/uploads\\\/2023\\\/04\\\/5-1.jpg\",\"contentUrl\":\"https:\\\/\\\/bktkancelaria.pl\\\/wp-content\\\/uploads\\\/2023\\\/04\\\/5-1.jpg\",\"width\":900,\"height\":644,\"caption\":\"Porada prawna online 30 minut\"},{\"@type\":\"BreadcrumbList\",\"@id\":\"https:\\\/\\\/bktkancelaria.pl\\\/produkt\\\/porada-prawna-online-30-minut\\\/#breadcrumb\",\"itemListElement\":[{\"@type\":\"ListItem\",\"position\":1,\"name\":\"Strona g\u0142\u00f3wna\",\"item\":\"https:\\\/\\\/bktkancelaria.pl\\\/\"},{\"@type\":\"ListItem\",\"position\":2,\"name\":\"Sklep\",\"item\":\"https:\\\/\\\/bktkancelaria.pl\\\/sklep-2\\\/\"},{\"@type\":\"ListItem\",\"position\":3,\"name\":\"Porada prawna online 30 minut\"}]},{\"@type\":\"WebSite\",\"@id\":\"https:\\\/\\\/bktkancelaria.pl\\\/#website\",\"url\":\"https:\\\/\\\/bktkancelaria.pl\\\/\",\"name\":\"Kancelaria Prawa Mi\u0119dzynarodowego - Profesjonalne wsparcie prawne w sprawach mi\u0119dzynarodowych.\",\"description\":\"Profesjonalne doradztwo prawne od 1998 roku. \u0141\u0105czymy wieloletnie do\u015bwiadczenie z nowoczesnym podej\u015bciem do prawa mi\u0119dzynarodowego.\",\"publisher\":{\"@id\":\"https:\\\/\\\/bktkancelaria.pl\\\/#organization\"},\"potentialAction\":[{\"@type\":\"SearchAction\",\"target\":{\"@type\":\"EntryPoint\",\"urlTemplate\":\"https:\\\/\\\/bktkancelaria.pl\\\/?s={search_term_string}\"},\"query-input\":{\"@type\":\"PropertyValueSpecification\",\"valueRequired\":true,\"valueName\":\"search_term_string\"}}],\"inLanguage\":\"en-GB\"},{\"@type\":\"Organization\",\"@id\":\"https:\\\/\\\/bktkancelaria.pl\\\/#organization\",\"name\":\"Kancelaria Prawa Mi\u0119dzynarodowego - Profesjonalne wsparcie prawne w sprawach mi\u0119dzynarodowych.\",\"url\":\"https:\\\/\\\/bktkancelaria.pl\\\/\",\"logo\":{\"@type\":\"ImageObject\",\"inLanguage\":\"en-GB\",\"@id\":\"https:\\\/\\\/bktkancelaria.pl\\\/#\\\/schema\\\/logo\\\/image\\\/\",\"url\":\"https:\\\/\\\/bktkancelaria.pl\\\/wp-content\\\/uploads\\\/2023\\\/04\\\/Logo_.webp\",\"contentUrl\":\"https:\\\/\\\/bktkancelaria.pl\\\/wp-content\\\/uploads\\\/2023\\\/04\\\/Logo_.webp\",\"width\":600,\"height\":172,\"caption\":\"Kancelaria Prawa Mi\u0119dzynarodowego - Profesjonalne wsparcie prawne w sprawach mi\u0119dzynarodowych.\"},\"image\":{\"@id\":\"https:\\\/\\\/bktkancelaria.pl\\\/#\\\/schema\\\/logo\\\/image\\\/\"},\"sameAs\":[\"https:\\\/\\\/www.facebook.com\\\/bktkancelaria\",\"https:\\\/\\\/www.linkedin.com\\\/in\\\/beata-kielar-tammert\\\/\",\"https:\\\/\\\/www.instagram.com\\\/bktkancelaria\\\/\",\"https:\\\/\\\/www.youtube.com\\\/@kancelariabkt.radcaprawnyb5036\"]}]}<\/script>\n<!-- \/ Yoast SEO plugin. -->","yoast_head_json":{"title":"Legal advice online 30 minutes - International Law Office","robots":{"index":"index","follow":"follow","max-snippet":"max-snippet:-1","max-image-preview":"max-image-preview:large","max-video-preview":"max-video-preview:-1"},"canonical":"https:\/\/bktkancelaria.pl\/en\/product\/online-legal-advice-30-minutes\/","og_locale":"en_GB","og_type":"article","og_title":"Porada prawna online 30 minut - Kancelaria Prawa Mi\u0119dzynarodowego","og_description":"Pomoc prawna udzielana online jest to\u017csama z t\u0105 udzielan\u0105 w siedzibie Kancelarii. Rozwi\u0105zania Twojego problemu prawnego b\u0119dzie poszukiwa\u0142 radca prawny z wieloletnim do\u015bwiadczeniem.  Dedykowane rozwi\u0105zania  Indywidualne podej\u015bcie do Klienta oznacza, \u017ce kancelaria prawna skupia si\u0119 na zapewnieniu us\u0142ug, kt\u00f3re s\u0105 skrojone na miar\u0119 potrzeb klienta, a nie standardowe rozwi\u0105zania.  Jak to czynimy? Analizujemy Twoje potrzeby i cele, aby zrozumie\u0107, czego oczekujesz od us\u0142ugi, nast\u0119pnie dostosowujemy us\u0142ug\u0119 do Twoich potrzeb celem spe\u0142nienia Twoich oczekiwa\u0144, by dac Ci warto\u015b\u0107 dodan\u0105 w postaci realizacji zamierze\u0144 i cel\u00f3w, Twoich cel\u00f3w.","og_url":"https:\/\/bktkancelaria.pl\/en\/product\/online-legal-advice-30-minutes\/","og_site_name":"Kancelaria Prawa Mi\u0119dzynarodowego - Profesjonalne wsparcie prawne w sprawach mi\u0119dzynarodowych.","article_publisher":"https:\/\/www.facebook.com\/bktkancelaria","article_modified_time":"2025-09-21T12:00:21+00:00","og_image":[{"width":900,"height":644,"url":"https:\/\/bktkancelaria.pl\/wp-content\/uploads\/2023\/04\/5-1.jpg","type":"image\/jpeg"}],"twitter_card":"summary_large_image","twitter_misc":{"Estimated reading time":"2 minutes"},"schema":{"@context":"https:\/\/schema.org","@graph":[{"@type":"WebPage","@id":"https:\/\/bktkancelaria.pl\/produkt\/porada-prawna-online-30-minut\/","url":"https:\/\/bktkancelaria.pl\/produkt\/porada-prawna-online-30-minut\/","name":"Legal advice online 30 minutes - International Law Office","isPartOf":{"@id":"https:\/\/bktkancelaria.pl\/#website"},"primaryImageOfPage":{"@id":"https:\/\/bktkancelaria.pl\/produkt\/porada-prawna-online-30-minut\/#primaryimage"},"image":{"@id":"https:\/\/bktkancelaria.pl\/produkt\/porada-prawna-online-30-minut\/#primaryimage"},"thumbnailUrl":"https:\/\/bktkancelaria.pl\/wp-content\/uploads\/2023\/04\/5-1.jpg","datePublished":"2023-04-17T14:07:21+00:00","dateModified":"2025-09-21T12:00:21+00:00","breadcrumb":{"@id":"https:\/\/bktkancelaria.pl\/produkt\/porada-prawna-online-30-minut\/#breadcrumb"},"inLanguage":"en-GB","potentialAction":[{"@type":"ReadAction","target":["https:\/\/bktkancelaria.pl\/produkt\/porada-prawna-online-30-minut\/"]}]},{"@type":"ImageObject","inLanguage":"en-GB","@id":"https:\/\/bktkancelaria.pl\/produkt\/porada-prawna-online-30-minut\/#primaryimage","url":"https:\/\/bktkancelaria.pl\/wp-content\/uploads\/2023\/04\/5-1.jpg","contentUrl":"https:\/\/bktkancelaria.pl\/wp-content\/uploads\/2023\/04\/5-1.jpg","width":900,"height":644,"caption":"Porada prawna online 30 minut"},{"@type":"BreadcrumbList","@id":"https:\/\/bktkancelaria.pl\/produkt\/porada-prawna-online-30-minut\/#breadcrumb","itemListElement":[{"@type":"ListItem","position":1,"name":"Strona g\u0142\u00f3wna","item":"https:\/\/bktkancelaria.pl\/"},{"@type":"ListItem","position":2,"name":"Sklep","item":"https:\/\/bktkancelaria.pl\/sklep-2\/"},{"@type":"ListItem","position":3,"name":"Porada prawna online 30 minut"}]},{"@type":"WebSite","@id":"https:\/\/bktkancelaria.pl\/#website","url":"https:\/\/bktkancelaria.pl\/","name":"International Law Office - Professional legal support in international matters.","description":"Professional legal advice since 1998. We combine years of experience with a modern approach to international law.","publisher":{"@id":"https:\/\/bktkancelaria.pl\/#organization"},"potentialAction":[{"@type":"SearchAction","target":{"@type":"EntryPoint","urlTemplate":"https:\/\/bktkancelaria.pl\/?s={search_term_string}"},"query-input":{"@type":"PropertyValueSpecification","valueRequired":true,"valueName":"search_term_string"}}],"inLanguage":"en-GB"},{"@type":"Organization","@id":"https:\/\/bktkancelaria.pl\/#organization","name":"International Law Office - Professional legal support in international matters.","url":"https:\/\/bktkancelaria.pl\/","logo":{"@type":"ImageObject","inLanguage":"en-GB","@id":"https:\/\/bktkancelaria.pl\/#\/schema\/logo\/image\/","url":"https:\/\/bktkancelaria.pl\/wp-content\/uploads\/2023\/04\/Logo_.webp","contentUrl":"https:\/\/bktkancelaria.pl\/wp-content\/uploads\/2023\/04\/Logo_.webp","width":600,"height":172,"caption":"Kancelaria Prawa Mi\u0119dzynarodowego - Profesjonalne wsparcie prawne w sprawach mi\u0119dzynarodowych."},"image":{"@id":"https:\/\/bktkancelaria.pl\/#\/schema\/logo\/image\/"},"sameAs":["https:\/\/www.facebook.com\/bktkancelaria","https:\/\/www.linkedin.com\/in\/beata-kielar-tammert\/","https:\/\/www.instagram.com\/bktkancelaria\/","https:\/\/www.youtube.com\/@kancelariabkt.radcaprawnyb5036"]}]}},"_links":{"self":[{"href":"https:\/\/bktkancelaria.pl\/en\/wp-json\/wp\/v2\/product\/11131","targetHints":{"allow":["GET"]}}],"collection":[{"href":"https:\/\/bktkancelaria.pl\/en\/wp-json\/wp\/v2\/product"}],"about":[{"href":"https:\/\/bktkancelaria.pl\/en\/wp-json\/wp\/v2\/types\/product"}],"version-history":[{"count":5,"href":"https:\/\/bktkancelaria.pl\/en\/wp-json\/wp\/v2\/product\/11131\/revisions"}],"predecessor-version":[{"id":17228,"href":"https:\/\/bktkancelaria.pl\/en\/wp-json\/wp\/v2\/product\/11131\/revisions\/17228"}],"wp:featuredmedia":[{"embeddable":true,"href":"https:\/\/bktkancelaria.pl\/en\/wp-json\/wp\/v2\/media\/11134"}],"wp:attachment":[{"href":"https:\/\/bktkancelaria.pl\/en\/wp-json\/wp\/v2\/media?parent=11131"}],"wp:term":[{"taxonomy":"product_brand","embeddable":true,"href":"https:\/\/bktkancelaria.pl\/en\/wp-json\/wp\/v2\/product_brand?post=11131"},{"taxonomy":"product_cat","embeddable":true,"href":"https:\/\/bktkancelaria.pl\/en\/wp-json\/wp\/v2\/product_cat?post=11131"},{"taxonomy":"product_tag","embeddable":true,"href":"https:\/\/bktkancelaria.pl\/en\/wp-json\/wp\/v2\/product_tag?post=11131"}],"curies":[{"name":"wp","href":"https:\/\/api.w.org\/{rel}","templated":true}]}}